{"id":9451,"date":"2016-05-16T23:17:47","date_gmt":"2016-05-16T21:17:47","guid":{"rendered":"http:\/\/ssemp.pl\/wordpress\/?page_id=9451"},"modified":"2016-05-16T23:17:47","modified_gmt":"2016-05-16T21:17:47","slug":"energopomntaz-zachod-wroclaw-sp-z-o-o","status":"publish","type":"page","link":"https:\/\/old-ssemp.sowiak.dev\/?page_id=9451","title":{"rendered":"Energopomnta\u017c Zach\u00f3d Wroc\u0142aw Sp z o.o."},"content":{"rendered":"<p align=\"center\"><strong>INFORMACJA O WYBORZE OFERTY<\/strong><\/p>\n<p align=\"center\"><strong>z dnia 04 maja 2011 roku<\/strong><\/p>\n<p align=\"center\">(dotyczy zaproszenia do przetargu \u0142\u0105cznego og\u0142oszonego dnia 23 lutego 2011 r.)<\/p>\n<p>Zgodnie z \u00a7 8 pkt. 1 Rozporz\u0105dzenia Ministra Gospodarki i Pracy z dnia 15 listopada 2004 r. w sprawie przetarg\u00f3w i rokowa\u0144 oraz kryteri\u00f3w oceny zamierze\u0144 co do przedsi\u0119wzi\u0119\u0107 gospodarczych, kt\u00f3re maj\u0105 by\u0107 podj\u0119te przez przedsi\u0119biorc\u00f3w na terenie Kamiennog\u00f3rskiej Specjalnej Strefy Ekonomicznej Ma\u0142ej Przedsi\u0119biorczo\u015bci (Dz.U. 254, poz. 2539 z 2004 r. z\u00a0p\u00f3\u017an. zmianami), Zarz\u0105dzaj\u0105cy Kamiennog\u00f3rsk\u0105 Specjaln\u0105 Stref\u0105 Ekonomiczn\u0105 Ma\u0142ej Przedsi\u0119biorczo\u015bci<\/p>\n<p align=\"center\">informuje,<\/p>\n<p>\u017ce w wyniku pisemnego przetargu \u0142\u0105cznego maj\u0105cego na celu wy\u0142onienie przedsi\u0119biorcy, kt\u00f3ry uzyska zezwolenie na prowadzenie dzia\u0142alno\u015bci gospodarczej na terenie Kamiennog\u00f3rskiej Specjalnej Strefy Ekonomicznej Ma\u0142ej Przedsi\u0119biorczo\u015bci uprawniaj\u0105ce do korzystania z pomocy publicznej i nab\u0119dzie prawo w\u0142asno\u015bci nieruchomo\u015bci (niezabudowanej) o\u00a0\u0142\u0105cznej powierzchni 3,0587 ha, po\u0142o\u017conej w wojew\u00f3dztwie dolno\u015bl\u0105skim, powiecie trzebnickim, miejscowo\u015bci \u017bmigr\u00f3d obr\u0119b geodezyjny \u017bmigr\u00f3d, w Podstrefie \u017bmigr\u00f3d Kamiennog\u00f3rskiej Specjalnej Strefy Ekonomicznej Ma\u0142ej Przedsi\u0119biorczo\u015bci, b\u0119d\u0105cej w\u0142asno\u015bci\u0105 Gminy \u017bmigr\u00f3d, sk\u0142adaj\u0105cej si\u0119 z \u00a0dzia\u0142ki Nr 8\/38, 8\/39, 8\/40, AM 16, ksi\u0119ga wieczysta WR1W\/00035982\/1, na kt\u00f3rej b\u0119dzie prowadzona dzia\u0142alno\u015b\u0107 gospodarcza,<\/p>\n<p align=\"center\">wybrano ofert\u0119 przedsi\u0119biorcy:<\/p>\n<p align=\"center\"><strong>Energomonta\u017c Zach\u00f3d Wroc\u0142aw Sp. z o.o.<br \/>\nUl. Rac\u0142awicka 15\/19<br \/>\n53-149 Wroc\u0142aw<\/strong><\/p>\n<p>Przewodnicz\u0105ca Komisji Przetargowej<\/p>\n<p>Danuta Lewandowska<\/p>\n","protected":false},"excerpt":{"rendered":"<p>INFORMACJA O WYBORZE OFERTY z dnia 04 maja 2011 roku (dotyczy zaproszenia do przetargu \u0142\u0105cznego og\u0142oszonego dnia 23 lutego 2011 r.) Zgodnie z \u00a7 8 pkt. 1 Rozporz\u0105dzenia Ministra Gospodarki i Pracy z dnia 15 listopada 2004 r. w sprawie przetarg\u00f3w i rokowa\u0144 oraz kryteri\u00f3w oceny zamierze\u0144 co do przedsi\u0119wzi\u0119\u0107 gospodarczych, kt\u00f3re maj\u0105 by\u0107 podj\u0119te [&hellip;]<\/p>\n","protected":false},"author":1,"featured_media":0,"parent":0,"menu_order":0,"comment_status":"closed","ping_status":"closed","template":"","meta":{"footnotes":""},"class_list":["post-9451","page","type-page","status-publish","hentry"],"_links":{"self":[{"href":"https:\/\/old-ssemp.sowiak.dev\/index.php?rest_route=\/wp\/v2\/pages\/9451","targetHints":{"allow":["GET"]}}],"collection":[{"href":"https:\/\/old-ssemp.sowiak.dev\/index.php?rest_route=\/wp\/v2\/pages"}],"about":[{"href":"https:\/\/old-ssemp.sowiak.dev\/index.php?rest_route=\/wp\/v2\/types\/page"}],"author":[{"embeddable":true,"href":"https:\/\/old-ssemp.sowiak.dev\/index.php?rest_route=\/wp\/v2\/users\/1"}],"replies":[{"embeddable":true,"href":"https:\/\/old-ssemp.sowiak.dev\/index.php?rest_route=%2Fwp%2Fv2%2Fcomments&post=9451"}],"version-history":[{"count":1,"href":"https:\/\/old-ssemp.sowiak.dev\/index.php?rest_route=\/wp\/v2\/pages\/9451\/revisions"}],"predecessor-version":[{"id":9456,"href":"https:\/\/old-ssemp.sowiak.dev\/index.php?rest_route=\/wp\/v2\/pages\/9451\/revisions\/9456"}],"wp:attachment":[{"href":"https:\/\/old-ssemp.sowiak.dev\/index.php?rest_route=%2Fwp%2Fv2%2Fmedia&parent=9451"}],"curies":[{"name":"wp","href":"https:\/\/api.w.org\/{rel}","templated":true}]}}