{"id":9448,"date":"2016-05-16T23:15:06","date_gmt":"2016-05-16T21:15:06","guid":{"rendered":"http:\/\/ssemp.pl\/wordpress\/?page_id=9448"},"modified":"2016-05-16T23:15:06","modified_gmt":"2016-05-16T21:15:06","slug":"o-p-s-o-sp-z-o-o-18-10-2010","status":"publish","type":"page","link":"https:\/\/old-ssemp.sowiak.dev\/?page_id=9448","title":{"rendered":"O.P.S.O. Sp. z o.o. &#8211; 18.10.2010"},"content":{"rendered":"<p align=\"center\"><strong>INFORMACJA O WYBORZE OFERTY<br \/>\nz dnia 18 pa\u017adziernika 2010 roku<\/strong><\/p>\n<p align=\"center\">(dotyczy zaproszenia do przetargu \u0142\u0105cznego og\u0142oszonego dnia 10 sierpnia 2010 r.)<\/p>\n<p>Zgodnie z \u00a7 23 ust. 2 Rozporz\u0105dzenia Rady Ministr\u00f3w z dnia 14 wrze\u015bnia 2004\u00a0r. w sprawie sposobu oraz trybu przeprowadzania przetarg\u00f3w oraz rokowa\u0144 na zbycie nieruchomo\u015bci<br \/>\n(Dz.U. 207, poz. 2108) oraz \u00a7 8 pkt. 1 Rozporz\u0105dzenia Ministra Gospodarki i Pracy z dnia 15 listopada 2004 r. w sprawie przetarg\u00f3w i rokowa\u0144 oraz kryteri\u00f3w oceny zamierze\u0144 co do przedsi\u0119wzi\u0119\u0107 gospodarczych, kt\u00f3re maj\u0105 by\u0107 podj\u0119te przez przedsi\u0119biorc\u00f3w na terenie Kamiennog\u00f3rskiej Specjalnej Strefy Ekonomicznej Ma\u0142ej Przedsi\u0119biorczo\u015bci (Dz.U. 254, poz. 2539 z 2004 r. z p\u00f3\u017an. zmianami), Zarz\u0105dzaj\u0105cy Kamiennog\u00f3rsk\u0105 Specjaln\u0105 Stref\u0105 Ekonomiczn\u0105 Ma\u0142ej Przedsi\u0119biorczo\u015bci<\/p>\n<p>informuje,<\/p>\n<p>\u017ce w wyniku pisemnego przetargu \u0142\u0105cznego maj\u0105cego na celu wy\u0142onienie przedsi\u0119biorcy, kt\u00f3ry uzyska zezwolenie na prowadzenie dzia\u0142alno\u015bci gospodarczej na terenie Kamiennog\u00f3rskiej Specjalnej Strefy Ekonomicznej Ma\u0142ej Przedsi\u0119biorczo\u015bci uprawniaj\u0105ce do korzystania z pomocy publicznej i\u00a0nab\u0119dzie prawo w\u0142asno\u015bci nieruchomo\u015bci niezabudowanych:<\/p>\n<p><strong>&#8211;\u00a0<\/strong>dzia\u0142ki <strong>Nr 52\/3 <\/strong>o pow. 5\u00a0000 m<sup>2<\/sup>, dla kt\u00f3rej S\u0105d Rejonowy w Jeleniej G\u00f3rze prowadzi ksi\u0119g\u0119 wieczyst\u0105 Nr JG1J\/00072653\/5 po\u0142o\u017conej w\u00a0wojew\u00f3dztwie dolno\u015bl\u0105skim, mie\u015bcie Jelenia G\u00f3ra, obr\u0119b Cieplice II, AM 5 w\u00a0Podstrefie Jelenia G\u00f3ra Kamiennog\u00f3rskiej Specjalnej Strefy Ekonomicznej Ma\u0142ej Przedsi\u0119biorczo\u015bci, <strong>b\u0119d\u0105cej w\u0142asno\u015bci\u0105 Gminy Jelenia G\u00f3ra,\u00a0\u00a0\u00a0 <\/strong><strong>oraz<\/strong><\/p>\n<p><strong>&#8211; <\/strong>dzia\u0142ki <strong>Nr 48\/3<\/strong> o pow. 5\u00a0000 m<sup>2<\/sup>, dla kt\u00f3rej S\u0105d Rejonowy w Jeleniej G\u00f3rze prowadzi ksi\u0119g\u0119 wieczyst\u0105 Nr JG1J\/00072652\/8 po\u0142o\u017conej w\u00a0wojew\u00f3dztwie dolno\u015bl\u0105skim, mie\u015bcie Jelenia G\u00f3ra, obr\u0119b Cieplice II, AM 5 w\u00a0Podstrefie Jelenia G\u00f3ra Kamiennog\u00f3rskiej Specjalnej Strefy Ekonomicznej Ma\u0142ej Przedsi\u0119biorczo\u015bci, <strong>b\u0119d\u0105cej w\u0142asno\u015bci\u0105 Gminy Jelenia G\u00f3ra,<\/strong><\/p>\n<p><strong>kt\u00f3re b\u0119d\u0105 sprzedawane \u0142\u0105cznie jako ca\u0142o\u015b\u0107 gospodarcza <\/strong><strong>(Nieruchomo\u015b\u0107)<\/strong>, na kt\u00f3rej b\u0119dzie prowadzona dzia\u0142alno\u015b\u0107 gospodarcza w oparciu o zezwolenie<strong>\u00a0<\/strong><\/p>\n<p align=\"center\">wybrano ofert\u0119 przedsi\u0119biorcy:<\/p>\n<p align=\"center\"><strong>O.P.S.O. Sp. z o.o.<br \/>\nUl. Kr\u00f3lowej Marysie\u0144ki 5<br \/>\n02-954 WARSZAWA<\/strong><\/p>\n<p>Przewodnicz\u0105ca Komisji Przetargowej<br \/>\nAnna Komorowska<\/p>\n","protected":false},"excerpt":{"rendered":"<p>INFORMACJA O WYBORZE OFERTY z dnia 18 pa\u017adziernika 2010 roku (dotyczy zaproszenia do przetargu \u0142\u0105cznego og\u0142oszonego dnia 10 sierpnia 2010 r.) Zgodnie z \u00a7 23 ust. 2 Rozporz\u0105dzenia Rady Ministr\u00f3w z dnia 14 wrze\u015bnia 2004\u00a0r. w sprawie sposobu oraz trybu przeprowadzania przetarg\u00f3w oraz rokowa\u0144 na zbycie nieruchomo\u015bci (Dz.U. 207, poz. 2108) oraz \u00a7 8 pkt. [&hellip;]<\/p>\n","protected":false},"author":1,"featured_media":0,"parent":0,"menu_order":0,"comment_status":"closed","ping_status":"closed","template":"","meta":{"footnotes":""},"class_list":["post-9448","page","type-page","status-publish","hentry"],"_links":{"self":[{"href":"https:\/\/old-ssemp.sowiak.dev\/index.php?rest_route=\/wp\/v2\/pages\/9448","targetHints":{"allow":["GET"]}}],"collection":[{"href":"https:\/\/old-ssemp.sowiak.dev\/index.php?rest_route=\/wp\/v2\/pages"}],"about":[{"href":"https:\/\/old-ssemp.sowiak.dev\/index.php?rest_route=\/wp\/v2\/types\/page"}],"author":[{"embeddable":true,"href":"https:\/\/old-ssemp.sowiak.dev\/index.php?rest_route=\/wp\/v2\/users\/1"}],"replies":[{"embeddable":true,"href":"https:\/\/old-ssemp.sowiak.dev\/index.php?rest_route=%2Fwp%2Fv2%2Fcomments&post=9448"}],"version-history":[{"count":1,"href":"https:\/\/old-ssemp.sowiak.dev\/index.php?rest_route=\/wp\/v2\/pages\/9448\/revisions"}],"predecessor-version":[{"id":9453,"href":"https:\/\/old-ssemp.sowiak.dev\/index.php?rest_route=\/wp\/v2\/pages\/9448\/revisions\/9453"}],"wp:attachment":[{"href":"https:\/\/old-ssemp.sowiak.dev\/index.php?rest_route=%2Fwp%2Fv2%2Fmedia&parent=9448"}],"curies":[{"name":"wp","href":"https:\/\/api.w.org\/{rel}","templated":true}]}}