{"id":9437,"date":"2016-05-16T23:11:15","date_gmt":"2016-05-16T21:11:15","guid":{"rendered":"http:\/\/ssemp.pl\/wordpress\/?page_id=9437"},"modified":"2016-05-16T23:11:15","modified_gmt":"2016-05-16T21:11:15","slug":"jelenia-plast-sp-z-o-o-17-czerwca-2010","status":"publish","type":"page","link":"https:\/\/old-ssemp.sowiak.dev\/?page_id=9437","title":{"rendered":"Jelenia Plast Sp. z o.o. &#8211; 17 czerwca 2010"},"content":{"rendered":"<p align=\"center\"><strong>INFORMACJA O WYBORZE OFERTY<\/strong><\/p>\n<p align=\"center\"><strong>\u00a0<\/strong><strong>z dnia 17 czerwca 2010 roku<\/strong><\/p>\n<p align=\"center\"><strong>\u00a0<\/strong>(dotyczy zaproszenia do przetargu og\u0142oszonego dnia 08 kwietnia 2010 r.)<\/p>\n<p>\u00a0Zgodnie z \u00a7 23 ust. 2 Rozporz\u0105dzenia Rady Ministr\u00f3w z dnia 14 wrze\u015bnia 2004 r. w sprawie sposobu oraz trybu przeprowadzania przetarg\u00f3w oraz rokowa\u0144 na zbycie nieruchomo\u015bci<br \/>\n(Dz.U. 207, poz. 2108) oraz \u00a7 8 pkt. 1 Rozporz\u0105dzenia Ministra Gospodarki i Pracy z dnia 15 listopada 2004 r. w sprawie przetarg\u00f3w i rokowa\u0144 oraz kryteri\u00f3w oceny zamierze\u0144 co do przedsi\u0119wzi\u0119\u0107 gospodarczych, kt\u00f3re maj\u0105 by\u0107 podj\u0119te przez przedsi\u0119biorc\u00f3w na terenie Kamiennog\u00f3rskiej Specjalnej Strefy Ekonomicznej Ma\u0142ej Przedsi\u0119biorczo\u015bci (Dz.U. 254, poz. 2539 z 2004 r.), Zarz\u0105dzaj\u0105cy Kamiennog\u00f3rsk\u0105 Specjaln\u0105 Stref\u0105 Ekonomiczn\u0105 Ma\u0142ej Przedsi\u0119biorczo\u015bci informuje,<\/p>\n<p>\u017ce w wyniku pisemnego przetargu nieograniczonego maj\u0105cego na celu ustalenie nabywcy, kt\u00f3ry nab\u0119dzie prawo w\u0142asno\u015bci nieruchomo\u015bci, b\u0119d\u0105cej przedmiotem przetargu, na terenie Podstrefy Jelenia G\u00f3ra,<\/p>\n<p align=\"center\">wybrano ofert\u0119 przedsi\u0119biorcy:<\/p>\n<p align=\"center\"><strong>JELENIA PLAST Sp. z o.o.<br \/>\nul. Sp\u00f3\u0142dzielcza 47<\/strong><br \/>\n58-500 JELENIA G\u00d3RA<\/p>\n<p>Przewodnicz\u0105ca Komisji Przetargowej<br \/>\nAnna Komorowska<\/p>\n","protected":false},"excerpt":{"rendered":"<p>INFORMACJA O WYBORZE OFERTY \u00a0z dnia 17 czerwca 2010 roku \u00a0(dotyczy zaproszenia do przetargu og\u0142oszonego dnia 08 kwietnia 2010 r.) \u00a0Zgodnie z \u00a7 23 ust. 2 Rozporz\u0105dzenia Rady Ministr\u00f3w z dnia 14 wrze\u015bnia 2004 r. w sprawie sposobu oraz trybu przeprowadzania przetarg\u00f3w oraz rokowa\u0144 na zbycie nieruchomo\u015bci (Dz.U. 207, poz. 2108) oraz \u00a7 8 pkt. [&hellip;]<\/p>\n","protected":false},"author":1,"featured_media":0,"parent":0,"menu_order":0,"comment_status":"closed","ping_status":"closed","template":"","meta":{"footnotes":""},"class_list":["post-9437","page","type-page","status-publish","hentry"],"_links":{"self":[{"href":"https:\/\/old-ssemp.sowiak.dev\/index.php?rest_route=\/wp\/v2\/pages\/9437","targetHints":{"allow":["GET"]}}],"collection":[{"href":"https:\/\/old-ssemp.sowiak.dev\/index.php?rest_route=\/wp\/v2\/pages"}],"about":[{"href":"https:\/\/old-ssemp.sowiak.dev\/index.php?rest_route=\/wp\/v2\/types\/page"}],"author":[{"embeddable":true,"href":"https:\/\/old-ssemp.sowiak.dev\/index.php?rest_route=\/wp\/v2\/users\/1"}],"replies":[{"embeddable":true,"href":"https:\/\/old-ssemp.sowiak.dev\/index.php?rest_route=%2Fwp%2Fv2%2Fcomments&post=9437"}],"version-history":[{"count":1,"href":"https:\/\/old-ssemp.sowiak.dev\/index.php?rest_route=\/wp\/v2\/pages\/9437\/revisions"}],"predecessor-version":[{"id":9445,"href":"https:\/\/old-ssemp.sowiak.dev\/index.php?rest_route=\/wp\/v2\/pages\/9437\/revisions\/9445"}],"wp:attachment":[{"href":"https:\/\/old-ssemp.sowiak.dev\/index.php?rest_route=%2Fwp%2Fv2%2Fmedia&parent=9437"}],"curies":[{"name":"wp","href":"https:\/\/api.w.org\/{rel}","templated":true}]}}