{"id":9436,"date":"2016-05-16T23:10:21","date_gmt":"2016-05-16T21:10:21","guid":{"rendered":"http:\/\/ssemp.pl\/wordpress\/?page_id=9436"},"modified":"2016-05-16T23:10:21","modified_gmt":"2016-05-16T21:10:21","slug":"stolko-s-c-25-maja-2010","status":"publish","type":"page","link":"https:\/\/old-ssemp.sowiak.dev\/?page_id=9436","title":{"rendered":"Stolko s.c. &#8211; 25 maja 2010"},"content":{"rendered":"<p align=\"center\"><strong>INFORMACJA O WYBORZE OFERTY<\/strong><\/p>\n<p align=\"center\"><strong>\u00a0<\/strong><strong>z dnia 25 maja 2010 roku<\/strong><\/p>\n<p align=\"center\"><strong>\u00a0<\/strong>(dotyczy zaproszenia do rokowa\u0144 og\u0142oszonego dnia 29 \u00a0kwietnia 2010 r.)<\/p>\n<p align=\"center\">\n<p>\u00a0\u00a0\u00a0\u00a0\u00a0\u00a0\u00a0\u00a0 Zgodnie z \u00a7 8, pkt. 1 Rozporz\u0105dzenia Ministra Gospodarki i Pracy z dnia 15 listopada 2004 r. w sprawie przetarg\u00f3w i rokowa\u0144 oraz kryteri\u00f3w oceny zamierze\u0144 co do przedsi\u0119wzi\u0119\u0107 gospodarczych, kt\u00f3re maj\u0105 by\u0107 podj\u0119te przez przedsi\u0119biorc\u00f3w na terenie Kamiennog\u00f3rskiej Specjalnej Strefy Ekonomicznej Ma\u0142ej Przedsi\u0119biorczo\u015bci (Dz.U. 254, poz.2539 z 2004 r.)<\/p>\n<p>Zarz\u0105dzaj\u0105cy Kamiennog\u00f3rsk\u0105 Specjaln\u0105 Stref\u0105 Ekonomiczn\u0105 Ma\u0142ej Przedsi\u0119biorczo\u015bci informuje,<\/p>\n<p align=\"center\">\u00a0\u017ce w wyniku rokowa\u0144 maj\u0105cych na celu ustalenie przedsi\u0119biorcy, kt\u00f3ry uzyska zezwolenie na prowadzenie dzia\u0142alno\u015bci gospodarczej na terenie<\/p>\n<p align=\"center\">\u00a0Podstrefy \u00a0Kamienna G\u00f3ra<\/p>\n<p align=\"center\">\u00a0wybrano ofert\u0119 przedsi\u0119biorcy:<\/p>\n<p align=\"center\">\n<p align=\"center\">\u00a0<strong>Iwony Koz\u0142owskiej- Miko\u0142ajczyk, Piotra\u00a0 Koz\u0142owskiego<br \/>\nprowadz\u0105cych dzia\u0142alno\u015b\u0107\u00a0 gospodarcz\u0105\u00a0 pod nazw\u0105 \u201eStolko\u201d s.c.<\/strong><\/p>\n<p><strong>\u00a0<\/strong>Przewodnicz\u0105ca Komisji Rokowa\u0144<\/p>\n<p>Danuta Lewandowska<\/p>\n","protected":false},"excerpt":{"rendered":"<p>INFORMACJA O WYBORZE OFERTY \u00a0z dnia 25 maja 2010 roku \u00a0(dotyczy zaproszenia do rokowa\u0144 og\u0142oszonego dnia 29 \u00a0kwietnia 2010 r.) \u00a0\u00a0\u00a0\u00a0\u00a0\u00a0\u00a0\u00a0 Zgodnie z \u00a7 8, pkt. 1 Rozporz\u0105dzenia Ministra Gospodarki i Pracy z dnia 15 listopada 2004 r. w sprawie przetarg\u00f3w i rokowa\u0144 oraz kryteri\u00f3w oceny zamierze\u0144 co do przedsi\u0119wzi\u0119\u0107 gospodarczych, kt\u00f3re maj\u0105 by\u0107 podj\u0119te [&hellip;]<\/p>\n","protected":false},"author":1,"featured_media":0,"parent":0,"menu_order":0,"comment_status":"closed","ping_status":"closed","template":"","meta":{"footnotes":""},"class_list":["post-9436","page","type-page","status-publish","hentry"],"_links":{"self":[{"href":"https:\/\/old-ssemp.sowiak.dev\/index.php?rest_route=\/wp\/v2\/pages\/9436","targetHints":{"allow":["GET"]}}],"collection":[{"href":"https:\/\/old-ssemp.sowiak.dev\/index.php?rest_route=\/wp\/v2\/pages"}],"about":[{"href":"https:\/\/old-ssemp.sowiak.dev\/index.php?rest_route=\/wp\/v2\/types\/page"}],"author":[{"embeddable":true,"href":"https:\/\/old-ssemp.sowiak.dev\/index.php?rest_route=\/wp\/v2\/users\/1"}],"replies":[{"embeddable":true,"href":"https:\/\/old-ssemp.sowiak.dev\/index.php?rest_route=%2Fwp%2Fv2%2Fcomments&post=9436"}],"version-history":[{"count":1,"href":"https:\/\/old-ssemp.sowiak.dev\/index.php?rest_route=\/wp\/v2\/pages\/9436\/revisions"}],"predecessor-version":[{"id":9444,"href":"https:\/\/old-ssemp.sowiak.dev\/index.php?rest_route=\/wp\/v2\/pages\/9436\/revisions\/9444"}],"wp:attachment":[{"href":"https:\/\/old-ssemp.sowiak.dev\/index.php?rest_route=%2Fwp%2Fv2%2Fmedia&parent=9436"}],"curies":[{"name":"wp","href":"https:\/\/api.w.org\/{rel}","templated":true}]}}