{"id":9435,"date":"2016-05-16T23:09:36","date_gmt":"2016-05-16T21:09:36","guid":{"rendered":"http:\/\/ssemp.pl\/wordpress\/?page_id=9435"},"modified":"2016-05-16T23:09:36","modified_gmt":"2016-05-16T21:09:36","slug":"zygmunt-miskowicz-27-kwietnia-2010","status":"publish","type":"page","link":"https:\/\/old-ssemp.sowiak.dev\/?page_id=9435","title":{"rendered":"Zygmunt Mi\u015bkowicz &#8211; 27 kwietnia 2010"},"content":{"rendered":"<p align=\"center\"><strong>INFORMACJA O WYBORZE OFERTY<\/strong><\/p>\n<p align=\"center\"><strong>z dnia 27 kwietnia 2010 roku<\/strong><\/p>\n<p align=\"center\"><strong>\u00a0<\/strong>(dotyczy zaproszenia do przetargu pisemnego nieograniczonego z dnia 24 marca 2010 r.)<\/p>\n<p align=\"center\">\u00a0<strong>Zarz\u0105dzaj\u0105cy Kamiennog\u00f3rsk\u0105 Specjaln\u0105 Stref\u0105 Ekonomiczn\u0105 Ma\u0142ej Przedsi\u0119biorczo\u015bci <\/strong><strong>informuje<\/strong>,<\/p>\n<p align=\"center\">\u00a0\u017ce w wyniku przetargu maj\u0105cego na celu wy\u0142onienie nabywcy prawa u\u017cytkowania wieczystego nieruchomo\u015bci o\u00a0 powierzchni 598 m<sup>2<\/sup>, po\u0142o\u017conej w\u00a0wojew\u00f3dztwie dolno\u015bl\u0105skim, powiecie kamiennog\u00f3rskim, miejscowo\u015bci Kamienna G\u00f3ra, obr\u0119b geodezyjny NR 6- Kamienna G\u00f3ra, sk\u0142adaj\u0105cej si\u0119 z\u00a0dzia\u0142ki gruntu\u00a0 Nr 173\/17 dla kt\u00f3rej S\u0105d Rejonowy w Kamiennej G\u00f3rze prowadzi ksi\u0119g\u0119 wieczyst\u0105 KW 10235 wraz z prawem\u00a0 w\u0142asno\u015bci zabudowa\u0144 posadowionych na dzia\u0142ce, o kt\u00f3rej mowa powy\u017cej.<\/p>\n<p>wybrano ofert\u0119:<\/p>\n<p><strong>Zygmunta Mi\u015bkowicza<\/strong><\/p>\n","protected":false},"excerpt":{"rendered":"<p>INFORMACJA O WYBORZE OFERTY z dnia 27 kwietnia 2010 roku \u00a0(dotyczy zaproszenia do przetargu pisemnego nieograniczonego z dnia 24 marca 2010 r.) \u00a0Zarz\u0105dzaj\u0105cy Kamiennog\u00f3rsk\u0105 Specjaln\u0105 Stref\u0105 Ekonomiczn\u0105 Ma\u0142ej Przedsi\u0119biorczo\u015bci informuje, \u00a0\u017ce w wyniku przetargu maj\u0105cego na celu wy\u0142onienie nabywcy prawa u\u017cytkowania wieczystego nieruchomo\u015bci o\u00a0 powierzchni 598 m2, po\u0142o\u017conej w\u00a0wojew\u00f3dztwie dolno\u015bl\u0105skim, powiecie kamiennog\u00f3rskim, miejscowo\u015bci Kamienna G\u00f3ra, [&hellip;]<\/p>\n","protected":false},"author":1,"featured_media":0,"parent":0,"menu_order":0,"comment_status":"closed","ping_status":"closed","template":"","meta":{"footnotes":""},"class_list":["post-9435","page","type-page","status-publish","hentry"],"_links":{"self":[{"href":"https:\/\/old-ssemp.sowiak.dev\/index.php?rest_route=\/wp\/v2\/pages\/9435","targetHints":{"allow":["GET"]}}],"collection":[{"href":"https:\/\/old-ssemp.sowiak.dev\/index.php?rest_route=\/wp\/v2\/pages"}],"about":[{"href":"https:\/\/old-ssemp.sowiak.dev\/index.php?rest_route=\/wp\/v2\/types\/page"}],"author":[{"embeddable":true,"href":"https:\/\/old-ssemp.sowiak.dev\/index.php?rest_route=\/wp\/v2\/users\/1"}],"replies":[{"embeddable":true,"href":"https:\/\/old-ssemp.sowiak.dev\/index.php?rest_route=%2Fwp%2Fv2%2Fcomments&post=9435"}],"version-history":[{"count":1,"href":"https:\/\/old-ssemp.sowiak.dev\/index.php?rest_route=\/wp\/v2\/pages\/9435\/revisions"}],"predecessor-version":[{"id":9443,"href":"https:\/\/old-ssemp.sowiak.dev\/index.php?rest_route=\/wp\/v2\/pages\/9435\/revisions\/9443"}],"wp:attachment":[{"href":"https:\/\/old-ssemp.sowiak.dev\/index.php?rest_route=%2Fwp%2Fv2%2Fmedia&parent=9435"}],"curies":[{"name":"wp","href":"https:\/\/api.w.org\/{rel}","templated":true}]}}