{"id":9434,"date":"2016-05-16T23:08:55","date_gmt":"2016-05-16T21:08:55","guid":{"rendered":"http:\/\/ssemp.pl\/wordpress\/?page_id=9434"},"modified":"2016-05-16T23:08:56","modified_gmt":"2016-05-16T21:08:56","slug":"p-p-h-u-andy-8-kwietnia-2010","status":"publish","type":"page","link":"https:\/\/old-ssemp.sowiak.dev\/?page_id=9434","title":{"rendered":"P.P.H.U. ANDY &#8211; 8 kwietnia 2010"},"content":{"rendered":"<p align=\"center\"><strong>INFORMACJA O WYBORZE OFERTY<\/strong><\/p>\n<p align=\"center\"><strong>z dnia 8 kwietnia 2010 roku<\/strong><\/p>\n<p align=\"center\">(dotyczy zaproszenia do rokowa\u0144 og\u0142oszonego dnia 25 lutego 2010 r.)<\/p>\n<p>\u00a0 \u00a0 \u00a0 \u00a0\u00a0 Zgodnie z \u00a7 8, pkt. 1 Rozporz\u0105dzenia Ministra Gospodarki i Pracy z dnia 15 listopada 2004 r. w sprawie przetarg\u00f3w i rokowa\u0144 oraz kryteri\u00f3w oceny zamierze\u0144 co do przedsi\u0119wzi\u0119\u0107 gospodarczych, kt\u00f3re maj\u0105 by\u0107 podj\u0119te przez przedsi\u0119biorc\u00f3w na terenie Kamiennog\u00f3rskiej Specjalnej Strefy Ekonomicznej Ma\u0142ej Przedsi\u0119biorczo\u015bci (Dz.U. 254, poz.2539 z 2004 r.)<\/p>\n<p>&nbsp;<\/p>\n<p align=\"center\"><strong>Zarz\u0105dzaj\u0105cy Kamiennog\u00f3rsk\u0105 Specjaln\u0105 Stref\u0105 Ekonomiczn\u0105 Ma\u0142ej Przedsi\u0119biorczo\u015bci<\/strong><\/p>\n<p align=\"center\"><strong>informuje<\/strong>,<\/p>\n<p>\u017ce w wyniku przetargu \u0142\u0105cznego \u00a0maj\u0105cych na celu ustalenie przedsi\u0119biorcy, kt\u00f3ry uzyska zezwolenie na prowadzenie dzia\u0142alno\u015bci gospodarczej na terenie Kamiennog\u00f3rskiej Specjalnej Strefy Ekonomicznej Ma\u0142ej Przedsi\u0119biorczo\u015bci i nab\u0119dzie nieruchomo\u015b\u0107 niezabudowan\u0105 o\u00a0\u0142\u0105cznej powierzchni<strong> 9555 m<sup>2<\/sup>, <\/strong>po\u0142o\u017cona w\u00a0wojew\u00f3dztwie dolno\u015bl\u0105skim, powiecie kamiennog\u00f3rskim, miejscowo\u015bci Kamienna G\u00f3ra, obr\u0119b geodezyjny 4 Kamienna G\u00f3ra, w Podstrefie Kamienna G\u00f3ra -Kamiennog\u00f3rskiej Specjalnej Strefy Ekonomicznej Ma\u0142ej Przedsi\u0119biorczo\u015bci, sk\u0142adaj\u0105ca si\u0119 z \u00a0dzia\u0142ek gruntu <strong>Nr 131\/7,131\/8, 131\/9,131\/13 <\/strong>dla kt\u00f3rych S\u0105d Rejonowy w Kamiennej G\u00f3rze prowadzi ksi\u0119g\u0119 wieczyst\u0105\u00a0 KW 18250. na kt\u00f3rej b\u0119dzie prowadzona dzia\u0142alno\u015b\u0107 gospodarcza obj\u0119ta zezwoleniem.<\/p>\n<p align=\"center\">wybrano ofert\u0119 przedsi\u0119biorcy:<\/p>\n<p align=\"center\"><strong>Andrzeja Maciaszka prowadz\u0105cego dzia\u0142alno\u015b\u0107\u00a0 gospodarcz\u0105 pod\u00a0 nazw\u0105<br \/>\nP.P.H.U. ANDY Izolacje Tekstylne<\/strong><\/p>\n","protected":false},"excerpt":{"rendered":"<p>INFORMACJA O WYBORZE OFERTY z dnia 8 kwietnia 2010 roku (dotyczy zaproszenia do rokowa\u0144 og\u0142oszonego dnia 25 lutego 2010 r.) \u00a0 \u00a0 \u00a0 \u00a0\u00a0 Zgodnie z \u00a7 8, pkt. 1 Rozporz\u0105dzenia Ministra Gospodarki i Pracy z dnia 15 listopada 2004 r. w sprawie przetarg\u00f3w i rokowa\u0144 oraz kryteri\u00f3w oceny zamierze\u0144 co do przedsi\u0119wzi\u0119\u0107 gospodarczych, kt\u00f3re [&hellip;]<\/p>\n","protected":false},"author":1,"featured_media":0,"parent":0,"menu_order":0,"comment_status":"closed","ping_status":"closed","template":"","meta":{"footnotes":""},"class_list":["post-9434","page","type-page","status-publish","hentry"],"_links":{"self":[{"href":"https:\/\/old-ssemp.sowiak.dev\/index.php?rest_route=\/wp\/v2\/pages\/9434","targetHints":{"allow":["GET"]}}],"collection":[{"href":"https:\/\/old-ssemp.sowiak.dev\/index.php?rest_route=\/wp\/v2\/pages"}],"about":[{"href":"https:\/\/old-ssemp.sowiak.dev\/index.php?rest_route=\/wp\/v2\/types\/page"}],"author":[{"embeddable":true,"href":"https:\/\/old-ssemp.sowiak.dev\/index.php?rest_route=\/wp\/v2\/users\/1"}],"replies":[{"embeddable":true,"href":"https:\/\/old-ssemp.sowiak.dev\/index.php?rest_route=%2Fwp%2Fv2%2Fcomments&post=9434"}],"version-history":[{"count":1,"href":"https:\/\/old-ssemp.sowiak.dev\/index.php?rest_route=\/wp\/v2\/pages\/9434\/revisions"}],"predecessor-version":[{"id":9442,"href":"https:\/\/old-ssemp.sowiak.dev\/index.php?rest_route=\/wp\/v2\/pages\/9434\/revisions\/9442"}],"wp:attachment":[{"href":"https:\/\/old-ssemp.sowiak.dev\/index.php?rest_route=%2Fwp%2Fv2%2Fmedia&parent=9434"}],"curies":[{"name":"wp","href":"https:\/\/api.w.org\/{rel}","templated":true}]}}