{"id":9433,"date":"2016-05-16T23:07:34","date_gmt":"2016-05-16T21:07:34","guid":{"rendered":"http:\/\/ssemp.pl\/wordpress\/?page_id=9433"},"modified":"2016-05-16T23:07:34","modified_gmt":"2016-05-16T21:07:34","slug":"brak-ofert-21-grudnia-2009","status":"publish","type":"page","link":"https:\/\/old-ssemp.sowiak.dev\/?page_id=9433","title":{"rendered":"Brak ofert &#8211; 21 grudnia 2009"},"content":{"rendered":"<p align=\"center\"><strong>INFORMACJA O WYBORZE OFERTY<\/strong><br \/>\n<strong>z dnia 21 grudnia 2009 roku<\/strong><\/p>\n<p align=\"center\"><strong>\u00a0<\/strong>(dotyczy zaproszenia do przetargu pisemnego nieograniczonego<br \/>\nz dnia 17 listopada 2009 r.)<\/p>\n<p align=\"center\"><strong>Zarz\u0105dzaj\u0105cy Kamiennog\u00f3rsk\u0105 Specjaln\u0105 Stref\u0105 Ekonomiczn\u0105 Ma\u0142ej Przedsi\u0119biorczo\u015bci informuje<\/strong>,<\/p>\n<p>\u00a0\u017ce w wyniku przetargu pisemnego nieograniczonego maj\u0105cego na celu wy\u0142onienie nabywcy prawa w\u0142asno\u015bci nieruchomo\u015bci niezabudowanej<br \/>\no powierzchni 120 463 m2, po\u0142o\u017conej w wojew\u00f3dztwie dolno\u015bl\u0105skim, powiecie kamiennog\u00f3rskim, miejscowo\u015bci Kamienna G\u00f3ra, obr\u0119b geodezyjny nr 1- Kamienna G\u00f3ra, sk\u0142adaj\u0105cej si\u0119 z dzia\u0142ki gruntu 50\/1, dla kt\u00f3rej S\u0105d Rejonowy w Kamiennej G\u00f3rze\u00a0 prowadzi ksi\u0119g\u0119\u00a0 wieczyst\u0105 KW 16844<\/p>\n<p align=\"center\"><strong>zako\u0144czy\u0142 si\u0119 wynikiem negatywnym z powodu braku ofert<\/strong><\/p>\n","protected":false},"excerpt":{"rendered":"<p>INFORMACJA O WYBORZE OFERTY z dnia 21 grudnia 2009 roku \u00a0(dotyczy zaproszenia do przetargu pisemnego nieograniczonego z dnia 17 listopada 2009 r.) Zarz\u0105dzaj\u0105cy Kamiennog\u00f3rsk\u0105 Specjaln\u0105 Stref\u0105 Ekonomiczn\u0105 Ma\u0142ej Przedsi\u0119biorczo\u015bci informuje, \u00a0\u017ce w wyniku przetargu pisemnego nieograniczonego maj\u0105cego na celu wy\u0142onienie nabywcy prawa w\u0142asno\u015bci nieruchomo\u015bci niezabudowanej o powierzchni 120 463 m2, po\u0142o\u017conej w wojew\u00f3dztwie dolno\u015bl\u0105skim, powiecie [&hellip;]<\/p>\n","protected":false},"author":1,"featured_media":0,"parent":0,"menu_order":0,"comment_status":"closed","ping_status":"closed","template":"","meta":{"footnotes":""},"class_list":["post-9433","page","type-page","status-publish","hentry"],"_links":{"self":[{"href":"https:\/\/old-ssemp.sowiak.dev\/index.php?rest_route=\/wp\/v2\/pages\/9433","targetHints":{"allow":["GET"]}}],"collection":[{"href":"https:\/\/old-ssemp.sowiak.dev\/index.php?rest_route=\/wp\/v2\/pages"}],"about":[{"href":"https:\/\/old-ssemp.sowiak.dev\/index.php?rest_route=\/wp\/v2\/types\/page"}],"author":[{"embeddable":true,"href":"https:\/\/old-ssemp.sowiak.dev\/index.php?rest_route=\/wp\/v2\/users\/1"}],"replies":[{"embeddable":true,"href":"https:\/\/old-ssemp.sowiak.dev\/index.php?rest_route=%2Fwp%2Fv2%2Fcomments&post=9433"}],"version-history":[{"count":1,"href":"https:\/\/old-ssemp.sowiak.dev\/index.php?rest_route=\/wp\/v2\/pages\/9433\/revisions"}],"predecessor-version":[{"id":9441,"href":"https:\/\/old-ssemp.sowiak.dev\/index.php?rest_route=\/wp\/v2\/pages\/9433\/revisions\/9441"}],"wp:attachment":[{"href":"https:\/\/old-ssemp.sowiak.dev\/index.php?rest_route=%2Fwp%2Fv2%2Fmedia&parent=9433"}],"curies":[{"name":"wp","href":"https:\/\/api.w.org\/{rel}","templated":true}]}}