{"id":9432,"date":"2016-05-16T23:06:42","date_gmt":"2016-05-16T21:06:42","guid":{"rendered":"http:\/\/ssemp.pl\/wordpress\/?page_id=9432"},"modified":"2016-05-16T23:06:42","modified_gmt":"2016-05-16T21:06:42","slug":"elettroplast-polska-sp-z-o-o-07-grudnia-2009","status":"publish","type":"page","link":"https:\/\/old-ssemp.sowiak.dev\/?page_id=9432","title":{"rendered":"ELETTROPLAST POLSKA Sp. z o.o. &#8211; 07 grudnia 2009"},"content":{"rendered":"<p align=\"center\"><strong>INFORMACJA O WYBORZE OFERTY<br \/>\nz dnia 07 grudnia 2009 roku<\/strong><\/p>\n<p align=\"center\">(dotyczy zaproszenia do przetargu pisemnego nieograniczonego z dnia 03 listopada 2009 r.)<\/p>\n<p align=\"center\"><strong>Zarz\u0105dzaj\u0105cy Kamiennog\u00f3rsk\u0105 Specjaln\u0105 Stref\u0105 Ekonomiczn\u0105 Ma\u0142ej Przedsi\u0119biorczo\u015bci informuje<\/strong>,<\/p>\n<p>\u00a0\u017ce w wyniku przetargu maj\u0105cego na celu wy\u0142onienie nabywcy <strong>prawa u\u017cytkowania wieczystego nieruchomo\u015bci niezabudowanej o\u00a0 powierzchni 2500 m<sup>2<\/sup><\/strong><strong>, <\/strong>po\u0142o\u017conej w\u00a0wojew\u00f3dztwie dolno\u015bl\u0105skim, powiecie luba\u0144skim, miejscowo\u015bci Luba\u0144, obr\u0119b geodezyjny NR 4- Luba\u0144, w Postrefie Luba\u0144 Kamiennog\u00f3rskiej Specjalnej Strefy Ekonomicznej Ma\u0142ej Przedsi\u0119biorczo\u015bci, sk\u0142adaj\u0105cej si\u0119 z \u00a0dzia\u0142ki gruntu <strong>Nr 2\/46 \u00a0&#8211; <\/strong>dzia\u0142ka powsta\u0142a z podzia\u0142u dzia\u0142ki nr 2\/30 arkusz mapy 9 obr\u0119b 4 (decyzja podzia\u0142owa z dnia 17.02.2009 r.), dla kt\u00f3rej S\u0105d Rejonowy w Lubaniu prowadzi ksi\u0119g\u0119 wieczyst\u0105 KW 25852<\/p>\n<p>wybrano ofert\u0119:<\/p>\n<p><strong>ELETTROPLAST POLSKA Sp. z o.o.<br \/>\nUl. Gazowa 4, 59-800 LUBA\u0143<\/strong><\/p>\n","protected":false},"excerpt":{"rendered":"<p>INFORMACJA O WYBORZE OFERTY z dnia 07 grudnia 2009 roku (dotyczy zaproszenia do przetargu pisemnego nieograniczonego z dnia 03 listopada 2009 r.) Zarz\u0105dzaj\u0105cy Kamiennog\u00f3rsk\u0105 Specjaln\u0105 Stref\u0105 Ekonomiczn\u0105 Ma\u0142ej Przedsi\u0119biorczo\u015bci informuje, \u00a0\u017ce w wyniku przetargu maj\u0105cego na celu wy\u0142onienie nabywcy prawa u\u017cytkowania wieczystego nieruchomo\u015bci niezabudowanej o\u00a0 powierzchni 2500 m2, po\u0142o\u017conej w\u00a0wojew\u00f3dztwie dolno\u015bl\u0105skim, powiecie luba\u0144skim, miejscowo\u015bci Luba\u0144, [&hellip;]<\/p>\n","protected":false},"author":1,"featured_media":0,"parent":0,"menu_order":0,"comment_status":"closed","ping_status":"closed","template":"","meta":{"footnotes":""},"class_list":["post-9432","page","type-page","status-publish","hentry"],"_links":{"self":[{"href":"https:\/\/old-ssemp.sowiak.dev\/index.php?rest_route=\/wp\/v2\/pages\/9432","targetHints":{"allow":["GET"]}}],"collection":[{"href":"https:\/\/old-ssemp.sowiak.dev\/index.php?rest_route=\/wp\/v2\/pages"}],"about":[{"href":"https:\/\/old-ssemp.sowiak.dev\/index.php?rest_route=\/wp\/v2\/types\/page"}],"author":[{"embeddable":true,"href":"https:\/\/old-ssemp.sowiak.dev\/index.php?rest_route=\/wp\/v2\/users\/1"}],"replies":[{"embeddable":true,"href":"https:\/\/old-ssemp.sowiak.dev\/index.php?rest_route=%2Fwp%2Fv2%2Fcomments&post=9432"}],"version-history":[{"count":1,"href":"https:\/\/old-ssemp.sowiak.dev\/index.php?rest_route=\/wp\/v2\/pages\/9432\/revisions"}],"predecessor-version":[{"id":9440,"href":"https:\/\/old-ssemp.sowiak.dev\/index.php?rest_route=\/wp\/v2\/pages\/9432\/revisions\/9440"}],"wp:attachment":[{"href":"https:\/\/old-ssemp.sowiak.dev\/index.php?rest_route=%2Fwp%2Fv2%2Fmedia&parent=9432"}],"curies":[{"name":"wp","href":"https:\/\/api.w.org\/{rel}","templated":true}]}}