{"id":9423,"date":"2016-05-16T23:03:03","date_gmt":"2016-05-16T21:03:03","guid":{"rendered":"http:\/\/ssemp.pl\/wordpress\/?page_id=9423"},"modified":"2016-05-16T23:03:03","modified_gmt":"2016-05-16T21:03:03","slug":"azzaro-sp-z-o-o-21-maja-2007","status":"publish","type":"page","link":"https:\/\/old-ssemp.sowiak.dev\/?page_id=9423","title":{"rendered":"AZZARO Sp. z o.o. &#8211; 21 maja 2007"},"content":{"rendered":"<p><strong>INFORMACJA O WYBORZE OFERTY<br \/>\nz dnia 21 maja 2007 roku<\/strong><\/p>\n<p>(dotyczy zaproszenia do przetargu \u0142\u0105cznego og\u0142oszonego w dniu 19 kwietnia 2007 r.)<\/p>\n<p>Zgodnie z \u00a7 8 p-ktem 1 Rozporz\u0105dzenia Ministra Gospodarki i Pracy z dnia 15 listopada 2004 r. w sprawie przetarg\u00f3w i rokowa\u0144 oraz kryteri\u00f3w oceny zamierze\u0144 co do przedsi\u0119wzi\u0119\u0107 gospodarczych, kt\u00f3re maj\u0105 by\u0107 podj\u0119te przez przedsi\u0119biorc\u00f3w na terenie Kamiennog\u00f3rskiej Specjalnej Strefy Ekonomicznej Ma\u0142ej Przedsi\u0119biorczo\u015bci (Dz. U. Nr 254, poz. 2539 z 2004 r.),<\/p>\n<p>Zarz\u0105dzaj\u0105cy<br \/>\nKamiennog\u00f3rsk\u0105 Specjaln\u0105 Stref\u0105 Ekonomiczn\u0105 Ma\u0142ej Przedsi\u0119biorczo\u015bci<\/p>\n<p>informuje,<\/p>\n<p>\u017ce w wyniku przetargu \u0142\u0105cznego maj\u0105cego na celu ustalenie przedsi\u0119biorcy, kt\u00f3ry uzyska<br \/>\nzezwolenie na prowadzenie dzia\u0142alno\u015bci gospodarczej i nab\u0119dzie prawo do nieruchomo\u015bci,<br \/>\nna kt\u00f3rej b\u0119dzie prowadzona dzia\u0142alno\u015b\u0107 gospodarcza na terenie strefy w Kamiennej G\u00f3rze,<\/p>\n<p>wybrano ofert\u0119 przedsi\u0119biorcy:<\/p>\n<p><strong>AZZARO Sp. z o.o.<br \/>\nz siedzib\u0105 w Kamiennej G\u00f3rze, przy ul. Papie\u017ca Jana Paw\u0142a II 11 A<\/strong><\/p>\n","protected":false},"excerpt":{"rendered":"<p>INFORMACJA O WYBORZE OFERTY z dnia 21 maja 2007 roku (dotyczy zaproszenia do przetargu \u0142\u0105cznego og\u0142oszonego w dniu 19 kwietnia 2007 r.) Zgodnie z \u00a7 8 p-ktem 1 Rozporz\u0105dzenia Ministra Gospodarki i Pracy z dnia 15 listopada 2004 r. w sprawie przetarg\u00f3w i rokowa\u0144 oraz kryteri\u00f3w oceny zamierze\u0144 co do przedsi\u0119wzi\u0119\u0107 gospodarczych, kt\u00f3re maj\u0105 by\u0107 [&hellip;]<\/p>\n","protected":false},"author":1,"featured_media":0,"parent":0,"menu_order":0,"comment_status":"closed","ping_status":"closed","template":"","meta":{"footnotes":""},"class_list":["post-9423","page","type-page","status-publish","hentry"],"_links":{"self":[{"href":"https:\/\/old-ssemp.sowiak.dev\/index.php?rest_route=\/wp\/v2\/pages\/9423","targetHints":{"allow":["GET"]}}],"collection":[{"href":"https:\/\/old-ssemp.sowiak.dev\/index.php?rest_route=\/wp\/v2\/pages"}],"about":[{"href":"https:\/\/old-ssemp.sowiak.dev\/index.php?rest_route=\/wp\/v2\/types\/page"}],"author":[{"embeddable":true,"href":"https:\/\/old-ssemp.sowiak.dev\/index.php?rest_route=\/wp\/v2\/users\/1"}],"replies":[{"embeddable":true,"href":"https:\/\/old-ssemp.sowiak.dev\/index.php?rest_route=%2Fwp%2Fv2%2Fcomments&post=9423"}],"version-history":[{"count":1,"href":"https:\/\/old-ssemp.sowiak.dev\/index.php?rest_route=\/wp\/v2\/pages\/9423\/revisions"}],"predecessor-version":[{"id":9428,"href":"https:\/\/old-ssemp.sowiak.dev\/index.php?rest_route=\/wp\/v2\/pages\/9423\/revisions\/9428"}],"wp:attachment":[{"href":"https:\/\/old-ssemp.sowiak.dev\/index.php?rest_route=%2Fwp%2Fv2%2Fmedia&parent=9423"}],"curies":[{"name":"wp","href":"https:\/\/api.w.org\/{rel}","templated":true}]}}