{"id":9422,"date":"2016-05-16T23:01:57","date_gmt":"2016-05-16T21:01:57","guid":{"rendered":"http:\/\/ssemp.pl\/wordpress\/?page_id=9422"},"modified":"2016-05-16T23:01:57","modified_gmt":"2016-05-16T21:01:57","slug":"brak-ofert-25-wrzesnia-2009","status":"publish","type":"page","link":"https:\/\/old-ssemp.sowiak.dev\/?page_id=9422","title":{"rendered":"Brak ofert &#8211; 25 wrze\u015bnia 2009"},"content":{"rendered":"<p align=\"center\"><strong>INFORMACJA O WYBORZE OFERTY<\/strong><\/p>\n<p align=\"center\"><strong>z dnia 25 wrze\u015bnia 2009 roku<\/strong><\/p>\n<p align=\"center\"><strong>\u00a0<\/strong>(dotyczy zaproszenia do przetargu \u0142\u0105cznego og\u0142oszonego dnia\u00a0 2 wrze\u015bnia 2008 r.)<\/p>\n<p align=\"center\">\u00a0Zgodnie z \u00a7 8 \u00a0pkt. 1 Rozporz\u0105dzenia Ministra Gospodarki i Pracy z dnia 15 listopada 2004 r. w sprawie przetarg\u00f3w i rokowa\u0144 oraz kryteri\u00f3w oceny zamierze\u0144 co do przedsi\u0119wzi\u0119\u0107 gospodarczych, kt\u00f3re maj\u0105 by\u0107 podj\u0119te przez przedsi\u0119biorc\u00f3w na terenie Kamiennog\u00f3rskiej Specjalnej Strefy Ekonomicznej Ma\u0142ej Przedsi\u0119biorczo\u015bci \u00a0(Dz.U. 254, poz.2539 z 2004 r.)<\/p>\n<p>\u00a0 Zarz\u0105dzaj\u0105cy Kamiennog\u00f3rsk\u0105 Specjaln\u0105 Stref\u0105 Ekonomiczn\u0105 Ma\u0142ej Przedsi\u0119biorczo\u015bci<\/p>\n<p align=\"center\">informuje,<\/p>\n<p align=\"center\">\u00a0\u017ce przetarg \u0142\u0105czny maj\u0105cy na celu ustalenie przedsi\u0119biorcy, kt\u00f3ry uzyska zezwolenie na prowadzenie dzia\u0142alno\u015bci gospodarczej i nab\u0119dzie prawo do Nieruchomo\u015bci, b\u0119d\u0105cej przedmiotem przetargu, na kt\u00f3rej b\u0119dzie prowadzona dzia\u0142alno\u015b\u0107 gospodarcza na terenie podstrefy Kamienna G\u00f3ra,\u00a0 miasto Kamienna G\u00f3ra.<\/p>\n<p>\u00a0 Z<strong>ako\u0144czy\u0142 si\u0119 wynikiem negatywnym z powodu braku ofert<\/strong><\/p>\n<p align=\"center\"><strong>\u00a0<\/strong> Anna Komorowska<\/p>\n<p align=\"center\">Przewodnicz\u0105ca Komisji Przetargowej<\/p>\n","protected":false},"excerpt":{"rendered":"<p>INFORMACJA O WYBORZE OFERTY z dnia 25 wrze\u015bnia 2009 roku \u00a0(dotyczy zaproszenia do przetargu \u0142\u0105cznego og\u0142oszonego dnia\u00a0 2 wrze\u015bnia 2008 r.) \u00a0Zgodnie z \u00a7 8 \u00a0pkt. 1 Rozporz\u0105dzenia Ministra Gospodarki i Pracy z dnia 15 listopada 2004 r. w sprawie przetarg\u00f3w i rokowa\u0144 oraz kryteri\u00f3w oceny zamierze\u0144 co do przedsi\u0119wzi\u0119\u0107 gospodarczych, kt\u00f3re maj\u0105 by\u0107 podj\u0119te [&hellip;]<\/p>\n","protected":false},"author":1,"featured_media":0,"parent":0,"menu_order":0,"comment_status":"closed","ping_status":"closed","template":"","meta":{"footnotes":""},"class_list":["post-9422","page","type-page","status-publish","hentry"],"_links":{"self":[{"href":"https:\/\/old-ssemp.sowiak.dev\/index.php?rest_route=\/wp\/v2\/pages\/9422","targetHints":{"allow":["GET"]}}],"collection":[{"href":"https:\/\/old-ssemp.sowiak.dev\/index.php?rest_route=\/wp\/v2\/pages"}],"about":[{"href":"https:\/\/old-ssemp.sowiak.dev\/index.php?rest_route=\/wp\/v2\/types\/page"}],"author":[{"embeddable":true,"href":"https:\/\/old-ssemp.sowiak.dev\/index.php?rest_route=\/wp\/v2\/users\/1"}],"replies":[{"embeddable":true,"href":"https:\/\/old-ssemp.sowiak.dev\/index.php?rest_route=%2Fwp%2Fv2%2Fcomments&post=9422"}],"version-history":[{"count":1,"href":"https:\/\/old-ssemp.sowiak.dev\/index.php?rest_route=\/wp\/v2\/pages\/9422\/revisions"}],"predecessor-version":[{"id":9427,"href":"https:\/\/old-ssemp.sowiak.dev\/index.php?rest_route=\/wp\/v2\/pages\/9422\/revisions\/9427"}],"wp:attachment":[{"href":"https:\/\/old-ssemp.sowiak.dev\/index.php?rest_route=%2Fwp%2Fv2%2Fmedia&parent=9422"}],"curies":[{"name":"wp","href":"https:\/\/api.w.org\/{rel}","templated":true}]}}