{"id":9409,"date":"2016-05-16T22:59:43","date_gmt":"2016-05-16T20:59:43","guid":{"rendered":"http:\/\/ssemp.pl\/wordpress\/?page_id=9409"},"modified":"2016-05-16T22:59:43","modified_gmt":"2016-05-16T20:59:43","slug":"prebet-bud-sp-jawna-6-pazdziernika-2008","status":"publish","type":"page","link":"https:\/\/old-ssemp.sowiak.dev\/?page_id=9409","title":{"rendered":"Prebet-bud Sp. jawna &#8211; 6 pa\u017adziernika 2008"},"content":{"rendered":"<p><strong>INFORMACJA O WYBORZE OFERTY<\/strong><\/p>\n<p>z dnia 6 pa\u017adziernika 2008 roku<\/p>\n<p>(dotyczy zaproszenia do przetargu \u0142\u0105cznego og\u0142oszonego dnia 31 lipca 2008 r.)<\/p>\n<p>Zgodnie z \u00a7 23 ust. 2 Rozporz\u0105dzenia Rady Ministr\u00f3w z dnia 14 wrze\u015bnia 2004 r w sprawie sposobu oraz trybu przeprowadzania przetarg\u00f3w oraz rokowa\u0144 na zbycie nieruchomo\u015bci ( Dz.U. 207, poz. 2108) oraz \u00a7 8 pkt. 1 Rozporz\u0105dzenia Ministra Gospodarki i Pracy z dnia 15 listopada 2004 r. w sprawie przetarg\u00f3w i rokowa\u0144 oraz kryteri\u00f3w oceny zamierze\u0144 co do przedsi\u0119wzi\u0119\u0107 gospodarczych, kt\u00f3re maj\u0105 by\u0107 podj\u0119te przez przedsi\u0119biorc\u00f3w na terenie Kamiennog\u00f3rskiej Specjalnej Strefy Ekonomicznej Ma\u0142ej Przedsi\u0119biorczo\u015bci (Dz.U. 254, poz.2539 z 2004 r.)<\/p>\n<p>Zarz\u0105dzaj\u0105cy Kamiennog\u00f3rsk\u0105 Specjaln\u0105 Stref\u0105 Ekonomiczn\u0105 Ma\u0142ej Przedsi\u0119biorczo\u015bci<\/p>\n<p>informuje,<\/p>\n<p>\u017ce w wyniku pisemnego ograniczonego przetargu \u0142\u0105cznego maj\u0105cego na celu ustalenie przedsi\u0119biorcy, kt\u00f3ry uzyska zezwolenie na prowadzenie dzia\u0142alno\u015bci gospodarczej i nab\u0119dzie prawo do Nieruchomo\u015bci, b\u0119d\u0105cej przedmiotem, na kt\u00f3rej b\u0119dzie prowadzona dzia\u0142alno\u015b\u0107 gospodarcza na terenie podstrefy Ostr\u00f3w Wielkopolski,<\/p>\n<p>wybrano ofert\u0119 przedsi\u0119biorcy:<\/p>\n<p><strong>PRZEDSI\u0118BIORSTWO PRODUKCYJNO US\u0141UGOWO HANDLOWE<br \/>\nPREBET-BUD SP\u00d3\u0141KA JAWNA PIEC RADOS\u0141AW<\/strong><\/p>\n<p>z siedzib\u0105 w Ostrowie Wielkopolskim<br \/>\nPrzewodnicz\u0105cy Komisji Przetargowej<br \/>\nAnna Komorowska<\/p>\n","protected":false},"excerpt":{"rendered":"<p>INFORMACJA O WYBORZE OFERTY z dnia 6 pa\u017adziernika 2008 roku (dotyczy zaproszenia do przetargu \u0142\u0105cznego og\u0142oszonego dnia 31 lipca 2008 r.) Zgodnie z \u00a7 23 ust. 2 Rozporz\u0105dzenia Rady Ministr\u00f3w z dnia 14 wrze\u015bnia 2004 r w sprawie sposobu oraz trybu przeprowadzania przetarg\u00f3w oraz rokowa\u0144 na zbycie nieruchomo\u015bci ( Dz.U. 207, poz. 2108) oraz \u00a7 [&hellip;]<\/p>\n","protected":false},"author":1,"featured_media":0,"parent":0,"menu_order":0,"comment_status":"closed","ping_status":"closed","template":"","meta":{"footnotes":""},"class_list":["post-9409","page","type-page","status-publish","hentry"],"_links":{"self":[{"href":"https:\/\/old-ssemp.sowiak.dev\/index.php?rest_route=\/wp\/v2\/pages\/9409","targetHints":{"allow":["GET"]}}],"collection":[{"href":"https:\/\/old-ssemp.sowiak.dev\/index.php?rest_route=\/wp\/v2\/pages"}],"about":[{"href":"https:\/\/old-ssemp.sowiak.dev\/index.php?rest_route=\/wp\/v2\/types\/page"}],"author":[{"embeddable":true,"href":"https:\/\/old-ssemp.sowiak.dev\/index.php?rest_route=\/wp\/v2\/users\/1"}],"replies":[{"embeddable":true,"href":"https:\/\/old-ssemp.sowiak.dev\/index.php?rest_route=%2Fwp%2Fv2%2Fcomments&post=9409"}],"version-history":[{"count":1,"href":"https:\/\/old-ssemp.sowiak.dev\/index.php?rest_route=\/wp\/v2\/pages\/9409\/revisions"}],"predecessor-version":[{"id":9420,"href":"https:\/\/old-ssemp.sowiak.dev\/index.php?rest_route=\/wp\/v2\/pages\/9409\/revisions\/9420"}],"wp:attachment":[{"href":"https:\/\/old-ssemp.sowiak.dev\/index.php?rest_route=%2Fwp%2Fv2%2Fmedia&parent=9409"}],"curies":[{"name":"wp","href":"https:\/\/api.w.org\/{rel}","templated":true}]}}