{"id":9408,"date":"2016-05-16T22:58:52","date_gmt":"2016-05-16T20:58:52","guid":{"rendered":"http:\/\/ssemp.pl\/wordpress\/?page_id=9408"},"modified":"2016-05-16T22:58:52","modified_gmt":"2016-05-16T20:58:52","slug":"tbai-poland-sp-z-o-o-02-kwietnia-2009","status":"publish","type":"page","link":"https:\/\/old-ssemp.sowiak.dev\/?page_id=9408","title":{"rendered":"TBAI Poland Sp. z o. o. &#8211; 02 kwietnia 2009"},"content":{"rendered":"<p><strong>INFORMACJA O WYBORZE OFERTY<\/strong><\/p>\n<p>z dnia 02 kwietnia 2009 roku<\/p>\n<p>(dotyczy zaproszenia do przetargu \u0142\u0105cznego og\u0142oszonego dnia 23 stycznia 2009 r.)<\/p>\n<p>Zgodnie z \u00a7 23 ust. 2 Rozporz\u0105dzenia Rady Ministr\u00f3w z dnia 14 wrze\u015bnia 2004 r. w sprawie sposobu oraz trybu przeprowadzania przetarg\u00f3w oraz rokowa\u0144 na zbycie nieruchomo\u015bci (Dz.U. 207, poz. 2108) oraz \u00a7 8 pkt. 1 Rozporz\u0105dzenia Ministra Gospodarki i Pracy z dnia 15 listopada 2004 r. w sprawie przetarg\u00f3w i rokowa\u0144 oraz kryteri\u00f3w oceny zamierze\u0144 co do przedsi\u0119wzi\u0119\u0107 gospodarczych, kt\u00f3re maj\u0105 by\u0107 podj\u0119te przez przedsi\u0119biorc\u00f3w na terenie Kamiennog\u00f3rskiej Specjalnej Strefy Ekonomicznej Ma\u0142ej Przedsi\u0119biorczo\u015bci (Dz.U. 254, poz. 2539 z 2004 r.), Zarz\u0105dzaj\u0105cy Kamiennog\u00f3rsk\u0105 Specjaln\u0105 Stref\u0105 Ekonomiczn\u0105 Ma\u0142ej Przedsi\u0119biorczo\u015bci informuje,<\/p>\n<p>\u017ce w wyniku pisemnego przetargu \u0142\u0105cznego maj\u0105cego na celu ustalenie przedsi\u0119biorcy, kt\u00f3ry uzyska zezwolenie na prowadzenie dzia\u0142alno\u015bci gospodarczej i nab\u0119dzie prawo do nieruchomo\u015bci, b\u0119d\u0105cej przedmiotem przetargu, na kt\u00f3rej b\u0119dzie prowadzona dzia\u0142alno\u015b\u0107 gospodarcza na terenie Podstrefy Nowogrodziec,<\/p>\n<p>wybrano ofert\u0119 przedsi\u0119biorcy:<br \/>\n<strong><br \/>\nTBAI POLAND Sp. z o.o.<\/strong><\/p>\n<p>ul. 22 Lipca 27<br \/>\nWykroty<br \/>\n59-730 Nowogrodziec<\/p>\n<p>Przewodnicz\u0105cy Komisji Przetargowej<br \/>\nJaros\u0142aw G\u0119borys<\/p>\n","protected":false},"excerpt":{"rendered":"<p>INFORMACJA O WYBORZE OFERTY z dnia 02 kwietnia 2009 roku (dotyczy zaproszenia do przetargu \u0142\u0105cznego og\u0142oszonego dnia 23 stycznia 2009 r.) Zgodnie z \u00a7 23 ust. 2 Rozporz\u0105dzenia Rady Ministr\u00f3w z dnia 14 wrze\u015bnia 2004 r. w sprawie sposobu oraz trybu przeprowadzania przetarg\u00f3w oraz rokowa\u0144 na zbycie nieruchomo\u015bci (Dz.U. 207, poz. 2108) oraz \u00a7 8 [&hellip;]<\/p>\n","protected":false},"author":1,"featured_media":0,"parent":0,"menu_order":0,"comment_status":"closed","ping_status":"closed","template":"","meta":{"footnotes":""},"class_list":["post-9408","page","type-page","status-publish","hentry"],"_links":{"self":[{"href":"https:\/\/old-ssemp.sowiak.dev\/index.php?rest_route=\/wp\/v2\/pages\/9408","targetHints":{"allow":["GET"]}}],"collection":[{"href":"https:\/\/old-ssemp.sowiak.dev\/index.php?rest_route=\/wp\/v2\/pages"}],"about":[{"href":"https:\/\/old-ssemp.sowiak.dev\/index.php?rest_route=\/wp\/v2\/types\/page"}],"author":[{"embeddable":true,"href":"https:\/\/old-ssemp.sowiak.dev\/index.php?rest_route=\/wp\/v2\/users\/1"}],"replies":[{"embeddable":true,"href":"https:\/\/old-ssemp.sowiak.dev\/index.php?rest_route=%2Fwp%2Fv2%2Fcomments&post=9408"}],"version-history":[{"count":1,"href":"https:\/\/old-ssemp.sowiak.dev\/index.php?rest_route=\/wp\/v2\/pages\/9408\/revisions"}],"predecessor-version":[{"id":9419,"href":"https:\/\/old-ssemp.sowiak.dev\/index.php?rest_route=\/wp\/v2\/pages\/9408\/revisions\/9419"}],"wp:attachment":[{"href":"https:\/\/old-ssemp.sowiak.dev\/index.php?rest_route=%2Fwp%2Fv2%2Fmedia&parent=9408"}],"curies":[{"name":"wp","href":"https:\/\/api.w.org\/{rel}","templated":true}]}}