{"id":9404,"date":"2016-05-16T22:53:29","date_gmt":"2016-05-16T20:53:29","guid":{"rendered":"http:\/\/ssemp.pl\/wordpress\/?page_id=9404"},"modified":"2016-05-16T22:53:29","modified_gmt":"2016-05-16T20:53:29","slug":"megatex-ltd-sp-z-o-o-31-marca-2008","status":"publish","type":"page","link":"https:\/\/old-ssemp.sowiak.dev\/?page_id=9404","title":{"rendered":"Megatex LTD Sp. z o. o. &#8211; 31 marca 2008"},"content":{"rendered":"<p><strong>INFORMACJA O WYBORZE OFERTY<br \/>\nz dnia 31 marca 2008 roku<\/strong><\/p>\n<p>(dotyczy zaproszenia do rokowa\u0144 og\u0142oszonego dnia 18 lutego 2008 r.)<\/p>\n<p>Zgodnie z \u00a7 8, pkt. 1 Rozporz\u0105dzenia Ministra Gospodarki i Pracy z dnia 15 listopada 2004 r. w sprawie przetarg\u00f3w i rokowa\u0144 oraz kryteri\u00f3w oceny zamierze\u0144 co do przedsi\u0119wzi\u0119\u0107 gospodarczych, kt\u00f3re maj\u0105 by\u0107 podj\u0119te przez przedsi\u0119biorc\u00f3w na terenie Kamiennog\u00f3rskiej Specjalnej Strefy Ekonomicznej Ma\u0142ej Przedsi\u0119biorczo\u015bci (Dz.U. 254, poz.2539 z 2004 r.)<\/p>\n<p>Zarz\u0105dzaj\u0105cy Kamiennog\u00f3rsk\u0105 Specjaln\u0105 Stref\u0105 Ekonomiczn\u0105 Ma\u0142ej Przedsi\u0119biorczo\u015bci<\/p>\n<p>informuje,<\/p>\n<p>\u017ce w wyniku rokowa\u0144 maj\u0105cych na celu ustalenie przedsi\u0119biorcy, kt\u00f3ry uzyska zezwolenie na prowadzenie dzia\u0142alno\u015bci gospodarczej na terenie strefy w Lubaniu,<\/p>\n<p>wybrano ofert\u0119 przedsi\u0119biorcy:<br \/>\n<strong><br \/>\nMEGATEX LTD Sp. z o.o.<br \/>\nz siedzib\u0105 w Wieruszowie, ul. Le\u015bna 9<\/strong><\/p>\n","protected":false},"excerpt":{"rendered":"<p>INFORMACJA O WYBORZE OFERTY z dnia 31 marca 2008 roku (dotyczy zaproszenia do rokowa\u0144 og\u0142oszonego dnia 18 lutego 2008 r.) Zgodnie z \u00a7 8, pkt. 1 Rozporz\u0105dzenia Ministra Gospodarki i Pracy z dnia 15 listopada 2004 r. w sprawie przetarg\u00f3w i rokowa\u0144 oraz kryteri\u00f3w oceny zamierze\u0144 co do przedsi\u0119wzi\u0119\u0107 gospodarczych, kt\u00f3re maj\u0105 by\u0107 podj\u0119te przez [&hellip;]<\/p>\n","protected":false},"author":1,"featured_media":0,"parent":0,"menu_order":0,"comment_status":"closed","ping_status":"closed","template":"","meta":{"footnotes":""},"class_list":["post-9404","page","type-page","status-publish","hentry"],"_links":{"self":[{"href":"https:\/\/old-ssemp.sowiak.dev\/index.php?rest_route=\/wp\/v2\/pages\/9404","targetHints":{"allow":["GET"]}}],"collection":[{"href":"https:\/\/old-ssemp.sowiak.dev\/index.php?rest_route=\/wp\/v2\/pages"}],"about":[{"href":"https:\/\/old-ssemp.sowiak.dev\/index.php?rest_route=\/wp\/v2\/types\/page"}],"author":[{"embeddable":true,"href":"https:\/\/old-ssemp.sowiak.dev\/index.php?rest_route=\/wp\/v2\/users\/1"}],"replies":[{"embeddable":true,"href":"https:\/\/old-ssemp.sowiak.dev\/index.php?rest_route=%2Fwp%2Fv2%2Fcomments&post=9404"}],"version-history":[{"count":1,"href":"https:\/\/old-ssemp.sowiak.dev\/index.php?rest_route=\/wp\/v2\/pages\/9404\/revisions"}],"predecessor-version":[{"id":9415,"href":"https:\/\/old-ssemp.sowiak.dev\/index.php?rest_route=\/wp\/v2\/pages\/9404\/revisions\/9415"}],"wp:attachment":[{"href":"https:\/\/old-ssemp.sowiak.dev\/index.php?rest_route=%2Fwp%2Fv2%2Fmedia&parent=9404"}],"curies":[{"name":"wp","href":"https:\/\/api.w.org\/{rel}","templated":true}]}}