{"id":6840,"date":"2015-12-21T07:26:55","date_gmt":"2015-12-21T07:26:55","guid":{"rendered":"http:\/\/test.cactusthemes.com\/business-hub\/?page_id=6840"},"modified":"2016-05-18T12:42:57","modified_gmt":"2016-05-18T10:42:57","slug":"header-style-4","status":"publish","type":"page","link":"https:\/\/old-ssemp.sowiak.dev\/?page_id=6840","title":{"rendered":"Pliki Cookies"},"content":{"rendered":"<p>[vc_row][vc_column width=&#8221;1\/2&#8243;][vc_column_text]<strong>Plik cookie to niewielki plik tekstowy przesy\u0142any przez serwer strony sieci Web (dalej WWW) i zapisywany w pami\u0119ci urz\u0105dzenia u\u017cytkownika. Plik ten powiadamia serwer strony WWW, \u017ce dana osoba po raz kolejny odwiedza stron\u0119 internetow\u0105.<\/strong><br \/>\nZastosowanie plik\u00f3w cookie:<br \/>\n&#8211; umo\u017cliwiaj\u0105 i usprawniaj\u0105 dzia\u0142anie strony WWW,<br \/>\n&#8211; upraszczaj\u0105 korzystanie ze strony WWW,<br \/>\n&#8211; umo\u017cliwiaj\u0105 monitorowanie, analizowanie oraz ulepszanie dzia\u0142ania i efektywno\u015bci strony WWW.<\/p>\n<p>Pliki cookie, kt\u00f3rych u\u017cywamy, nie wyrz\u0105dzaj\u0105 \u017cadnych szk\u00f3d i nie powoduj\u0105 zmian w urz\u0105dzeniu u\u017cytkownika oraz w oprogramowaniu zainstalowanym w tym urz\u0105dzeniu. Pliki cookie nie zawieraj\u0105 danych identyfikacyjnych tj. nazwisk, adres\u00f3w czy informacji o p\u0142atno\u015bciach.<\/p>\n<p><b>Nasze zasady dotycz\u0105ce plik\u00f3w cookie<\/b><\/p>\n<p>Aby u\u017cytkownik m\u00f3g\u0142 w pe\u0142ni wykorzysta\u0107 zawarto\u015b\u0107 i spersonalizowane funkcje strony Ssemp.pl, jego urz\u0105dzenie, kt\u00f3rym mo\u017ce by\u0107: komputer, tablet lub telefon kom\u00f3rkowy musi akceptowa\u0107 pliki cookie (cz\u0119sto jest to ustawienie domy\u015blne), poniewa\u017c niekt\u00f3re funkcje strony mo\u017cemy udost\u0119pnia\u0107 tylko przy wykorzystaniu tych plik\u00f3w.<\/p>\n<p>U\u017cytkownik mo\u017ce ograniczy\u0107 mo\u017cliwo\u015b\u0107 u\u017cywania plik\u00f3w cookie ze strony Ssemp.pl, zablokowa\u0107 je lub usun\u0105\u0107. Ograniczenia, zablokowania lub usuni\u0119cia plik\u00f3w cookie u\u017cytkownik mo\u017ce dokona\u0107 za pomoc\u0105 ustawie\u0144 oprogramowania zainstalowanego w urz\u0105dzeniu, zazwyczaj b\u0119dzie to przegl\u0105darka internetowa. W zale\u017cno\u015bci od u\u017cywanej przegl\u0105darki (Firefox, Internet Explorer, Google Chrome) nale\u017cy zapozna\u0107 si\u0119 z menu pomocy (lub instrukcj\u0105 obs\u0142ugi telefonu kom\u00f3rkowego) i odpowiednio zmieni\u0107 ustawienia plik\u00f3w cookie lub je usun\u0105\u0107.<\/p>\n<p>Umieszczane pliki cookie s\u0105 naszymi w\u0142asnymi plikami. Umo\u017cliwiamy umieszczanie pik\u00f3w cookie podmiotom zewn\u0119trznym. Zasady korzystania przez podmioty zewn\u0119trzne z plik\u00f3w cookie zosta\u0142y zawarte w polityce prywatno\u015bci tych podmiot\u00f3w.<\/p>\n<p><b>Dodatkowe informacje<\/b><\/p>\n<p>Przydatne informacje na temat plik\u00f3w cookie mo\u017cna znale\u017a\u0107 na: <a href=\"http:\/\/www.allaboutcookies.org\">http:\/\/www.allaboutcookies.org<\/a>[\/vc_column_text][\/vc_column][vc_column width=&#8221;1\/2&#8243;][vc_column_text]<img loading=\"lazy\" decoding=\"async\" class=\"size-full wp-image-9644 alignleft\" src=\"https:\/\/old-ssemp.sowiak.dev\/wordpress\/wp-content\/uploads\/2015\/12\/cookies.jpg\" alt=\"cookies\" width=\"648\" height=\"943\" srcset=\"https:\/\/old-ssemp.sowiak.dev\/wp-content\/uploads\/2015\/12\/cookies.jpg 648w, https:\/\/old-ssemp.sowiak.dev\/wp-content\/uploads\/2015\/12\/cookies-206x300.jpg 206w\" sizes=\"auto, (max-width: 648px) 100vw, 648px\" \/>[\/vc_column_text][\/vc_column][\/vc_row]<\/p>\n","protected":false},"excerpt":{"rendered":"<p>[vc_row][vc_column width=&#8221;1\/2&#8243;][vc_column_text]Plik cookie to niewielki plik tekstowy przesy\u0142any przez serwer strony sieci Web (dalej WWW) i zapisywany w pami\u0119ci urz\u0105dzenia u\u017cytkownika. Plik ten powiadamia serwer strony WWW, \u017ce dana osoba po raz kolejny odwiedza stron\u0119 internetow\u0105. Zastosowanie plik\u00f3w cookie: &#8211; umo\u017cliwiaj\u0105 i usprawniaj\u0105 dzia\u0142anie strony WWW, &#8211; upraszczaj\u0105 korzystanie ze strony WWW, &#8211; umo\u017cliwiaj\u0105 monitorowanie, [&hellip;]<\/p>\n","protected":false},"author":1,"featured_media":0,"parent":0,"menu_order":0,"comment_status":"closed","ping_status":"closed","template":"","meta":{"footnotes":""},"class_list":["post-6840","page","type-page","status-publish","hentry"],"_links":{"self":[{"href":"https:\/\/old-ssemp.sowiak.dev\/index.php?rest_route=\/wp\/v2\/pages\/6840","targetHints":{"allow":["GET"]}}],"collection":[{"href":"https:\/\/old-ssemp.sowiak.dev\/index.php?rest_route=\/wp\/v2\/pages"}],"about":[{"href":"https:\/\/old-ssemp.sowiak.dev\/index.php?rest_route=\/wp\/v2\/types\/page"}],"author":[{"embeddable":true,"href":"https:\/\/old-ssemp.sowiak.dev\/index.php?rest_route=\/wp\/v2\/users\/1"}],"replies":[{"embeddable":true,"href":"https:\/\/old-ssemp.sowiak.dev\/index.php?rest_route=%2Fwp%2Fv2%2Fcomments&post=6840"}],"version-history":[{"count":4,"href":"https:\/\/old-ssemp.sowiak.dev\/index.php?rest_route=\/wp\/v2\/pages\/6840\/revisions"}],"predecessor-version":[{"id":9646,"href":"https:\/\/old-ssemp.sowiak.dev\/index.php?rest_route=\/wp\/v2\/pages\/6840\/revisions\/9646"}],"wp:attachment":[{"href":"https:\/\/old-ssemp.sowiak.dev\/index.php?rest_route=%2Fwp%2Fv2%2Fmedia&parent=6840"}],"curies":[{"name":"wp","href":"https:\/\/api.w.org\/{rel}","templated":true}]}}