{"id":4192,"date":"2015-10-28T10:44:32","date_gmt":"2015-10-28T10:44:32","guid":{"rendered":"http:\/\/dev.cactusthemes.com\/business\/?page_id=4192"},"modified":"2023-10-31T13:44:25","modified_gmt":"2023-10-31T12:44:25","slug":"contact","status":"publish","type":"page","link":"https:\/\/old-ssemp.sowiak.dev\/?page_id=4192","title":{"rendered":"KONTAKT"},"content":{"rendered":"<p>[vc_row el_class=&#8221;contact-bus&#8221; css=&#8221;.vc_custom_1446085715445{margin-bottom: 80px !important;}&#8221;][vc_column width=&#8221;1\/2&#8243;][vc_column_text css=&#8221;.vc_custom_1462997464923{margin-bottom: 28px !important;}&#8221;]<\/p>\n<h5>ADRES<\/h5>\n<p>58-400 Kamienna G\u00f3ra,<\/p>\n<p>ul. Papie\u017ca Jana Paw\u0142a II 11 A[\/vc_column_text][vc_column_text]<\/p>\n<h5>Telefon:<\/h5>\n<ul>\n<li>tel: +48 75 645 20 30<\/li>\n<\/ul>\n<ul>\n<li>e-mail: strefa \/@\/ ssemp . pl<\/li>\n<\/ul>\n<p>&nbsp;<\/p>\n<p>&nbsp;<\/p>\n<p><strong>Kapita\u0142 zak\u0142adowy:<\/strong><br \/>\n11.372.200 z\u0142<\/p>\n<p><strong>NIP: \u00a0<\/strong><br \/>\n614-14-72-974<\/p>\n<p><strong>Numer KRS: \u00a0\u00a0<\/strong><br \/>\n0000072790<\/p>\n<p><strong>REGON:<\/strong><br \/>\n230820274<\/p>\n<p><strong>Numer konta bankowego:<\/strong><br \/>\n02 1090 1942 0000 0005 1800 9564<\/p>\n<p>&nbsp;<\/p>\n<p>[\/vc_column_text][vc_row_inner][vc_column_inner][\/vc_column_inner][\/vc_row_inner][vc_column_text]<div role=\"form\" class=\"wpcf7\" id=\"wpcf7-f9264-o1\" lang=\"pl-PL\" dir=\"ltr\">\n<div class=\"screen-reader-response\"><\/div>\n<form action=\"\/index.php?rest_route=%2Fwp%2Fv2%2Fpages%2F4192#wpcf7-f9264-o1\" method=\"post\" class=\"wpcf7-form\" novalidate=\"novalidate\">\n<div style=\"display: none;\">\n<input type=\"hidden\" name=\"_wpcf7\" value=\"9264\" \/>\n<input type=\"hidden\" name=\"_wpcf7_version\" value=\"4.5.1\" \/>\n<input type=\"hidden\" name=\"_wpcf7_locale\" value=\"pl_PL\" \/>\n<input type=\"hidden\" name=\"_wpcf7_unit_tag\" value=\"wpcf7-f9264-o1\" \/>\n<input type=\"hidden\" name=\"_wpnonce\" value=\"ddb7141b08\" \/>\n<\/div>\n<table>\n<tr>\n<td>Imi\u0119 i nazwisko (wymagane) <\/td>\n<td><span class=\"wpcf7-form-control-wrap your-name\"><input type=\"text\" name=\"your-name\" value=\"\" size=\"40\" class=\"wpcf7-form-control wpcf7-text wpcf7-validates-as-required formularz-p\" aria-required=\"true\" aria-invalid=\"false\" \/><\/span><\/td>\n<\/tr>\n<tr>\n<td>Adres email (wymagane)<\/td>\n<td><span class=\"wpcf7-form-control-wrap your-email\"><input type=\"email\" name=\"your-email\" value=\"\" size=\"40\" class=\"wpcf7-form-control wpcf7-text wpcf7-email wpcf7-validates-as-required wpcf7-validates-as-email formularz-p\" aria-required=\"true\" aria-invalid=\"false\" \/><\/span> <\/td>\n<\/tr>\n<tr>\n<td>Temat<\/td>\n<td><span class=\"wpcf7-form-control-wrap your-subject\"><input type=\"text\" name=\"your-subject\" value=\"\" size=\"40\" class=\"wpcf7-form-control wpcf7-text formularz-p\" aria-invalid=\"false\" \/><\/span> <\/td>\n<\/tr>\n<tr>\n<td>Tre\u015b\u0107 wiadomo\u015bci<\/td>\n<td><span class=\"wpcf7-form-control-wrap your-message\"><textarea name=\"your-message\" cols=\"40\" rows=\"10\" class=\"wpcf7-form-control wpcf7-textarea formularz-p\" aria-invalid=\"false\"><\/textarea><\/span> <\/td>\n<\/tr>\n<tr>\n<td colspan=\"2\">\n<div class=\"wpcf7-form-control-wrap\"><div data-sitekey=\"6Lfm5R8TAAAAAEVFN7FwsEKYBcbxaaw_jILRyYu-\" class=\"wpcf7-form-control g-recaptcha wpcf7-recaptcha\"><\/div>\n<noscript>\n\t<div style=\"width: 302px; height: 422px;\">\n\t\t<div style=\"width: 302px; height: 422px; position: relative;\">\n\t\t\t<div style=\"width: 302px; height: 422px; position: absolute;\">\n\t\t\t\t<iframe src=\"https:\/\/www.google.com\/recaptcha\/api\/fallback?k=6Lfm5R8TAAAAAEVFN7FwsEKYBcbxaaw_jILRyYu-\" frameborder=\"0\" scrolling=\"no\" style=\"width: 302px; height:422px; border-style: none;\">\n\t\t\t\t<\/iframe>\n\t\t\t<\/div>\n\t\t\t<div style=\"width: 300px; height: 60px; border-style: none; bottom: 12px; left: 25px; margin: 0px; padding: 0px; right: 25px; background: #f9f9f9; border: 1px solid #c1c1c1; border-radius: 3px;\">\n\t\t\t\t<textarea id=\"g-recaptcha-response\" name=\"g-recaptcha-response\" class=\"g-recaptcha-response\" style=\"width: 250px; height: 40px; border: 1px solid #c1c1c1; margin: 10px 25px; padding: 0px; resize: none;\">\n\t\t\t\t<\/textarea>\n\t\t\t<\/div>\n\t\t<\/div>\n\t<\/div>\n<\/noscript>\n<\/div>\n<\/td>\n<\/tr>\n<tr>\n<td colspan=\"2\"><input type=\"submit\" value=\"Wy\u015blij\" class=\"wpcf7-form-control wpcf7-submit formularz-p\" \/><\/td>\n<\/tr>\n<\/table>\n<div class=\"wpcf7-response-output wpcf7-display-none\"><\/div><\/form><\/div>[\/vc_column_text][\/vc_column][vc_column width=&#8221;1\/2&#8243;][vc_column_text]<\/p>\n<div class=\"_3hi clearfix\">\n<div class=\"_38 direction_ltr\">\n<p><strong>Kierownik Projektu<\/strong><\/p>\n<p>Joanna Krajcarz<br \/>\nj.krajcarz \/@\/ ssemp . pl<br \/>\ntel.\u00a0692 415 796<\/p>\n<\/div>\n<p><strong>Kierownik Projektu<\/strong><\/p>\n<p>Kamila Piszczek<br \/>\nk.piszczek \/@\/ ssemp . pl<br \/>\ntel. 606 297 300<\/p>\n<p><strong>Kierownik\u00a0Projektu<\/strong><\/p>\n<\/div>\n<p>Jaros\u0142aw Osmolak<br \/>\nj.osmolak \/@\/ ssemp . pl<br \/>\ntel.\u00a0660 691 561[\/vc_column_text][\/vc_column][\/vc_row][vc_row css=&#8221;.vc_custom_1446085723766{margin-bottom: 0px !important;}&#8221;][vc_column][vc_gmaps link=&#8221;#E-8_JTNDaWZyYW1lJTIwc3JjJTNEJTIyaHR0cHMlM0ElMkYlMkZ3d3cuZ29vZ2xlLmNvbSUyRm1hcHMlMkZlbWJlZCUzRnBiJTNEJTIxMW0xOCUyMTFtMTIlMjExbTMlMjExZDUwNDUuMTY2NzA4NTczNjgxJTIxMmQxNi4wMjMzOTQzOTg4MzY4MTclMjEzZDUwLjc4MzI5NjY5NzM0MjM2NSUyMTJtMyUyMTFmMCUyMTJmMCUyMTNmMCUyMTNtMiUyMTFpMTAyNCUyMTJpNzY4JTIxNGYxMy4xJTIxM20zJTIxMW0yJTIxMXMweDQ3MGVmYTMzOGViYjU3MjMlMjUzQTB4ZGZkYThkY2E0Zjc4MWRhJTIxMnNQYXBpZSUyNUM1JTI1QkNhJTJCSmFuYSUyQlBhdyUyNUM1JTI1ODJhJTJCSUklMkIxMSUyNTJDJTJCNTgtNDAwJTJCS2FtaWVubmElMkJHJTI1QzMlMjVCM3JhJTIxNWUwJTIxM20yJTIxMXNwbCUyMTJzcGwlMjE0djE0NjI5OTc2OTU4MjIlMjIlMjB3aWR0aCUzRCUyMjYwMCUyMiUyMGhlaWdodCUzRCUyMjQ1MCUyMiUyMGZyYW1lYm9yZGVyJTNEJTIyMCUyMiUyMHN0eWxlJTNEJTIyYm9yZGVyJTNBMCUyMiUyMGFsbG93ZnVsbHNjcmVlbiUzRSUzQyUyRmlmcmFtZSUzRQ==&#8221;][\/vc_column][\/vc_row]<\/p>\n","protected":false},"excerpt":{"rendered":"<p>[vc_row el_class=&#8221;contact-bus&#8221; css=&#8221;.vc_custom_1446085715445{margin-bottom: 80px !important;}&#8221;][vc_column width=&#8221;1\/2&#8243;][vc_column_text css=&#8221;.vc_custom_1462997464923{margin-bottom: 28px !important;}&#8221;] ADRES 58-400 Kamienna G\u00f3ra, ul. Papie\u017ca Jana Paw\u0142a II 11 A[\/vc_column_text][vc_column_text] Telefon: tel: +48 75 645 20 30 e-mail: strefa \/@\/ ssemp . pl &nbsp; &nbsp; Kapita\u0142 zak\u0142adowy: 11.372.200 z\u0142 NIP: \u00a0 614-14-72-974 Numer KRS: \u00a0\u00a0 0000072790 REGON: 230820274 Numer konta bankowego: 02 1090 1942 0000 [&hellip;]<\/p>\n","protected":false},"author":1,"featured_media":0,"parent":0,"menu_order":0,"comment_status":"closed","ping_status":"closed","template":"","meta":{"footnotes":""},"class_list":["post-4192","page","type-page","status-publish","hentry"],"_links":{"self":[{"href":"https:\/\/old-ssemp.sowiak.dev\/index.php?rest_route=\/wp\/v2\/pages\/4192","targetHints":{"allow":["GET"]}}],"collection":[{"href":"https:\/\/old-ssemp.sowiak.dev\/index.php?rest_route=\/wp\/v2\/pages"}],"about":[{"href":"https:\/\/old-ssemp.sowiak.dev\/index.php?rest_route=\/wp\/v2\/types\/page"}],"author":[{"embeddable":true,"href":"https:\/\/old-ssemp.sowiak.dev\/index.php?rest_route=\/wp\/v2\/users\/1"}],"replies":[{"embeddable":true,"href":"https:\/\/old-ssemp.sowiak.dev\/index.php?rest_route=%2Fwp%2Fv2%2Fcomments&post=4192"}],"version-history":[{"count":32,"href":"https:\/\/old-ssemp.sowiak.dev\/index.php?rest_route=\/wp\/v2\/pages\/4192\/revisions"}],"predecessor-version":[{"id":18971,"href":"https:\/\/old-ssemp.sowiak.dev\/index.php?rest_route=\/wp\/v2\/pages\/4192\/revisions\/18971"}],"wp:attachment":[{"href":"https:\/\/old-ssemp.sowiak.dev\/index.php?rest_route=%2Fwp%2Fv2%2Fmedia&parent=4192"}],"curies":[{"name":"wp","href":"https:\/\/api.w.org\/{rel}","templated":true}]}}