{"id":20099,"date":"2024-10-25T10:59:15","date_gmt":"2024-10-25T08:59:15","guid":{"rendered":"http:\/\/ssemp.pl\/?page_id=20099"},"modified":"2024-10-25T11:00:17","modified_gmt":"2024-10-25T09:00:17","slug":"zapytanie-ofertowe-o-cene-relokacji-hydrantu-ssemp-s-a-z-dzialki-246-na-dzialke-237-w-podstrefie-luban-przy-ulicy-gazowej","status":"publish","type":"page","link":"https:\/\/old-ssemp.sowiak.dev\/?page_id=20099","title":{"rendered":"ZAPYTANIE OFERTOWE O CEN\u0118 relokacji hydrantu SSEMP S.A. z dzia\u0142ki 2\/46 na dzia\u0142k\u0119 2\/37 w Podstrefie Luba\u0144 przy ulicy Gazowej"},"content":{"rendered":"<p><a href=\"https:\/\/old-ssemp.sowiak.dev\/wordpress\/wp-content\/uploads\/2024\/10\/Zapytanie-ofertowe-relokacja-hydrantu-1.jpg\"><img loading=\"lazy\" decoding=\"async\" class=\"alignnone size-full wp-image-20100\" src=\"https:\/\/old-ssemp.sowiak.dev\/wordpress\/wp-content\/uploads\/2024\/10\/Zapytanie-ofertowe-relokacja-hydrantu-1.jpg\" alt=\"Zapytanie ofertowe relokacja hydrantu-1\" width=\"1654\" height=\"2339\" srcset=\"https:\/\/old-ssemp.sowiak.dev\/wp-content\/uploads\/2024\/10\/Zapytanie-ofertowe-relokacja-hydrantu-1.jpg 1654w, https:\/\/old-ssemp.sowiak.dev\/wp-content\/uploads\/2024\/10\/Zapytanie-ofertowe-relokacja-hydrantu-1-212x300.jpg 212w, https:\/\/old-ssemp.sowiak.dev\/wp-content\/uploads\/2024\/10\/Zapytanie-ofertowe-relokacja-hydrantu-1-768x1086.jpg 768w, https:\/\/old-ssemp.sowiak.dev\/wp-content\/uploads\/2024\/10\/Zapytanie-ofertowe-relokacja-hydrantu-1-724x1024.jpg 724w\" sizes=\"auto, (max-width: 1654px) 100vw, 1654px\" \/><\/a><a href=\"https:\/\/old-ssemp.sowiak.dev\/wordpress\/wp-content\/uploads\/2024\/10\/Zapytanie-ofertowe-relokacja-hydrantu-2.jpg\"><img loading=\"lazy\" decoding=\"async\" class=\"alignnone size-full wp-image-20101\" src=\"https:\/\/old-ssemp.sowiak.dev\/wordpress\/wp-content\/uploads\/2024\/10\/Zapytanie-ofertowe-relokacja-hydrantu-2.jpg\" alt=\"Zapytanie ofertowe relokacja hydrantu-2\" width=\"1654\" height=\"2339\" srcset=\"https:\/\/old-ssemp.sowiak.dev\/wp-content\/uploads\/2024\/10\/Zapytanie-ofertowe-relokacja-hydrantu-2.jpg 1654w, https:\/\/old-ssemp.sowiak.dev\/wp-content\/uploads\/2024\/10\/Zapytanie-ofertowe-relokacja-hydrantu-2-212x300.jpg 212w, https:\/\/old-ssemp.sowiak.dev\/wp-content\/uploads\/2024\/10\/Zapytanie-ofertowe-relokacja-hydrantu-2-768x1086.jpg 768w, https:\/\/old-ssemp.sowiak.dev\/wp-content\/uploads\/2024\/10\/Zapytanie-ofertowe-relokacja-hydrantu-2-724x1024.jpg 724w\" sizes=\"auto, (max-width: 1654px) 100vw, 1654px\" \/><\/a><\/p>\n<p><a href=\"https:\/\/old-ssemp.sowiak.dev\/wordpress\/wp-content\/uploads\/2024\/10\/Za\u0142\u0105cznik-nr-1-Hydrant.docx\" target=\"_blank\">Za\u0142\u0105cznik 1<\/a><\/p>\n<p><a href=\"https:\/\/old-ssemp.sowiak.dev\/wordpress\/wp-content\/uploads\/2024\/10\/Za\u0142\u0105cznik-nr-2-Hydrant.docx\" target=\"_blank\">Za\u0142\u0105cznik 2<\/a><\/p>\n<p><a href=\"https:\/\/old-ssemp.sowiak.dev\/wordpress\/wp-content\/uploads\/2024\/10\/Hydrant_lokalizacja.jpg\" target=\"_blank\">Lokalizacja hydrantu_01<\/a><\/p>\n<p><a href=\"https:\/\/old-ssemp.sowiak.dev\/wordpress\/wp-content\/uploads\/2024\/10\/Hydrant_lokalizacja_2.png\" target=\"_blank\">Lokalizacja hydrantu_02<\/a><\/p>\n<p><a href=\"https:\/\/old-ssemp.sowiak.dev\/wordpress\/wp-content\/uploads\/2024\/10\/obszar_relokacji.jpg\" target=\"_blank\">Wskazany obszar relokacji<\/a><\/p>\n","protected":false},"excerpt":{"rendered":"<p>Za\u0142\u0105cznik 1 Za\u0142\u0105cznik 2 Lokalizacja hydrantu_01 Lokalizacja hydrantu_02 Wskazany obszar relokacji<\/p>\n","protected":false},"author":1,"featured_media":0,"parent":0,"menu_order":0,"comment_status":"closed","ping_status":"closed","template":"","meta":{"footnotes":""},"class_list":["post-20099","page","type-page","status-publish","hentry"],"_links":{"self":[{"href":"https:\/\/old-ssemp.sowiak.dev\/index.php?rest_route=\/wp\/v2\/pages\/20099","targetHints":{"allow":["GET"]}}],"collection":[{"href":"https:\/\/old-ssemp.sowiak.dev\/index.php?rest_route=\/wp\/v2\/pages"}],"about":[{"href":"https:\/\/old-ssemp.sowiak.dev\/index.php?rest_route=\/wp\/v2\/types\/page"}],"author":[{"embeddable":true,"href":"https:\/\/old-ssemp.sowiak.dev\/index.php?rest_route=\/wp\/v2\/users\/1"}],"replies":[{"embeddable":true,"href":"https:\/\/old-ssemp.sowiak.dev\/index.php?rest_route=%2Fwp%2Fv2%2Fcomments&post=20099"}],"version-history":[{"count":1,"href":"https:\/\/old-ssemp.sowiak.dev\/index.php?rest_route=\/wp\/v2\/pages\/20099\/revisions"}],"predecessor-version":[{"id":20107,"href":"https:\/\/old-ssemp.sowiak.dev\/index.php?rest_route=\/wp\/v2\/pages\/20099\/revisions\/20107"}],"wp:attachment":[{"href":"https:\/\/old-ssemp.sowiak.dev\/index.php?rest_route=%2Fwp%2Fv2%2Fmedia&parent=20099"}],"curies":[{"name":"wp","href":"https:\/\/api.w.org\/{rel}","templated":true}]}}