{"id":19987,"date":"2024-09-20T14:22:13","date_gmt":"2024-09-20T12:22:13","guid":{"rendered":"http:\/\/ssemp.pl\/?page_id=19987"},"modified":"2025-07-15T12:09:14","modified_gmt":"2025-07-15T10:09:14","slug":"zapytanie-ofertowe-o-cene-uzupelnienia-ubytku-w-drodze-wewnetrznej-nalezacej-do-ssemp-s-a-w-podstrefie-luban-przy-ulicy-gazowej","status":"publish","type":"page","link":"https:\/\/old-ssemp.sowiak.dev\/?page_id=19987","title":{"rendered":"Polityka prywatno\u015bci SSEMP S.A."},"content":{"rendered":"<p><strong>Inspektor Ochrony Danych Osobowych<\/strong><\/p>\n<p><strong>w Specjalnej Strefie Ekonomicznej Ma\u0142ej Przedsi\u0119biorczo\u015bci S.A. 58-400 Kamienna G\u00f3ra<\/strong><\/p>\n<p>Administrator wyznaczy\u0142 <strong>Inspektora Ochrony Danych Osobowych<\/strong> &#8211; Pana <strong>Tomasza Wi\u0119ckowskiego <\/strong>do zada\u0144 kt\u00f3rego nale\u017cy realizacja czynno\u015bci wynikaj\u0105cych z art. 39 Rozporz\u0105dzenia Parlamentu Europejskiego i Rady (UE) 2016\/679 z dnia 27 kwietnia 2016r. w sprawie ochrony os\u00f3b fizycznych w zwi\u0105zku z przetwarzaniem danych osobowych i w sprawie swobodnego przep\u0142ywu takich danych oraz uchylenia dyrektywy 95\/46\/WE (og\u00f3lne rozporz\u0105dzenie o ochronie danych osobowych) \u2013 zwanego dalej RODO (Dz. Urz. UE L 119 z\u00a027.04.2016, s.1) oraz innych przepis\u00f3w prawa obowi\u0105zuj\u0105cych w tym zakresie.<\/p>\n<p>&nbsp;<\/p>\n<p><strong>Dane kontaktowe Inspektora Ochrony Danych:<\/strong><\/p>\n<ul>\n<li>za pomoc\u0105 adresu poczty e-mail: <a href=\"mailto:iod@protectdata.com.pl\">iod@protectdata.com.pl<\/a><\/li>\n<li>lub za pomoc\u0105 numeru telefonu (+48)\u00a0693\u2011337\u2011954<\/li>\n<li>lub pisemnie na adres siedziby Administratora.<\/li>\n<li>lub w siedzibie Administratora po wcze\u015bniejszym um\u00f3wieniu wizyty<\/li>\n<\/ul>\n<p>&nbsp;<\/p>\n<p><strong>Dziedzinowe obowi\u0105zki informacyjne z art. 13 lub 14 RODO <\/strong><\/p>\n<p><strong>\u00a0<\/strong><\/p>\n<p>Nr klauzuli\u00a0\u00a0\u00a0\u00a0\u00a0 Nazwa klauzuli<\/p>\n<p>1_Klauzula informacyjna o przetwarzaniu danych osobowych w <strong>SSEMP S.A<\/strong>. &#8211;<a href=\"https:\/\/old-ssemp.sowiak.dev\/wordpress\/wp-content\/uploads\/2024\/09\/Klauzula-informacyjna-przetwarzania-danych-osobowych_KSSEM.pdf\" target=\"_blank\"><strong><em>PDF do pobrania<\/em><\/strong><\/a><\/p>\n<p><em>2_<\/em>Procedura realizacji praw os\u00f3b, kt\u00f3rych dane dotycz\u0105, wskazanych w art. 15 \u2013 21 &#8211; dost\u0119pna do pobrania tu &#8211; <a href=\"https:\/\/old-ssemp.sowiak.dev\/wordpress\/wp-content\/uploads\/2024\/09\/Procedura-realizacji-praw-os\u00f3b-kt\u00f3rych-dane-dotycz\u0105-Wskazanych-w-art.-15-21-RODO.pdf\" target=\"_blank\"><strong><em>pdf do pobrania<\/em><\/strong><\/a><\/p>\n<p>&nbsp;<\/p>\n<p>Procedura zawiera opis zasad stosowanych przez pracownik\u00f3w <strong>SSEMP S.A. <\/strong>w celu zapewnienia realizacji praw os\u00f3b, kt\u00f3rych dane osobowe przetwarza jako Administrator danych (ADO), wskazanych w art. 15 \u2013 21 Rozporz\u0105dzenia 95\/46\/WE (og\u00f3lne rozporz\u0105dzenie o ochronie danych RODO).<\/p>\n","protected":false},"excerpt":{"rendered":"<p>Inspektor Ochrony Danych Osobowych w Specjalnej Strefie Ekonomicznej Ma\u0142ej Przedsi\u0119biorczo\u015bci S.A. 58-400 Kamienna G\u00f3ra Administrator wyznaczy\u0142 Inspektora Ochrony Danych Osobowych &#8211; Pana Tomasza Wi\u0119ckowskiego do zada\u0144 kt\u00f3rego nale\u017cy realizacja czynno\u015bci wynikaj\u0105cych z art. 39 Rozporz\u0105dzenia Parlamentu Europejskiego i Rady (UE) 2016\/679 z dnia 27 kwietnia 2016r. w sprawie ochrony os\u00f3b fizycznych w zwi\u0105zku z przetwarzaniem [&hellip;]<\/p>\n","protected":false},"author":1,"featured_media":19993,"parent":0,"menu_order":0,"comment_status":"closed","ping_status":"closed","template":"","meta":{"footnotes":""},"class_list":["post-19987","page","type-page","status-publish","has-post-thumbnail","hentry"],"_links":{"self":[{"href":"https:\/\/old-ssemp.sowiak.dev\/index.php?rest_route=\/wp\/v2\/pages\/19987","targetHints":{"allow":["GET"]}}],"collection":[{"href":"https:\/\/old-ssemp.sowiak.dev\/index.php?rest_route=\/wp\/v2\/pages"}],"about":[{"href":"https:\/\/old-ssemp.sowiak.dev\/index.php?rest_route=\/wp\/v2\/types\/page"}],"author":[{"embeddable":true,"href":"https:\/\/old-ssemp.sowiak.dev\/index.php?rest_route=\/wp\/v2\/users\/1"}],"replies":[{"embeddable":true,"href":"https:\/\/old-ssemp.sowiak.dev\/index.php?rest_route=%2Fwp%2Fv2%2Fcomments&post=19987"}],"version-history":[{"count":5,"href":"https:\/\/old-ssemp.sowiak.dev\/index.php?rest_route=\/wp\/v2\/pages\/19987\/revisions"}],"predecessor-version":[{"id":21109,"href":"https:\/\/old-ssemp.sowiak.dev\/index.php?rest_route=\/wp\/v2\/pages\/19987\/revisions\/21109"}],"wp:featuredmedia":[{"embeddable":true,"href":"https:\/\/old-ssemp.sowiak.dev\/index.php?rest_route=\/wp\/v2\/media\/19993"}],"wp:attachment":[{"href":"https:\/\/old-ssemp.sowiak.dev\/index.php?rest_route=%2Fwp%2Fv2%2Fmedia&parent=19987"}],"curies":[{"name":"wp","href":"https:\/\/api.w.org\/{rel}","templated":true}]}}