{"id":19958,"date":"2024-09-17T08:40:35","date_gmt":"2024-09-17T06:40:35","guid":{"rendered":"http:\/\/ssemp.pl\/?page_id=19958"},"modified":"2024-09-17T09:20:09","modified_gmt":"2024-09-17T07:20:09","slug":"zapytanie-ofertowe-o-cene-wykonania-prac-zwiazanych-z-kompensacja-mocy-biernej-indukcyjnej-w-dwoch-stacjach-transformatorowych-ssemp-s-a-w-lubaniu-przy-ulicy-gazowej-4","status":"publish","type":"page","link":"https:\/\/old-ssemp.sowiak.dev\/?page_id=19958","title":{"rendered":"ZAPYTANIE OFERTOWE O CEN\u0118 wykonania prac zwi\u0105zanych z kompensacj\u0105 mocy biernej indukcyjnej  w dw\u00f3ch stacjach transformatorowych SSEMP S.A. w Lubaniu przy ulicy Gazowej 4"},"content":{"rendered":"<h3><a href=\"https:\/\/old-ssemp.sowiak.dev\/wordpress\/wp-content\/uploads\/2024\/09\/Zapytanie-ofertowe-Luba\u0144-trafo-ST2-ST3_page-0001.jpg\"><img loading=\"lazy\" decoding=\"async\" class=\"alignnone size-full wp-image-19969\" src=\"https:\/\/old-ssemp.sowiak.dev\/wordpress\/wp-content\/uploads\/2024\/09\/Zapytanie-ofertowe-Luba\u0144-trafo-ST2-ST3_page-0001.jpg\" alt=\"Zapytanie ofertowe Luba\u0144 trafo ST2 ST3_page-0001\" width=\"1241\" height=\"1755\" srcset=\"https:\/\/old-ssemp.sowiak.dev\/wp-content\/uploads\/2024\/09\/Zapytanie-ofertowe-Luba\u0144-trafo-ST2-ST3_page-0001.jpg 1241w, https:\/\/old-ssemp.sowiak.dev\/wp-content\/uploads\/2024\/09\/Zapytanie-ofertowe-Luba\u0144-trafo-ST2-ST3_page-0001-212x300.jpg 212w, https:\/\/old-ssemp.sowiak.dev\/wp-content\/uploads\/2024\/09\/Zapytanie-ofertowe-Luba\u0144-trafo-ST2-ST3_page-0001-768x1086.jpg 768w, https:\/\/old-ssemp.sowiak.dev\/wp-content\/uploads\/2024\/09\/Zapytanie-ofertowe-Luba\u0144-trafo-ST2-ST3_page-0001-724x1024.jpg 724w\" sizes=\"auto, (max-width: 1241px) 100vw, 1241px\" \/><\/a><a href=\"https:\/\/old-ssemp.sowiak.dev\/wordpress\/wp-content\/uploads\/2024\/09\/Zapytanie-ofertowe-Luba\u0144-trafo-ST2-ST3_page-0002.jpg\"><img loading=\"lazy\" decoding=\"async\" class=\"alignnone size-full wp-image-19970\" src=\"https:\/\/old-ssemp.sowiak.dev\/wordpress\/wp-content\/uploads\/2024\/09\/Zapytanie-ofertowe-Luba\u0144-trafo-ST2-ST3_page-0002.jpg\" alt=\"Zapytanie ofertowe Luba\u0144 trafo ST2 ST3_page-0002\" width=\"1241\" height=\"1755\" srcset=\"https:\/\/old-ssemp.sowiak.dev\/wp-content\/uploads\/2024\/09\/Zapytanie-ofertowe-Luba\u0144-trafo-ST2-ST3_page-0002.jpg 1241w, https:\/\/old-ssemp.sowiak.dev\/wp-content\/uploads\/2024\/09\/Zapytanie-ofertowe-Luba\u0144-trafo-ST2-ST3_page-0002-212x300.jpg 212w, https:\/\/old-ssemp.sowiak.dev\/wp-content\/uploads\/2024\/09\/Zapytanie-ofertowe-Luba\u0144-trafo-ST2-ST3_page-0002-768x1086.jpg 768w, https:\/\/old-ssemp.sowiak.dev\/wp-content\/uploads\/2024\/09\/Zapytanie-ofertowe-Luba\u0144-trafo-ST2-ST3_page-0002-724x1024.jpg 724w\" sizes=\"auto, (max-width: 1241px) 100vw, 1241px\" \/><\/a><a href=\"https:\/\/old-ssemp.sowiak.dev\/wordpress\/wp-content\/uploads\/2024\/09\/Za\u0142\u0105cznik-nr-1_trafo.docx\" target=\"_blank\">Za\u0142\u0105cznik 1\u00a0<\/a><\/h3>\n<h3><a href=\"https:\/\/old-ssemp.sowiak.dev\/wordpress\/wp-content\/uploads\/2024\/09\/Za\u0142\u0105cznik-nr-2_trafo.docx\" target=\"_blank\">Za\u0142\u0105cznik 2<\/a><\/h3>\n<h3><a href=\"https:\/\/old-ssemp.sowiak.dev\/wordpress\/wp-content\/uploads\/2024\/09\/Za\u0142\u0105cznik_3_trafo.png\" target=\"_blank\">Za\u0142\u0105cznik 3<\/a><\/h3>\n<p>&nbsp;<\/p>\n","protected":false},"excerpt":{"rendered":"<p>Za\u0142\u0105cznik 1\u00a0 Za\u0142\u0105cznik 2 Za\u0142\u0105cznik 3 &nbsp;<\/p>\n","protected":false},"author":1,"featured_media":0,"parent":0,"menu_order":0,"comment_status":"closed","ping_status":"closed","template":"","meta":{"footnotes":""},"class_list":["post-19958","page","type-page","status-publish","hentry"],"_links":{"self":[{"href":"https:\/\/old-ssemp.sowiak.dev\/index.php?rest_route=\/wp\/v2\/pages\/19958","targetHints":{"allow":["GET"]}}],"collection":[{"href":"https:\/\/old-ssemp.sowiak.dev\/index.php?rest_route=\/wp\/v2\/pages"}],"about":[{"href":"https:\/\/old-ssemp.sowiak.dev\/index.php?rest_route=\/wp\/v2\/types\/page"}],"author":[{"embeddable":true,"href":"https:\/\/old-ssemp.sowiak.dev\/index.php?rest_route=\/wp\/v2\/users\/1"}],"replies":[{"embeddable":true,"href":"https:\/\/old-ssemp.sowiak.dev\/index.php?rest_route=%2Fwp%2Fv2%2Fcomments&post=19958"}],"version-history":[{"count":3,"href":"https:\/\/old-ssemp.sowiak.dev\/index.php?rest_route=\/wp\/v2\/pages\/19958\/revisions"}],"predecessor-version":[{"id":19971,"href":"https:\/\/old-ssemp.sowiak.dev\/index.php?rest_route=\/wp\/v2\/pages\/19958\/revisions\/19971"}],"wp:attachment":[{"href":"https:\/\/old-ssemp.sowiak.dev\/index.php?rest_route=%2Fwp%2Fv2%2Fmedia&parent=19958"}],"curies":[{"name":"wp","href":"https:\/\/api.w.org\/{rel}","templated":true}]}}