{"id":1801,"date":"2015-09-28T08:13:59","date_gmt":"2015-09-28T08:13:59","guid":{"rendered":"http:\/\/dev.cactusthemes.com\/business\/?page_id=1801"},"modified":"2023-01-19T14:16:02","modified_gmt":"2023-01-19T13:16:02","slug":"header-style-3","status":"publish","type":"page","link":"https:\/\/old-ssemp.sowiak.dev\/?page_id=1801","title":{"rendered":"Dzia\u0142alno\u015b\u0107"},"content":{"rendered":"<p>[vc_row][vc_column width=&#8221;1\/2&#8243;][vc_column_text]<img loading=\"lazy\" decoding=\"async\" class=\"alignnone size-full wp-image-9117\" src=\"https:\/\/old-ssemp.sowiak.dev\/wordpress\/wp-content\/uploads\/2015\/09\/windmills.jpg\" alt=\"windmills\" width=\"840\" height=\"230\" srcset=\"https:\/\/old-ssemp.sowiak.dev\/wp-content\/uploads\/2015\/09\/windmills.jpg 840w, https:\/\/old-ssemp.sowiak.dev\/wp-content\/uploads\/2015\/09\/windmills-300x82.jpg 300w, https:\/\/old-ssemp.sowiak.dev\/wp-content\/uploads\/2015\/09\/windmills-768x210.jpg 768w\" sizes=\"auto, (max-width: 840px) 100vw, 840px\" \/><\/p>\n<p><strong>Dzia\u0142alno\u015b\u0107 Strefy<\/strong><\/p>\n<p>Kamiennog\u00f3rska Specjalna Strefa Ekonomiczna Ma\u0142ej Przedsi\u0119biorczo\u015bci (KSSEMP) zosta\u0142a powo\u0142ana na podstawie ustawy z 20 pa\u017adziernika 1994 r. o specjalnych strefach ekonomicznych. Siedziba Specjalnej Strefy Ekonomicznej Ma\u0142ej Przedsi\u0119biorczo\u015bci S.A. znajduje si\u0119 w Kamiennej G\u00f3rze.<\/p>\n<p>W my\u015bl Rozporz\u0105dzenia Ministra Przedsi\u0119biorczo\u015bci i Technologii z dnia 29 sierpnia 2018 r. w sprawie ustalenia obszar\u00f3w i przypisania ich zarz\u0105dzaj\u0105cym, obszar b\u0119d\u0105cy we w\u0142a\u015bciwo\u015bci Kamiennog\u00f3rskiej Specjalnej Strefy Ekonomicznej Ma\u0142ej Przedsi\u0119biorczo\u015bci obejmuje powiaty: <strong>boles\u0142awiecki, kamiennog\u00f3rski, karkonoski, luba\u0144ski, lw\u00f3wecki, milicki, trzebnicki, zgorzelecki, miasto na prawach powiatu Jelenia G\u00f3ra (woj. dolno\u015bl\u0105skie) oraz powiat k\u0119pi\u0144ski i ostrowski (woj. wielkopolskie)<\/strong>. Szczeg\u00f3\u0142owy zakres dzia\u0142alno\u015bci Strefy opisany zosta\u0142 w Planie Rozwoju Inwestycji Kamiennog\u00f3rskiej Specjalnej Strefy Ekonomicznej Ma\u0142ej Przedsi\u0119biorczo\u015bci dost\u0119pny <a href=\"https:\/\/old-ssemp.sowiak.dev\/wordpress\/wp-content\/uploads\/2016\/05\/Kamiennog%C3%B3rska-SSEMP-PRI.pdf\">tutaj<\/a>.<\/p>\n<p>Zapraszamy przedsi\u0119biorc\u00f3w do skorzystania z przywilej\u00f3w, jakie daje lokalizacja KSSEMP. Jeste\u015bmy przekonani, \u017ce atrakcyjnie po\u0142o\u017cone obszary Strefy w po\u0142\u0105czeniu z pomoc\u0105 publiczn\u0105 s\u0105 szans\u0105 na sukces.[\/vc_column_text][\/vc_column][vc_column width=&#8221;1\/2&#8243;][vc_column_text]<img loading=\"lazy\" decoding=\"async\" class=\"alignnone size-full wp-image-9119\" src=\"https:\/\/old-ssemp.sowiak.dev\/wordpress\/wp-content\/uploads\/2015\/09\/cents.jpg\" alt=\"cents\" width=\"840\" height=\"230\" srcset=\"https:\/\/old-ssemp.sowiak.dev\/wp-content\/uploads\/2015\/09\/cents.jpg 840w, https:\/\/old-ssemp.sowiak.dev\/wp-content\/uploads\/2015\/09\/cents-300x82.jpg 300w, https:\/\/old-ssemp.sowiak.dev\/wp-content\/uploads\/2015\/09\/cents-768x210.jpg 768w\" sizes=\"auto, (max-width: 840px) 100vw, 840px\" \/><\/p>\n<p><strong>Pomoc publiczna<\/strong><\/p>\n<p>Przedsi\u0119biorca inwestuj\u0105cy na terenie Kamiennog\u00f3rskiej Specjalnej Strefy Ekonomicznej Ma\u0142ej Przedsi\u0119biorczo\u015bci nabywa prawo do korzystania z pomocy publicznej w formie zwolnienia podatkowego.<\/p>\n<p><strong>Zapewniamy:<\/strong><\/p>\n<p>\u2013 pomoc publiczn\u0105 w wysoko\u015bci 25 proc. nak\u0142ad\u00f3w inwestycyjnych dla du\u017cych przedsi\u0119biorstw, 45 proc. i 35 proc. w przypadku ma\u0142ych i \u015brednich przedsi\u0119biorstw<\/p>\n<p>lub<\/p>\n<p>\u2013 pomoc publiczn\u0105 z tytu\u0142u tworzenia nowych miejsc pracy, utrzymanych przez okres co najmniej 5 lat, w wysoko\u015bci 25 proc. warto\u015bci dwuletnich koszt\u00f3w pracy nowo zatrudnionych pracownik\u00f3w (45 proc. i 35 proc. w przypadku ma\u0142ych i \u015brednich przedsi\u0119biorstw \u2013 miejsca pracy utrzymane co najmniej 3 lata).<\/p>\n<p>Przez now\u0105 inwestycj\u0119 nale\u017cy rozumie\u0107 inwestycj\u0119 w \u015brodki trwa\u0142e oraz warto\u015bci niematerialne i prawne, polegaj\u0105c\u0105 na utworzeniu nowego lub rozbudowie istniej\u0105cego przedsi\u0119biorstwa, dywersyfikacji produkcji przedsi\u0119biorstwa przez wprowadzenie nowych dodatkowych produkt\u00f3w, b\u0105d\u017a na zasadniczej zmianie dotycz\u0105cej ca\u0142o\u015bciowego procesu produkcyjnego istniej\u0105cego przedsi\u0119biorstwa. Za now\u0105 inwestycj\u0119 uznaje si\u0119 r\u00f3wnie\u017c zakup przedsi\u0119biorstwa, kt\u00f3re jest w likwidacji albo zosta\u0142oby zlikwidowane, gdyby nie by\u0142o zakupione, przy czym przedsi\u0119biorstwo jest nabywane przez niezale\u017cnego inwestora. Nie jest dopuszczalna pomoc przeznaczona na inwestycje odtworzeniowe.<\/p>\n<p>W przypadku pomocy udzielanej przedsi\u0119biorcy na realizacj\u0119 du\u017cego projektu inwestycyjnego (koszty kwalifikuj\u0105ce si\u0119 do obj\u0119cia pomoc\u0105 publiczn\u0105 przekraczaj\u0105 50.000.000 Euro) maksymalna wielko\u015b\u0107 pomocy ustalana jest wed\u0142ug wzoru:<\/p>\n<p><strong>I = R x (50 mln Euro + 0,5 x B + 0 x C)<\/strong><\/p>\n<p>gdzie poszczeg\u00f3lne symbole oznaczaj\u0105:<\/p>\n<p><strong>I<\/strong> \u2013 maksymalna warto\u015b\u0107 pomocy dla du\u017cego projektu inwestycyjnego, R \u2013 intensywno\u015b\u0107 pomocy dla obszaru lokalizacji inwestycji, okre\u015blon\u0105 zgodnie z ust. 1,<br \/>\n<strong>B<\/strong> \u2013 wielko\u015b\u0107 koszt\u00f3w kwalifikuj\u0105cych si\u0119 do obj\u0119cia pomoc\u0105, powy\u017cej r\u00f3wnowarto\u015bci 50 mln Euro nieprzekraczaj\u0105ca jednak 100 mln Euro,<br \/>\n<strong>C<\/strong> \u2013 wielko\u015b\u0107 koszt\u00f3w kwalifikuj\u0105cych si\u0119 do obj\u0119cia pomoc\u0105 przekraczaj\u0105c\u0105 r\u00f3wnowarto\u015b\u0107 100 mln Euro.<\/p>\n<p>Przedsi\u0119biorca mo\u017ce tak\u017ce uzyska\u0107 zwolnienie z podatku od nieruchomo\u015bci. Decyzj\u0119 tak\u0105 wydaje gmina, na terenie kt\u00f3rej realizowana jest inwestycja.<\/p>\n<p>Ustawa z dnia 10 maja 2018r. o wspieraniu nowych inwestycji daje mo\u017cliwo\u015b\u0107 dokonywania inwestycji obj\u0119tych pomoc\u0105 publiczn\u0105 nie tylko na terenie dawnych stref ekonomicznych, ale tak\u017ce na dowolnie wybranej przez inwestora nieruchomo\u015bci.<\/p>\n<p>Je\u015bli firma planuje w najbli\u017cszym czasie budow\u0119 hali produkcyjnej, zakup nowej maszyny, linii technologicznej, dywersyfikacj\u0119 lub zwi\u0119kszenie mocy produkcyjnych to przy spe\u0142nieniu okre\u015blonych kryteri\u00f3w, mo\u017ce si\u0119 ubiega\u0107 o decyzj\u0119 o wsparciu, a co za tym idzie pomoc publiczn\u0105.<\/p>\n<p>Aktualnie, \u017ceby otrzyma\u0107 decyzj\u0119 o wsparciu nale\u017cy spe\u0142ni\u0107 kryteria jako\u015bciowe i ilo\u015bciowe. Kryteria ilo\u015bciowe to minimalny poziom nak\u0142ad\u00f3w inwestycyjnych, kt\u00f3ry zale\u017cy od wielko\u015bci przedsi\u0119biorstwa oraz od stopy bezrobocia w powiecie.<\/p>\n<p>Kryteria jako\u015bciowe zawarte s\u0105 w za\u0142\u0105czonym Rozporz\u0105dzeniu Rady Ministr\u00f3w z dnia 27 grudnia 2022 r. w sprawie pomocy publicznej udzielanej niekt\u00f3rym przedsi\u0119biorcom na realizacj\u0119 nowych inwestycji \u2013 Tabela nr 2 Kryteria jako\u015bciowe dla nowych inwestycji realizowanych w sektorze przemys\u0142owym.\u00a0Za spe\u0142nienie kryteri\u00f3w jako\u015bciowych przez przedsi\u0119biorc\u0119 realizuj\u0105cego now\u0105 inwestycj\u0119 w danym sektorze uznaje si\u0119 uzyskanie \u0142\u0105cznie nie mniej ni\u017c\u00a0<strong>6 punkt\u00f3w,<\/strong>\u00a0ale nie mniej ni\u017c jeden punkt za ka\u017cde z kryteri\u00f3w.<\/p>\n<p>Rozporz\u0105dzenie z dnia 27 grudnia 2022 r. okre\u015bla, na jaki rodzaj dzia\u0142alno\u015bci gospodarczej\u00a0<strong>nie jest wydawana<\/strong>\u00a0decyzja o wsparciu, czyli na jakie PKWiU nie mo\u017cna wyda\u0107 decyzji.<\/p>\n<p><strong>Wsparcie z tytu\u0142u koszt\u00f3w kwalifikowanych nowej inwestycji przys\u0142uguje przedsi\u0119biorcy pocz\u0105wszy od miesi\u0105ca, w kt\u00f3rym up\u0142yn\u0105\u0142 termin zako\u0144czenia inwestycji okre\u015blony w decyzji o wsparciu, a\u017c do wyga\u015bni\u0119cia decyzji o wsparciu lub wyczerpania maksymalnej dopuszczalnej pomocy regionalnej, w zale\u017cno\u015bci od tego, kt\u00f3re zdarzenie wyst\u0105pi wcze\u015bniej. <\/strong><\/p>\n<p><strong>Wszystkie koszty, np. koszt budowy hali produkcyjnej, koszt zwi\u0105zany z zakupem \u015brodk\u00f3w trwa\u0142ych, warto\u015bci niematerialnych i\u00a0prawnych, mo\u017ce by\u0107 zaliczany do koszt\u00f3w kwalifikuj\u0105cych si\u0119 do obj\u0119cia wsparciem na nowe inwestycje, dopiero po uzyskaniu przez przedsi\u0119biorc\u0119 decyzji o wsparciu!<\/strong><\/p>\n<p>Decyzja ma okres wa\u017cno\u015bci 10 lat (15 lat w przypadku inwestycji na terenach obj\u0119tych granicami SSE przed wej\u015bciem w \u017cycie ustawy o wspieraniu nowych inwestycji \u2013 dost\u0119pne pod linkiem:\u00a0<a href=\"http:\/\/www.mapa.ssemp.pl\/\">www.mapa.ssemp.pl<\/a>\u00a0).<\/p>\n<p>\u017beby ubiega\u0107 si\u0119 o decyzj\u0119 o wsparciu nale\u017cy oficjalnie z\u0142o\u017cy\u0107 wype\u0142niony wniosek o decyzj\u0119 o\u00a0wsparciu wraz z wymaganymi za\u0142\u0105cznikami.<\/p>\n<p>Wniosek rozpatrujemy niezw\u0142ocznie, maksymalnie do 14 dni, pod warunkiem \u017ce wniosek i\u00a0wymagane za\u0142\u0105czniki s\u0105 kompletne i nie wymagaj\u0105 uzupe\u0142nienia.<\/p>\n<p>Poni\u017cej wymagany katalog za\u0142\u0105cznik\u00f3w do wniosku:<\/p>\n<p>\u2013\u00a0\u00a0\u00a0\u00a0\u00a0\u00a0\u00a0\u00a0sprawozdanie finansowe za ostatnie trzy lata,<\/p>\n<p>\u2013\u00a0\u00a0\u00a0\u00a0\u00a0\u00a0\u00a0\u00a0wype\u0142niony formularz (za\u0142\u0105cznik nr 2),<\/p>\n<p>\u2013\u00a0\u00a0\u00a0\u00a0\u00a0\u00a0\u00a0\u00a0o\u015bwiadczenie przedsi\u0119biorcy o braku zaleg\u0142o\u015bci wobec ZUS i US,<\/p>\n<p>\u2013\u00a0\u00a0\u00a0\u00a0\u00a0\u00a0\u00a0\u00a0o\u015bwiadczenie o odpowiedzialno\u015bci karnej,<\/p>\n<p>\u2013\u00a0\u00a0\u00a0\u00a0\u00a0\u00a0\u00a0\u00a0zobowi\u0105zanie do umieszczenia planszy informacyjnej,<\/p>\n<p>\u2013\u00a0\u00a0\u00a0\u00a0\u00a0\u00a0\u00a0\u00a0zgoda na przetwarzanie danych osobowych,<\/p>\n<p>\u2013\u00a0\u00a0\u00a0\u00a0\u00a0\u00a0\u00a0\u00a0o\u015bwiadczenia dotycz\u0105ce kryteri\u00f3w jako\u015bciowych.<\/p>\n<p>Przedsi\u0119biorca\u00a0zobowi\u0105zany jest p\u0142aci\u0107 Zarz\u0105dzaj\u0105cemu obszarem, w ka\u017cdym miesi\u0105cu, przez ca\u0142y okres obowi\u0105zywania decyzji, czyli przez 10 lat (15 lat w przypadku inwestycji na terenach obj\u0119tych granicami SSE przed wej\u015bciem w \u017cycie ustawy o wspieraniu nowych inwestycji \u2013 dost\u0119pne pod linkiem:\u00a0<a href=\"http:\/\/www.mapa.ssemp.pl\/\">www.mapa.ssemp.pl<\/a>), wynagrodzenie za us\u0142ugi inne ni\u017c informacyjne,\u00a0wspomagaj\u0105ce dzia\u0142alno\u015b\u0107 przedsi\u0119biorcy na podstawie decyzji.<\/p>\n<p>Wysoko\u015b\u0107 wynagrodzenia jest okre\u015blana na podstawie wzoru i zale\u017cy\u00a0od kilku czynnik\u00f3w, mi\u0119dzy innymi od wielko\u015bci przedsi\u0119biorstwa, wysoko\u015bci deklarowanych koszt\u00f3w kwalifikowanych nowej inwestycji i powierzchni nieruchomo\u015bci.<\/p>\n<p>&nbsp;[\/vc_column_text][\/vc_column][\/vc_row]<\/p>\n","protected":false},"excerpt":{"rendered":"<p>[vc_row][vc_column width=&#8221;1\/2&#8243;][vc_column_text] Dzia\u0142alno\u015b\u0107 Strefy Kamiennog\u00f3rska Specjalna Strefa Ekonomiczna Ma\u0142ej Przedsi\u0119biorczo\u015bci (KSSEMP) zosta\u0142a powo\u0142ana na podstawie ustawy z 20 pa\u017adziernika 1994 r. o specjalnych strefach ekonomicznych. Siedziba Specjalnej Strefy Ekonomicznej Ma\u0142ej Przedsi\u0119biorczo\u015bci S.A. znajduje si\u0119 w Kamiennej G\u00f3rze. W my\u015bl Rozporz\u0105dzenia Ministra Przedsi\u0119biorczo\u015bci i Technologii z dnia 29 sierpnia 2018 r. w sprawie ustalenia obszar\u00f3w i [&hellip;]<\/p>\n","protected":false},"author":1,"featured_media":0,"parent":0,"menu_order":0,"comment_status":"closed","ping_status":"closed","template":"","meta":{"footnotes":""},"class_list":["post-1801","page","type-page","status-publish","hentry"],"_links":{"self":[{"href":"https:\/\/old-ssemp.sowiak.dev\/index.php?rest_route=\/wp\/v2\/pages\/1801","targetHints":{"allow":["GET"]}}],"collection":[{"href":"https:\/\/old-ssemp.sowiak.dev\/index.php?rest_route=\/wp\/v2\/pages"}],"about":[{"href":"https:\/\/old-ssemp.sowiak.dev\/index.php?rest_route=\/wp\/v2\/types\/page"}],"author":[{"embeddable":true,"href":"https:\/\/old-ssemp.sowiak.dev\/index.php?rest_route=\/wp\/v2\/users\/1"}],"replies":[{"embeddable":true,"href":"https:\/\/old-ssemp.sowiak.dev\/index.php?rest_route=%2Fwp%2Fv2%2Fcomments&post=1801"}],"version-history":[{"count":38,"href":"https:\/\/old-ssemp.sowiak.dev\/index.php?rest_route=\/wp\/v2\/pages\/1801\/revisions"}],"predecessor-version":[{"id":17968,"href":"https:\/\/old-ssemp.sowiak.dev\/index.php?rest_route=\/wp\/v2\/pages\/1801\/revisions\/17968"}],"wp:attachment":[{"href":"https:\/\/old-ssemp.sowiak.dev\/index.php?rest_route=%2Fwp%2Fv2%2Fmedia&parent=1801"}],"curies":[{"name":"wp","href":"https:\/\/api.w.org\/{rel}","templated":true}]}}