{"id":17564,"date":"2022-09-12T13:12:14","date_gmt":"2022-09-12T11:12:14","guid":{"rendered":"http:\/\/ssemp.pl\/?page_id=17564"},"modified":"2022-09-12T13:20:05","modified_gmt":"2022-09-12T11:20:05","slug":"zapytanie-ofertowe-o-cene-zimowego-utrzymania-drog-na-terenie-kssemp-w-wykrotach-w-sezonie-zimowym-20222023","status":"publish","type":"page","link":"https:\/\/old-ssemp.sowiak.dev\/?page_id=17564","title":{"rendered":"ZAPYTANIE OFERTOWE O CEN\u0118 zimowego utrzymania dr\u00f3g na terenie KSSEMP w Wykrotach w sezonie zimowym 2022\/2023"},"content":{"rendered":"<p><a href=\"https:\/\/old-ssemp.sowiak.dev\/?attachment_id=17565\" rel=\"attachment wp-att-17565\"><img loading=\"lazy\" decoding=\"async\" class=\"alignnone size-full wp-image-17565\" src=\"https:\/\/old-ssemp.sowiak.dev\/wordpress\/wp-content\/uploads\/2022\/09\/Og\u0142oszenie-Wykroty-2023-1.jpg\" alt=\"Og\u0142oszenie-Wykroty-2023-1\" width=\"1654\" height=\"2339\" srcset=\"https:\/\/old-ssemp.sowiak.dev\/wp-content\/uploads\/2022\/09\/Og\u0142oszenie-Wykroty-2023-1.jpg 1654w, https:\/\/old-ssemp.sowiak.dev\/wp-content\/uploads\/2022\/09\/Og\u0142oszenie-Wykroty-2023-1-212x300.jpg 212w, https:\/\/old-ssemp.sowiak.dev\/wp-content\/uploads\/2022\/09\/Og\u0142oszenie-Wykroty-2023-1-768x1086.jpg 768w, https:\/\/old-ssemp.sowiak.dev\/wp-content\/uploads\/2022\/09\/Og\u0142oszenie-Wykroty-2023-1-724x1024.jpg 724w\" sizes=\"auto, (max-width: 1654px) 100vw, 1654px\" \/><\/a><\/p>\n<p><a href=\"https:\/\/old-ssemp.sowiak.dev\/?attachment_id=17566\" rel=\"attachment wp-att-17566\"><img loading=\"lazy\" decoding=\"async\" class=\"alignnone size-full wp-image-17566\" src=\"https:\/\/old-ssemp.sowiak.dev\/wordpress\/wp-content\/uploads\/2022\/09\/Og\u0142oszenie-Wykroty-2023-2.jpg\" alt=\"Og\u0142oszenie-Wykroty-2023-2\" width=\"1654\" height=\"2339\" srcset=\"https:\/\/old-ssemp.sowiak.dev\/wp-content\/uploads\/2022\/09\/Og\u0142oszenie-Wykroty-2023-2.jpg 1654w, https:\/\/old-ssemp.sowiak.dev\/wp-content\/uploads\/2022\/09\/Og\u0142oszenie-Wykroty-2023-2-212x300.jpg 212w, https:\/\/old-ssemp.sowiak.dev\/wp-content\/uploads\/2022\/09\/Og\u0142oszenie-Wykroty-2023-2-768x1086.jpg 768w, https:\/\/old-ssemp.sowiak.dev\/wp-content\/uploads\/2022\/09\/Og\u0142oszenie-Wykroty-2023-2-724x1024.jpg 724w\" sizes=\"auto, (max-width: 1654px) 100vw, 1654px\" \/><\/a><a href=\"https:\/\/old-ssemp.sowiak.dev\/wordpress\/wp-content\/uploads\/2022\/09\/Za\u0142\u0105cznik-nr-1-Wykroty-2023.docx\" target=\"_blank\">ZA\u0141\u0104CZNIK 1<\/a><\/p>\n<p><a href=\"https:\/\/old-ssemp.sowiak.dev\/wordpress\/wp-content\/uploads\/2022\/09\/Za\u0142\u0105cznik-nr-2-Wykroty-2023.docx\" target=\"_blank\">ZA\u0141\u0104CZNIK 2<\/a><\/p>\n<p><a href=\"https:\/\/old-ssemp.sowiak.dev\/wordpress\/wp-content\/uploads\/2022\/09\/Za\u0142\u0105cznik-3-Wykroty.jpg\" target=\"_blank\">ZA\u0141\u0104CZNIK 3<\/a><\/p>\n","protected":false},"excerpt":{"rendered":"<p>ZA\u0141\u0104CZNIK 1 ZA\u0141\u0104CZNIK 2 ZA\u0141\u0104CZNIK 3<\/p>\n","protected":false},"author":1,"featured_media":0,"parent":0,"menu_order":0,"comment_status":"closed","ping_status":"closed","template":"","meta":{"footnotes":""},"class_list":["post-17564","page","type-page","status-publish","hentry"],"_links":{"self":[{"href":"https:\/\/old-ssemp.sowiak.dev\/index.php?rest_route=\/wp\/v2\/pages\/17564","targetHints":{"allow":["GET"]}}],"collection":[{"href":"https:\/\/old-ssemp.sowiak.dev\/index.php?rest_route=\/wp\/v2\/pages"}],"about":[{"href":"https:\/\/old-ssemp.sowiak.dev\/index.php?rest_route=\/wp\/v2\/types\/page"}],"author":[{"embeddable":true,"href":"https:\/\/old-ssemp.sowiak.dev\/index.php?rest_route=\/wp\/v2\/users\/1"}],"replies":[{"embeddable":true,"href":"https:\/\/old-ssemp.sowiak.dev\/index.php?rest_route=%2Fwp%2Fv2%2Fcomments&post=17564"}],"version-history":[{"count":2,"href":"https:\/\/old-ssemp.sowiak.dev\/index.php?rest_route=\/wp\/v2\/pages\/17564\/revisions"}],"predecessor-version":[{"id":17580,"href":"https:\/\/old-ssemp.sowiak.dev\/index.php?rest_route=\/wp\/v2\/pages\/17564\/revisions\/17580"}],"wp:attachment":[{"href":"https:\/\/old-ssemp.sowiak.dev\/index.php?rest_route=%2Fwp%2Fv2%2Fmedia&parent=17564"}],"curies":[{"name":"wp","href":"https:\/\/api.w.org\/{rel}","templated":true}]}}