{"id":16965,"date":"2022-03-28T14:21:22","date_gmt":"2022-03-28T12:21:22","guid":{"rendered":"http:\/\/ssemp.pl\/?page_id=16965"},"modified":"2022-03-28T14:31:02","modified_gmt":"2022-03-28T12:31:02","slug":"ogloszenie-o-przetargu-projekt-i-budowa-parkingu-dla-samochodow-ciezarowych-w-podstrefie-nowogrodziec-m-wykroty-28-03-2022r","status":"publish","type":"page","link":"https:\/\/old-ssemp.sowiak.dev\/?page_id=16965","title":{"rendered":"OG\u0141OSZENIE O PRZETARGU &#8211; Projekt i budowa parkingu dla samochod\u00f3w ci\u0119\u017carowych w Podstrefie Nowogrodziec m. Wykroty (28.03.2022r.)"},"content":{"rendered":"<p><a href=\"https:\/\/old-ssemp.sowiak.dev\/?attachment_id=16966\" rel=\"attachment wp-att-16966\"><img loading=\"lazy\" decoding=\"async\" class=\"alignnone size-full wp-image-16966\" src=\"https:\/\/old-ssemp.sowiak.dev\/wordpress\/wp-content\/uploads\/2022\/03\/OG\u0141OSZENIE-PARKING-28_03_22_0001.jpg\" alt=\"OG\u0141OSZENIE PARKING 28_03_22_0001\" width=\"2480\" height=\"3508\" srcset=\"https:\/\/old-ssemp.sowiak.dev\/wp-content\/uploads\/2022\/03\/OG\u0141OSZENIE-PARKING-28_03_22_0001.jpg 2480w, https:\/\/old-ssemp.sowiak.dev\/wp-content\/uploads\/2022\/03\/OG\u0141OSZENIE-PARKING-28_03_22_0001-212x300.jpg 212w, https:\/\/old-ssemp.sowiak.dev\/wp-content\/uploads\/2022\/03\/OG\u0141OSZENIE-PARKING-28_03_22_0001-768x1086.jpg 768w, https:\/\/old-ssemp.sowiak.dev\/wp-content\/uploads\/2022\/03\/OG\u0141OSZENIE-PARKING-28_03_22_0001-724x1024.jpg 724w\" sizes=\"auto, (max-width: 2480px) 100vw, 2480px\" \/><\/a><a href=\"https:\/\/old-ssemp.sowiak.dev\/?attachment_id=16967\" rel=\"attachment wp-att-16967\"><img loading=\"lazy\" decoding=\"async\" class=\"alignnone size-full wp-image-16967\" src=\"https:\/\/old-ssemp.sowiak.dev\/wordpress\/wp-content\/uploads\/2022\/03\/OG\u0141OSZENIE-PARKING-28_03_22_0002.jpg\" alt=\"OG\u0141OSZENIE PARKING 28_03_22_0002\" width=\"2480\" height=\"3508\" srcset=\"https:\/\/old-ssemp.sowiak.dev\/wp-content\/uploads\/2022\/03\/OG\u0141OSZENIE-PARKING-28_03_22_0002.jpg 2480w, https:\/\/old-ssemp.sowiak.dev\/wp-content\/uploads\/2022\/03\/OG\u0141OSZENIE-PARKING-28_03_22_0002-212x300.jpg 212w, https:\/\/old-ssemp.sowiak.dev\/wp-content\/uploads\/2022\/03\/OG\u0141OSZENIE-PARKING-28_03_22_0002-768x1086.jpg 768w, https:\/\/old-ssemp.sowiak.dev\/wp-content\/uploads\/2022\/03\/OG\u0141OSZENIE-PARKING-28_03_22_0002-724x1024.jpg 724w\" sizes=\"auto, (max-width: 2480px) 100vw, 2480px\" \/><\/a><a href=\"https:\/\/old-ssemp.sowiak.dev\/?attachment_id=16968\" rel=\"attachment wp-att-16968\"><img loading=\"lazy\" decoding=\"async\" class=\"alignnone size-full wp-image-16968\" src=\"https:\/\/old-ssemp.sowiak.dev\/wordpress\/wp-content\/uploads\/2022\/03\/OG\u0141OSZENIE-PARKING-28_03_22_0003.jpg\" alt=\"OG\u0141OSZENIE PARKING 28_03_22_0003\" width=\"2480\" height=\"3508\" srcset=\"https:\/\/old-ssemp.sowiak.dev\/wp-content\/uploads\/2022\/03\/OG\u0141OSZENIE-PARKING-28_03_22_0003.jpg 2480w, https:\/\/old-ssemp.sowiak.dev\/wp-content\/uploads\/2022\/03\/OG\u0141OSZENIE-PARKING-28_03_22_0003-212x300.jpg 212w, https:\/\/old-ssemp.sowiak.dev\/wp-content\/uploads\/2022\/03\/OG\u0141OSZENIE-PARKING-28_03_22_0003-768x1086.jpg 768w, https:\/\/old-ssemp.sowiak.dev\/wp-content\/uploads\/2022\/03\/OG\u0141OSZENIE-PARKING-28_03_22_0003-724x1024.jpg 724w\" sizes=\"auto, (max-width: 2480px) 100vw, 2480px\" \/><\/a><a href=\"https:\/\/old-ssemp.sowiak.dev\/?attachment_id=16969\" rel=\"attachment wp-att-16969\"><img loading=\"lazy\" decoding=\"async\" class=\"alignnone size-full wp-image-16969\" src=\"https:\/\/old-ssemp.sowiak.dev\/wordpress\/wp-content\/uploads\/2022\/03\/OG\u0141OSZENIE-PARKING-28_03_22_0004.jpg\" alt=\"OG\u0141OSZENIE PARKING 28_03_22_0004\" width=\"2480\" height=\"3508\" srcset=\"https:\/\/old-ssemp.sowiak.dev\/wp-content\/uploads\/2022\/03\/OG\u0141OSZENIE-PARKING-28_03_22_0004.jpg 2480w, https:\/\/old-ssemp.sowiak.dev\/wp-content\/uploads\/2022\/03\/OG\u0141OSZENIE-PARKING-28_03_22_0004-212x300.jpg 212w, https:\/\/old-ssemp.sowiak.dev\/wp-content\/uploads\/2022\/03\/OG\u0141OSZENIE-PARKING-28_03_22_0004-768x1086.jpg 768w, https:\/\/old-ssemp.sowiak.dev\/wp-content\/uploads\/2022\/03\/OG\u0141OSZENIE-PARKING-28_03_22_0004-724x1024.jpg 724w\" sizes=\"auto, (max-width: 2480px) 100vw, 2480px\" \/><\/a><a href=\"https:\/\/old-ssemp.sowiak.dev\/?attachment_id=16970\" rel=\"attachment wp-att-16970\"><img loading=\"lazy\" decoding=\"async\" class=\"alignnone size-full wp-image-16970\" src=\"https:\/\/old-ssemp.sowiak.dev\/wordpress\/wp-content\/uploads\/2022\/03\/OG\u0141OSZENIE-PARKING-28_03_22_0005.jpg\" alt=\"OG\u0141OSZENIE PARKING 28_03_22_0005\" width=\"2480\" height=\"3508\" srcset=\"https:\/\/old-ssemp.sowiak.dev\/wp-content\/uploads\/2022\/03\/OG\u0141OSZENIE-PARKING-28_03_22_0005.jpg 2480w, https:\/\/old-ssemp.sowiak.dev\/wp-content\/uploads\/2022\/03\/OG\u0141OSZENIE-PARKING-28_03_22_0005-212x300.jpg 212w, https:\/\/old-ssemp.sowiak.dev\/wp-content\/uploads\/2022\/03\/OG\u0141OSZENIE-PARKING-28_03_22_0005-768x1086.jpg 768w, https:\/\/old-ssemp.sowiak.dev\/wp-content\/uploads\/2022\/03\/OG\u0141OSZENIE-PARKING-28_03_22_0005-724x1024.jpg 724w\" sizes=\"auto, (max-width: 2480px) 100vw, 2480px\" \/><\/a><a href=\"https:\/\/old-ssemp.sowiak.dev\/?attachment_id=16971\" rel=\"attachment wp-att-16971\"><img loading=\"lazy\" decoding=\"async\" class=\"alignnone size-full wp-image-16971\" src=\"https:\/\/old-ssemp.sowiak.dev\/wordpress\/wp-content\/uploads\/2022\/03\/OG\u0141OSZENIE-PARKING-28_03_22_0006.jpg\" alt=\"OG\u0141OSZENIE PARKING 28_03_22_0006\" width=\"2480\" height=\"3508\" srcset=\"https:\/\/old-ssemp.sowiak.dev\/wp-content\/uploads\/2022\/03\/OG\u0141OSZENIE-PARKING-28_03_22_0006.jpg 2480w, https:\/\/old-ssemp.sowiak.dev\/wp-content\/uploads\/2022\/03\/OG\u0141OSZENIE-PARKING-28_03_22_0006-212x300.jpg 212w, https:\/\/old-ssemp.sowiak.dev\/wp-content\/uploads\/2022\/03\/OG\u0141OSZENIE-PARKING-28_03_22_0006-768x1086.jpg 768w, https:\/\/old-ssemp.sowiak.dev\/wp-content\/uploads\/2022\/03\/OG\u0141OSZENIE-PARKING-28_03_22_0006-724x1024.jpg 724w\" sizes=\"auto, (max-width: 2480px) 100vw, 2480px\" \/><\/a><a href=\"https:\/\/old-ssemp.sowiak.dev\/?attachment_id=16972\" rel=\"attachment wp-att-16972\"><img loading=\"lazy\" decoding=\"async\" class=\"alignnone size-full wp-image-16972\" src=\"https:\/\/old-ssemp.sowiak.dev\/wordpress\/wp-content\/uploads\/2022\/03\/OG\u0141OSZENIE-PARKING-28_03_22_0007.jpg\" alt=\"OG\u0141OSZENIE PARKING 28_03_22_0007\" width=\"2480\" height=\"3508\" srcset=\"https:\/\/old-ssemp.sowiak.dev\/wp-content\/uploads\/2022\/03\/OG\u0141OSZENIE-PARKING-28_03_22_0007.jpg 2480w, https:\/\/old-ssemp.sowiak.dev\/wp-content\/uploads\/2022\/03\/OG\u0141OSZENIE-PARKING-28_03_22_0007-212x300.jpg 212w, https:\/\/old-ssemp.sowiak.dev\/wp-content\/uploads\/2022\/03\/OG\u0141OSZENIE-PARKING-28_03_22_0007-768x1086.jpg 768w, https:\/\/old-ssemp.sowiak.dev\/wp-content\/uploads\/2022\/03\/OG\u0141OSZENIE-PARKING-28_03_22_0007-724x1024.jpg 724w\" sizes=\"auto, (max-width: 2480px) 100vw, 2480px\" \/><\/a><a href=\"https:\/\/old-ssemp.sowiak.dev\/?attachment_id=16973\" rel=\"attachment wp-att-16973\"><img loading=\"lazy\" decoding=\"async\" class=\"alignnone size-full wp-image-16973\" src=\"https:\/\/old-ssemp.sowiak.dev\/wordpress\/wp-content\/uploads\/2022\/03\/OG\u0141OSZENIE-PARKING-28_03_22_0008.jpg\" alt=\"OG\u0141OSZENIE PARKING 28_03_22_0008\" width=\"2480\" height=\"3508\" srcset=\"https:\/\/old-ssemp.sowiak.dev\/wp-content\/uploads\/2022\/03\/OG\u0141OSZENIE-PARKING-28_03_22_0008.jpg 2480w, https:\/\/old-ssemp.sowiak.dev\/wp-content\/uploads\/2022\/03\/OG\u0141OSZENIE-PARKING-28_03_22_0008-212x300.jpg 212w, https:\/\/old-ssemp.sowiak.dev\/wp-content\/uploads\/2022\/03\/OG\u0141OSZENIE-PARKING-28_03_22_0008-768x1086.jpg 768w, https:\/\/old-ssemp.sowiak.dev\/wp-content\/uploads\/2022\/03\/OG\u0141OSZENIE-PARKING-28_03_22_0008-724x1024.jpg 724w\" sizes=\"auto, (max-width: 2480px) 100vw, 2480px\" \/><\/a><a href=\"https:\/\/old-ssemp.sowiak.dev\/?attachment_id=16974\" rel=\"attachment wp-att-16974\"><img loading=\"lazy\" decoding=\"async\" class=\"alignnone size-full wp-image-16974\" src=\"https:\/\/old-ssemp.sowiak.dev\/wordpress\/wp-content\/uploads\/2022\/03\/OG\u0141OSZENIE-PARKING-28_03_22_0009.jpg\" alt=\"OG\u0141OSZENIE PARKING 28_03_22_0009\" width=\"2480\" height=\"3508\" srcset=\"https:\/\/old-ssemp.sowiak.dev\/wp-content\/uploads\/2022\/03\/OG\u0141OSZENIE-PARKING-28_03_22_0009.jpg 2480w, https:\/\/old-ssemp.sowiak.dev\/wp-content\/uploads\/2022\/03\/OG\u0141OSZENIE-PARKING-28_03_22_0009-212x300.jpg 212w, https:\/\/old-ssemp.sowiak.dev\/wp-content\/uploads\/2022\/03\/OG\u0141OSZENIE-PARKING-28_03_22_0009-768x1086.jpg 768w, https:\/\/old-ssemp.sowiak.dev\/wp-content\/uploads\/2022\/03\/OG\u0141OSZENIE-PARKING-28_03_22_0009-724x1024.jpg 724w\" sizes=\"auto, (max-width: 2480px) 100vw, 2480px\" \/><\/a><a href=\"https:\/\/old-ssemp.sowiak.dev\/?attachment_id=16975\" rel=\"attachment wp-att-16975\"><img loading=\"lazy\" decoding=\"async\" class=\"alignnone size-full wp-image-16975\" src=\"https:\/\/old-ssemp.sowiak.dev\/wordpress\/wp-content\/uploads\/2022\/03\/OG\u0141OSZENIE-PARKING-28_03_22_0010.jpg\" alt=\"OG\u0141OSZENIE PARKING 28_03_22_0010\" width=\"2480\" height=\"3508\" srcset=\"https:\/\/old-ssemp.sowiak.dev\/wp-content\/uploads\/2022\/03\/OG\u0141OSZENIE-PARKING-28_03_22_0010.jpg 2480w, https:\/\/old-ssemp.sowiak.dev\/wp-content\/uploads\/2022\/03\/OG\u0141OSZENIE-PARKING-28_03_22_0010-212x300.jpg 212w, https:\/\/old-ssemp.sowiak.dev\/wp-content\/uploads\/2022\/03\/OG\u0141OSZENIE-PARKING-28_03_22_0010-768x1086.jpg 768w, https:\/\/old-ssemp.sowiak.dev\/wp-content\/uploads\/2022\/03\/OG\u0141OSZENIE-PARKING-28_03_22_0010-724x1024.jpg 724w\" sizes=\"auto, (max-width: 2480px) 100vw, 2480px\" \/><\/a><a href=\"https:\/\/old-ssemp.sowiak.dev\/?attachment_id=16976\" rel=\"attachment wp-att-16976\"><img loading=\"lazy\" decoding=\"async\" class=\"alignnone size-full wp-image-16976\" src=\"https:\/\/old-ssemp.sowiak.dev\/wordpress\/wp-content\/uploads\/2022\/03\/OG\u0141OSZENIE-PARKING-28_03_22_0011.jpg\" alt=\"OG\u0141OSZENIE PARKING 28_03_22_0011\" width=\"2480\" height=\"3508\" srcset=\"https:\/\/old-ssemp.sowiak.dev\/wp-content\/uploads\/2022\/03\/OG\u0141OSZENIE-PARKING-28_03_22_0011.jpg 2480w, https:\/\/old-ssemp.sowiak.dev\/wp-content\/uploads\/2022\/03\/OG\u0141OSZENIE-PARKING-28_03_22_0011-212x300.jpg 212w, https:\/\/old-ssemp.sowiak.dev\/wp-content\/uploads\/2022\/03\/OG\u0141OSZENIE-PARKING-28_03_22_0011-768x1086.jpg 768w, https:\/\/old-ssemp.sowiak.dev\/wp-content\/uploads\/2022\/03\/OG\u0141OSZENIE-PARKING-28_03_22_0011-724x1024.jpg 724w\" sizes=\"auto, (max-width: 2480px) 100vw, 2480px\" \/><\/a><\/p>\n<h3><a href=\"https:\/\/old-ssemp.sowiak.dev\/wordpress\/wp-content\/uploads\/2022\/03\/ZA\u0141\u0104CZNIK-NR-1-WZ\u00d3R-UMOWY_28_03_22.doc\" target=\"_blank\">ZA\u0141\u0104CZNIK 1<\/a><\/h3>\n<h3><a href=\"https:\/\/old-ssemp.sowiak.dev\/wordpress\/wp-content\/uploads\/2022\/03\/ZA\u0141\u0104CZNIK-NR-2-FORMULARZ-OFERTY_28_03_22.doc\" target=\"_blank\">ZA\u0141\u0104CZNIK 2<\/a><\/h3>\n<h3><a href=\"https:\/\/old-ssemp.sowiak.dev\/wordpress\/wp-content\/uploads\/2022\/03\/ZA\u0141\u0104CZNIK-NR-3-WYKAZ-ROB\u00d3T_28_03_22.docx\" target=\"_blank\">ZA\u0141\u0104CZNIK 3<\/a><\/h3>\n<h3><a href=\"https:\/\/old-ssemp.sowiak.dev\/wordpress\/wp-content\/uploads\/2022\/03\/ZA\u0141\u0104CZNIK-NR-4-WYKAZ-OS\u00d3B_28_03_22.docx\" target=\"_blank\">ZA\u0141\u0104CZNIK\u00a0 4<\/a><\/h3>\n<h3><a href=\"https:\/\/old-ssemp.sowiak.dev\/wordpress\/wp-content\/uploads\/2022\/03\/ZA\u0141\u0104CZNIK-NR-5-SIWZ-28_03_2022.pdf\" target=\"_blank\">ZA\u0141\u0104CZNIK\u00a0 5<\/a><\/h3>\n<h3><a href=\"https:\/\/old-ssemp.sowiak.dev\/wordpress\/wp-content\/uploads\/2022\/03\/ZA\u0141\u0104CZNIK-NR-6-PFU_28_03_22.pdf\" target=\"_blank\">ZA\u0141\u0104CZNIK\u00a0 6<\/a><\/h3>\n<h3><a href=\"https:\/\/old-ssemp.sowiak.dev\/wordpress\/wp-content\/uploads\/2022\/03\/ZA\u0141\u0104CZNIK-NR-6a-PLANSZA-KONCEPCYJNA_28_03_22.jpg\" target=\"_blank\">ZA\u0141\u0104CZNIK\u00a0 6a<\/a><\/h3>\n<p>&nbsp;<\/p>\n","protected":false},"excerpt":{"rendered":"<p>ZA\u0141\u0104CZNIK 1 ZA\u0141\u0104CZNIK 2 ZA\u0141\u0104CZNIK 3 ZA\u0141\u0104CZNIK\u00a0 4 ZA\u0141\u0104CZNIK\u00a0 5 ZA\u0141\u0104CZNIK\u00a0 6 ZA\u0141\u0104CZNIK\u00a0 6a &nbsp;<\/p>\n","protected":false},"author":1,"featured_media":0,"parent":0,"menu_order":0,"comment_status":"closed","ping_status":"closed","template":"","meta":{"footnotes":""},"class_list":["post-16965","page","type-page","status-publish","hentry"],"_links":{"self":[{"href":"https:\/\/old-ssemp.sowiak.dev\/index.php?rest_route=\/wp\/v2\/pages\/16965","targetHints":{"allow":["GET"]}}],"collection":[{"href":"https:\/\/old-ssemp.sowiak.dev\/index.php?rest_route=\/wp\/v2\/pages"}],"about":[{"href":"https:\/\/old-ssemp.sowiak.dev\/index.php?rest_route=\/wp\/v2\/types\/page"}],"author":[{"embeddable":true,"href":"https:\/\/old-ssemp.sowiak.dev\/index.php?rest_route=\/wp\/v2\/users\/1"}],"replies":[{"embeddable":true,"href":"https:\/\/old-ssemp.sowiak.dev\/index.php?rest_route=%2Fwp%2Fv2%2Fcomments&post=16965"}],"version-history":[{"count":4,"href":"https:\/\/old-ssemp.sowiak.dev\/index.php?rest_route=\/wp\/v2\/pages\/16965\/revisions"}],"predecessor-version":[{"id":16987,"href":"https:\/\/old-ssemp.sowiak.dev\/index.php?rest_route=\/wp\/v2\/pages\/16965\/revisions\/16987"}],"wp:attachment":[{"href":"https:\/\/old-ssemp.sowiak.dev\/index.php?rest_route=%2Fwp%2Fv2%2Fmedia&parent=16965"}],"curies":[{"name":"wp","href":"https:\/\/api.w.org\/{rel}","templated":true}]}}