{"id":16795,"date":"2022-02-11T14:26:42","date_gmt":"2022-02-11T13:26:42","guid":{"rendered":"http:\/\/ssemp.pl\/?page_id=16795"},"modified":"2022-03-28T14:11:25","modified_gmt":"2022-03-28T12:11:25","slug":"ogloszenie-o-przetargu-projekt-i-budowa-parkingu-dla-samochodow-ciezarowych-w-podstrefie-nowogrodziec-m-wykroty","status":"publish","type":"page","link":"https:\/\/old-ssemp.sowiak.dev\/?page_id=16795","title":{"rendered":"OG\u0141OSZENIE O PRZETARGU &#8211; Projekt i budowa parkingu dla samochod\u00f3w ci\u0119\u017carowych w Podstrefie Nowogrodziec m. Wykroty (11.02.2022r.)"},"content":{"rendered":"<p><a href=\"https:\/\/old-ssemp.sowiak.dev\/?attachment_id=16796\" rel=\"attachment wp-att-16796\"><img loading=\"lazy\" decoding=\"async\" class=\"alignnone size-full wp-image-16796\" src=\"https:\/\/old-ssemp.sowiak.dev\/wordpress\/wp-content\/uploads\/2022\/02\/PARKING0001.jpg\" alt=\"PARKING0001\" width=\"2480\" height=\"3508\" srcset=\"https:\/\/old-ssemp.sowiak.dev\/wp-content\/uploads\/2022\/02\/PARKING0001.jpg 2480w, https:\/\/old-ssemp.sowiak.dev\/wp-content\/uploads\/2022\/02\/PARKING0001-212x300.jpg 212w, https:\/\/old-ssemp.sowiak.dev\/wp-content\/uploads\/2022\/02\/PARKING0001-768x1086.jpg 768w, https:\/\/old-ssemp.sowiak.dev\/wp-content\/uploads\/2022\/02\/PARKING0001-724x1024.jpg 724w\" sizes=\"auto, (max-width: 2480px) 100vw, 2480px\" \/><\/a><a href=\"https:\/\/old-ssemp.sowiak.dev\/?attachment_id=16797\" rel=\"attachment wp-att-16797\"><img loading=\"lazy\" decoding=\"async\" class=\"alignnone size-full wp-image-16797\" src=\"https:\/\/old-ssemp.sowiak.dev\/wordpress\/wp-content\/uploads\/2022\/02\/PARKING0002.jpg\" alt=\"PARKING0002\" width=\"2480\" height=\"3508\" srcset=\"https:\/\/old-ssemp.sowiak.dev\/wp-content\/uploads\/2022\/02\/PARKING0002.jpg 2480w, https:\/\/old-ssemp.sowiak.dev\/wp-content\/uploads\/2022\/02\/PARKING0002-212x300.jpg 212w, https:\/\/old-ssemp.sowiak.dev\/wp-content\/uploads\/2022\/02\/PARKING0002-768x1086.jpg 768w, https:\/\/old-ssemp.sowiak.dev\/wp-content\/uploads\/2022\/02\/PARKING0002-724x1024.jpg 724w\" sizes=\"auto, (max-width: 2480px) 100vw, 2480px\" \/><\/a><a href=\"https:\/\/old-ssemp.sowiak.dev\/?attachment_id=16798\" rel=\"attachment wp-att-16798\"><img loading=\"lazy\" decoding=\"async\" class=\"alignnone size-full wp-image-16798\" src=\"https:\/\/old-ssemp.sowiak.dev\/wordpress\/wp-content\/uploads\/2022\/02\/PARKING0003.jpg\" alt=\"PARKING0003\" width=\"2480\" height=\"3508\" srcset=\"https:\/\/old-ssemp.sowiak.dev\/wp-content\/uploads\/2022\/02\/PARKING0003.jpg 2480w, https:\/\/old-ssemp.sowiak.dev\/wp-content\/uploads\/2022\/02\/PARKING0003-212x300.jpg 212w, https:\/\/old-ssemp.sowiak.dev\/wp-content\/uploads\/2022\/02\/PARKING0003-768x1086.jpg 768w, https:\/\/old-ssemp.sowiak.dev\/wp-content\/uploads\/2022\/02\/PARKING0003-724x1024.jpg 724w\" sizes=\"auto, (max-width: 2480px) 100vw, 2480px\" \/><\/a><a href=\"https:\/\/old-ssemp.sowiak.dev\/?attachment_id=16799\" rel=\"attachment wp-att-16799\"><img loading=\"lazy\" decoding=\"async\" class=\"alignnone size-full wp-image-16799\" src=\"https:\/\/old-ssemp.sowiak.dev\/wordpress\/wp-content\/uploads\/2022\/02\/PARKING0004.jpg\" alt=\"PARKING0004\" width=\"2480\" height=\"3508\" srcset=\"https:\/\/old-ssemp.sowiak.dev\/wp-content\/uploads\/2022\/02\/PARKING0004.jpg 2480w, https:\/\/old-ssemp.sowiak.dev\/wp-content\/uploads\/2022\/02\/PARKING0004-212x300.jpg 212w, https:\/\/old-ssemp.sowiak.dev\/wp-content\/uploads\/2022\/02\/PARKING0004-768x1086.jpg 768w, https:\/\/old-ssemp.sowiak.dev\/wp-content\/uploads\/2022\/02\/PARKING0004-724x1024.jpg 724w\" sizes=\"auto, (max-width: 2480px) 100vw, 2480px\" \/><\/a><a href=\"https:\/\/old-ssemp.sowiak.dev\/?attachment_id=16800\" rel=\"attachment wp-att-16800\"><img loading=\"lazy\" decoding=\"async\" class=\"alignnone size-full wp-image-16800\" src=\"https:\/\/old-ssemp.sowiak.dev\/wordpress\/wp-content\/uploads\/2022\/02\/PARKING0005.jpg\" alt=\"PARKING0005\" width=\"2480\" height=\"3508\" srcset=\"https:\/\/old-ssemp.sowiak.dev\/wp-content\/uploads\/2022\/02\/PARKING0005.jpg 2480w, https:\/\/old-ssemp.sowiak.dev\/wp-content\/uploads\/2022\/02\/PARKING0005-212x300.jpg 212w, https:\/\/old-ssemp.sowiak.dev\/wp-content\/uploads\/2022\/02\/PARKING0005-768x1086.jpg 768w, https:\/\/old-ssemp.sowiak.dev\/wp-content\/uploads\/2022\/02\/PARKING0005-724x1024.jpg 724w\" sizes=\"auto, (max-width: 2480px) 100vw, 2480px\" \/><\/a><a href=\"https:\/\/old-ssemp.sowiak.dev\/?attachment_id=16801\" rel=\"attachment wp-att-16801\"><img loading=\"lazy\" decoding=\"async\" class=\"alignnone size-full wp-image-16801\" src=\"https:\/\/old-ssemp.sowiak.dev\/wordpress\/wp-content\/uploads\/2022\/02\/PARKING0006.jpg\" alt=\"PARKING0006\" width=\"2480\" height=\"3508\" srcset=\"https:\/\/old-ssemp.sowiak.dev\/wp-content\/uploads\/2022\/02\/PARKING0006.jpg 2480w, https:\/\/old-ssemp.sowiak.dev\/wp-content\/uploads\/2022\/02\/PARKING0006-212x300.jpg 212w, https:\/\/old-ssemp.sowiak.dev\/wp-content\/uploads\/2022\/02\/PARKING0006-768x1086.jpg 768w, https:\/\/old-ssemp.sowiak.dev\/wp-content\/uploads\/2022\/02\/PARKING0006-724x1024.jpg 724w\" sizes=\"auto, (max-width: 2480px) 100vw, 2480px\" \/><\/a><a href=\"https:\/\/old-ssemp.sowiak.dev\/?attachment_id=16802\" rel=\"attachment wp-att-16802\"><img loading=\"lazy\" decoding=\"async\" class=\"alignnone size-full wp-image-16802\" src=\"https:\/\/old-ssemp.sowiak.dev\/wordpress\/wp-content\/uploads\/2022\/02\/PARKING0007.jpg\" alt=\"PARKING0007\" width=\"2480\" height=\"3508\" srcset=\"https:\/\/old-ssemp.sowiak.dev\/wp-content\/uploads\/2022\/02\/PARKING0007.jpg 2480w, https:\/\/old-ssemp.sowiak.dev\/wp-content\/uploads\/2022\/02\/PARKING0007-212x300.jpg 212w, https:\/\/old-ssemp.sowiak.dev\/wp-content\/uploads\/2022\/02\/PARKING0007-768x1086.jpg 768w, https:\/\/old-ssemp.sowiak.dev\/wp-content\/uploads\/2022\/02\/PARKING0007-724x1024.jpg 724w\" sizes=\"auto, (max-width: 2480px) 100vw, 2480px\" \/><\/a><a href=\"https:\/\/old-ssemp.sowiak.dev\/?attachment_id=16803\" rel=\"attachment wp-att-16803\"><img loading=\"lazy\" decoding=\"async\" class=\"alignnone size-full wp-image-16803\" src=\"https:\/\/old-ssemp.sowiak.dev\/wordpress\/wp-content\/uploads\/2022\/02\/PARKING0008.jpg\" alt=\"PARKING0008\" width=\"2480\" height=\"3508\" srcset=\"https:\/\/old-ssemp.sowiak.dev\/wp-content\/uploads\/2022\/02\/PARKING0008.jpg 2480w, https:\/\/old-ssemp.sowiak.dev\/wp-content\/uploads\/2022\/02\/PARKING0008-212x300.jpg 212w, https:\/\/old-ssemp.sowiak.dev\/wp-content\/uploads\/2022\/02\/PARKING0008-768x1086.jpg 768w, https:\/\/old-ssemp.sowiak.dev\/wp-content\/uploads\/2022\/02\/PARKING0008-724x1024.jpg 724w\" sizes=\"auto, (max-width: 2480px) 100vw, 2480px\" \/><\/a><a href=\"https:\/\/old-ssemp.sowiak.dev\/?attachment_id=16804\" rel=\"attachment wp-att-16804\"><img loading=\"lazy\" decoding=\"async\" class=\"alignnone size-full wp-image-16804\" src=\"https:\/\/old-ssemp.sowiak.dev\/wordpress\/wp-content\/uploads\/2022\/02\/PARKING0009.jpg\" alt=\"PARKING0009\" width=\"2480\" height=\"3508\" srcset=\"https:\/\/old-ssemp.sowiak.dev\/wp-content\/uploads\/2022\/02\/PARKING0009.jpg 2480w, https:\/\/old-ssemp.sowiak.dev\/wp-content\/uploads\/2022\/02\/PARKING0009-212x300.jpg 212w, https:\/\/old-ssemp.sowiak.dev\/wp-content\/uploads\/2022\/02\/PARKING0009-768x1086.jpg 768w, https:\/\/old-ssemp.sowiak.dev\/wp-content\/uploads\/2022\/02\/PARKING0009-724x1024.jpg 724w\" sizes=\"auto, (max-width: 2480px) 100vw, 2480px\" \/><\/a><a href=\"https:\/\/old-ssemp.sowiak.dev\/?attachment_id=16805\" rel=\"attachment wp-att-16805\"><img loading=\"lazy\" decoding=\"async\" class=\"alignnone size-full wp-image-16805\" src=\"https:\/\/old-ssemp.sowiak.dev\/wordpress\/wp-content\/uploads\/2022\/02\/PARKING0010.jpg\" alt=\"PARKING0010\" width=\"2480\" height=\"3508\" srcset=\"https:\/\/old-ssemp.sowiak.dev\/wp-content\/uploads\/2022\/02\/PARKING0010.jpg 2480w, https:\/\/old-ssemp.sowiak.dev\/wp-content\/uploads\/2022\/02\/PARKING0010-212x300.jpg 212w, https:\/\/old-ssemp.sowiak.dev\/wp-content\/uploads\/2022\/02\/PARKING0010-768x1086.jpg 768w, https:\/\/old-ssemp.sowiak.dev\/wp-content\/uploads\/2022\/02\/PARKING0010-724x1024.jpg 724w\" sizes=\"auto, (max-width: 2480px) 100vw, 2480px\" \/><\/a><a href=\"https:\/\/old-ssemp.sowiak.dev\/?attachment_id=16806\" rel=\"attachment wp-att-16806\"><img loading=\"lazy\" decoding=\"async\" class=\"alignnone size-full wp-image-16806\" src=\"https:\/\/old-ssemp.sowiak.dev\/wordpress\/wp-content\/uploads\/2022\/02\/PARKING0011.jpg\" alt=\"PARKING0011\" width=\"2480\" height=\"3508\" srcset=\"https:\/\/old-ssemp.sowiak.dev\/wp-content\/uploads\/2022\/02\/PARKING0011.jpg 2480w, https:\/\/old-ssemp.sowiak.dev\/wp-content\/uploads\/2022\/02\/PARKING0011-212x300.jpg 212w, https:\/\/old-ssemp.sowiak.dev\/wp-content\/uploads\/2022\/02\/PARKING0011-768x1086.jpg 768w, https:\/\/old-ssemp.sowiak.dev\/wp-content\/uploads\/2022\/02\/PARKING0011-724x1024.jpg 724w\" sizes=\"auto, (max-width: 2480px) 100vw, 2480px\" \/><\/a><\/p>\n<h3><a href=\"https:\/\/old-ssemp.sowiak.dev\/wordpress\/wp-content\/uploads\/2016\/05\/ZA\u0141\u0104CZNIK-NR-1-WZ\u00d3R-UMOWY.doc\" target=\"_blank\">ZA\u0141\u0104CZNIK NR 1<\/a><\/h3>\n<h3><a href=\"https:\/\/old-ssemp.sowiak.dev\/wordpress\/wp-content\/uploads\/2016\/05\/ZA\u0141\u0104CZNIK-NR-2-FORMULARZ-OFERTY.doc\" target=\"_blank\">ZA\u0141\u0104CZNIK NR\u00a02<\/a><\/h3>\n<h3><a href=\"https:\/\/old-ssemp.sowiak.dev\/wordpress\/wp-content\/uploads\/2016\/05\/ZA\u0141\u0104CZNIK-NR-3-WYKAZ-ROB\u00d3T.docx\" target=\"_blank\">ZA\u0141\u0104CZNIK NR 3<\/a><\/h3>\n<h3><a href=\"https:\/\/old-ssemp.sowiak.dev\/wordpress\/wp-content\/uploads\/2016\/05\/ZA\u0141\u0104CZNIK-NR-4-WYKAZ-OS\u00d3B.docx\" target=\"_blank\">ZA\u0141\u0104CZNIK NR 4<\/a><\/h3>\n<h3><a href=\"https:\/\/old-ssemp.sowiak.dev\/wordpress\/wp-content\/uploads\/2022\/02\/SIWZ-parking.pdf\" target=\"_blank\">ZA\u0141\u0104CZNIK NR 5<\/a><\/h3>\n<h3><a href=\"https:\/\/old-ssemp.sowiak.dev\/wordpress\/wp-content\/uploads\/2016\/05\/ZA\u0141\u0104CZNIK-NR-6-PFU.pdf\" target=\"_blank\">ZA\u0141\u0104CZNIK NR 6<\/a><\/h3>\n<h3><a href=\"https:\/\/old-ssemp.sowiak.dev\/wordpress\/wp-content\/uploads\/2016\/05\/ZA\u0141\u0104CZNIK-NR-6A-PLANSZA-KONCEPCYJNA.pdf\" target=\"_blank\">ZA\u0141\u0104CZNIK NR 6a<\/a><\/h3>\n","protected":false},"excerpt":{"rendered":"<p>ZA\u0141\u0104CZNIK NR 1 ZA\u0141\u0104CZNIK NR\u00a02 ZA\u0141\u0104CZNIK NR 3 ZA\u0141\u0104CZNIK NR 4 ZA\u0141\u0104CZNIK NR 5 ZA\u0141\u0104CZNIK NR 6 ZA\u0141\u0104CZNIK NR 6a<\/p>\n","protected":false},"author":1,"featured_media":0,"parent":0,"menu_order":0,"comment_status":"closed","ping_status":"closed","template":"","meta":{"footnotes":""},"class_list":["post-16795","page","type-page","status-publish","hentry"],"_links":{"self":[{"href":"https:\/\/old-ssemp.sowiak.dev\/index.php?rest_route=\/wp\/v2\/pages\/16795","targetHints":{"allow":["GET"]}}],"collection":[{"href":"https:\/\/old-ssemp.sowiak.dev\/index.php?rest_route=\/wp\/v2\/pages"}],"about":[{"href":"https:\/\/old-ssemp.sowiak.dev\/index.php?rest_route=\/wp\/v2\/types\/page"}],"author":[{"embeddable":true,"href":"https:\/\/old-ssemp.sowiak.dev\/index.php?rest_route=\/wp\/v2\/users\/1"}],"replies":[{"embeddable":true,"href":"https:\/\/old-ssemp.sowiak.dev\/index.php?rest_route=%2Fwp%2Fv2%2Fcomments&post=16795"}],"version-history":[{"count":9,"href":"https:\/\/old-ssemp.sowiak.dev\/index.php?rest_route=\/wp\/v2\/pages\/16795\/revisions"}],"predecessor-version":[{"id":16964,"href":"https:\/\/old-ssemp.sowiak.dev\/index.php?rest_route=\/wp\/v2\/pages\/16795\/revisions\/16964"}],"wp:attachment":[{"href":"https:\/\/old-ssemp.sowiak.dev\/index.php?rest_route=%2Fwp%2Fv2%2Fmedia&parent=16795"}],"curies":[{"name":"wp","href":"https:\/\/api.w.org\/{rel}","templated":true}]}}