{"id":16442,"date":"2021-09-27T12:03:15","date_gmt":"2021-09-27T10:03:15","guid":{"rendered":"http:\/\/ssemp.pl\/?page_id=16442"},"modified":"2021-09-27T12:03:56","modified_gmt":"2021-09-27T10:03:56","slug":"zapytanie-ofertowe-o-cene-zimowego-utrzymania-drog-na-terenie-kssemp-w-wykrotach-w-sezonie-zimowym-20212022","status":"publish","type":"page","link":"https:\/\/old-ssemp.sowiak.dev\/?page_id=16442","title":{"rendered":"ZAPYTANIE OFERTOWE O CEN\u0118 zimowego utrzymania dr\u00f3g na terenie KSSEMP w Wykrotach w sezonie zimowym 2021\/2022"},"content":{"rendered":"<p><a href=\"https:\/\/old-ssemp.sowiak.dev\/?attachment_id=16443\" rel=\"attachment wp-att-16443\"><img loading=\"lazy\" decoding=\"async\" class=\"alignnone size-full wp-image-16443\" src=\"https:\/\/old-ssemp.sowiak.dev\/wordpress\/wp-content\/uploads\/2021\/09\/Og\u0142oszenie-Wykroty-21-22-a.jpg\" alt=\"Og\u0142oszenie-Wykroty-21-22-a\" width=\"2481\" height=\"3509\" srcset=\"https:\/\/old-ssemp.sowiak.dev\/wp-content\/uploads\/2021\/09\/Og\u0142oszenie-Wykroty-21-22-a.jpg 2481w, https:\/\/old-ssemp.sowiak.dev\/wp-content\/uploads\/2021\/09\/Og\u0142oszenie-Wykroty-21-22-a-212x300.jpg 212w, https:\/\/old-ssemp.sowiak.dev\/wp-content\/uploads\/2021\/09\/Og\u0142oszenie-Wykroty-21-22-a-768x1086.jpg 768w, https:\/\/old-ssemp.sowiak.dev\/wp-content\/uploads\/2021\/09\/Og\u0142oszenie-Wykroty-21-22-a-724x1024.jpg 724w\" sizes=\"auto, (max-width: 2481px) 100vw, 2481px\" \/><\/a><a href=\"https:\/\/old-ssemp.sowiak.dev\/?attachment_id=16444\" rel=\"attachment wp-att-16444\"><img loading=\"lazy\" decoding=\"async\" class=\"alignnone size-full wp-image-16444\" src=\"https:\/\/old-ssemp.sowiak.dev\/wordpress\/wp-content\/uploads\/2021\/09\/Og\u0142oszenie-Wykroty-21-22-b.jpg\" alt=\"Og\u0142oszenie-Wykroty-21-22-b\" width=\"2481\" height=\"3509\" srcset=\"https:\/\/old-ssemp.sowiak.dev\/wp-content\/uploads\/2021\/09\/Og\u0142oszenie-Wykroty-21-22-b.jpg 2481w, https:\/\/old-ssemp.sowiak.dev\/wp-content\/uploads\/2021\/09\/Og\u0142oszenie-Wykroty-21-22-b-212x300.jpg 212w, https:\/\/old-ssemp.sowiak.dev\/wp-content\/uploads\/2021\/09\/Og\u0142oszenie-Wykroty-21-22-b-768x1086.jpg 768w, https:\/\/old-ssemp.sowiak.dev\/wp-content\/uploads\/2021\/09\/Og\u0142oszenie-Wykroty-21-22-b-724x1024.jpg 724w\" sizes=\"auto, (max-width: 2481px) 100vw, 2481px\" \/><\/a><\/p>\n<h3 style=\"text-align: center;\"><a href=\"https:\/\/old-ssemp.sowiak.dev\/wordpress\/wp-content\/uploads\/2021\/09\/Za\u0142\u0105cznik-nr-1-Wykroty.docx\" target=\"_blank\">Za\u0142\u0105cznik nr 1<\/a><\/h3>\n<h3 style=\"text-align: center;\"><a href=\"https:\/\/old-ssemp.sowiak.dev\/wordpress\/wp-content\/uploads\/2021\/09\/Za\u0142\u0105cznik-nr-2-Wykroty.docx\" target=\"_blank\">Za\u0142\u0105cznik nr 2<\/a><\/h3>\n<h3 style=\"text-align: center;\"><a href=\"https:\/\/old-ssemp.sowiak.dev\/wordpress\/wp-content\/uploads\/2021\/09\/Za\u0142\u0105cznik-3-Wykroty.jpg\" target=\"_blank\">Za\u0142\u0105cznik nr 3<\/a><\/h3>\n","protected":false},"excerpt":{"rendered":"<p>Za\u0142\u0105cznik nr 1 Za\u0142\u0105cznik nr 2 Za\u0142\u0105cznik nr 3<\/p>\n","protected":false},"author":1,"featured_media":0,"parent":0,"menu_order":0,"comment_status":"closed","ping_status":"closed","template":"","meta":{"footnotes":""},"class_list":["post-16442","page","type-page","status-publish","hentry"],"_links":{"self":[{"href":"https:\/\/old-ssemp.sowiak.dev\/index.php?rest_route=\/wp\/v2\/pages\/16442","targetHints":{"allow":["GET"]}}],"collection":[{"href":"https:\/\/old-ssemp.sowiak.dev\/index.php?rest_route=\/wp\/v2\/pages"}],"about":[{"href":"https:\/\/old-ssemp.sowiak.dev\/index.php?rest_route=\/wp\/v2\/types\/page"}],"author":[{"embeddable":true,"href":"https:\/\/old-ssemp.sowiak.dev\/index.php?rest_route=\/wp\/v2\/users\/1"}],"replies":[{"embeddable":true,"href":"https:\/\/old-ssemp.sowiak.dev\/index.php?rest_route=%2Fwp%2Fv2%2Fcomments&post=16442"}],"version-history":[{"count":1,"href":"https:\/\/old-ssemp.sowiak.dev\/index.php?rest_route=\/wp\/v2\/pages\/16442\/revisions"}],"predecessor-version":[{"id":16448,"href":"https:\/\/old-ssemp.sowiak.dev\/index.php?rest_route=\/wp\/v2\/pages\/16442\/revisions\/16448"}],"wp:attachment":[{"href":"https:\/\/old-ssemp.sowiak.dev\/index.php?rest_route=%2Fwp%2Fv2%2Fmedia&parent=16442"}],"curies":[{"name":"wp","href":"https:\/\/api.w.org\/{rel}","templated":true}]}}