{"id":15481,"date":"2020-08-18T13:21:53","date_gmt":"2020-08-18T11:21:53","guid":{"rendered":"http:\/\/ssemp.pl\/?page_id=15481"},"modified":"2025-03-18T15:05:36","modified_gmt":"2025-03-18T14:05:36","slug":"dla-akcjonariuszy","status":"publish","type":"page","link":"https:\/\/old-ssemp.sowiak.dev\/?page_id=15481","title":{"rendered":"Dla akcjonariuszy"},"content":{"rendered":"<p>[vc_row][vc_column][vc_column_text]<\/p>\n<hr \/>\n<h3 style=\"text-align: center;\">Rok 2025<\/h3>\n<hr \/>\n<p><a href=\"https:\/\/old-ssemp.sowiak.dev\/wordpress\/wp-content\/uploads\/2016\/05\/Komunikat-BM-PKO-BP-Akcjonariusze.pdf\" target=\"_blank\">Komunikat BM PKO BP Akcjonariusze [17.03.2025]<\/a><\/p>\n<p><a href=\"https:\/\/old-ssemp.sowiak.dev\/wordpress\/wp-content\/uploads\/2016\/05\/FORMULARZ-DANYCH.docx\" target=\"_blank\">Wersja edytowalna formularza danych &#8211; dotyczy\u00a0Komunikatu BM PKO BP dla Akcjonariuszy [17.03.2025]<\/a><\/p>\n<p>&nbsp;<\/p>\n<hr \/>\n<h3 style=\"text-align: center;\">Rok 2024<\/h3>\n<hr \/>\n<p><a href=\"https:\/\/old-ssemp.sowiak.dev\/wordpress\/wp-content\/uploads\/2016\/05\/O\u015bwiadczenie-Akcjonariusza-o-odwo\u0142aniu-i-powo\u0142aniu-Cz\u0142onka-RN-IX-kadencji.pdf\" target=\"_blank\">O\u015bwiadczenie Akcjonariusza o powo\u0142aniu Cz\u0142onka RN IX kadencji [17.05.2024]<\/a><\/p>\n<p><a href=\"https:\/\/old-ssemp.sowiak.dev\/wordpress\/wp-content\/uploads\/2016\/05\/O\u015bwiadczenie-Akcjonariusza-o-powo\u0142aniu-Cz\u0142onka-RN-IX-kadencji.pdf\" target=\"_blank\">O\u015bwiadczenie Akcjonariusza o powo\u0142aniu Cz\u0142onka RN IX kadencji [29.04.2024]<\/a><\/p>\n<p><a href=\"https:\/\/old-ssemp.sowiak.dev\/wordpress\/wp-content\/uploads\/2016\/05\/O\u015bwiadczenie-Akcjonariusza-o-powo\u0142aniu-Cz\u0142onka-RN-IX-kadencji_0304.pdf\" target=\"_blank\">O\u015bwiadczenie Akcjonariusza o powo\u0142aniu Cz\u0142onka RN IX kadencji [02.04.2024]<\/a><\/p>\n<p><a href=\"https:\/\/old-ssemp.sowiak.dev\/wordpress\/wp-content\/uploads\/2020\/08\/O\u015bwiadczenie-Akcjonariusza-o-odwo\u0142aniu-Cz\u0142onka-RN-IX-kadencji_0324.pdf\" target=\"_blank\">O\u015bwiadczenie Akcjonariusza o odwo\u0142aniu Cz\u0142onka RN IX kadencji [15.03.2024]<\/a><\/p>\n<p><a href=\"https:\/\/old-ssemp.sowiak.dev\/wordpress\/wp-content\/uploads\/2016\/05\/O\u015bwiadczenie-Akcjonariusza-o-odwo\u0142aniu-Cz\u0142onka-RN-IX-kadencji.jpg\" target=\"_blank\">O\u015bwiadczenie Akcjonariusza o odwo\u0142aniu Cz\u0142onka RN IX kadencji [19.01.2024]<\/a><\/p>\n<hr \/>\n<h3 style=\"text-align: center;\">Rok 2022<\/h3>\n<hr \/>\n<p><a href=\"https:\/\/old-ssemp.sowiak.dev\/wordpress\/wp-content\/uploads\/2022\/11\/Informacja-do-Akcjonariuszy-SSEMP-S.A..pdf\" target=\"_blank\">Informacja do Akcjonariuszy SSEMP S.A. [04.11.2022]<\/a><\/p>\n<p><a href=\"https:\/\/old-ssemp.sowiak.dev\/wordpress\/wp-content\/uploads\/2020\/08\/O\u015bwiadczenie-Akcjonariusza-o-powo\u0142aniu-Cz\u0142onka-RN-IX-kadencji-1.pdf\" target=\"_blank\">O\u015bwiadczenie Akcjonariusza o powo\u0142aniu Cz\u0142onka RN IX kadencji<\/a><\/p>\n<p><a href=\"https:\/\/old-ssemp.sowiak.dev\/wordpress\/wp-content\/uploads\/2020\/08\/O\u015bwiadczenie-Akcjonariusza-o-powo\u0142aniu-Cz\u0142onka-RN-IX-kadencji.pdf\" target=\"_blank\">O\u015bwiadczenie Akcjonariusza o powo\u0142aniu Cz\u0142onka RN IX kadencji<\/a><\/p>\n<p><a href=\"https:\/\/old-ssemp.sowiak.dev\/wordpress\/wp-content\/uploads\/2020\/08\/Pismo-_-Wymogi-pe\u0142nienia-funkcji-w-Zarz\u0105dzie-i-Radzie-Nadzorczej.pdf\">Wymogi pe\u0142nienia funkcji w Zarz\u0105dzie i Radzie Nadzorczej<\/a><\/p>\n<p><a href=\"https:\/\/old-ssemp.sowiak.dev\/wordpress\/wp-content\/uploads\/2020\/08\/O\u015bwiadczenia-Akcjonariusza-o-powo\u0142aniu-Cz\u0142onk\u00f3w-RN-IX-kadencji.pdf\" target=\"_blank\">O\u015bwiadczenia Akcjonariusza o powo\u0142aniu Cz\u0142onk\u00f3w RN IX kadencji<\/a><\/p>\n<p><a href=\"https:\/\/old-ssemp.sowiak.dev\/wordpress\/wp-content\/uploads\/2016\/05\/O\u015bwiadczenia-w-sprawie-powo\u0142ania-cz\u0142onk\u00f3w-RN-IX-kadencji.pdf\" target=\"_blank\">O\u015bwiadczenie w sprawie zmian w sk\u0142adzie Rady Nadzorczej SSEMP S.A.\u00a0&#8211; 09.06.2022 r.<\/a><\/p>\n<p>&nbsp;<\/p>\n<hr \/>\n<h3 style=\"text-align: center;\">Rok 2021<\/h3>\n<hr \/>\n<p>&nbsp;<\/p>\n<p><a href=\"https:\/\/old-ssemp.sowiak.dev\/wordpress\/wp-content\/uploads\/2016\/05\/O\u015bwiadczenie-w-sprawie-zmian-w-sk\u0142adzie-Rady-Nadzorczej-SSEMP-S.A..pdf\" target=\"_blank\">O\u015bwiadczenie w sprawie zmian w sk\u0142adzie Rady Nadzorczej SSEMP S.A.\u00a0&#8211; 16.12.2021 r.<\/a><\/p>\n<p><a href=\"https:\/\/old-ssemp.sowiak.dev\/wordpress\/wp-content\/uploads\/2016\/05\/POWO\u0141ANIE-DO-RN-IX-KADENCJA.pdf\" target=\"_blank\">Informacja dla Akcjonariuszy &#8211; POWO\u0141ANIE DO RN &#8211; IX KADENCJA<\/a><\/p>\n<p><a href=\"https:\/\/old-ssemp.sowiak.dev\/wordpress\/wp-content\/uploads\/2020\/08\/Informacja-dla-Akcjonariuszy_05_07_21.pdf\" target=\"_blank\">Informacja dla Akcjonariuszy\u00a0z 05.07.2021 r.<\/a><\/p>\n<p><a href=\"https:\/\/old-ssemp.sowiak.dev\/wordpress\/wp-content\/uploads\/2016\/05\/Informacja-PKO-BP-BM-dla-Akcjonariuszy.pdf\" target=\"_blank\">Informacja PKO BP BM dla Akcjonariuszy<\/a><\/p>\n<p><a href=\"https:\/\/old-ssemp.sowiak.dev\/wordpress\/wp-content\/uploads\/2016\/05\/REGULAMIN-PROWADZENIA-REJESTRU-AKCJONARIUSZY.pdf\" target=\"_blank\">REGULAMIN PROWADZENIA REJESTRU AKCJONARIUSZY<\/a><\/p>\n<p><a href=\"https:\/\/old-ssemp.sowiak.dev\/wordpress\/wp-content\/uploads\/2021\/02\/Informacja-dla-Akcjonariuszy-zmiana-RN.pdf\" target=\"_blank\">INFORMACJA O ZMIANIE W SK\u0141ADZIE RADY NADZORCZEJ SSEMP S.A.<\/a><\/p>\n<p><a href=\"https:\/\/old-ssemp.sowiak.dev\/wordpress\/wp-content\/uploads\/2020\/08\/V-Wezwanie-Akcjonariuszy.pdf\">PI\u0104TE\u00a0WEZWANIE AKCJONARIUSZY SPECJALNEJ STREFY EKONOMICZNEJ MA\u0141EJ PRZEDSI\u0118BIORCZO\u015aCI S.A. DO Z\u0141O\u017bENIA DOKUMENT\u00d3W AKCJI (20.01.2020 r.)<\/a><\/p>\n<p>&nbsp;<\/p>\n<p>&nbsp;<\/p>\n<h3 style=\"text-align: center;\"><\/h3>\n<h3 style=\"text-align: center;\"><\/h3>\n<hr \/>\n<h3 style=\"text-align: center;\">Rok 2020<\/h3>\n<hr \/>\n<p>&nbsp;<\/p>\n<p><a href=\"https:\/\/old-ssemp.sowiak.dev\/wordpress\/wp-content\/uploads\/2016\/05\/IV-wezwanie-Akcjonariuszy.pdf\" target=\"_blank\">CZWARTE\u00a0WEZWANIE AKCJONARIUSZY SPECJALNEJ STREFY EKONOMICZNEJ MA\u0141EJ PRZEDSI\u0118BIORCZO\u015aCI S.A. DO Z\u0141O\u017bENIA DOKUMENT\u00d3W AKCJI (23.12.2020 r.)<\/a><\/p>\n<p><a href=\"https:\/\/old-ssemp.sowiak.dev\/wordpress\/wp-content\/uploads\/2020\/11\/III-wezwanie-Akcjonariuszy.pdf\" target=\"_blank\">TRZECIE WEZWANIE AKCJONARIUSZY SPECJALNEJ STREFY EKONOMICZNEJ MA\u0141EJ PRZEDSI\u0118BIORCZO\u015aCI S.A. DO Z\u0141O\u017bENIA DOKUMENT\u00d3W AKCJI (25.11.2020 r.)<\/a><\/p>\n<p><a href=\"https:\/\/old-ssemp.sowiak.dev\/wordpress\/wp-content\/uploads\/2020\/10\/II-wezwanie-do-Akcjonariuszy.pdf\" target=\"_blank\">DRUGIE WEZWANIE AKCJONARIUSZY SPECJALNEJ STREFY EKONOMICZNEJ MA\u0141EJ PRZEDSI\u0118BIORCZO\u015aCI S.A. DO Z\u0141O\u017bENIA DOKUMENT\u00d3W AKCJI (28.10.2020 r.<\/a>)<\/p>\n<p><a href=\"https:\/\/old-ssemp.sowiak.dev\/wordpress\/wp-content\/uploads\/2020\/09\/I-wezwanie-Akcjonariuszy.pdf\" target=\"_blank\">PIERWSZE WEZWANIE AKCJONARIUSZY SPECJALNEJ STREFY EKONOMICZNEJ MA\u0141EJ PRZEDSI\u0118BIORCZO\u015aCI S.A. DO Z\u0141O\u017bENIA DOKUMENT\u00d3W AKCJI (30.09.2020r.)<\/a><\/p>\n<p><a href=\"https:\/\/old-ssemp.sowiak.dev\/wordpress\/wp-content\/uploads\/2020\/09\/Akcjonariusze-pismo-inf..pdf\" target=\"_blank\">INFORMACJA z 30.09.2020 r.<\/a><\/p>\n<p><a href=\"https:\/\/old-ssemp.sowiak.dev\/wordpress\/wp-content\/uploads\/2020\/09\/PKO-BP-S.A.-informacja-o-przetwarzaniu-danych-osobowych.pdf\" target=\"_blank\">PKO BP S.A. informacja o przetwarzaniu danych osobowych (30.09.2020R.)<\/a><\/p>\n<hr \/>\n<p>&nbsp;<\/p>\n<p><a href=\"https:\/\/old-ssemp.sowiak.dev\/wordpress\/wp-content\/uploads\/2020\/08\/pismo-do-Akcjonariuszy-14.09.2020.pdf\" target=\"_blank\">Informacja z dnia 14.09.2020 r. (dematerializacja akcji)<\/a><\/p>\n<p style=\"text-align: left;\"><a href=\"https:\/\/old-ssemp.sowiak.dev\/wordpress\/wp-content\/uploads\/2020\/08\/wzor-oswiadczenia-za\u0142.-pisma-do-Akcjonariuszy.docx\" target=\"_blank\">Za\u0142\u0105cznik do pisma z 14.09.2020 r. (wz\u00f3r o\u015bwiadczenia)<\/a><\/p>\n<p>[\/vc_column_text][\/vc_column][\/vc_row]<\/p>\n","protected":false},"excerpt":{"rendered":"<p>[vc_row][vc_column][vc_column_text] Rok 2025 Komunikat BM PKO BP Akcjonariusze [17.03.2025] Wersja edytowalna formularza danych &#8211; dotyczy\u00a0Komunikatu BM PKO BP dla Akcjonariuszy [17.03.2025] &nbsp; Rok 2024 O\u015bwiadczenie Akcjonariusza o powo\u0142aniu Cz\u0142onka RN IX kadencji [17.05.2024] O\u015bwiadczenie Akcjonariusza o powo\u0142aniu Cz\u0142onka RN IX kadencji [29.04.2024] O\u015bwiadczenie Akcjonariusza o powo\u0142aniu Cz\u0142onka RN IX kadencji [02.04.2024] O\u015bwiadczenie Akcjonariusza o odwo\u0142aniu [&hellip;]<\/p>\n","protected":false},"author":1,"featured_media":0,"parent":0,"menu_order":0,"comment_status":"closed","ping_status":"closed","template":"","meta":{"footnotes":""},"class_list":["post-15481","page","type-page","status-publish","hentry"],"_links":{"self":[{"href":"https:\/\/old-ssemp.sowiak.dev\/index.php?rest_route=\/wp\/v2\/pages\/15481","targetHints":{"allow":["GET"]}}],"collection":[{"href":"https:\/\/old-ssemp.sowiak.dev\/index.php?rest_route=\/wp\/v2\/pages"}],"about":[{"href":"https:\/\/old-ssemp.sowiak.dev\/index.php?rest_route=\/wp\/v2\/types\/page"}],"author":[{"embeddable":true,"href":"https:\/\/old-ssemp.sowiak.dev\/index.php?rest_route=\/wp\/v2\/users\/1"}],"replies":[{"embeddable":true,"href":"https:\/\/old-ssemp.sowiak.dev\/index.php?rest_route=%2Fwp%2Fv2%2Fcomments&post=15481"}],"version-history":[{"count":43,"href":"https:\/\/old-ssemp.sowiak.dev\/index.php?rest_route=\/wp\/v2\/pages\/15481\/revisions"}],"predecessor-version":[{"id":20582,"href":"https:\/\/old-ssemp.sowiak.dev\/index.php?rest_route=\/wp\/v2\/pages\/15481\/revisions\/20582"}],"wp:attachment":[{"href":"https:\/\/old-ssemp.sowiak.dev\/index.php?rest_route=%2Fwp%2Fv2%2Fmedia&parent=15481"}],"curies":[{"name":"wp","href":"https:\/\/api.w.org\/{rel}","templated":true}]}}