{"id":15405,"date":"2020-06-23T11:52:14","date_gmt":"2020-06-23T09:52:14","guid":{"rendered":"http:\/\/ssemp.pl\/?page_id=15405"},"modified":"2024-07-03T10:44:21","modified_gmt":"2024-07-03T08:44:21","slug":"oferta-szkol","status":"publish","type":"page","link":"https:\/\/old-ssemp.sowiak.dev\/?page_id=15405","title":{"rendered":"Oferta szk\u00f3\u0142"},"content":{"rendered":"<hr \/>\n<h3 style=\"text-align: center;\"><span style=\"color: #000080;\"><em><strong>Nowe kierunki kszta\u0142cenia w roku szkolnym 2024\/2025<\/strong><\/em><\/span><\/h3>\n<hr \/>\n<h4 style=\"text-align: left;\">Zesp\u00f3\u0142 Szk\u00f3\u0142 Mechanicznych w Boles\u0142awcu<\/h4>\n<ul>\n<li><span style=\"color: #000080;\"><strong>Technik transportu drogoweg<\/strong><\/span>o to atrakcyjny kierunek ze wzgl\u0119d\u00f3w finansowych i dynamiki zatrudnienia. Jako technik transportu drogowego b\u0119dziesz potrafi\u0142 ocenia\u0107 stan techniczny \u015brodk\u00f3w transportu drogowego, wykonywa\u0107 prace zwi\u0105zane z obs\u0142ug\u0105 \u015brodk\u00f3w transportu drogowego, planowa\u0107 i organizowa\u0107 prace dotycz\u0105ce przewozu drogowego os\u00f3b i \u0142adunk\u00f3w, prowadzi\u0107 dokumentacje dotycz\u0105c\u0105 przewozu drogowego os\u00f3b i \u0142adunk\u00f3w. Technik transportu drogowego posiada r\u00f3wnie\u017c umiej\u0119tno\u015bci prowadzenia pojazd\u00f3w samochodowych. Po zdaniu egzamin\u00f3w pa\u0144stwowych mo\u017ce uzyska\u0107 uprawnienia do prowadzenia pojazd\u00f3w kategorii B, C oraz C+E. Jako technik transportu drogowego b\u0119dziesz pracowa\u0142 w\u00a0przedsi\u0119biorstwach transportowych, w zak\u0142adach serwisowych, stacjach obs\u0142ugi i kontroli pojazd\u00f3w, przedsi\u0119biorstwach transportu samochodowego jako specjalista, instytucjach i\u00a0urz\u0119dach administracji pa\u0144stwowej i samorz\u0105dowej oraz we w\u0142asnej firmie transportowej, prowadz\u0105c dzia\u0142alno\u015b\u0107 gospodarcz\u0105.<\/li>\n<\/ul>\n<p><strong>Klasyfikacje zawodowe:<\/strong><br \/>\nTDR.01. Eksploatacja\u015brodk\u00f3w transportu drogowego<br \/>\nTDR.02. Organizacja przewozu \u015brodkami transportu drogowego<\/p>\n<p><strong>Zesp\u00f3\u0142 Szk\u00f3\u0142 Rzemios\u0142a Artystycznych w Jeleniej G\u00f3rze<\/strong><\/p>\n<div class=\"x11i5rnm xat24cr x1mh8g0r x1vvkbs xtlvy1s x126k92a\">\n<div dir=\"auto\"><strong><span style=\"color: #000080;\">Technikum Reklamy z innowacj\u0105 pedagogiczn\u0105 AI marketing<\/span><\/strong>: wprowadzaj\u0105ca wykorzystanie sztucznej inteligencji w mediach spoeczno\u015bciowych. Uczniowie zdob\u0119d\u0105 nowe umiej\u0119tno\u015bci poszukiwane na rynku pracy.<\/div>\n<\/div>\n<div class=\"x11i5rnm xat24cr x1mh8g0r x1vvkbs xtlvy1s x126k92a\">\n<div dir=\"auto\">Praktyczna nauka: realizacja nowczesnych projekt\u00f3w reklamowych, wsp\u00f3\u0142praca z lokalnymi firmami.<\/div>\n<\/div>\n<div class=\"x11i5rnm xat24cr x1mh8g0r x1vvkbs xtlvy1s x126k92a\">\n<div dir=\"auto\">Absolwent technikum reklamy:<\/div>\n<\/div>\n<div class=\"x11i5rnm xat24cr x1mh8g0r x1vvkbs xtlvy1s x126k92a\">\n<ul>\n<li dir=\"auto\">potrafi tworzy\u0107 i realizowa\u0107 kampanie reklamowe w r\u00f3\u017cnych mediach,<\/li>\n<li dir=\"auto\">posiada umiej\u0119tno\u015bci analityczne i badawcze,<\/li>\n<li dir=\"auto\">zna si\u0119 na marketingu internetowym i social media,<\/li>\n<li dir=\"auto\">umie pracowa\u0107 w zespole i samodzielnie,<\/li>\n<li dir=\"auto\">jest kreatywny i pomys\u0142owy.<\/li>\n<\/ul>\n<p>Sztuczna inteligencja to technologia, kt\u00f3ra pozwala na tworzenie program\u00f3w komputerowych, kt\u00f3re s\u0105 w stanie\u00a0<b>na\u015bladowa\u0107 ludzkie zachowania i podejmowa\u0107 decyzje na podstawie analizy danych.<\/b>\u00a0Mo\u017ce mie\u0107 zastosowanie w wielu dziedzinach, w tym w marketingu. W marketingu AI pozwala na analizowanie i przetwarzanie du\u017cych ilo\u015bci danych, aby\u00a0<b>wyci\u0105ga\u0107 wnioski i podejmowa\u0107 lepsze decyzje biznesowe.<\/b><\/p>\n<\/div>\n<hr \/>\n<h3 style=\"text-align: center;\"><span style=\"color: #000080;\"><strong><em>Uruchomienie klas pod Patronatem<\/em><\/strong><\/span><\/h3>\n<hr \/>\n<p>Od wrze\u015bnia 2023 roku nast\u0119puj\u0105ce klasy zostan\u0105 obj\u0119te patronatem:<\/p>\n<p><em><strong>Zesp\u00f3\u0142 Szk\u00f3\u0142 Ekonomiczno-turystycznych w Jeleniej G\u00f3rze<\/strong> <\/em>\u2013 technikum eksploatacji port\u00f3w i terminali \u2013 Patronat firma PKP IC<\/p>\n<p><em><strong>Zesp\u00f3\u0142 Szk\u00f3\u0142 Technicznych \u201eMechanik\u201d w Jeleniej G\u00f3rze<\/strong><\/em> \u2013 zaw\u00f3d dekarz \u2013 Patronat Polskie Stowarzyszenie Dekarzy oddzia\u0142 dolno\u015bl\u0105ski<\/p>\n<p><em><strong>Zesp\u00f3\u0142 Szk\u00f3\u0142 Technicznych i Bran\u017cowych w Jeleniej G\u00f3rze<\/strong><\/em> \u2013 technik handlowiec \u2013 Patronat Leroy Merlin<\/p>\n<p><em><strong>Zesp\u00f3\u0142 Szk\u00f3\u0142 Ponadpodstawowych w Zgorzelcu<\/strong> <\/em>\u2013 sprzedawca \u2013 Patronat Castorama Polska Sp. z o.o.<\/p>\n<hr \/>\n<h3 style=\"text-align: center;\"><span style=\"color: #000080;\"><em><strong>Nowe kierunki kszta\u0142cenia w roku szkolnym 2023\/2024<\/strong><\/em><\/span><\/h3>\n<hr \/>\n<p>&nbsp;<\/p>\n<p><strong>Zesp\u00f3\u0142 Szk\u00f3\u0142 Rzemios\u0142 Artystycznych w Jeleniej G\u00f3rze<\/strong><\/p>\n<ul>\n<li>technik reklamy ze specjalno\u015bci\u0105 social media<\/li>\n<li>technik informatyk z programowaniem aplikacji internetowych typu SPA<\/li>\n<li>snycerstwo specjalizacja w liceum plastycznym<\/li>\n<li>szk\u0142o artystyczne specjalizacja w liceum plastycznym<\/li>\n<\/ul>\n<p><strong>Zesp\u00f3\u0142 Szk\u00f3\u0142 Elektronicznych w Jeleniej G\u00f3rze<\/strong><\/p>\n<ul>\n<li>technik programista o kwalifikacjach:<\/li>\n<li>tworzenie i administrowanie stronami i aplikacjami internetowymi oraz bazami danych<\/li>\n<li>programowanie i testowanie aplikacji<\/li>\n<\/ul>\n<p><strong>Zesp\u00f3\u0142 Szk\u00f3\u0142 Technicznych \u201eMechanik\u201d w Jeleniej G\u00f3rze<\/strong><\/p>\n<ul>\n<li>dekarz<\/li>\n<\/ul>\n<p><em>Kszta\u0142cenie w <strong>Szkole Bran\u017cowej II Stopnia<\/strong> prowadzone jest dla absolwent\u00f3w bran\u017cowej szko\u0142y I <\/em>stopnia w zawodach:<\/p>\n<ul>\n<li>mechanik pojazd\u00f3w samochodowych &#8211; MOT.05<\/li>\n<li>elektromechanik pojazd\u00f3w samochodowych \u2013 MOT.02<\/li>\n<\/ul>\n<p>Do bran\u017cowej szko\u0142y II stopnia przyjmuje si\u0119 kandydat\u00f3w, kt\u00f3rzy uko\u0144czyli bran\u017cow\u0105 szko\u0142\u0119 I<br \/>\nstopnia, b\u0119d\u0105cych absolwentami o\u015bmioletniej szko\u0142y podstawowej.<\/p>\n<p><strong>Zesp\u00f3\u0142 Szk\u00f3\u0142 Technicznych i Bran\u017cowych w Jeleniej G\u00f3rze<\/strong><\/p>\n<ul>\n<li>technik us\u0142ug fryzjerskich \u2013 specjalno\u015b\u0107 elementy wiza\u017cu<\/li>\n<li>technik \u017cywienia i us\u0142ug gastronomicznych \u2013 specjalno\u015b\u0107 barista<\/li>\n<\/ul>\n<p><strong>Zesp\u00f3\u0142 Szk\u00f3\u0142 Elektryczno-Mechanicznych w Lubaniu<\/strong><\/p>\n<ul>\n<li>technik urz\u0105dze\u0144 i system\u00f3w energetyki odnawialnej<\/li>\n<\/ul>\n<hr \/>\n<h3 style=\"text-align: center;\"><strong><em><span style=\"color: #000080;\">Co nowego w ofertach edukacyjnych szk\u00f3\u0142 ponadpodstawowych na rok szkolny 2022\/2023 ?<\/span><\/em><\/strong><\/h3>\n<hr \/>\n<p><span style=\"color: #000080;\"><strong>Zesp\u00f3\u0142 Szk\u00f3\u0142 Mechanicznych w Boles\u0142awcu:<\/strong><\/span><\/p>\n<p><strong><span style=\"color: #000080;\">Technik spawalnictwa<\/span><\/strong> to zaw\u00f3d ceniony i poszukiwany na rynku pracy w zwi\u0105zku z niedoborem tego rodzaju specjalist\u00f3w. Du\u017ca liczba funkcjonuj\u0105cych na rynku przedsi\u0119biorstw wykonuj\u0105ce wyroby i konstrukcje spawane<strong>,\u00a0<\/strong>a tak\u017ce wiele zak\u0142ad\u00f3w wykorzystuje\u00a0 spawanie jako proces pomocniczy. Dlatego niezb\u0119dny jest nadz\u00f3r wykwalifikowanej kadry nad procesem spajania we wszystkich fazach tego procesu. Bardzo istotn\u0105 rol\u0119 odgrywa tu \u015bredni personel nadzoru spawalniczego.<\/p>\n<p>Jako technik spawalnictwa znajdziesz prac\u0119 w r\u00f3\u017cnych przedsi\u0119biorstwach, w kt\u00f3rych technologie spawania s\u0105 wiod\u0105ce albo pomocnicze. Mo\u017cesz tam pe\u0142ni\u0107 funkcj\u0119 technologa albo kontrolera jako\u015bci.. Technicy spawalnicy mog\u0105 by\u0107<strong>\u00a0<\/strong>zatrudnieni jako kierownicy sekcji technologicznej lub spawalnik \u2013 technolog, spawalnik produkcji, mistrz spawalniczy. Nabyte przygotowanie zawodowe stanowi tak\u017ce dobre podstawy do podj\u0119cia studi\u00f3w wy\u017cszych oraz szkole\u0144 z zakresu uprawnie\u0144 personelu spawalniczego.<\/p>\n<p><strong>Kwalifikacje zawodowe<u>:<\/u><\/strong><br \/>\n<strong>MEC.08.<\/strong>\u00a0Wykonywanie i naprawa element\u00f3w maszyn, urz\u0105dze\u0144 i narz\u0119dzi<br \/>\n<strong>MEC.10.<\/strong>\u00a0Organizacja i wykonywanie prac spawalniczych<\/p>\n<p><span style=\"color: #000080;\"><strong>Zesp\u00f3\u0142 Szk\u00f3\u0142 Og\u00f3lnokszta\u0142c\u0105cych i Zawodowych\u00a0im. mjra H.Sucharskiego w Boles\u0142awcu:<\/strong><\/span><\/p>\n<p><strong><span style=\"color: #000080;\">Technik rachunkowo\u015bci<\/span><\/strong> jest zawodem, kt\u00f3ry wyst\u0119puje niemal w ka\u017cdym podmiocie gospodarczym. Osoby ucz\u0105ce si\u0119 na kierunku mog\u0105 odbywa\u0107 praktyki oraz znale\u017a\u0107 prac\u0119 w ka\u017cdym zak\u0142adzie pracy. Ponadto absolwent kierunku jest wyposa\u017cony we wszystkie kompetencje niezb\u0119dne do prowadzenia w\u0142asnej dzia\u0142alno\u015bci<\/p>\n<p><strong>Kwalifikacje zawodowe<u>:<\/u><\/strong><br \/>\n<strong>EKA.05.<\/strong>\u00a0Prowadzenie prac kadrowo-p\u0142acowych i gospodarki finansowej jednostek organizacyjnych<br \/>\n<strong>EKA.07.<\/strong>\u00a0Prowadzenie rachunkowo\u015bci<\/p>\n<p>&nbsp;<\/p>\n<hr \/>\n<h3 style=\"text-align: center;\"><em><span style=\"color: #000080;\">Reagowanie na potrzeby rynku pracy<\/span><\/em><\/h3>\n<hr \/>\n<p>Ministerstwo Edukacji i Nauki wprowadza 4\u00a0 nowe zawody w kwalifikacji zawod\u00f3w szkolnictwa bran\u017cowego:<\/p>\n<p><strong>Technik dekarstwa<\/strong>\u00a0. Kszta\u0142cenie w zawodzie Technik dekarstwa, przypisanym do bran\u017cy budowlanej, b\u0119dzie realizowane w technikum oraz bran\u017cowej szkole II stopnia &#8211; na \u201epodbudowie\u201d zawodu Dekarz.<\/p>\n<p><strong>Technik stylista<\/strong>\u00a0jest odpowiedzi\u0105 na znacz\u0105cy deficyt wykwalifikowanej kadry o interdyscyplinarnych umiej\u0119tno\u015bciach w bran\u017cy przemys\u0142u mody. W zawodzie tym b\u0119dzie mo\u017cna kszta\u0142ci\u0107 si\u0119 w technikum oraz bran\u017cowej szkole II stopnia &#8211; na \u201epodbudowie\u201d zawodu Krawiec.<\/p>\n<p><strong>Technik robotyk<\/strong>, przypisanego do bran\u017cy elektroniczno-mechatronicznej, w kt\u00f3rym kszta\u0142cenie b\u0119dzie odbywa\u0142o si\u0119 w technikum, jest wynikiem oczekiwa\u0144 szerokiej grupy pracodawc\u00f3w w zwi\u0105zku z informatyzacj\u0105, automatyzacj\u0105 i robotyzacj\u0105 proces\u00f3w produkcyjnych. Takie zapotrzebowanie potwierdzi\u0142a r\u00f3wnie\u017c opinia organizacji pracodawc\u00f3w \u201eKonfederacja Lewiatan\u201d.<\/p>\n<p><strong>Technik dekarstwa, Technik stylista<\/strong>\u00a0oraz\u00a0<strong>Technik robotyk<\/strong>\u00a0mo\u017cliwe b\u0119dzie prowadzenie kwalifikacyjnych kurs\u00f3w zawodowych oraz kurs\u00f3w umiej\u0119tno\u015bci zawodowych. Natomiast wprowadzenie do systemu o\u015bwiaty zawodu\u00a0<strong>Podolog<\/strong>\u00a0(pozytywnie zaopiniowane przez organizacj\u0119 pracodawc\u00f3w \u201eKonfederacja Lewiatan\u201d) wynika z\u00a0braku wykwalifikowanej kadry na potrzeby us\u0142ug podologicznych. Zapotrzebowanie na us\u0142ugi podologa jest bardzo du\u017ce, co wynika m.in. z rozwoju chor\u00f3b cywilizacyjnych np.: cukrzycy, oty\u0142o\u015bci oraz zmian demograficznych \u2013 starzenie si\u0119 spo\u0142ecze\u0144stwa przy jednoczesnym wyd\u0142u\u017caniu si\u0119 ludzkiego \u017cycia. Zaw\u00f3d Podolog w\u00a0klasyfikacji zawod\u00f3w szkolnictwa bran\u017cowego zosta\u0142 przyporz\u0105dkowany do bran\u017cy fryzjersko-kosmetycznej. Nauka w tym zawodzie b\u0119dzie mo\u017cliwa wy\u0142\u0105cznie w\u00a0dwuletniej szkole policealnej prowadz\u0105cej kszta\u0142cenie w formie dziennej lub stacjonarnej, bez mo\u017cliwo\u015bci kszta\u0142cenia na kwalifikacyjnych kursach zawodowych lub kursach umiej\u0119tno\u015bci zawodowych.<\/p>\n<p><img loading=\"lazy\" decoding=\"async\" class=\"alignnone size-full wp-image-15409\" src=\"https:\/\/old-ssemp.sowiak.dev\/wordpress\/wp-content\/uploads\/2020\/06\/school-001.jpg\" alt=\"school 001\" width=\"2481\" height=\"3509\" srcset=\"https:\/\/old-ssemp.sowiak.dev\/wp-content\/uploads\/2020\/06\/school-001.jpg 2481w, https:\/\/old-ssemp.sowiak.dev\/wp-content\/uploads\/2020\/06\/school-001-212x300.jpg 212w, https:\/\/old-ssemp.sowiak.dev\/wp-content\/uploads\/2020\/06\/school-001-768x1086.jpg 768w, https:\/\/old-ssemp.sowiak.dev\/wp-content\/uploads\/2020\/06\/school-001-724x1024.jpg 724w\" sizes=\"auto, (max-width: 2481px) 100vw, 2481px\" \/><\/p>\n<p><img loading=\"lazy\" decoding=\"async\" class=\"alignnone size-full wp-image-15408\" src=\"https:\/\/old-ssemp.sowiak.dev\/wordpress\/wp-content\/uploads\/2020\/06\/school-002.jpg\" alt=\"school 002\" width=\"2481\" height=\"3509\" srcset=\"https:\/\/old-ssemp.sowiak.dev\/wp-content\/uploads\/2020\/06\/school-002.jpg 2481w, https:\/\/old-ssemp.sowiak.dev\/wp-content\/uploads\/2020\/06\/school-002-212x300.jpg 212w, https:\/\/old-ssemp.sowiak.dev\/wp-content\/uploads\/2020\/06\/school-002-768x1086.jpg 768w, https:\/\/old-ssemp.sowiak.dev\/wp-content\/uploads\/2020\/06\/school-002-724x1024.jpg 724w\" sizes=\"auto, (max-width: 2481px) 100vw, 2481px\" \/><\/p>\n<p><img loading=\"lazy\" decoding=\"async\" class=\"alignnone size-full wp-image-15407\" src=\"https:\/\/old-ssemp.sowiak.dev\/wordpress\/wp-content\/uploads\/2020\/06\/school-003.jpg\" alt=\"school 003\" width=\"2481\" height=\"3509\" srcset=\"https:\/\/old-ssemp.sowiak.dev\/wp-content\/uploads\/2020\/06\/school-003.jpg 2481w, https:\/\/old-ssemp.sowiak.dev\/wp-content\/uploads\/2020\/06\/school-003-212x300.jpg 212w, https:\/\/old-ssemp.sowiak.dev\/wp-content\/uploads\/2020\/06\/school-003-768x1086.jpg 768w, https:\/\/old-ssemp.sowiak.dev\/wp-content\/uploads\/2020\/06\/school-003-724x1024.jpg 724w\" sizes=\"auto, (max-width: 2481px) 100vw, 2481px\" \/><\/p>\n<p><img loading=\"lazy\" decoding=\"async\" class=\"alignnone size-full wp-image-15406\" src=\"https:\/\/old-ssemp.sowiak.dev\/wordpress\/wp-content\/uploads\/2020\/06\/school-004.jpg\" alt=\"school 004\" width=\"2481\" height=\"3509\" srcset=\"https:\/\/old-ssemp.sowiak.dev\/wp-content\/uploads\/2020\/06\/school-004.jpg 2481w, https:\/\/old-ssemp.sowiak.dev\/wp-content\/uploads\/2020\/06\/school-004-212x300.jpg 212w, https:\/\/old-ssemp.sowiak.dev\/wp-content\/uploads\/2020\/06\/school-004-768x1086.jpg 768w, https:\/\/old-ssemp.sowiak.dev\/wp-content\/uploads\/2020\/06\/school-004-724x1024.jpg 724w\" sizes=\"auto, (max-width: 2481px) 100vw, 2481px\" \/><\/p>\n","protected":false},"excerpt":{"rendered":"<p>Nowe kierunki kszta\u0142cenia w roku szkolnym 2024\/2025 Zesp\u00f3\u0142 Szk\u00f3\u0142 Mechanicznych w Boles\u0142awcu Technik transportu drogowego to atrakcyjny kierunek ze wzgl\u0119d\u00f3w finansowych i dynamiki zatrudnienia. Jako technik transportu drogowego b\u0119dziesz potrafi\u0142 ocenia\u0107 stan techniczny \u015brodk\u00f3w transportu drogowego, wykonywa\u0107 prace zwi\u0105zane z obs\u0142ug\u0105 \u015brodk\u00f3w transportu drogowego, planowa\u0107 i organizowa\u0107 prace dotycz\u0105ce przewozu drogowego os\u00f3b i \u0142adunk\u00f3w, prowadzi\u0107 [&hellip;]<\/p>\n","protected":false},"author":1,"featured_media":0,"parent":0,"menu_order":0,"comment_status":"closed","ping_status":"closed","template":"","meta":{"footnotes":""},"class_list":["post-15405","page","type-page","status-publish","hentry"],"_links":{"self":[{"href":"https:\/\/old-ssemp.sowiak.dev\/index.php?rest_route=\/wp\/v2\/pages\/15405","targetHints":{"allow":["GET"]}}],"collection":[{"href":"https:\/\/old-ssemp.sowiak.dev\/index.php?rest_route=\/wp\/v2\/pages"}],"about":[{"href":"https:\/\/old-ssemp.sowiak.dev\/index.php?rest_route=\/wp\/v2\/types\/page"}],"author":[{"embeddable":true,"href":"https:\/\/old-ssemp.sowiak.dev\/index.php?rest_route=\/wp\/v2\/users\/1"}],"replies":[{"embeddable":true,"href":"https:\/\/old-ssemp.sowiak.dev\/index.php?rest_route=%2Fwp%2Fv2%2Fcomments&post=15405"}],"version-history":[{"count":10,"href":"https:\/\/old-ssemp.sowiak.dev\/index.php?rest_route=\/wp\/v2\/pages\/15405\/revisions"}],"predecessor-version":[{"id":19703,"href":"https:\/\/old-ssemp.sowiak.dev\/index.php?rest_route=\/wp\/v2\/pages\/15405\/revisions\/19703"}],"wp:attachment":[{"href":"https:\/\/old-ssemp.sowiak.dev\/index.php?rest_route=%2Fwp%2Fv2%2Fmedia&parent=15405"}],"curies":[{"name":"wp","href":"https:\/\/api.w.org\/{rel}","templated":true}]}}