{"id":15312,"date":"2020-05-13T08:53:08","date_gmt":"2020-05-13T06:53:08","guid":{"rendered":"http:\/\/ssemp.pl\/?page_id=15312"},"modified":"2020-05-13T08:53:08","modified_gmt":"2020-05-13T06:53:08","slug":"gryfow-slaski-2020-05-13-pl","status":"publish","type":"page","link":"https:\/\/old-ssemp.sowiak.dev\/?page_id=15312","title":{"rendered":"Gryf\u00f3w \u015al\u0105ski &#8211; 2020.05.13 [PL]"},"content":{"rendered":"<p><img loading=\"lazy\" decoding=\"async\" class=\"alignnone size-full wp-image-15313\" src=\"https:\/\/old-ssemp.sowiak.dev\/wordpress\/wp-content\/uploads\/2020\/05\/Gryf\u00f3w-13.05.2020-PL-s1.jpg\" alt=\"Gryf\u00f3w 13.05.2020 PL s1\" width=\"2481\" height=\"3509\" srcset=\"https:\/\/old-ssemp.sowiak.dev\/wp-content\/uploads\/2020\/05\/Gryf\u00f3w-13.05.2020-PL-s1.jpg 2481w, https:\/\/old-ssemp.sowiak.dev\/wp-content\/uploads\/2020\/05\/Gryf\u00f3w-13.05.2020-PL-s1-212x300.jpg 212w, https:\/\/old-ssemp.sowiak.dev\/wp-content\/uploads\/2020\/05\/Gryf\u00f3w-13.05.2020-PL-s1-768x1086.jpg 768w, https:\/\/old-ssemp.sowiak.dev\/wp-content\/uploads\/2020\/05\/Gryf\u00f3w-13.05.2020-PL-s1-724x1024.jpg 724w\" sizes=\"auto, (max-width: 2481px) 100vw, 2481px\" \/><img loading=\"lazy\" decoding=\"async\" class=\"alignnone size-full wp-image-15314\" src=\"https:\/\/old-ssemp.sowiak.dev\/wordpress\/wp-content\/uploads\/2020\/05\/Gryf\u00f3w-13.05.2020-PL-s2.jpg\" alt=\"Gryf\u00f3w 13.05.2020 PL s2\" width=\"2481\" height=\"3509\" srcset=\"https:\/\/old-ssemp.sowiak.dev\/wp-content\/uploads\/2020\/05\/Gryf\u00f3w-13.05.2020-PL-s2.jpg 2481w, https:\/\/old-ssemp.sowiak.dev\/wp-content\/uploads\/2020\/05\/Gryf\u00f3w-13.05.2020-PL-s2-212x300.jpg 212w, https:\/\/old-ssemp.sowiak.dev\/wp-content\/uploads\/2020\/05\/Gryf\u00f3w-13.05.2020-PL-s2-768x1086.jpg 768w, https:\/\/old-ssemp.sowiak.dev\/wp-content\/uploads\/2020\/05\/Gryf\u00f3w-13.05.2020-PL-s2-724x1024.jpg 724w\" sizes=\"auto, (max-width: 2481px) 100vw, 2481px\" \/><\/p>\n","protected":false},"excerpt":{"rendered":"","protected":false},"author":1,"featured_media":0,"parent":0,"menu_order":0,"comment_status":"closed","ping_status":"closed","template":"","meta":{"footnotes":""},"class_list":["post-15312","page","type-page","status-publish","hentry"],"_links":{"self":[{"href":"https:\/\/old-ssemp.sowiak.dev\/index.php?rest_route=\/wp\/v2\/pages\/15312","targetHints":{"allow":["GET"]}}],"collection":[{"href":"https:\/\/old-ssemp.sowiak.dev\/index.php?rest_route=\/wp\/v2\/pages"}],"about":[{"href":"https:\/\/old-ssemp.sowiak.dev\/index.php?rest_route=\/wp\/v2\/types\/page"}],"author":[{"embeddable":true,"href":"https:\/\/old-ssemp.sowiak.dev\/index.php?rest_route=\/wp\/v2\/users\/1"}],"replies":[{"embeddable":true,"href":"https:\/\/old-ssemp.sowiak.dev\/index.php?rest_route=%2Fwp%2Fv2%2Fcomments&post=15312"}],"version-history":[{"count":1,"href":"https:\/\/old-ssemp.sowiak.dev\/index.php?rest_route=\/wp\/v2\/pages\/15312\/revisions"}],"predecessor-version":[{"id":15315,"href":"https:\/\/old-ssemp.sowiak.dev\/index.php?rest_route=\/wp\/v2\/pages\/15312\/revisions\/15315"}],"wp:attachment":[{"href":"https:\/\/old-ssemp.sowiak.dev\/index.php?rest_route=%2Fwp%2Fv2%2Fmedia&parent=15312"}],"curies":[{"name":"wp","href":"https:\/\/api.w.org\/{rel}","templated":true}]}}