{"id":14183,"date":"2018-12-28T11:37:26","date_gmt":"2018-12-28T10:37:26","guid":{"rendered":"http:\/\/ssemp.pl\/?page_id=14183"},"modified":"2021-05-17T09:16:51","modified_gmt":"2021-05-17T07:16:51","slug":"gmina-odolanow-gmina-miejsko-wiejska","status":"publish","type":"page","link":"https:\/\/old-ssemp.sowiak.dev\/?page_id=14183","title":{"rendered":"gmina Odolan\u00f3w &#8211; gmina miejsko- wiejska"},"content":{"rendered":"<p>[vc_row][vc_column][vc_empty_space height=&#8221;60px&#8221;][vc_text_separator title=&#8221;gmina Odolan\u00f3w&#8221;][vc_empty_space height=&#8221;30px&#8221;][\/vc_column][\/vc_row][vc_row][vc_column][vc_column_text]<\/p>\n<p>[\/vc_column_text][\/vc_column][\/vc_row][vc_row][vc_column width=&#8221;1\/2&#8243;][vc_column_text]<img loading=\"lazy\" decoding=\"async\" class=\"alignnone wp-image-15624 size-full\" src=\"https:\/\/old-ssemp.sowiak.dev\/wordpress\/wp-content\/uploads\/2018\/12\/182_Odolan\u00f3w.jpg\" width=\"783\" height=\"707\" srcset=\"https:\/\/old-ssemp.sowiak.dev\/wp-content\/uploads\/2018\/12\/182_Odolan\u00f3w.jpg 783w, https:\/\/old-ssemp.sowiak.dev\/wp-content\/uploads\/2018\/12\/182_Odolan\u00f3w-300x271.jpg 300w, https:\/\/old-ssemp.sowiak.dev\/wp-content\/uploads\/2018\/12\/182_Odolan\u00f3w-768x693.jpg 768w\" sizes=\"auto, (max-width: 783px) 100vw, 783px\" \/>[\/vc_column_text][\/vc_column][vc_column width=&#8221;1\/2&#8243;][vc_column_text]\n<table id=\"tablepress-224\" class=\"tablepress tablepress-id-224\">\n<thead>\n<tr class=\"row-1 odd\">\n\t<th colspan=\"2\" class=\"column-1\">Odolan\u00f3w<\/th>\n<\/tr>\n<\/thead>\n<tbody class=\"row-hover\">\n<tr class=\"row-2 even\">\n\t<td class=\"column-1\">Wojew\u00f3dztwo:<br \/>\nVoivodeship:<\/td><td class=\"column-2\">wielkopolskie<\/td>\n<\/tr>\n<tr class=\"row-3 odd\">\n\t<td class=\"column-1\">Powiat:<br \/>\nDistrict:<\/td><td class=\"column-2\">ostrowski<\/td>\n<\/tr>\n<tr class=\"row-4 even\">\n\t<td class=\"column-1\">Gmina:<br \/>\nCommune:<\/td><td class=\"column-2\">Odolan\u00f3w<\/td>\n<\/tr>\n<tr class=\"row-5 odd\">\n\t<td class=\"column-1\">Rodzaj gminy:<br \/>\nThe surface of the area designed for investment:<\/td><td class=\"column-2\">miejsko- wiejska<\/td>\n<\/tr>\n<tr class=\"row-6 even\">\n\t<td class=\"column-1\">Powierzchnia terenu przeznaczonego na inwestycj\u0119:<br \/>\nNumber of plot\u2019s precinct:<\/td><td class=\"column-2\">1,4781 ha<\/td>\n<\/tr>\n<tr class=\"row-7 odd\">\n\t<td class=\"column-1\">Nr obr\u0119bu dzia\u0142ki:<br \/>\nNumber of the plot being part of the investment offer:<\/td><td class=\"column-2\">0001 Odolan\u00f3w<\/td>\n<\/tr>\n<tr class=\"row-8 even\">\n\t<td class=\"column-1\">Nr dzia\u0142ki stanowi\u0105c\u0105 ofert\u0119 inwestycyjn\u0105:<br \/>\nNumber of the plot being part of the investment offer:<\/td><td class=\"column-2\">182\/1, 182\/2<\/td>\n<\/tr>\n<tr class=\"row-9 odd\">\n\t<td class=\"column-1\">Powierzchnia dzia\u0142ki:<br \/>\nPlot\u2019s surface [ha]:<\/td><td class=\"column-2\">1,4781 ha<\/td>\n<\/tr>\n<tr class=\"row-10 even\">\n\t<td class=\"column-1\">Lokalizacja dzia\u0142ki:<br \/>\nPlot\u2019s location :<\/td><td class=\"column-2\">gm. Odolan\u00f3w, ul. Przemys\u0142owa<\/td>\n<\/tr>\n<tr class=\"row-11 odd\">\n\t<td class=\"column-1\">Miejscowy plan zagospodarowania przestrzennego:<br \/>\nLocal zoning plan:<br \/>\n<\/td><td class=\"column-2\">TAK\/YES<\/td>\n<\/tr>\n<tr class=\"row-12 even\">\n\t<td class=\"column-1\">Odleg\u0142o\u015b\u0107 sieci wodoci\u0105gowej: (m)<br \/>\nDistance from the plot to the water supply network: [m]<br \/>\n<\/td><td class=\"column-2\">300m<\/td>\n<\/tr>\n<tr class=\"row-13 odd\">\n\t<td class=\"column-1\">Odleg\u0142o\u015b\u0107 sieci kanalizacyjnej: (m)<br \/>\nDistance from the plot to the sewage system: [m]<\/td><td class=\"column-2\">630m<\/td>\n<\/tr>\n<tr class=\"row-14 even\">\n\t<td class=\"column-1\">Odleg\u0142o\u015b\u0107 sieci elektroenergetycznej: (m)<br \/>\nDistance from the plot to the power network: [m]<\/td><td class=\"column-2\">Pr\u0105d-<br \/>\nusytuowany na dzia\u0142kach<\/td>\n<\/tr>\n<tr class=\"row-15 odd\">\n\t<td class=\"column-1\">Odleg\u0142o\u015b\u0107 sieci gazowej od dzia\u0142ki: (m)<br \/>\nDistance from the plot to the gas network: [m]<\/td><td class=\"column-2\">w drodze<\/td>\n<\/tr>\n<tr class=\"row-16 even\">\n\t<td class=\"column-1\">Odleg\u0142o\u015b\u0107 drogi dojazdowej od dzia\u0142ki:<br \/>\nDistance from the plot to the road:<\/td><td class=\"column-2\">droga gminna, dzia\u0142ka przy drodze<\/td>\n<\/tr>\n<tr class=\"row-17 odd\">\n\t<td class=\"column-1\">Odleg\u0142o\u015b\u0107 od autostrady\/drogi ekspresowej:<br \/>\nDistance from the plot to the motorway\/ expressway:<\/td><td class=\"column-2\">S8:50 km\/50km \/S11:15 km<\/td>\n<\/tr>\n<tr class=\"row-18 even\">\n\t<td class=\"column-1\">Czy dzia\u0142ka znajduje si\u0119 na terenie zalewowym:<br \/>\nIs the plot at the area of floodplain ?<\/td><td class=\"column-2\">NIE\/NO<\/td>\n<\/tr>\n<tr class=\"row-19 odd\">\n\t<td class=\"column-1\">Klasa bonitacyjna gleby dzia\u0142ki:<br \/>\nSoil bonitation class of the plot:<\/td><td class=\"column-2\">-<\/td>\n<\/tr>\n<tr class=\"row-20 even\">\n\t<td class=\"column-1\">Czy dzia\u0142ka wymaga odrolnienia:<br \/>\nDoes the plot require changing the status of farmland ?<\/td><td class=\"column-2\">NIE\/NO<\/td>\n<\/tr>\n<tr class=\"row-21 odd\">\n\t<td class=\"column-1\">Czy teren dzia\u0142ki posiada badania geologiczne gruntu:<br \/>\nDoes the plot\u2019s area have any geological research background ?<\/td><td class=\"column-2\">NIE\/NO<\/td>\n<\/tr>\n<tr class=\"row-22 even\">\n\t<td class=\"column-1\">Link do dodatkowych informacji:<br \/>\nAdditional data:<\/td><td class=\"column-2\"><a href=\"bip.odolanow.pl\"> link <\/a><\/td>\n<\/tr>\n<tr class=\"row-23 odd\">\n\t<td class=\"column-1\">Uwagi, informacje dodatkowe:<br \/>\nComments:<\/td><td class=\"column-2\">-<\/td>\n<\/tr>\n<tr class=\"row-24 even\">\n\t<td class=\"column-1\">Link do map:<br \/>\nLink to the maps:<\/td><td class=\"column-2\"><a href=\"http:\/\/polska.e-mapa.net?userview=4550\"> link <\/a><\/td>\n<\/tr>\n<\/tbody>\n<\/table>\n<!-- #tablepress-224 from cache -->[\/vc_column_text][\/vc_column][\/vc_row][vc_row][vc_column width=&#8221;1\/2&#8243;][vc_column_text]<img loading=\"lazy\" decoding=\"async\" class=\"alignnone wp-image-15625 size-full\" src=\"https:\/\/old-ssemp.sowiak.dev\/wordpress\/wp-content\/uploads\/2018\/12\/566_Odolan\u00f3w.jpg\" width=\"850\" height=\"720\" srcset=\"https:\/\/old-ssemp.sowiak.dev\/wp-content\/uploads\/2018\/12\/566_Odolan\u00f3w.jpg 850w, https:\/\/old-ssemp.sowiak.dev\/wp-content\/uploads\/2018\/12\/566_Odolan\u00f3w-300x254.jpg 300w, https:\/\/old-ssemp.sowiak.dev\/wp-content\/uploads\/2018\/12\/566_Odolan\u00f3w-768x651.jpg 768w\" sizes=\"auto, (max-width: 850px) 100vw, 850px\" \/><\/p>\n<p><a href=\"https:\/\/old-ssemp.sowiak.dev\/?attachment_id=16114\" rel=\"attachment wp-att-16114\"><img loading=\"lazy\" decoding=\"async\" class=\"alignnone size-full wp-image-16114\" src=\"https:\/\/old-ssemp.sowiak.dev\/wordpress\/wp-content\/uploads\/2018\/12\/559_Odolan\u00f3w-1.jpg\" alt=\"559_Odolan\u00f3w\" width=\"754\" height=\"688\" srcset=\"https:\/\/old-ssemp.sowiak.dev\/wp-content\/uploads\/2018\/12\/559_Odolan\u00f3w-1.jpg 754w, https:\/\/old-ssemp.sowiak.dev\/wp-content\/uploads\/2018\/12\/559_Odolan\u00f3w-1-300x274.jpg 300w\" sizes=\"auto, (max-width: 754px) 100vw, 754px\" \/><\/a>[\/vc_column_text][\/vc_column][vc_column width=&#8221;1\/2&#8243;][vc_column_text]\n<table id=\"tablepress-225\" class=\"tablepress tablepress-id-225\">\n<thead>\n<tr class=\"row-1 odd\">\n\t<th colspan=\"2\" class=\"column-1\">Odolan\u00f3w<\/th>\n<\/tr>\n<\/thead>\n<tbody class=\"row-hover\">\n<tr class=\"row-2 even\">\n\t<td class=\"column-1\">Wojew\u00f3dztwo:<br \/>\nVoivodeship:<\/td><td class=\"column-2\">wielkopolskie<\/td>\n<\/tr>\n<tr class=\"row-3 odd\">\n\t<td class=\"column-1\">Powiat:<br \/>\nDistrict:<\/td><td class=\"column-2\">ostrowski<\/td>\n<\/tr>\n<tr class=\"row-4 even\">\n\t<td class=\"column-1\">Gmina:<br \/>\nCommune:<\/td><td class=\"column-2\">Odolan\u00f3w<\/td>\n<\/tr>\n<tr class=\"row-5 odd\">\n\t<td class=\"column-1\">Rodzaj gminy:<br \/>\nThe surface of the area designed for investment:<\/td><td class=\"column-2\">miejsko- wiejska<\/td>\n<\/tr>\n<tr class=\"row-6 even\">\n\t<td class=\"column-1\">Powierzchnia terenu przeznaczonego na inwestycj\u0119:<br \/>\nNumber of plot\u2019s precinct:<\/td><td class=\"column-2\">16,24 ha<\/td>\n<\/tr>\n<tr class=\"row-7 odd\">\n\t<td class=\"column-1\">Nr obr\u0119bu dzia\u0142ki:<br \/>\nNumber of the plot being part of the investment offer:<\/td><td class=\"column-2\">Gli\u015bnica<\/td>\n<\/tr>\n<tr class=\"row-8 even\">\n\t<td class=\"column-1\">Nr dzia\u0142ki stanowi\u0105c\u0105 ofert\u0119 inwestycyjn\u0105:<br \/>\nNumber of the plot being part of the investment offer:<\/td><td class=\"column-2\">dz. 559, dz. 566<\/td>\n<\/tr>\n<tr class=\"row-9 odd\">\n\t<td class=\"column-1\">Powierzchnia dzia\u0142ki:<br \/>\nPlot\u2019s surface [ha]:<\/td><td class=\"column-2\">16,24 ha<\/td>\n<\/tr>\n<tr class=\"row-10 even\">\n\t<td class=\"column-1\">Lokalizacja dzia\u0142ki:<br \/>\nPlot\u2019s location :<\/td><td class=\"column-2\">gm. Odolan\u00f3w, m. Gli\u015bnica - bez ulicy<\/td>\n<\/tr>\n<tr class=\"row-11 odd\">\n\t<td class=\"column-1\">Miejscowy plan zagospodarowania przestrzennego:<br \/>\nLocal zoning plan:<br \/>\n<\/td><td class=\"column-2\">TAK\/YES<\/td>\n<\/tr>\n<tr class=\"row-12 even\">\n\t<td class=\"column-1\">Odleg\u0142o\u015b\u0107 sieci wodoci\u0105gowej: (m)<br \/>\nDistance from the plot to the water supply network: [m]<br \/>\n<\/td><td class=\"column-2\">120m<\/td>\n<\/tr>\n<tr class=\"row-13 odd\">\n\t<td class=\"column-1\">Odleg\u0142o\u015b\u0107 sieci kanalizacyjnej: (m)<br \/>\nDistance from the plot to the sewage system: [m]<\/td><td class=\"column-2\">kanalizacja - brak mo\u017cliwo\u015bci<\/td>\n<\/tr>\n<tr class=\"row-14 even\">\n\t<td class=\"column-1\">Odleg\u0142o\u015b\u0107 sieci elektroenergetycznej: (m)<br \/>\nDistance from the plot to the power network: [m]<\/td><td class=\"column-2\">120m<\/td>\n<\/tr>\n<tr class=\"row-15 odd\">\n\t<td class=\"column-1\">Odleg\u0142o\u015b\u0107 sieci gazowej od dzia\u0142ki: (m)<br \/>\nDistance from the plot to the gas network: [m]<\/td><td class=\"column-2\">120m<\/td>\n<\/tr>\n<tr class=\"row-16 even\">\n\t<td class=\"column-1\">Odleg\u0142o\u015b\u0107 drogi dojazdowej od dzia\u0142ki:<br \/>\nDistance from the plot to the road:<\/td><td class=\"column-2\">droga gminna<\/td>\n<\/tr>\n<tr class=\"row-17 odd\">\n\t<td class=\"column-1\">Odleg\u0142o\u015b\u0107 od autostrady\/drogi ekspresowej:<br \/>\nDistance from the plot to the motorway\/ expressway:<\/td><td class=\"column-2\">S8:55 km\/55km \/S11:20 km<\/td>\n<\/tr>\n<tr class=\"row-18 even\">\n\t<td class=\"column-1\">Czy dzia\u0142ka znajduje si\u0119 na terenie zalewowym:<br \/>\nIs the plot at the area of floodplain ?<\/td><td class=\"column-2\">NIE\/NO<\/td>\n<\/tr>\n<tr class=\"row-19 odd\">\n\t<td class=\"column-1\">Klasa bonitacyjna gleby dzia\u0142ki:<br \/>\nSoil bonitation class of the plot:<\/td><td class=\"column-2\">-<\/td>\n<\/tr>\n<tr class=\"row-20 even\">\n\t<td class=\"column-1\">Czy dzia\u0142ka wymaga odrolnienia:<br \/>\nDoes the plot require changing the status of farmland ?<\/td><td class=\"column-2\">NIE\/NO<\/td>\n<\/tr>\n<tr class=\"row-21 odd\">\n\t<td class=\"column-1\">Czy teren dzia\u0142ki posiada badania geologiczne gruntu:<br \/>\nDoes the plot\u2019s area have any geological research background ?<\/td><td class=\"column-2\">NIE\/NO<\/td>\n<\/tr>\n<tr class=\"row-22 even\">\n\t<td class=\"column-1\">Link do dodatkowych informacji:<br \/>\nAdditional data:<\/td><td class=\"column-2\"><a href=\"bip.odolanow.pl\"> link <\/a><\/td>\n<\/tr>\n<tr class=\"row-23 odd\">\n\t<td class=\"column-1\">Uwagi, informacje dodatkowe:<br \/>\nComments:<\/td><td class=\"column-2\">-<\/td>\n<\/tr>\n<tr class=\"row-24 even\">\n\t<td class=\"column-1\">Link do map:<br \/>\nLink to the maps:<\/td><td class=\"column-2\"><a href=\"http:\/\/polska.e-mapa.net?userview=4580\"> link <\/a><\/td>\n<\/tr>\n<\/tbody>\n<\/table>\n<!-- #tablepress-225 from cache -->[\/vc_column_text][\/vc_column][\/vc_row][vc_row][vc_column width=&#8221;1\/2&#8243;][vc_column_text]<a href=\"https:\/\/old-ssemp.sowiak.dev\/?attachment_id=16122\" rel=\"attachment wp-att-16122\"><img loading=\"lazy\" decoding=\"async\" class=\"alignnone size-full wp-image-16122\" src=\"https:\/\/old-ssemp.sowiak.dev\/wordpress\/wp-content\/uploads\/2018\/12\/Przechwytywanie-1.png\" alt=\"Przechwytywanie\" width=\"717\" height=\"499\" srcset=\"https:\/\/old-ssemp.sowiak.dev\/wp-content\/uploads\/2018\/12\/Przechwytywanie-1.png 717w, https:\/\/old-ssemp.sowiak.dev\/wp-content\/uploads\/2018\/12\/Przechwytywanie-1-300x209.png 300w\" sizes=\"auto, (max-width: 717px) 100vw, 717px\" \/><\/a><a href=\"https:\/\/old-ssemp.sowiak.dev\/?attachment_id=16123\" rel=\"attachment wp-att-16123\"><img loading=\"lazy\" decoding=\"async\" class=\"size-full wp-image-16123 alignleft\" src=\"https:\/\/old-ssemp.sowiak.dev\/wordpress\/wp-content\/uploads\/2018\/12\/Przechwytywanie2-1.png\" alt=\"Przechwytywanie2\" width=\"745\" height=\"505\" srcset=\"https:\/\/old-ssemp.sowiak.dev\/wp-content\/uploads\/2018\/12\/Przechwytywanie2-1.png 745w, https:\/\/old-ssemp.sowiak.dev\/wp-content\/uploads\/2018\/12\/Przechwytywanie2-1-300x203.png 300w\" sizes=\"auto, (max-width: 745px) 100vw, 745px\" \/><\/a><\/p>\n<p>&nbsp;[\/vc_column_text][\/vc_column][vc_column width=&#8221;1\/2&#8243;][vc_column_text]\n<table id=\"tablepress-226\" class=\"tablepress tablepress-id-226\">\n<thead>\n<tr class=\"row-1 odd\">\n\t<th colspan=\"2\" class=\"column-1\">Odolan\u00f3w<\/th>\n<\/tr>\n<\/thead>\n<tbody class=\"row-hover\">\n<tr class=\"row-2 even\">\n\t<td class=\"column-1\">Wojew\u00f3dztwo:<br \/>\nVoivodeship:<\/td><td class=\"column-2\">wielkopolskie<\/td>\n<\/tr>\n<tr class=\"row-3 odd\">\n\t<td class=\"column-1\">Powiat:<br \/>\nDistrict:<\/td><td class=\"column-2\">ostrowski<\/td>\n<\/tr>\n<tr class=\"row-4 even\">\n\t<td class=\"column-1\">Gmina:<br \/>\nCommune:<\/td><td class=\"column-2\">Odolan\u00f3w<\/td>\n<\/tr>\n<tr class=\"row-5 odd\">\n\t<td class=\"column-1\">Rodzaj gminy:<br \/>\nThe surface of the area designed for investment:<\/td><td class=\"column-2\">miejsko- wiejska<\/td>\n<\/tr>\n<tr class=\"row-6 even\">\n\t<td class=\"column-1\">Powierzchnia terenu przeznaczonego na inwestycj\u0119:<br \/>\nNumber of plot\u2019s precinct:<\/td><td class=\"column-2\">2,9500 ha<\/td>\n<\/tr>\n<tr class=\"row-7 odd\">\n\t<td class=\"column-1\">Nr obr\u0119bu dzia\u0142ki:<br \/>\nNumber of the plot being part of the investment offer:<\/td><td class=\"column-2\">Raczyce<\/td>\n<\/tr>\n<tr class=\"row-8 even\">\n\t<td class=\"column-1\">Nr dzia\u0142ki stanowi\u0105c\u0105 ofert\u0119 inwestycyjn\u0105:<br \/>\nNumber of the plot being part of the investment offer:<\/td><td class=\"column-2\">dz. 1201, 1202<\/td>\n<\/tr>\n<tr class=\"row-9 odd\">\n\t<td class=\"column-1\">Powierzchnia dzia\u0142ki:<br \/>\nPlot\u2019s surface [ha]:<\/td><td class=\"column-2\">2,9500 ha<\/td>\n<\/tr>\n<tr class=\"row-10 even\">\n\t<td class=\"column-1\">Lokalizacja dzia\u0142ki:<br \/>\nPlot\u2019s location :<\/td><td class=\"column-2\">Raczyce, gm. Odolan\u00f3w, ul. Fabryczna<\/td>\n<\/tr>\n<tr class=\"row-11 odd\">\n\t<td class=\"column-1\">Miejscowy plan zagospodarowania przestrzennego:<br \/>\nLocal zoning plan:<br \/>\n<\/td><td class=\"column-2\">TAK\/YES<\/td>\n<\/tr>\n<tr class=\"row-12 even\">\n\t<td class=\"column-1\">Odleg\u0142o\u015b\u0107 sieci wodoci\u0105gowej: (m)<br \/>\nDistance from the plot to the water supply network: [m]<br \/>\n<\/td><td class=\"column-2\">550 m<\/td>\n<\/tr>\n<tr class=\"row-13 odd\">\n\t<td class=\"column-1\">Odleg\u0142o\u015b\u0107 sieci kanalizacyjnej: (m)<br \/>\nDistance from the plot to the sewage system: [m]<\/td><td class=\"column-2\">550 m<\/td>\n<\/tr>\n<tr class=\"row-14 even\">\n\t<td class=\"column-1\">Odleg\u0142o\u015b\u0107 sieci elektroenergetycznej: (m)<br \/>\nDistance from the plot to the power network: [m]<\/td><td class=\"column-2\">418 m<\/td>\n<\/tr>\n<tr class=\"row-15 odd\">\n\t<td class=\"column-1\">Odleg\u0142o\u015b\u0107 sieci gazowej od dzia\u0142ki: (m)<br \/>\nDistance from the plot to the gas network: [m]<\/td><td class=\"column-2\">418 m<\/td>\n<\/tr>\n<tr class=\"row-16 even\">\n\t<td class=\"column-1\">Odleg\u0142o\u015b\u0107 drogi dojazdowej od dzia\u0142ki:<br \/>\nDistance from the plot to the road:<\/td><td class=\"column-2\">droga polna, docelowo droga utwardzona od ul. Fabrycznej<\/td>\n<\/tr>\n<tr class=\"row-17 odd\">\n\t<td class=\"column-1\">Odleg\u0142o\u015b\u0107 od autostrady\/drogi ekspresowej:<br \/>\nDistance from the plot to the motorway\/ expressway:<\/td><td class=\"column-2\">S8:50 km\/50km \/S11:15 km<\/td>\n<\/tr>\n<tr class=\"row-18 even\">\n\t<td class=\"column-1\">Czy dzia\u0142ka znajduje si\u0119 na terenie zalewowym:<br \/>\nIs the plot at the area of floodplain ?<\/td><td class=\"column-2\">NIE\/NO<\/td>\n<\/tr>\n<tr class=\"row-19 odd\">\n\t<td class=\"column-1\">Klasa bonitacyjna gleby dzia\u0142ki:<br \/>\nSoil bonitation class of the plot:<\/td><td class=\"column-2\">-<\/td>\n<\/tr>\n<tr class=\"row-20 even\">\n\t<td class=\"column-1\">Czy dzia\u0142ka wymaga odrolnienia:<br \/>\nDoes the plot require changing the status of farmland ?<\/td><td class=\"column-2\">NIE\/NO<\/td>\n<\/tr>\n<tr class=\"row-21 odd\">\n\t<td class=\"column-1\">Czy teren dzia\u0142ki posiada badania geologiczne gruntu:<br \/>\nDoes the plot\u2019s area have any geological research background ?<\/td><td class=\"column-2\">NIE\/NO<\/td>\n<\/tr>\n<tr class=\"row-22 even\">\n\t<td class=\"column-1\">Link do dodatkowych informacji:<br \/>\nAdditional data:<\/td><td class=\"column-2\"><a href=\"bip.odolanow.pl\"> link <\/a><\/td>\n<\/tr>\n<tr class=\"row-23 odd\">\n\t<td class=\"column-1\">Uwagi, informacje dodatkowe:<br \/>\nComments:<\/td><td class=\"column-2\">-<\/td>\n<\/tr>\n<tr class=\"row-24 even\">\n\t<td class=\"column-1\">Link do map:<br \/>\nLink to the maps:<\/td><td class=\"column-2\"><a href=\"http:\/\/polska.e-mapa.net?userview=4581\"> link <\/a><\/td>\n<\/tr>\n<\/tbody>\n<\/table>\n<!-- #tablepress-226 from cache -->[\/vc_column_text][\/vc_column][\/vc_row]<\/p>\n","protected":false},"excerpt":{"rendered":"<p>[vc_row][vc_column][vc_empty_space height=&#8221;60px&#8221;][vc_text_separator title=&#8221;gmina Odolan\u00f3w&#8221;][vc_empty_space height=&#8221;30px&#8221;][\/vc_column][\/vc_row][vc_row][vc_column][vc_column_text] [\/vc_column_text][\/vc_column][\/vc_row][vc_row][vc_column width=&#8221;1\/2&#8243;][vc_column_text][\/vc_column_text][\/vc_column][vc_column width=&#8221;1\/2&#8243;][vc_column_text][\/vc_column_text][\/vc_column][\/vc_row][vc_row][vc_column width=&#8221;1\/2&#8243;][vc_column_text] [\/vc_column_text][\/vc_column][vc_column width=&#8221;1\/2&#8243;][vc_column_text][\/vc_column_text][\/vc_column][\/vc_row][vc_row][vc_column width=&#8221;1\/2&#8243;][vc_column_text] &nbsp;[\/vc_column_text][\/vc_column][vc_column width=&#8221;1\/2&#8243;][vc_column_text][\/vc_column_text][\/vc_column][\/vc_row]<\/p>\n","protected":false},"author":1,"featured_media":0,"parent":0,"menu_order":0,"comment_status":"closed","ping_status":"closed","template":"page-templates\/front-page.php","meta":{"footnotes":""},"class_list":["post-14183","page","type-page","status-publish","hentry"],"_links":{"self":[{"href":"https:\/\/old-ssemp.sowiak.dev\/index.php?rest_route=\/wp\/v2\/pages\/14183","targetHints":{"allow":["GET"]}}],"collection":[{"href":"https:\/\/old-ssemp.sowiak.dev\/index.php?rest_route=\/wp\/v2\/pages"}],"about":[{"href":"https:\/\/old-ssemp.sowiak.dev\/index.php?rest_route=\/wp\/v2\/types\/page"}],"author":[{"embeddable":true,"href":"https:\/\/old-ssemp.sowiak.dev\/index.php?rest_route=\/wp\/v2\/users\/1"}],"replies":[{"embeddable":true,"href":"https:\/\/old-ssemp.sowiak.dev\/index.php?rest_route=%2Fwp%2Fv2%2Fcomments&post=14183"}],"version-history":[{"count":6,"href":"https:\/\/old-ssemp.sowiak.dev\/index.php?rest_route=\/wp\/v2\/pages\/14183\/revisions"}],"predecessor-version":[{"id":16124,"href":"https:\/\/old-ssemp.sowiak.dev\/index.php?rest_route=\/wp\/v2\/pages\/14183\/revisions\/16124"}],"wp:attachment":[{"href":"https:\/\/old-ssemp.sowiak.dev\/index.php?rest_route=%2Fwp%2Fv2%2Fmedia&parent=14183"}],"curies":[{"name":"wp","href":"https:\/\/api.w.org\/{rel}","templated":true}]}}