{"id":14171,"date":"2018-12-28T11:31:45","date_gmt":"2018-12-28T10:31:45","guid":{"rendered":"http:\/\/ssemp.pl\/?page_id=14171"},"modified":"2018-12-28T11:31:45","modified_gmt":"2018-12-28T10:31:45","slug":"gmina-zmigrod","status":"publish","type":"page","link":"https:\/\/old-ssemp.sowiak.dev\/?page_id=14171","title":{"rendered":"gmina \u017bmigr\u00f3d"},"content":{"rendered":"<p>[vc_row][vc_column][vc_empty_space][vc_text_separator title=&#8221;gmina \u017bmigr\u00f3d&#8221;][vc_column_text]<\/p>\n<p>[\/vc_column_text][vc_empty_space][\/vc_column][\/vc_row][vc_row][vc_column width=&#8221;1\/2&#8243;][vc_column_text]<img decoding=\"async\" class=\"alignnone size-full wp-image-9286\" src=\"https:\/\/old-ssemp.sowiak.dev\/wordpress\/wp-content\/uploads\/2016\/05\/mapka-\u017bMIGR\u00d3D.jpg\" alt=\"mapka-\u017bMIGR\u00d3D\" width=\"100%\" srcset=\"https:\/\/old-ssemp.sowiak.dev\/wp-content\/uploads\/2016\/05\/mapka-\u017bMIGR\u00d3D.jpg 600w, https:\/\/old-ssemp.sowiak.dev\/wp-content\/uploads\/2016\/05\/mapka-\u017bMIGR\u00d3D-215x300.jpg 215w\" sizes=\"(max-width: 600px) 100vw, 600px\" \/><\/p>\n<p>[\/vc_column_text][\/vc_column][vc_column width=&#8221;1\/2&#8243;][vc_column_text]\n<table id=\"tablepress-3\" class=\"tablepress tablepress-id-3\">\n<thead>\n<tr class=\"row-1 odd\">\n\t<th class=\"column-1\">\u017bmigr\u00f3d<\/th><th class=\"column-2\">&nbsp;<\/th>\n<\/tr>\n<\/thead>\n<tbody class=\"row-hover\">\n<tr class=\"row-2 even\">\n\t<td class=\"column-1\">Miasto \/ Gmina<\/td><td class=\"column-2\">\u017bmigr\u00f3d<\/td>\n<\/tr>\n<tr class=\"row-3 odd\">\n\t<td class=\"column-1\">Powiat<\/td><td class=\"column-2\">Trzebnicki<\/td>\n<\/tr>\n<tr class=\"row-4 even\">\n\t<td class=\"column-1\">Wojew\u00f3dztwo<\/td><td class=\"column-2\">Dolno\u015bl\u0105skie<\/td>\n<\/tr>\n<tr class=\"row-5 odd\">\n\t<td class=\"column-1\">Obecne u\u017cytkowanie<\/td><td class=\"column-2\">teren nieu\u017cytkowany<\/td>\n<\/tr>\n<tr class=\"row-6 even\">\n\t<td class=\"column-1\">Maksymalna dost\u0119pna powierzchnia(w jednym kawa\u0142ku) [ha]<br \/>\n<\/td><td class=\"column-2\">8,0365 ha<\/td>\n<\/tr>\n<tr class=\"row-7 odd\">\n\t<td class=\"column-1\">Przeznaczenie w miejscowym planie zagospodarowania przestrzennego<\/td><td class=\"column-2\">teren nieu\u017cytkowany<\/td>\n<\/tr>\n<tr class=\"row-8 even\">\n\t<td class=\"column-1\">Autostrada \/ droga krajowa [km]<\/td><td class=\"column-2\">teren po\u0142o\u017cony przy drodze krajowej nr 5 <\/td>\n<\/tr>\n<tr class=\"row-9 odd\">\n\t<td class=\"column-1\">Kolej [km]<\/td><td class=\"column-2\">\u017bmigr\u00f3d ok. 1,5 km<\/td>\n<\/tr>\n<tr class=\"row-10 even\">\n\t<td class=\"column-1\">Porty rzeczne i morskie do 200 km<\/td><td class=\"column-2\">Wroc\u0142aw ok. 50 km<\/td>\n<\/tr>\n<tr class=\"row-11 odd\">\n\t<td class=\"column-1\">Najbli\u017csze lotnisko mi\u0119dzynarodowe [km]<\/td><td class=\"column-2\">Wroc\u0142aw ok. 50 km<\/td>\n<\/tr>\n<tr class=\"row-12 even\">\n\t<td class=\"column-1\">Najbli\u017csze miasto wojew\u00f3dzkie [km]<\/td><td class=\"column-2\">Wroc\u0142aw ok. 50 km<\/td>\n<\/tr>\n<tr class=\"row-13 odd\">\n\t<td class=\"column-1\">Budynki i zabudowania na terenie (T\/N)<\/td><td class=\"column-2\">T<\/td>\n<\/tr>\n<\/tbody>\n<\/table>\n<!-- #tablepress-3 from cache --><\/p>\n<p>[\/vc_column_text][\/vc_column][\/vc_row][vc_row][vc_column][vc_column_text]<\/p>\n<p>[\/vc_column_text][\/vc_column][\/vc_row][vc_row][vc_column width=&#8221;1\/3&#8243;][vc_column_text]<a href=\"https:\/\/old-ssemp.sowiak.dev\/mapa\/Zmigrod\/index.html\" target=\"_blank\"><img decoding=\"async\" class=\"size-full wp-image-9276 aligncenter\" src=\"https:\/\/old-ssemp.sowiak.dev\/wordpress\/wp-content\/uploads\/2016\/05\/panorama.jpg\" alt=\"zobacz-mape\" \/><\/a><\/p>\n<p>[\/vc_column_text][\/vc_column][vc_column width=&#8221;1\/3&#8243;][vc_column_text]<a href=\"http:\/\/mapa.ssemp.pl\/?id=5807a569bab5a40c7a8c3284&amp;lang=pl\" target=\"_blank\"><img decoding=\"async\" class=\"size-full wp-image-9289 aligncenter\" src=\"https:\/\/old-ssemp.sowiak.dev\/wordpress\/wp-content\/uploads\/2016\/05\/mapa.jpg\" alt=\"pliki-do-pobrania\" \/><\/a><\/p>\n<p>[\/vc_column_text][\/vc_column][vc_column width=&#8221;1\/3&#8243;][vc_column_text]<a href=\"https:\/\/old-ssemp.sowiak.dev\/?page_id=10621\"><img decoding=\"async\" class=\"size-full wp-image-9289 aligncenter\" src=\"https:\/\/old-ssemp.sowiak.dev\/wordpress\/wp-content\/uploads\/2016\/05\/pliki.jpg\" alt=\"pliki-do-pobrania\" \/><\/a><\/p>\n<p>[\/vc_column_text][\/vc_column][\/vc_row][vc_row][vc_column][vc_column_text]<\/p>\n<p>&nbsp;<\/p>\n<p>[\/vc_column_text][\/vc_column][\/vc_row]<\/p>\n","protected":false},"excerpt":{"rendered":"<p>[vc_row][vc_column][vc_empty_space][vc_text_separator title=&#8221;gmina \u017bmigr\u00f3d&#8221;][vc_column_text] [\/vc_column_text][vc_empty_space][\/vc_column][\/vc_row][vc_row][vc_column width=&#8221;1\/2&#8243;][vc_column_text] [\/vc_column_text][\/vc_column][vc_column width=&#8221;1\/2&#8243;][vc_column_text] [\/vc_column_text][\/vc_column][\/vc_row][vc_row][vc_column][vc_column_text] [\/vc_column_text][\/vc_column][\/vc_row][vc_row][vc_column width=&#8221;1\/3&#8243;][vc_column_text] [\/vc_column_text][\/vc_column][vc_column width=&#8221;1\/3&#8243;][vc_column_text] [\/vc_column_text][\/vc_column][vc_column width=&#8221;1\/3&#8243;][vc_column_text] [\/vc_column_text][\/vc_column][\/vc_row][vc_row][vc_column][vc_column_text] &nbsp; [\/vc_column_text][\/vc_column][\/vc_row]<\/p>\n","protected":false},"author":1,"featured_media":0,"parent":0,"menu_order":0,"comment_status":"closed","ping_status":"closed","template":"page-templates\/front-page.php","meta":{"footnotes":""},"class_list":["post-14171","page","type-page","status-publish","hentry"],"_links":{"self":[{"href":"https:\/\/old-ssemp.sowiak.dev\/index.php?rest_route=\/wp\/v2\/pages\/14171","targetHints":{"allow":["GET"]}}],"collection":[{"href":"https:\/\/old-ssemp.sowiak.dev\/index.php?rest_route=\/wp\/v2\/pages"}],"about":[{"href":"https:\/\/old-ssemp.sowiak.dev\/index.php?rest_route=\/wp\/v2\/types\/page"}],"author":[{"embeddable":true,"href":"https:\/\/old-ssemp.sowiak.dev\/index.php?rest_route=\/wp\/v2\/users\/1"}],"replies":[{"embeddable":true,"href":"https:\/\/old-ssemp.sowiak.dev\/index.php?rest_route=%2Fwp%2Fv2%2Fcomments&post=14171"}],"version-history":[{"count":3,"href":"https:\/\/old-ssemp.sowiak.dev\/index.php?rest_route=\/wp\/v2\/pages\/14171\/revisions"}],"predecessor-version":[{"id":14175,"href":"https:\/\/old-ssemp.sowiak.dev\/index.php?rest_route=\/wp\/v2\/pages\/14171\/revisions\/14175"}],"wp:attachment":[{"href":"https:\/\/old-ssemp.sowiak.dev\/index.php?rest_route=%2Fwp%2Fv2%2Fmedia&parent=14171"}],"curies":[{"name":"wp","href":"https:\/\/api.w.org\/{rel}","templated":true}]}}