{"id":14142,"date":"2018-12-28T11:11:32","date_gmt":"2018-12-28T10:11:32","guid":{"rendered":"http:\/\/ssemp.pl\/?page_id=14142"},"modified":"2021-05-21T11:43:17","modified_gmt":"2021-05-21T09:43:17","slug":"gmina-milicz-gmina-miejsko-wiejska","status":"publish","type":"page","link":"https:\/\/old-ssemp.sowiak.dev\/?page_id=14142","title":{"rendered":"gmina Milicz &#8211; gmina miejsko-wiejska"},"content":{"rendered":"<p>[vc_row][vc_column][vc_empty_space][vc_text_separator title=&#8221;gmina Milicz&#8221;][vc_column_text]<\/p>\n<p>[\/vc_column_text][vc_empty_space][\/vc_column][\/vc_row][vc_row][vc_column width=&#8221;1\/2&#8243;][vc_column_text]<img loading=\"lazy\" decoding=\"async\" class=\"alignnone wp-image-15633 size-full\" src=\"https:\/\/old-ssemp.sowiak.dev\/wordpress\/wp-content\/uploads\/2018\/12\/450_1-Milicz.jpg\" width=\"898\" height=\"621\" srcset=\"https:\/\/old-ssemp.sowiak.dev\/wp-content\/uploads\/2018\/12\/450_1-Milicz.jpg 898w, https:\/\/old-ssemp.sowiak.dev\/wp-content\/uploads\/2018\/12\/450_1-Milicz-300x207.jpg 300w, https:\/\/old-ssemp.sowiak.dev\/wp-content\/uploads\/2018\/12\/450_1-Milicz-768x531.jpg 768w\" sizes=\"auto, (max-width: 898px) 100vw, 898px\" \/>[\/vc_column_text][\/vc_column][vc_column width=&#8221;1\/2&#8243;][vc_column_text]\n<table id=\"tablepress-236\" class=\"tablepress tablepress-id-236\">\n<thead>\n<tr class=\"row-1 odd\">\n\t<th colspan=\"2\" class=\"column-1\">Milicz<\/th>\n<\/tr>\n<\/thead>\n<tbody class=\"row-hover\">\n<tr class=\"row-2 even\">\n\t<td class=\"column-1\">Wojew\u00f3dztwo:<br \/>\nVoivodeship:<\/td><td class=\"column-2\">dolno\u015bl\u0105skie<\/td>\n<\/tr>\n<tr class=\"row-3 odd\">\n\t<td class=\"column-1\">Powiat:<br \/>\nDistrict:<\/td><td class=\"column-2\">Milicki<\/td>\n<\/tr>\n<tr class=\"row-4 even\">\n\t<td class=\"column-1\">Gmina:<br \/>\nCommune:<\/td><td class=\"column-2\">Milicz<\/td>\n<\/tr>\n<tr class=\"row-5 odd\">\n\t<td class=\"column-1\">Rodzaj gminy:<br \/>\nThe surface of the area designed for investment:<\/td><td class=\"column-2\">miejsko-wiejska<\/td>\n<\/tr>\n<tr class=\"row-6 even\">\n\t<td class=\"column-1\">Powierzchnia terenu przeznaczonego na inwestycj\u0119:<br \/>\nNumber of plot\u2019s precinct:<\/td><td class=\"column-2\">2,9<\/td>\n<\/tr>\n<tr class=\"row-7 odd\">\n\t<td class=\"column-1\">Nr obr\u0119bu dzia\u0142ki:<br \/>\nNumber of the plot being part of the investment offer:<\/td><td class=\"column-2\">38<\/td>\n<\/tr>\n<tr class=\"row-8 even\">\n\t<td class=\"column-1\">Nr dzia\u0142ki stanowi\u0105c\u0105 ofert\u0119 inwestycyjn\u0105:<br \/>\nNumber of the plot being part of the investment offer:<\/td><td class=\"column-2\">450\/1<\/td>\n<\/tr>\n<tr class=\"row-9 odd\">\n\t<td class=\"column-1\">Powierzchnia dzia\u0142ki:<br \/>\nPlot\u2019s surface [ha]:<\/td><td class=\"column-2\">1,57<\/td>\n<\/tr>\n<tr class=\"row-10 even\">\n\t<td class=\"column-1\">Lokalizacja dzia\u0142ki:<br \/>\nPlot\u2019s location :<\/td><td class=\"column-2\">Su\u0142\u00f3w<\/td>\n<\/tr>\n<tr class=\"row-11 odd\">\n\t<td class=\"column-1\">Miejscowy plan zagospodarowania przestrzennego:<br \/>\nLocal zoning plan:<br \/>\n<\/td><td class=\"column-2\">Nr XXVIII\/174\/2016 Rady Miejskiej w Miliczu z dnia 31maja 2016 r.<\/td>\n<\/tr>\n<tr class=\"row-12 even\">\n\t<td class=\"column-1\">Odleg\u0142o\u015b\u0107 sieci wodoci\u0105gowej: (m)<br \/>\nDistance from the plot to the water supply network: [m]<br \/>\n<\/td><td class=\"column-2\">10<\/td>\n<\/tr>\n<tr class=\"row-13 odd\">\n\t<td class=\"column-1\">Odleg\u0142o\u015b\u0107 sieci kanalizacyjnej: (m)<br \/>\nDistance from the plot to the sewage system: [m]<\/td><td class=\"column-2\">bd<\/td>\n<\/tr>\n<tr class=\"row-14 even\">\n\t<td class=\"column-1\">Odleg\u0142o\u015b\u0107 sieci elektroenergetycznej: (m)<br \/>\nDistance from the plot to the power network: [m]<\/td><td class=\"column-2\">bd<\/td>\n<\/tr>\n<tr class=\"row-15 odd\">\n\t<td class=\"column-1\">Odleg\u0142o\u015b\u0107 sieci gazowej od dzia\u0142ki: (m)<br \/>\nDistance from the plot to the gas network: [m]<\/td><td class=\"column-2\">bd<\/td>\n<\/tr>\n<tr class=\"row-16 even\">\n\t<td class=\"column-1\">Odleg\u0142o\u015b\u0107 drogi dojazdowej od dzia\u0142ki:<br \/>\nDistance from the plot to the road:<\/td><td class=\"column-2\">utwardzona - 10m<\/td>\n<\/tr>\n<tr class=\"row-17 odd\">\n\t<td class=\"column-1\">Odleg\u0142o\u015b\u0107 od autostrady\/drogi ekspresowej:<br \/>\nDistance from the plot to the motorway\/ expressway:<\/td><td class=\"column-2\">22km<\/td>\n<\/tr>\n<tr class=\"row-18 even\">\n\t<td class=\"column-1\">Czy dzia\u0142ka znajduje si\u0119 na terenie zalewowym:<br \/>\nIs the plot at the area of floodplain ?<\/td><td class=\"column-2\">NIE\/NO<\/td>\n<\/tr>\n<tr class=\"row-19 odd\">\n\t<td class=\"column-1\">Klasa bonitacyjna gleby dzia\u0142ki:<br \/>\nSoil bonitation class of the plot:<\/td><td class=\"column-2\">VI<\/td>\n<\/tr>\n<tr class=\"row-20 even\">\n\t<td class=\"column-1\">Czy dzia\u0142ka wymaga odrolnienia:<br \/>\nDoes the plot require changing the status of farmland ?<\/td><td class=\"column-2\">-<\/td>\n<\/tr>\n<tr class=\"row-21 odd\">\n\t<td class=\"column-1\">Czy teren dzia\u0142ki posiada badania geologiczne gruntu:<br \/>\nDoes the plot\u2019s area have any geological research background ?<\/td><td class=\"column-2\">-<\/td>\n<\/tr>\n<tr class=\"row-22 even\">\n\t<td class=\"column-1\">Link do dodatkowych informacji:<br \/>\nAdditional data:<\/td><td class=\"column-2\">-<\/td>\n<\/tr>\n<tr class=\"row-23 odd\">\n\t<td class=\"column-1\">Uwagi, informacje dodatkowe:<br \/>\nComments:<\/td><td class=\"column-2\">-<\/td>\n<\/tr>\n<tr class=\"row-24 even\">\n\t<td class=\"column-1\">Link do map:<br \/>\nLink to the maps:<\/td><td class=\"column-2\"><a href=\"http:\/\/polska.e-mapa.net?userview=4652\"> link <\/a><\/td>\n<\/tr>\n<\/tbody>\n<\/table>\n<!-- #tablepress-236 from cache -->[\/vc_column_text][\/vc_column][\/vc_row][vc_row][vc_column width=&#8221;1\/2&#8243;][vc_column_text]<img loading=\"lazy\" decoding=\"async\" class=\"alignnone wp-image-15634 size-full\" src=\"https:\/\/old-ssemp.sowiak.dev\/wordpress\/wp-content\/uploads\/2018\/12\/229_1-Milicz.jpg\" width=\"927\" height=\"701\" srcset=\"https:\/\/old-ssemp.sowiak.dev\/wp-content\/uploads\/2018\/12\/229_1-Milicz.jpg 927w, https:\/\/old-ssemp.sowiak.dev\/wp-content\/uploads\/2018\/12\/229_1-Milicz-300x227.jpg 300w, https:\/\/old-ssemp.sowiak.dev\/wp-content\/uploads\/2018\/12\/229_1-Milicz-768x581.jpg 768w\" sizes=\"auto, (max-width: 927px) 100vw, 927px\" \/>[\/vc_column_text][\/vc_column][vc_column width=&#8221;1\/2&#8243;][vc_column_text]\n<table id=\"tablepress-237\" class=\"tablepress tablepress-id-237\">\n<thead>\n<tr class=\"row-1 odd\">\n\t<th colspan=\"2\" class=\"column-1\">Milicz<\/th>\n<\/tr>\n<\/thead>\n<tbody class=\"row-hover\">\n<tr class=\"row-2 even\">\n\t<td class=\"column-1\">Wojew\u00f3dztwo:<br \/>\nVoivodeship:<\/td><td class=\"column-2\">dolno\u015bl\u0105skie<\/td>\n<\/tr>\n<tr class=\"row-3 odd\">\n\t<td class=\"column-1\">Powiat:<br \/>\nDistrict:<\/td><td class=\"column-2\">Milicki<\/td>\n<\/tr>\n<tr class=\"row-4 even\">\n\t<td class=\"column-1\">Gmina:<br \/>\nCommune:<\/td><td class=\"column-2\">Milicz<\/td>\n<\/tr>\n<tr class=\"row-5 odd\">\n\t<td class=\"column-1\">Rodzaj gminy:<br \/>\nThe surface of the area designed for investment:<\/td><td class=\"column-2\">miejsko-wiejska<\/td>\n<\/tr>\n<tr class=\"row-6 even\">\n\t<td class=\"column-1\">Powierzchnia terenu przeznaczonego na inwestycj\u0119:<br \/>\nNumber of plot\u2019s precinct:<\/td><td class=\"column-2\">35,3<\/td>\n<\/tr>\n<tr class=\"row-7 odd\">\n\t<td class=\"column-1\">Nr obr\u0119bu dzia\u0142ki:<br \/>\nNumber of the plot being part of the investment offer:<\/td><td class=\"column-2\">13<\/td>\n<\/tr>\n<tr class=\"row-8 even\">\n\t<td class=\"column-1\">Nr dzia\u0142ki stanowi\u0105c\u0105 ofert\u0119 inwestycyjn\u0105:<br \/>\nNumber of the plot being part of the investment offer:<\/td><td class=\"column-2\">229\/1<\/td>\n<\/tr>\n<tr class=\"row-9 odd\">\n\t<td class=\"column-1\">Powierzchnia dzia\u0142ki:<br \/>\nPlot\u2019s surface [ha]:<\/td><td class=\"column-2\">1,9<\/td>\n<\/tr>\n<tr class=\"row-10 even\">\n\t<td class=\"column-1\">Lokalizacja dzia\u0142ki:<br \/>\nPlot\u2019s location :<\/td><td class=\"column-2\">S\u0142awoszowice<\/td>\n<\/tr>\n<tr class=\"row-11 odd\">\n\t<td class=\"column-1\">Miejscowy plan zagospodarowania przestrzennego:<br \/>\nLocal zoning plan:<br \/>\n<\/td><td class=\"column-2\">Tak - XXV\/123\/08<\/td>\n<\/tr>\n<tr class=\"row-12 even\">\n\t<td class=\"column-1\">Odleg\u0142o\u015b\u0107 sieci wodoci\u0105gowej: (m)<br \/>\nDistance from the plot to the water supply network: [m]<br \/>\n<\/td><td class=\"column-2\">10<\/td>\n<\/tr>\n<tr class=\"row-13 odd\">\n\t<td class=\"column-1\">Odleg\u0142o\u015b\u0107 sieci kanalizacyjnej: (m)<br \/>\nDistance from the plot to the sewage system: [m]<\/td><td class=\"column-2\">bd<\/td>\n<\/tr>\n<tr class=\"row-14 even\">\n\t<td class=\"column-1\">Odleg\u0142o\u015b\u0107 sieci elektroenergetycznej: (m)<br \/>\nDistance from the plot to the power network: [m]<\/td><td class=\"column-2\">bd<\/td>\n<\/tr>\n<tr class=\"row-15 odd\">\n\t<td class=\"column-1\">Odleg\u0142o\u015b\u0107 sieci gazowej od dzia\u0142ki: (m)<br \/>\nDistance from the plot to the gas network: [m]<\/td><td class=\"column-2\">bd<\/td>\n<\/tr>\n<tr class=\"row-16 even\">\n\t<td class=\"column-1\">Odleg\u0142o\u015b\u0107 drogi dojazdowej od dzia\u0142ki:<br \/>\nDistance from the plot to the road:<\/td><td class=\"column-2\">utwardzona - 10m<\/td>\n<\/tr>\n<tr class=\"row-17 odd\">\n\t<td class=\"column-1\">Odleg\u0142o\u015b\u0107 od autostrady\/drogi ekspresowej:<br \/>\nDistance from the plot to the motorway\/ expressway:<\/td><td class=\"column-2\">31km<\/td>\n<\/tr>\n<tr class=\"row-18 even\">\n\t<td class=\"column-1\">Czy dzia\u0142ka znajduje si\u0119 na terenie zalewowym:<br \/>\nIs the plot at the area of floodplain ?<\/td><td class=\"column-2\">NIE\/NO<\/td>\n<\/tr>\n<tr class=\"row-19 odd\">\n\t<td class=\"column-1\">Klasa bonitacyjna gleby dzia\u0142ki:<br \/>\nSoil bonitation class of the plot:<\/td><td class=\"column-2\">VI<\/td>\n<\/tr>\n<tr class=\"row-20 even\">\n\t<td class=\"column-1\">Czy dzia\u0142ka wymaga odrolnienia:<br \/>\nDoes the plot require changing the status of farmland ?<\/td><td class=\"column-2\">-<\/td>\n<\/tr>\n<tr class=\"row-21 odd\">\n\t<td class=\"column-1\">Czy teren dzia\u0142ki posiada badania geologiczne gruntu:<br \/>\nDoes the plot\u2019s area have any geological research background ?<\/td><td class=\"column-2\">-<\/td>\n<\/tr>\n<tr class=\"row-22 even\">\n\t<td class=\"column-1\">Link do dodatkowych informacji:<br \/>\nAdditional data:<\/td><td class=\"column-2\">-<\/td>\n<\/tr>\n<tr class=\"row-23 odd\">\n\t<td class=\"column-1\">Uwagi, informacje dodatkowe:<br \/>\nComments:<\/td><td class=\"column-2\">-<\/td>\n<\/tr>\n<tr class=\"row-24 even\">\n\t<td class=\"column-1\">Link do map:<br \/>\nLink to the maps:<\/td><td class=\"column-2\"><a href=\"http:\/\/polska.e-mapa.net?userview=4653\"> link <\/a><\/td>\n<\/tr>\n<\/tbody>\n<\/table>\n<!-- #tablepress-237 from cache -->[\/vc_column_text][\/vc_column][\/vc_row][vc_row][vc_column width=&#8221;1\/2&#8243;][\/vc_column][vc_column width=&#8221;1\/2&#8243;][\/vc_column][\/vc_row][vc_row][vc_column width=&#8221;1\/2&#8243;][vc_column_text]<img loading=\"lazy\" decoding=\"async\" class=\"alignnone wp-image-15635 size-full\" src=\"https:\/\/old-ssemp.sowiak.dev\/wordpress\/wp-content\/uploads\/2018\/12\/24_Milicz.jpg\" width=\"715\" height=\"611\" srcset=\"https:\/\/old-ssemp.sowiak.dev\/wp-content\/uploads\/2018\/12\/24_Milicz.jpg 715w, https:\/\/old-ssemp.sowiak.dev\/wp-content\/uploads\/2018\/12\/24_Milicz-300x256.jpg 300w\" sizes=\"auto, (max-width: 715px) 100vw, 715px\" \/>[\/vc_column_text][\/vc_column][vc_column width=&#8221;1\/2&#8243;][vc_column_text]\n<table id=\"tablepress-240\" class=\"tablepress tablepress-id-240\">\n<thead>\n<tr class=\"row-1 odd\">\n\t<th colspan=\"2\" class=\"column-1\">Milicz<\/th>\n<\/tr>\n<\/thead>\n<tbody class=\"row-hover\">\n<tr class=\"row-2 even\">\n\t<td class=\"column-1\">Wojew\u00f3dztwo:<br \/>\nVoivodeship:<\/td><td class=\"column-2\">dolno\u015bl\u0105skie<\/td>\n<\/tr>\n<tr class=\"row-3 odd\">\n\t<td class=\"column-1\">Powiat:<br \/>\nDistrict:<\/td><td class=\"column-2\">Milicki<\/td>\n<\/tr>\n<tr class=\"row-4 even\">\n\t<td class=\"column-1\">Gmina:<br \/>\nCommune:<\/td><td class=\"column-2\">Milicz<\/td>\n<\/tr>\n<tr class=\"row-5 odd\">\n\t<td class=\"column-1\">Rodzaj gminy:<br \/>\nThe surface of the area designed for investment:<\/td><td class=\"column-2\">miejsko-wiejska<\/td>\n<\/tr>\n<tr class=\"row-6 even\">\n\t<td class=\"column-1\">Powierzchnia terenu przeznaczonego na inwestycj\u0119:<br \/>\nNumber of plot\u2019s precinct:<\/td><td class=\"column-2\">8,2<\/td>\n<\/tr>\n<tr class=\"row-7 odd\">\n\t<td class=\"column-1\">Nr obr\u0119bu dzia\u0142ki:<br \/>\nNumber of the plot being part of the investment offer:<\/td><td class=\"column-2\">22<\/td>\n<\/tr>\n<tr class=\"row-8 even\">\n\t<td class=\"column-1\">Nr dzia\u0142ki stanowi\u0105c\u0105 ofert\u0119 inwestycyjn\u0105:<br \/>\nNumber of the plot being part of the investment offer:<\/td><td class=\"column-2\">24<\/td>\n<\/tr>\n<tr class=\"row-9 odd\">\n\t<td class=\"column-1\">Powierzchnia dzia\u0142ki:<br \/>\nPlot\u2019s surface [ha]:<\/td><td class=\"column-2\">1,7<\/td>\n<\/tr>\n<tr class=\"row-10 even\">\n\t<td class=\"column-1\">Lokalizacja dzia\u0142ki:<br \/>\nPlot\u2019s location :<\/td><td class=\"column-2\">G\u0105dkowice<\/td>\n<\/tr>\n<tr class=\"row-11 odd\">\n\t<td class=\"column-1\">Miejscowy plan zagospodarowania przestrzennego:<br \/>\nLocal zoning plan:<br \/>\n<\/td><td class=\"column-2\">Tak - XIV\/99\/03<\/td>\n<\/tr>\n<tr class=\"row-12 even\">\n\t<td class=\"column-1\">Odleg\u0142o\u015b\u0107 sieci wodoci\u0105gowej: (m)<br \/>\nDistance from the plot to the water supply network: [m]<br \/>\n<\/td><td class=\"column-2\">10<\/td>\n<\/tr>\n<tr class=\"row-13 odd\">\n\t<td class=\"column-1\">Odleg\u0142o\u015b\u0107 sieci kanalizacyjnej: (m)<br \/>\nDistance from the plot to the sewage system: [m]<\/td><td class=\"column-2\">bd<\/td>\n<\/tr>\n<tr class=\"row-14 even\">\n\t<td class=\"column-1\">Odleg\u0142o\u015b\u0107 sieci elektroenergetycznej: (m)<br \/>\nDistance from the plot to the power network: [m]<\/td><td class=\"column-2\">bd<\/td>\n<\/tr>\n<tr class=\"row-15 odd\">\n\t<td class=\"column-1\">Odleg\u0142o\u015b\u0107 sieci gazowej od dzia\u0142ki: (m)<br \/>\nDistance from the plot to the gas network: [m]<\/td><td class=\"column-2\">bd<\/td>\n<\/tr>\n<tr class=\"row-16 even\">\n\t<td class=\"column-1\">Odleg\u0142o\u015b\u0107 drogi dojazdowej od dzia\u0142ki:<br \/>\nDistance from the plot to the road:<\/td><td class=\"column-2\">utwardzona - 10m<\/td>\n<\/tr>\n<tr class=\"row-17 odd\">\n\t<td class=\"column-1\">Odleg\u0142o\u015b\u0107 od autostrady\/drogi ekspresowej:<br \/>\nDistance from the plot to the motorway\/ expressway:<\/td><td class=\"column-2\">39km<\/td>\n<\/tr>\n<tr class=\"row-18 even\">\n\t<td class=\"column-1\">Czy dzia\u0142ka znajduje si\u0119 na terenie zalewowym:<br \/>\nIs the plot at the area of floodplain ?<\/td><td class=\"column-2\">NIE\/NO<\/td>\n<\/tr>\n<tr class=\"row-19 odd\">\n\t<td class=\"column-1\">Klasa bonitacyjna gleby dzia\u0142ki:<br \/>\nSoil bonitation class of the plot:<\/td><td class=\"column-2\">VI<\/td>\n<\/tr>\n<tr class=\"row-20 even\">\n\t<td class=\"column-1\">Czy dzia\u0142ka wymaga odrolnienia:<br \/>\nDoes the plot require changing the status of farmland ?<\/td><td class=\"column-2\">-<\/td>\n<\/tr>\n<tr class=\"row-21 odd\">\n\t<td class=\"column-1\">Czy teren dzia\u0142ki posiada badania geologiczne gruntu:<br \/>\nDoes the plot\u2019s area have any geological research background ?<\/td><td class=\"column-2\">-<\/td>\n<\/tr>\n<tr class=\"row-22 even\">\n\t<td class=\"column-1\">Link do dodatkowych informacji:<br \/>\nAdditional data:<\/td><td class=\"column-2\">-<\/td>\n<\/tr>\n<tr class=\"row-23 odd\">\n\t<td class=\"column-1\">Uwagi, informacje dodatkowe:<br \/>\nComments:<\/td><td class=\"column-2\">-<\/td>\n<\/tr>\n<tr class=\"row-24 even\">\n\t<td class=\"column-1\">Link do map:<br \/>\nLink to the maps:<\/td><td class=\"column-2\"><a href=\"http:\/\/polska.e-mapa.net?userview=4654\"> link <\/a><\/td>\n<\/tr>\n<\/tbody>\n<\/table>\n<!-- #tablepress-240 from cache -->[\/vc_column_text][\/vc_column][\/vc_row]<\/p>\n","protected":false},"excerpt":{"rendered":"<p>[vc_row][vc_column][vc_empty_space][vc_text_separator title=&#8221;gmina Milicz&#8221;][vc_column_text] [\/vc_column_text][vc_empty_space][\/vc_column][\/vc_row][vc_row][vc_column width=&#8221;1\/2&#8243;][vc_column_text][\/vc_column_text][\/vc_column][vc_column width=&#8221;1\/2&#8243;][vc_column_text][\/vc_column_text][\/vc_column][\/vc_row][vc_row][vc_column width=&#8221;1\/2&#8243;][vc_column_text][\/vc_column_text][\/vc_column][vc_column width=&#8221;1\/2&#8243;][vc_column_text][\/vc_column_text][\/vc_column][\/vc_row][vc_row][vc_column width=&#8221;1\/2&#8243;][\/vc_column][vc_column width=&#8221;1\/2&#8243;][\/vc_column][\/vc_row][vc_row][vc_column width=&#8221;1\/2&#8243;][vc_column_text][\/vc_column_text][\/vc_column][vc_column width=&#8221;1\/2&#8243;][vc_column_text][\/vc_column_text][\/vc_column][\/vc_row]<\/p>\n","protected":false},"author":1,"featured_media":0,"parent":0,"menu_order":0,"comment_status":"closed","ping_status":"closed","template":"page-templates\/front-page.php","meta":{"footnotes":""},"class_list":["post-14142","page","type-page","status-publish","hentry"],"_links":{"self":[{"href":"https:\/\/old-ssemp.sowiak.dev\/index.php?rest_route=\/wp\/v2\/pages\/14142","targetHints":{"allow":["GET"]}}],"collection":[{"href":"https:\/\/old-ssemp.sowiak.dev\/index.php?rest_route=\/wp\/v2\/pages"}],"about":[{"href":"https:\/\/old-ssemp.sowiak.dev\/index.php?rest_route=\/wp\/v2\/types\/page"}],"author":[{"embeddable":true,"href":"https:\/\/old-ssemp.sowiak.dev\/index.php?rest_route=\/wp\/v2\/users\/1"}],"replies":[{"embeddable":true,"href":"https:\/\/old-ssemp.sowiak.dev\/index.php?rest_route=%2Fwp%2Fv2%2Fcomments&post=14142"}],"version-history":[{"count":5,"href":"https:\/\/old-ssemp.sowiak.dev\/index.php?rest_route=\/wp\/v2\/pages\/14142\/revisions"}],"predecessor-version":[{"id":16162,"href":"https:\/\/old-ssemp.sowiak.dev\/index.php?rest_route=\/wp\/v2\/pages\/14142\/revisions\/16162"}],"wp:attachment":[{"href":"https:\/\/old-ssemp.sowiak.dev\/index.php?rest_route=%2Fwp%2Fv2%2Fmedia&parent=14142"}],"curies":[{"name":"wp","href":"https:\/\/api.w.org\/{rel}","templated":true}]}}