{"id":14035,"date":"2018-12-21T12:02:55","date_gmt":"2018-12-21T11:02:55","guid":{"rendered":"http:\/\/ssemp.pl\/?page_id=14035"},"modified":"2022-12-19T15:05:10","modified_gmt":"2022-12-19T14:05:10","slug":"luban-gmina-wiejska","status":"publish","type":"page","link":"https:\/\/old-ssemp.sowiak.dev\/?page_id=14035","title":{"rendered":"Luba\u0144 &#8211; gmina wiejska"},"content":{"rendered":"<p>[vc_row][vc_column][vc_empty_space height=&#8221;60px&#8221;][vc_text_separator title=&#8221;Luba\u0144 &#8211; gmina wiejska&#8221;][vc_empty_space height=&#8221;30px&#8221;][\/vc_column][\/vc_row][vc_row][vc_column][vc_column_text]<\/p>\n<p>[\/vc_column_text][\/vc_column][\/vc_row][vc_row][vc_column width=&#8221;1\/2&#8243;][vc_column_text]<a href=\"https:\/\/old-ssemp.sowiak.dev\/?attachment_id=17874\"><img loading=\"lazy\" decoding=\"async\" class=\"alignnone wp-image-17874 size-full\" src=\"https:\/\/old-ssemp.sowiak.dev\/wordpress\/wp-content\/uploads\/2018\/12\/luba\u0144-ca\u0142o\u015b\u0107.png\" width=\"1110\" height=\"870\" srcset=\"https:\/\/old-ssemp.sowiak.dev\/wp-content\/uploads\/2018\/12\/luba\u0144-ca\u0142o\u015b\u0107.png 1110w, https:\/\/old-ssemp.sowiak.dev\/wp-content\/uploads\/2018\/12\/luba\u0144-ca\u0142o\u015b\u0107-300x235.png 300w, https:\/\/old-ssemp.sowiak.dev\/wp-content\/uploads\/2018\/12\/luba\u0144-ca\u0142o\u015b\u0107-768x602.png 768w, https:\/\/old-ssemp.sowiak.dev\/wp-content\/uploads\/2018\/12\/luba\u0144-ca\u0142o\u015b\u0107-1024x803.png 1024w\" sizes=\"auto, (max-width: 1110px) 100vw, 1110px\" \/><\/a>[\/vc_column_text][vc_column_text]&nbsp;<\/p>\n<p><a href=\"https:\/\/old-ssemp.sowiak.dev\/?attachment_id=17900\"><img loading=\"lazy\" decoding=\"async\" class=\"alignnone wp-image-17900 size-full\" src=\"https:\/\/old-ssemp.sowiak.dev\/wordpress\/wp-content\/uploads\/2018\/12\/DSC09003.jpg\" width=\"2160\" height=\"1216\" srcset=\"https:\/\/old-ssemp.sowiak.dev\/wp-content\/uploads\/2018\/12\/DSC09003.jpg 2160w, https:\/\/old-ssemp.sowiak.dev\/wp-content\/uploads\/2018\/12\/DSC09003-300x169.jpg 300w, https:\/\/old-ssemp.sowiak.dev\/wp-content\/uploads\/2018\/12\/DSC09003-768x432.jpg 768w, https:\/\/old-ssemp.sowiak.dev\/wp-content\/uploads\/2018\/12\/DSC09003-1024x576.jpg 1024w\" sizes=\"auto, (max-width: 2160px) 100vw, 2160px\" \/><\/a>[\/vc_column_text][vc_column_text]&nbsp;<\/p>\n<p><a href=\"https:\/\/old-ssemp.sowiak.dev\/?attachment_id=17896\"><img loading=\"lazy\" decoding=\"async\" class=\"alignnone wp-image-17896 size-full\" src=\"https:\/\/old-ssemp.sowiak.dev\/wordpress\/wp-content\/uploads\/2018\/12\/DSC08995.jpg\" width=\"2160\" height=\"1216\" srcset=\"https:\/\/old-ssemp.sowiak.dev\/wp-content\/uploads\/2018\/12\/DSC08995.jpg 2160w, https:\/\/old-ssemp.sowiak.dev\/wp-content\/uploads\/2018\/12\/DSC08995-300x169.jpg 300w, https:\/\/old-ssemp.sowiak.dev\/wp-content\/uploads\/2018\/12\/DSC08995-768x432.jpg 768w, https:\/\/old-ssemp.sowiak.dev\/wp-content\/uploads\/2018\/12\/DSC08995-1024x576.jpg 1024w\" sizes=\"auto, (max-width: 2160px) 100vw, 2160px\" \/><\/a>[\/vc_column_text][vc_column_text]&nbsp;<\/p>\n<p><a href=\"https:\/\/old-ssemp.sowiak.dev\/?attachment_id=17897\"><img loading=\"lazy\" decoding=\"async\" class=\"alignnone wp-image-17897 size-full\" src=\"https:\/\/old-ssemp.sowiak.dev\/wordpress\/wp-content\/uploads\/2018\/12\/DSC08996.jpg\" width=\"2160\" height=\"1216\" srcset=\"https:\/\/old-ssemp.sowiak.dev\/wp-content\/uploads\/2018\/12\/DSC08996.jpg 2160w, https:\/\/old-ssemp.sowiak.dev\/wp-content\/uploads\/2018\/12\/DSC08996-300x169.jpg 300w, https:\/\/old-ssemp.sowiak.dev\/wp-content\/uploads\/2018\/12\/DSC08996-768x432.jpg 768w, https:\/\/old-ssemp.sowiak.dev\/wp-content\/uploads\/2018\/12\/DSC08996-1024x576.jpg 1024w\" sizes=\"auto, (max-width: 2160px) 100vw, 2160px\" \/><\/a>[\/vc_column_text][\/vc_column][vc_column width=&#8221;1\/2&#8243;][\/vc_column][\/vc_row]<\/p>\n","protected":false},"excerpt":{"rendered":"<p>[vc_row][vc_column][vc_empty_space height=&#8221;60px&#8221;][vc_text_separator title=&#8221;Luba\u0144 &#8211; gmina wiejska&#8221;][vc_empty_space height=&#8221;30px&#8221;][\/vc_column][\/vc_row][vc_row][vc_column][vc_column_text] [\/vc_column_text][\/vc_column][\/vc_row][vc_row][vc_column width=&#8221;1\/2&#8243;][vc_column_text][\/vc_column_text][vc_column_text]&nbsp; [\/vc_column_text][vc_column_text]&nbsp; [\/vc_column_text][vc_column_text]&nbsp; [\/vc_column_text][\/vc_column][vc_column width=&#8221;1\/2&#8243;][\/vc_column][\/vc_row]<\/p>\n","protected":false},"author":1,"featured_media":0,"parent":0,"menu_order":0,"comment_status":"closed","ping_status":"closed","template":"page-templates\/front-page.php","meta":{"footnotes":""},"class_list":["post-14035","page","type-page","status-publish","hentry"],"_links":{"self":[{"href":"https:\/\/old-ssemp.sowiak.dev\/index.php?rest_route=\/wp\/v2\/pages\/14035","targetHints":{"allow":["GET"]}}],"collection":[{"href":"https:\/\/old-ssemp.sowiak.dev\/index.php?rest_route=\/wp\/v2\/pages"}],"about":[{"href":"https:\/\/old-ssemp.sowiak.dev\/index.php?rest_route=\/wp\/v2\/types\/page"}],"author":[{"embeddable":true,"href":"https:\/\/old-ssemp.sowiak.dev\/index.php?rest_route=\/wp\/v2\/users\/1"}],"replies":[{"embeddable":true,"href":"https:\/\/old-ssemp.sowiak.dev\/index.php?rest_route=%2Fwp%2Fv2%2Fcomments&post=14035"}],"version-history":[{"count":8,"href":"https:\/\/old-ssemp.sowiak.dev\/index.php?rest_route=\/wp\/v2\/pages\/14035\/revisions"}],"predecessor-version":[{"id":17901,"href":"https:\/\/old-ssemp.sowiak.dev\/index.php?rest_route=\/wp\/v2\/pages\/14035\/revisions\/17901"}],"wp:attachment":[{"href":"https:\/\/old-ssemp.sowiak.dev\/index.php?rest_route=%2Fwp%2Fv2%2Fmedia&parent=14035"}],"curies":[{"name":"wp","href":"https:\/\/api.w.org\/{rel}","templated":true}]}}