{"id":14019,"date":"2018-12-21T11:49:44","date_gmt":"2018-12-21T10:49:44","guid":{"rendered":"http:\/\/ssemp.pl\/?page_id=14019"},"modified":"2021-07-06T12:29:30","modified_gmt":"2021-07-06T10:29:30","slug":"jelenia-gora-gmina-miejska","status":"publish","type":"page","link":"https:\/\/old-ssemp.sowiak.dev\/?page_id=14019","title":{"rendered":"Jelenia G\u00f3ra &#8211; gmina miejska"},"content":{"rendered":"<p>[vc_row][vc_column][vc_empty_space height=&#8221;60px&#8221;][vc_text_separator title=&#8221;Jelenia G\u00f3ra &#8211; gmina miejska&#8221;][vc_empty_space height=&#8221;30px&#8221;][\/vc_column][\/vc_row][vc_row][vc_column][vc_column_text]<\/p>\n<p>[\/vc_column_text][\/vc_column][\/vc_row][vc_row][vc_column][vc_column_text]<\/p>\n<p>&nbsp;<\/p>\n<p>[\/vc_column_text][\/vc_column][\/vc_row][vc_row][vc_column width=&#8221;1\/2&#8243;][vc_column_text]<img loading=\"lazy\" decoding=\"async\" class=\"alignnone wp-image-12479 size-full\" src=\"https:\/\/old-ssemp.sowiak.dev\/wordpress\/wp-content\/uploads\/2016\/05\/Jelenia-G\u00f3ra-II-2018JKJO.png\" width=\"2252\" height=\"3141\" srcset=\"https:\/\/old-ssemp.sowiak.dev\/wp-content\/uploads\/2016\/05\/Jelenia-G\u00f3ra-II-2018JKJO.png 2252w, https:\/\/old-ssemp.sowiak.dev\/wp-content\/uploads\/2016\/05\/Jelenia-G\u00f3ra-II-2018JKJO-215x300.png 215w, https:\/\/old-ssemp.sowiak.dev\/wp-content\/uploads\/2016\/05\/Jelenia-G\u00f3ra-II-2018JKJO-768x1071.png 768w, https:\/\/old-ssemp.sowiak.dev\/wp-content\/uploads\/2016\/05\/Jelenia-G\u00f3ra-II-2018JKJO-734x1024.png 734w\" sizes=\"auto, (max-width: 2252px) 100vw, 2252px\" \/><\/p>\n<p>[\/vc_column_text][\/vc_column][vc_column width=&#8221;1\/2&#8243;][vc_column_text]\n<table id=\"tablepress-8\" class=\"tablepress tablepress-id-8\">\n<thead>\n<tr class=\"row-1 odd\">\n\t<th class=\"column-1\">Jelenia G\u00f3ra<\/th><th class=\"column-2\">&nbsp;<\/th>\n<\/tr>\n<\/thead>\n<tbody class=\"row-hover\">\n<tr class=\"row-2 even\">\n\t<td class=\"column-1\">Miasto \/ Gmina<\/td><td class=\"column-2\">Jelenia G\u00f3ra<\/td>\n<\/tr>\n<tr class=\"row-3 odd\">\n\t<td class=\"column-1\">Powiat<\/td><td class=\"column-2\">jeleniog\u00f3rski<\/td>\n<\/tr>\n<tr class=\"row-4 even\">\n\t<td class=\"column-1\">Wojew\u00f3dztwo<\/td><td class=\"column-2\">Dolno\u015bl\u0105skie<\/td>\n<\/tr>\n<tr class=\"row-5 odd\">\n\t<td class=\"column-1\">Obecne u\u017cytkowanie<\/td><td class=\"column-2\"><\/td>\n<\/tr>\n<tr class=\"row-6 even\">\n\t<td class=\"column-1\">Maksymalna dost\u0119pna powierzchnia(w jednym kawa\u0142ku) [ha]<br \/>\n<\/td><td class=\"column-2\"><\/td>\n<\/tr>\n<tr class=\"row-7 odd\">\n\t<td class=\"column-1\">Przeznaczenie w miejscowym planie zagospodarowania przestrzennego<\/td><td class=\"column-2\"><\/td>\n<\/tr>\n<tr class=\"row-8 even\">\n\t<td class=\"column-1\">Autostrada \/ droga krajowa [km]<\/td><td class=\"column-2\"><\/td>\n<\/tr>\n<tr class=\"row-9 odd\">\n\t<td class=\"column-1\">Kolej [km]<\/td><td class=\"column-2\"><\/td>\n<\/tr>\n<tr class=\"row-10 even\">\n\t<td class=\"column-1\">Porty rzeczne i morskie do 200 km<\/td><td class=\"column-2\"><\/td>\n<\/tr>\n<tr class=\"row-11 odd\">\n\t<td class=\"column-1\">Najbli\u017csze lotnisko mi\u0119dzynarodowe [km]<\/td><td class=\"column-2\"><\/td>\n<\/tr>\n<tr class=\"row-12 even\">\n\t<td class=\"column-1\">Najbli\u017csze miasto wojew\u00f3dzkie [km]<\/td><td class=\"column-2\"><\/td>\n<\/tr>\n<tr class=\"row-13 odd\">\n\t<td class=\"column-1\">Budynki i zabudowania na terenie (T\/N)<\/td><td class=\"column-2\"><\/td>\n<\/tr>\n<\/tbody>\n<\/table>\n<!-- #tablepress-8 from cache --><\/p>\n<p>[\/vc_column_text][\/vc_column][\/vc_row][vc_row][vc_column][vc_column_text]<\/p>\n<p>[\/vc_column_text][\/vc_column][\/vc_row][vc_row][vc_column width=&#8221;1\/3&#8243;][vc_column_text]<a href=\"https:\/\/old-ssemp.sowiak.dev\/mapa\/JeleniaGora\/index.html\" target=\"_blank\"><img decoding=\"async\" class=\"size-full wp-image-9276 aligncenter\" src=\"https:\/\/old-ssemp.sowiak.dev\/wordpress\/wp-content\/uploads\/2016\/05\/panorama.jpg\" alt=\"zobacz-mape\" \/><\/a><\/p>\n<p>[\/vc_column_text][\/vc_column][vc_column width=&#8221;1\/3&#8243;][vc_column_text]<a href=\"http:\/\/mapa.ssemp.pl\/?id=586cb163bab5a425ccc5796c&amp;lang=pl\" target=\"_blank\"><img decoding=\"async\" class=\"size-full wp-image-9289 aligncenter\" src=\"https:\/\/old-ssemp.sowiak.dev\/wordpress\/wp-content\/uploads\/2016\/05\/mapa.jpg\" alt=\"pliki-do-pobrania\" \/><\/a><\/p>\n<p>[\/vc_column_text][\/vc_column][vc_column width=&#8221;1\/3&#8243;][vc_column_text]<a href=\"https:\/\/old-ssemp.sowiak.dev\/?page_id=10581\"><img decoding=\"async\" class=\"size-full wp-image-9289 aligncenter\" src=\"https:\/\/old-ssemp.sowiak.dev\/wordpress\/wp-content\/uploads\/2016\/05\/pliki.jpg\" alt=\"pliki-do-pobrania\" \/><\/a><\/p>\n<p>[\/vc_column_text][\/vc_column][\/vc_row][vc_row][vc_column width=&#8221;1\/2&#8243;][vc_column_text]<a href=\"https:\/\/old-ssemp.sowiak.dev\/?attachment_id=15967\"><img loading=\"lazy\" decoding=\"async\" class=\"alignnone wp-image-15967 size-full\" src=\"https:\/\/old-ssemp.sowiak.dev\/wordpress\/wp-content\/uploads\/2018\/12\/151_6_JG.png\" width=\"1490\" height=\"619\" srcset=\"https:\/\/old-ssemp.sowiak.dev\/wp-content\/uploads\/2018\/12\/151_6_JG.png 1490w, https:\/\/old-ssemp.sowiak.dev\/wp-content\/uploads\/2018\/12\/151_6_JG-300x125.png 300w, https:\/\/old-ssemp.sowiak.dev\/wp-content\/uploads\/2018\/12\/151_6_JG-768x319.png 768w, https:\/\/old-ssemp.sowiak.dev\/wp-content\/uploads\/2018\/12\/151_6_JG-1024x425.png 1024w\" sizes=\"auto, (max-width: 1490px) 100vw, 1490px\" \/><\/a>[\/vc_column_text][vc_column_text]<a href=\"https:\/\/old-ssemp.sowiak.dev\/?attachment_id=15971\"><img loading=\"lazy\" decoding=\"async\" class=\"alignnone wp-image-15971 size-full\" src=\"https:\/\/old-ssemp.sowiak.dev\/wordpress\/wp-content\/uploads\/2018\/12\/z1.jpg\" width=\"5664\" height=\"4248\" srcset=\"https:\/\/old-ssemp.sowiak.dev\/wp-content\/uploads\/2018\/12\/z1.jpg 5664w, https:\/\/old-ssemp.sowiak.dev\/wp-content\/uploads\/2018\/12\/z1-300x225.jpg 300w, https:\/\/old-ssemp.sowiak.dev\/wp-content\/uploads\/2018\/12\/z1-768x576.jpg 768w, https:\/\/old-ssemp.sowiak.dev\/wp-content\/uploads\/2018\/12\/z1-1024x768.jpg 1024w\" sizes=\"auto, (max-width: 5664px) 100vw, 5664px\" \/><\/a>[\/vc_column_text][vc_column_text]<a href=\"https:\/\/old-ssemp.sowiak.dev\/?attachment_id=15972\"><img loading=\"lazy\" decoding=\"async\" class=\"alignnone wp-image-15972 size-full\" src=\"https:\/\/old-ssemp.sowiak.dev\/wordpress\/wp-content\/uploads\/2018\/12\/z2.jpg\" width=\"5664\" height=\"4248\" srcset=\"https:\/\/old-ssemp.sowiak.dev\/wp-content\/uploads\/2018\/12\/z2.jpg 5664w, https:\/\/old-ssemp.sowiak.dev\/wp-content\/uploads\/2018\/12\/z2-300x225.jpg 300w, https:\/\/old-ssemp.sowiak.dev\/wp-content\/uploads\/2018\/12\/z2-768x576.jpg 768w, https:\/\/old-ssemp.sowiak.dev\/wp-content\/uploads\/2018\/12\/z2-1024x768.jpg 1024w\" sizes=\"auto, (max-width: 5664px) 100vw, 5664px\" \/><\/a>[\/vc_column_text][vc_column_text]<a href=\"https:\/\/old-ssemp.sowiak.dev\/?attachment_id=15973\"><img loading=\"lazy\" decoding=\"async\" class=\"alignnone wp-image-15973 size-full\" src=\"https:\/\/old-ssemp.sowiak.dev\/wordpress\/wp-content\/uploads\/2018\/12\/z3.jpg\" width=\"5664\" height=\"4248\" srcset=\"https:\/\/old-ssemp.sowiak.dev\/wp-content\/uploads\/2018\/12\/z3.jpg 5664w, https:\/\/old-ssemp.sowiak.dev\/wp-content\/uploads\/2018\/12\/z3-300x225.jpg 300w, https:\/\/old-ssemp.sowiak.dev\/wp-content\/uploads\/2018\/12\/z3-768x576.jpg 768w, https:\/\/old-ssemp.sowiak.dev\/wp-content\/uploads\/2018\/12\/z3-1024x768.jpg 1024w\" sizes=\"auto, (max-width: 5664px) 100vw, 5664px\" \/><\/a>[\/vc_column_text][vc_column_text]<\/p>\n<p>&nbsp;<\/p>\n<p>&nbsp;<\/p>\n<p>&nbsp;<\/p>\n<p>[\/vc_column_text][vc_column_text]<\/p>\n<p>&nbsp;<\/p>\n<p>&nbsp;<\/p>\n<p>&nbsp;<\/p>\n<p>[\/vc_column_text][\/vc_column][vc_column width=&#8221;1\/2&#8243;][vc_column_text]\n<table id=\"tablepress-141\" class=\"tablepress tablepress-id-141\">\n<thead>\n<tr class=\"row-1 odd\">\n\t<th colspan=\"2\" class=\"column-1\">Jelenia G\u00f3ra<\/th>\n<\/tr>\n<\/thead>\n<tbody class=\"row-hover\">\n<tr class=\"row-2 even\">\n\t<td class=\"column-1\">Wojew\u00f3dztwo:<br \/>\nVoivodeship:<\/td><td class=\"column-2\">dolno\u015bl\u0105skie<\/td>\n<\/tr>\n<tr class=\"row-3 odd\">\n\t<td class=\"column-1\">Powiat:<br \/>\nDistrict:<\/td><td class=\"column-2\">jeleniog\u00f3rski<\/td>\n<\/tr>\n<tr class=\"row-4 even\">\n\t<td class=\"column-1\">Gmina:<br \/>\nCommune:<\/td><td class=\"column-2\">Jelenia G\u00f3ra<\/td>\n<\/tr>\n<tr class=\"row-5 odd\">\n\t<td class=\"column-1\">Rodzaj gminy:<br \/>\nThe surface of the area designed for investment:<\/td><td class=\"column-2\">Miejska<\/td>\n<\/tr>\n<tr class=\"row-6 even\">\n\t<td class=\"column-1\">Powierzchnia terenu przeznaczonego na inwestycj\u0119:<br \/>\nNumber of plot\u2019s precinct:<\/td><td class=\"column-2\">1,6852<\/td>\n<\/tr>\n<tr class=\"row-7 odd\">\n\t<td class=\"column-1\">Nr obr\u0119bu dzia\u0142ki:<br \/>\nNumber of the plot being part of the investment offer:<\/td><td class=\"column-2\">AM2<\/td>\n<\/tr>\n<tr class=\"row-8 even\">\n\t<td class=\"column-1\">Nr dzia\u0142ki stanowi\u0105c\u0105 ofert\u0119 inwestycyjn\u0105:<br \/>\nNumber of the plot being part of the investment offer:<\/td><td class=\"column-2\">151\/6<\/td>\n<\/tr>\n<tr class=\"row-9 odd\">\n\t<td class=\"column-1\">Powierzchnia dzia\u0142ki:<br \/>\nPlot\u2019s surface [ha]:<\/td><td class=\"column-2\">1,6852<\/td>\n<\/tr>\n<tr class=\"row-10 even\">\n\t<td class=\"column-1\">Lokalizacja dzia\u0142ki:<br \/>\nPlot\u2019s location :<\/td><td class=\"column-2\">Jelenia G\u00f3ra ul. Powsta\u0144c\u00f3w \u015al\u0105skich<\/td>\n<\/tr>\n<tr class=\"row-11 odd\">\n\t<td class=\"column-1\">Miejscowy plan zagospodarowania przestrzennego:<br \/>\nLocal zoning plan:<br \/>\n<\/td><td class=\"column-2\">Przedmiotowa nieruchomo\u015b\u0107 nie jest obj\u0119ta miejscowym planem zagospodarowania przestrzennego. Wed\u0142ug zapis\u00f3w Studium uwarunkowa\u0144 i kierunk\u00f3w zagospodarowania przestrzennego miasta Jelenia G\u00f3ra - Uchwa\u0142a nr 245.XXXIV.2016 RMJG z dnia 8.11.2016 przedmiotowa nieruchomo\u015b\u0107 le\u017cy na obszarze oznaczonym symbolem P \u2013 tereny przemys\u0142owe<\/td>\n<\/tr>\n<tr class=\"row-12 even\">\n\t<td class=\"column-1\">Odleg\u0142o\u015b\u0107 sieci wodoci\u0105gowej: (m)<br \/>\nDistance from the plot to the water supply network: [m]<br \/>\n<\/td><td class=\"column-2\">oko\u0142o 20 m (sie\u0107 w drodze granicz\u0105cej z dzia\u0142k\u0105 151\/6  w ulicy Powsta\u0144c\u00f3w \u015al\u0105skich)<\/td>\n<\/tr>\n<tr class=\"row-13 odd\">\n\t<td class=\"column-1\">Odleg\u0142o\u015b\u0107 sieci kanalizacyjnej: (m)<br \/>\nDistance from the plot to the sewage system: [m]<\/td><td class=\"column-2\">oko\u0142o 15 m (sie\u0107 w drodze granicz\u0105cej z dzia\u0142k\u0105 151\/6 w ulicy Powsta\u0144c\u00f3w \u015al\u0105skich)<\/td>\n<\/tr>\n<tr class=\"row-14 even\">\n\t<td class=\"column-1\">Odleg\u0142o\u015b\u0107 sieci elektroenergetycznej: (m)<br \/>\nDistance from the plot to the power network: [m]<\/td><td class=\"column-2\">oko\u0142o 20m (stacja transformatorowa na s\u0105siedniej dzia\u0142ce 151\/5)<\/td>\n<\/tr>\n<tr class=\"row-15 odd\">\n\t<td class=\"column-1\">Odleg\u0142o\u015b\u0107 sieci gazowej od dzia\u0142ki: (m)<br \/>\nDistance from the plot to the gas network: [m]<\/td><td class=\"column-2\">N\/A<\/td>\n<\/tr>\n<tr class=\"row-16 even\">\n\t<td class=\"column-1\">Odleg\u0142o\u015b\u0107 drogi dojazdowej od dzia\u0142ki:<br \/>\nDistance from the plot to the road:<\/td><td class=\"column-2\">dzia\u0142ka graniczy z drog\u0105<\/td>\n<\/tr>\n<tr class=\"row-17 odd\">\n\t<td class=\"column-1\">Odleg\u0142o\u015b\u0107 od autostrady\/drogi ekspresowej:<br \/>\nDistance from the plot to the motorway\/ expressway:<\/td><td class=\"column-2\">autostrada A4 -48 km<br \/>\ndroga ekspresowa S3 - 38 km<br \/>\n<\/td>\n<\/tr>\n<tr class=\"row-18 even\">\n\t<td class=\"column-1\">Czy dzia\u0142ka znajduje si\u0119 na terenie zalewowym:<br \/>\nIs the plot at the area of floodplain ?<\/td><td class=\"column-2\">NIE\/NO<\/td>\n<\/tr>\n<tr class=\"row-19 odd\">\n\t<td class=\"column-1\">Klasa bonitacyjna gleby dzia\u0142ki:<br \/>\nSoil bonitation class of the plot:<\/td><td class=\"column-2\">Rodzaj u\u017cytk\u00f3w Ba<\/td>\n<\/tr>\n<tr class=\"row-20 even\">\n\t<td class=\"column-1\">Czy dzia\u0142ka wymaga odrolnienia:<br \/>\nDoes the plot require changing the status of farmland ?<\/td><td class=\"column-2\">NIE\/NO<\/td>\n<\/tr>\n<tr class=\"row-21 odd\">\n\t<td class=\"column-1\">Czy teren dzia\u0142ki posiada badania geologiczne gruntu:<br \/>\nDoes the plot\u2019s area have any geological research background ?<\/td><td class=\"column-2\">NIE\/NO<\/td>\n<\/tr>\n<tr class=\"row-22 even\">\n\t<td class=\"column-1\">Link do dodatkowych informacji:<br \/>\nAdditional data:<\/td><td class=\"column-2\">-<\/td>\n<\/tr>\n<tr class=\"row-23 odd\">\n\t<td class=\"column-1\">Uwagi, informacje dodatkowe:<br \/>\nComments:<\/td><td class=\"column-2\">Sprzeda\u017cy podlega prawo u\u017cytkowania wieczystego nieruchomo\u015bci niezabudowanej po\u0142o\u017conej w Jeleniej G\u00f3rze przy ul. Powsta\u0144c\u00f3w \u015al\u0105skich, dla kt\u00f3rej S\u0105d Rejonowy w Jeleniej G\u00f3rze prowadzi ksi\u0119g\u0119 wieczyst\u0105 o nr KW JG1J\/00078198\/9, tj. dzia\u0142ki geodezyjnie oznaczonej numerem 151\/6 AM 2 o powierzchni 1,6852 ha.<br \/>\n<br \/>\nW\u0142a\u015bciciel prywatny.<\/td>\n<\/tr>\n<tr class=\"row-24 even\">\n\t<td class=\"column-1\">Link do map:<br \/>\nLink to the maps:<\/td><td class=\"column-2\"><\/td>\n<\/tr>\n<\/tbody>\n<\/table>\n<!-- #tablepress-141 from cache -->[\/vc_column_text][\/vc_column][\/vc_row][vc_row][vc_column width=&#8221;1\/2&#8243;][\/vc_column][\/vc_row][vc_row][vc_column width=&#8221;1\/2&#8243;][\/vc_column][vc_column width=&#8221;1\/2&#8243;][\/vc_column][\/vc_row][vc_row][vc_column width=&#8221;1\/2&#8243;][\/vc_column][vc_column width=&#8221;1\/2&#8243;][\/vc_column][\/vc_row][vc_row][vc_column][vc_column_text]<\/p>\n<p>&nbsp;<\/p>\n<p>[\/vc_column_text][\/vc_column][\/vc_row]<\/p>\n","protected":false},"excerpt":{"rendered":"<p>[vc_row][vc_column][vc_empty_space height=&#8221;60px&#8221;][vc_text_separator title=&#8221;Jelenia G\u00f3ra &#8211; gmina miejska&#8221;][vc_empty_space height=&#8221;30px&#8221;][\/vc_column][\/vc_row][vc_row][vc_column][vc_column_text] [\/vc_column_text][\/vc_column][\/vc_row][vc_row][vc_column][vc_column_text] &nbsp; [\/vc_column_text][\/vc_column][\/vc_row][vc_row][vc_column width=&#8221;1\/2&#8243;][vc_column_text] [\/vc_column_text][\/vc_column][vc_column width=&#8221;1\/2&#8243;][vc_column_text] [\/vc_column_text][\/vc_column][\/vc_row][vc_row][vc_column][vc_column_text] [\/vc_column_text][\/vc_column][\/vc_row][vc_row][vc_column width=&#8221;1\/3&#8243;][vc_column_text] [\/vc_column_text][\/vc_column][vc_column width=&#8221;1\/3&#8243;][vc_column_text] [\/vc_column_text][\/vc_column][vc_column width=&#8221;1\/3&#8243;][vc_column_text] [\/vc_column_text][\/vc_column][\/vc_row][vc_row][vc_column width=&#8221;1\/2&#8243;][vc_column_text][\/vc_column_text][vc_column_text][\/vc_column_text][vc_column_text][\/vc_column_text][vc_column_text][\/vc_column_text][vc_column_text] &nbsp; &nbsp; &nbsp; [\/vc_column_text][vc_column_text] &nbsp; &nbsp; &nbsp; [\/vc_column_text][\/vc_column][vc_column width=&#8221;1\/2&#8243;][vc_column_text][\/vc_column_text][\/vc_column][\/vc_row][vc_row][vc_column width=&#8221;1\/2&#8243;][\/vc_column][\/vc_row][vc_row][vc_column width=&#8221;1\/2&#8243;][\/vc_column][vc_column width=&#8221;1\/2&#8243;][\/vc_column][\/vc_row][vc_row][vc_column width=&#8221;1\/2&#8243;][\/vc_column][vc_column width=&#8221;1\/2&#8243;][\/vc_column][\/vc_row][vc_row][vc_column][vc_column_text] &nbsp; [\/vc_column_text][\/vc_column][\/vc_row]<\/p>\n","protected":false},"author":1,"featured_media":0,"parent":0,"menu_order":0,"comment_status":"closed","ping_status":"closed","template":"page-templates\/front-page.php","meta":{"footnotes":""},"class_list":["post-14019","page","type-page","status-publish","hentry"],"_links":{"self":[{"href":"https:\/\/old-ssemp.sowiak.dev\/index.php?rest_route=\/wp\/v2\/pages\/14019","targetHints":{"allow":["GET"]}}],"collection":[{"href":"https:\/\/old-ssemp.sowiak.dev\/index.php?rest_route=\/wp\/v2\/pages"}],"about":[{"href":"https:\/\/old-ssemp.sowiak.dev\/index.php?rest_route=\/wp\/v2\/types\/page"}],"author":[{"embeddable":true,"href":"https:\/\/old-ssemp.sowiak.dev\/index.php?rest_route=\/wp\/v2\/users\/1"}],"replies":[{"embeddable":true,"href":"https:\/\/old-ssemp.sowiak.dev\/index.php?rest_route=%2Fwp%2Fv2%2Fcomments&post=14019"}],"version-history":[{"count":8,"href":"https:\/\/old-ssemp.sowiak.dev\/index.php?rest_route=\/wp\/v2\/pages\/14019\/revisions"}],"predecessor-version":[{"id":16316,"href":"https:\/\/old-ssemp.sowiak.dev\/index.php?rest_route=\/wp\/v2\/pages\/14019\/revisions\/16316"}],"wp:attachment":[{"href":"https:\/\/old-ssemp.sowiak.dev\/index.php?rest_route=%2Fwp%2Fv2%2Fmedia&parent=14019"}],"curies":[{"name":"wp","href":"https:\/\/api.w.org\/{rel}","templated":true}]}}