{"id":14008,"date":"2018-12-21T11:44:03","date_gmt":"2018-12-21T10:44:03","guid":{"rendered":"http:\/\/ssemp.pl\/?page_id=14008"},"modified":"2020-06-22T13:12:17","modified_gmt":"2020-06-22T11:12:17","slug":"gmina-stara-kamienica","status":"publish","type":"page","link":"https:\/\/old-ssemp.sowiak.dev\/?page_id=14008","title":{"rendered":"gmina Stara Kamienica"},"content":{"rendered":"<p>[vc_row][vc_column][vc_empty_space height=&#8221;60px&#8221;][vc_text_separator title=&#8221;gmina Stara Kamienica&#8221;][vc_empty_space height=&#8221;30px&#8221;][\/vc_column][\/vc_row][vc_row][vc_column][vc_column_text]<\/p>\n<p>[\/vc_column_text][\/vc_column][\/vc_row][vc_row][vc_column width=&#8221;1\/2&#8243;][vc_column_text]<img loading=\"lazy\" decoding=\"async\" class=\"alignnone wp-image-15376 size-full\" src=\"https:\/\/old-ssemp.sowiak.dev\/wordpress\/wp-content\/uploads\/2018\/12\/stara-k-barcinek.png\" width=\"972\" height=\"694\" srcset=\"https:\/\/old-ssemp.sowiak.dev\/wp-content\/uploads\/2018\/12\/stara-k-barcinek.png 972w, https:\/\/old-ssemp.sowiak.dev\/wp-content\/uploads\/2018\/12\/stara-k-barcinek-300x214.png 300w, https:\/\/old-ssemp.sowiak.dev\/wp-content\/uploads\/2018\/12\/stara-k-barcinek-768x548.png 768w\" sizes=\"auto, (max-width: 972px) 100vw, 972px\" \/>[\/vc_column_text][\/vc_column][vc_column width=&#8221;1\/2&#8243;][vc_column_text]\n<table id=\"tablepress-63\" class=\"tablepress tablepress-id-63\">\n<thead>\n<tr class=\"row-1 odd\">\n\t<th colspan=\"2\" class=\"column-1\">Stara Kamienica<\/th>\n<\/tr>\n<\/thead>\n<tbody class=\"row-hover\">\n<tr class=\"row-2 even\">\n\t<td class=\"column-1\">Wojew\u00f3dztwo:<br \/>\nVoivodeship:<\/td><td class=\"column-2\">dolno\u015bl\u0105skie<\/td>\n<\/tr>\n<tr class=\"row-3 odd\">\n\t<td class=\"column-1\">Powiat:<br \/>\nDistrict:<\/td><td class=\"column-2\">jeleniog\u00f3rski<\/td>\n<\/tr>\n<tr class=\"row-4 even\">\n\t<td class=\"column-1\">Gmina:<br \/>\nCommune:<\/td><td class=\"column-2\">Stara Kamienica<\/td>\n<\/tr>\n<tr class=\"row-5 odd\">\n\t<td class=\"column-1\">Rodzaj gminy:<br \/>\nThe surface of the area designed for investment:<\/td><td class=\"column-2\">wiejska<br \/>\n<\/td>\n<\/tr>\n<tr class=\"row-6 even\">\n\t<td class=\"column-1\">Powierzchnia terenu przeznaczonego na inwestycj\u0119:<br \/>\nNumber of plot\u2019s precinct:<\/td><td class=\"column-2\">27<\/td>\n<\/tr>\n<tr class=\"row-7 odd\">\n\t<td class=\"column-1\">Nr obr\u0119bu dzia\u0142ki:<br \/>\nNumber of the plot being part of the investment offer:<\/td><td class=\"column-2\">2<\/td>\n<\/tr>\n<tr class=\"row-8 even\">\n\t<td class=\"column-1\">Nr dzia\u0142ki stanowi\u0105c\u0105 ofert\u0119 inwestycyjn\u0105:<br \/>\nNumber of the plot being part of the investment offer:<\/td><td class=\"column-2\">306\/45<\/td>\n<\/tr>\n<tr class=\"row-9 odd\">\n\t<td class=\"column-1\">Powierzchnia dzia\u0142ki:<br \/>\nPlot\u2019s surface [ha]:<\/td><td class=\"column-2\">33,21<\/td>\n<\/tr>\n<tr class=\"row-10 even\">\n\t<td class=\"column-1\">Lokalizacja dzia\u0142ki:<br \/>\nPlot\u2019s location :<\/td><td class=\"column-2\">Gmina Stara Kamienica, So\u0142ectwo Barcinek<\/td>\n<\/tr>\n<tr class=\"row-11 odd\">\n\t<td class=\"column-1\">Miejscowy plan zagospodarowania przestrzennego:<br \/>\nLocal zoning plan:<br \/>\n<\/td><td class=\"column-2\">TAK\/YES Uchwa\u0142a nr XII\/90\/11 Rady Gminy Stara Kamienica z dnia 30 sierpnia 2011 r. dla obr\u0119bu Barcinek<\/td>\n<\/tr>\n<tr class=\"row-12 even\">\n\t<td class=\"column-1\">Odleg\u0142o\u015b\u0107 sieci wodoci\u0105gowej: (m)<br \/>\nDistance from the plot to the water supply network: [m]<br \/>\n<\/td><td class=\"column-2\">600<\/td>\n<\/tr>\n<tr class=\"row-13 odd\">\n\t<td class=\"column-1\">Odleg\u0142o\u015b\u0107 sieci kanalizacyjnej: (m)<br \/>\nDistance from the plot to the sewage system: [m]<\/td><td class=\"column-2\">600<\/td>\n<\/tr>\n<tr class=\"row-14 even\">\n\t<td class=\"column-1\">Odleg\u0142o\u015b\u0107 sieci elektroenergetycznej: (m)<br \/>\nDistance from the plot to the power network: [m]<\/td><td class=\"column-2\">0<\/td>\n<\/tr>\n<tr class=\"row-15 odd\">\n\t<td class=\"column-1\">Odleg\u0142o\u015b\u0107 sieci gazowej od dzia\u0142ki: (m)<br \/>\nDistance from the plot to the gas network: [m]<\/td><td class=\"column-2\">8500<\/td>\n<\/tr>\n<tr class=\"row-16 even\">\n\t<td class=\"column-1\">Odleg\u0142o\u015b\u0107 drogi dojazdowej od dzia\u0142ki:<br \/>\nDistance from the plot to the road:<\/td><td class=\"column-2\">0<\/td>\n<\/tr>\n<tr class=\"row-17 odd\">\n\t<td class=\"column-1\">Odleg\u0142o\u015b\u0107 od autostrady\/drogi ekspresowej:<br \/>\nDistance from the plot to the motorway\/ expressway:<\/td><td class=\"column-2\">50 km<\/td>\n<\/tr>\n<tr class=\"row-18 even\">\n\t<td class=\"column-1\">Czy dzia\u0142ka znajduje si\u0119 na terenie zalewowym:<br \/>\nIs the plot at the area of floodplain ?<\/td><td class=\"column-2\">NIE\/NO<\/td>\n<\/tr>\n<tr class=\"row-19 odd\">\n\t<td class=\"column-1\">Klasa bonitacyjna gleby dzia\u0142ki:<br \/>\nSoil bonitation class of the plot:<\/td><td class=\"column-2\">IVa, IVb<\/td>\n<\/tr>\n<tr class=\"row-20 even\">\n\t<td class=\"column-1\">Czy dzia\u0142ka wymaga odrolnienia:<br \/>\nDoes the plot require changing the status of farmland ?<\/td><td class=\"column-2\">NIE\/NO<\/td>\n<\/tr>\n<tr class=\"row-21 odd\">\n\t<td class=\"column-1\">Czy teren dzia\u0142ki posiada badania geologiczne gruntu:<br \/>\nDoes the plot\u2019s area have any geological research background ?<\/td><td class=\"column-2\">NIE\/NO<\/td>\n<\/tr>\n<tr class=\"row-22 even\">\n\t<td class=\"column-1\">Link do dodatkowych informacji:<br \/>\nAdditional data:<\/td><td class=\"column-2\">-<\/td>\n<\/tr>\n<tr class=\"row-23 odd\">\n\t<td class=\"column-1\">Uwagi, informacje dodatkowe:<br \/>\nComments:<\/td><td class=\"column-2\">-<\/td>\n<\/tr>\n<tr class=\"row-24 even\">\n\t<td class=\"column-1\">Link do map:<br \/>\nLink to the maps:<\/td><td class=\"column-2\">-<\/td>\n<\/tr>\n<\/tbody>\n<\/table>\n<!-- #tablepress-63 from cache -->[\/vc_column_text][\/vc_column][\/vc_row][vc_row][vc_column][vc_column_text]<\/p>\n<p>&nbsp;<\/p>\n<p>[\/vc_column_text][\/vc_column][\/vc_row]<\/p>\n","protected":false},"excerpt":{"rendered":"<p>[vc_row][vc_column][vc_empty_space height=&#8221;60px&#8221;][vc_text_separator title=&#8221;gmina Stara Kamienica&#8221;][vc_empty_space height=&#8221;30px&#8221;][\/vc_column][\/vc_row][vc_row][vc_column][vc_column_text] [\/vc_column_text][\/vc_column][\/vc_row][vc_row][vc_column width=&#8221;1\/2&#8243;][vc_column_text][\/vc_column_text][\/vc_column][vc_column width=&#8221;1\/2&#8243;][vc_column_text][\/vc_column_text][\/vc_column][\/vc_row][vc_row][vc_column][vc_column_text] &nbsp; [\/vc_column_text][\/vc_column][\/vc_row]<\/p>\n","protected":false},"author":1,"featured_media":0,"parent":0,"menu_order":0,"comment_status":"closed","ping_status":"closed","template":"page-templates\/front-page.php","meta":{"footnotes":""},"class_list":["post-14008","page","type-page","status-publish","hentry"],"_links":{"self":[{"href":"https:\/\/old-ssemp.sowiak.dev\/index.php?rest_route=\/wp\/v2\/pages\/14008","targetHints":{"allow":["GET"]}}],"collection":[{"href":"https:\/\/old-ssemp.sowiak.dev\/index.php?rest_route=\/wp\/v2\/pages"}],"about":[{"href":"https:\/\/old-ssemp.sowiak.dev\/index.php?rest_route=\/wp\/v2\/types\/page"}],"author":[{"embeddable":true,"href":"https:\/\/old-ssemp.sowiak.dev\/index.php?rest_route=\/wp\/v2\/users\/1"}],"replies":[{"embeddable":true,"href":"https:\/\/old-ssemp.sowiak.dev\/index.php?rest_route=%2Fwp%2Fv2%2Fcomments&post=14008"}],"version-history":[{"count":3,"href":"https:\/\/old-ssemp.sowiak.dev\/index.php?rest_route=\/wp\/v2\/pages\/14008\/revisions"}],"predecessor-version":[{"id":15377,"href":"https:\/\/old-ssemp.sowiak.dev\/index.php?rest_route=\/wp\/v2\/pages\/14008\/revisions\/15377"}],"wp:attachment":[{"href":"https:\/\/old-ssemp.sowiak.dev\/index.php?rest_route=%2Fwp%2Fv2%2Fmedia&parent=14008"}],"curies":[{"name":"wp","href":"https:\/\/api.w.org\/{rel}","templated":true}]}}