{"id":13918,"date":"2018-12-21T10:30:12","date_gmt":"2018-12-21T09:30:12","guid":{"rendered":"http:\/\/ssemp.pl\/?page_id=13918"},"modified":"2018-12-21T10:30:12","modified_gmt":"2018-12-21T09:30:12","slug":"kamienna-gora-gmina-wiejska","status":"publish","type":"page","link":"https:\/\/old-ssemp.sowiak.dev\/?page_id=13918","title":{"rendered":"Kamienna G\u00f3ra \u2013 Gmina wiejska"},"content":{"rendered":"<p>[vc_row][vc_column][vc_empty_space height=&#8221;60px&#8221;][vc_text_separator title=&#8221; Kamienna G\u00f3ra \u2013 Gmina wiejska&#8221;][vc_empty_space height=&#8221;30px&#8221;][\/vc_column][\/vc_row][vc_row][vc_column][\/vc_column][\/vc_row][vc_row][vc_column][vc_column_text]<\/p>\n<p>[\/vc_column_text][\/vc_column][\/vc_row]<\/p>\n<p>&nbsp;<\/p>\n<p>[vc_row][vc_column width=&#8221;1\/2&#8243;][vc_column_text]<img loading=\"lazy\" decoding=\"async\" class=\"alignnone wp-image-10084 size-full\" src=\"https:\/\/old-ssemp.sowiak.dev\/wordpress\/wp-content\/uploads\/2016\/05\/updated-KRZESZ\u00d3W.png\" width=\"2333\" height=\"2607\" srcset=\"https:\/\/old-ssemp.sowiak.dev\/wp-content\/uploads\/2016\/05\/updated-KRZESZ\u00d3W.png 2333w, https:\/\/old-ssemp.sowiak.dev\/wp-content\/uploads\/2016\/05\/updated-KRZESZ\u00d3W-268x300.png 268w, https:\/\/old-ssemp.sowiak.dev\/wp-content\/uploads\/2016\/05\/updated-KRZESZ\u00d3W-768x858.png 768w, https:\/\/old-ssemp.sowiak.dev\/wp-content\/uploads\/2016\/05\/updated-KRZESZ\u00d3W-916x1024.png 916w\" sizes=\"auto, (max-width: 2333px) 100vw, 2333px\" \/><\/p>\n<p>[\/vc_column_text][\/vc_column][vc_column width=&#8221;1\/2&#8243;][vc_column_text]\n<table id=\"tablepress-10\" class=\"tablepress tablepress-id-10\">\n<thead>\n<tr class=\"row-1 odd\">\n\t<th class=\"column-1\">Krzesz\u00f3w<\/th><th class=\"column-2\">&nbsp;<\/th>\n<\/tr>\n<\/thead>\n<tbody class=\"row-hover\">\n<tr class=\"row-2 even\">\n\t<td class=\"column-1\">Miasto \/ Gmina<\/td><td class=\"column-2\">Gmina Kamienna G\u00f3ra - Krzesz\u00f3w<\/td>\n<\/tr>\n<tr class=\"row-3 odd\">\n\t<td class=\"column-1\">Powiat<\/td><td class=\"column-2\">kamiennog\u00f3rski<\/td>\n<\/tr>\n<tr class=\"row-4 even\">\n\t<td class=\"column-1\">Wojew\u00f3dztwo<\/td><td class=\"column-2\">Dolno\u015bl\u0105skie<\/td>\n<\/tr>\n<tr class=\"row-5 odd\">\n\t<td class=\"column-1\">Obecne u\u017cytkowanie<\/td><td class=\"column-2\">teren nieu\u017cytkowany<\/td>\n<\/tr>\n<tr class=\"row-6 even\">\n\t<td class=\"column-1\">Maksymalna dost\u0119pna powierzchnia(w jednym kawa\u0142ku) [ha]<br \/>\n<\/td><td class=\"column-2\">31,6640ha<\/td>\n<\/tr>\n<tr class=\"row-7 odd\">\n\t<td class=\"column-1\">Przeznaczenie w miejscowym planie zagospodarowania przestrzennego<\/td><td class=\"column-2\">1.Przeznaczenie podstawowe -dzia\u0142alno\u015b\u0107 gospodarcza.<br \/>\n2.Przeznaczenie uzupe\u0142niaj\u0105ce \u2013us\u0142ugi komercyjne.<\/td>\n<\/tr>\n<tr class=\"row-8 even\">\n\t<td class=\"column-1\">Autostrada \/ droga krajowa [km]<\/td><td class=\"column-2\">Autostrada A4 \u201354 km (Legnica) Droga krajowa nr 5 \u20133 km.<\/td>\n<\/tr>\n<tr class=\"row-9 odd\">\n\t<td class=\"column-1\">Kolej [km]<\/td><td class=\"column-2\">Stacja kolejowa Marcisz\u00f3w -osobowo-towarowa -13 km.<\/td>\n<\/tr>\n<tr class=\"row-10 even\">\n\t<td class=\"column-1\">Porty rzeczne i morskie do 200 km<\/td><td class=\"column-2\">Wroc\u0142aw ok. 104 km<\/td>\n<\/tr>\n<tr class=\"row-11 odd\">\n\t<td class=\"column-1\">Najbli\u017csze lotnisko mi\u0119dzynarodowe [km]<\/td><td class=\"column-2\">Wroc\u0142aw ok. 104 km<\/td>\n<\/tr>\n<tr class=\"row-12 even\">\n\t<td class=\"column-1\">Najbli\u017csze miasto wojew\u00f3dzkie [km]<\/td><td class=\"column-2\">Wroc\u0142aw ok. 104 km<\/td>\n<\/tr>\n<tr class=\"row-13 odd\">\n\t<td class=\"column-1\">Budynki i zabudowania na terenie (T\/N)<\/td><td class=\"column-2\">N<\/td>\n<\/tr>\n<\/tbody>\n<\/table>\n<!-- #tablepress-10 from cache --><\/p>\n<p>[\/vc_column_text][\/vc_column][\/vc_row]<\/p>\n<p>[vc_row][vc_column width=&#8221;1\/3&#8243;][vc_column_text]<a href=\"https:\/\/old-ssemp.sowiak.dev\/mapa\/Krzeszow\/index.html\" target=\"_blank\"><img decoding=\"async\" class=\"size-full wp-image-9276 aligncenter\" src=\"https:\/\/old-ssemp.sowiak.dev\/wordpress\/wp-content\/uploads\/2016\/05\/panorama.jpg\" alt=\"zobacz-mape\" \/><\/a><\/p>\n<p>[\/vc_column_text][\/vc_column]<\/p>\n<p>[vc_column width=&#8221;1\/3&#8243;][vc_column_text]<a href=\"http:\/\/mapa.ssemp.pl\/?id=5805ffbdbab5a40c7a8c3278&amp;lang=pl\" target=\"_blank\"><img decoding=\"async\" class=\"size-full wp-image-9289 aligncenter\" src=\"https:\/\/old-ssemp.sowiak.dev\/wordpress\/wp-content\/uploads\/2016\/05\/mapa.jpg\" alt=\"pliki-do-pobrania\" \/><\/a><\/p>\n<p>[\/vc_column_text][\/vc_column]<\/p>\n<p>[vc_column width=&#8221;1\/3&#8243;][vc_column_text]<a href=\"https:\/\/old-ssemp.sowiak.dev\/?page_id=10584\"><img decoding=\"async\" class=\"size-full wp-image-9289 aligncenter\" src=\"https:\/\/old-ssemp.sowiak.dev\/wordpress\/wp-content\/uploads\/2016\/05\/pliki.jpg\" alt=\"pliki-do-pobrania\" \/><\/a><\/p>\n<p>[\/vc_column_text][\/vc_column][\/vc_row]<\/p>\n","protected":false},"excerpt":{"rendered":"<p>[vc_row][vc_column][vc_empty_space height=&#8221;60px&#8221;][vc_text_separator title=&#8221; Kamienna G\u00f3ra \u2013 Gmina wiejska&#8221;][vc_empty_space height=&#8221;30px&#8221;][\/vc_column][\/vc_row][vc_row][vc_column][\/vc_column][\/vc_row][vc_row][vc_column][vc_column_text] [\/vc_column_text][\/vc_column][\/vc_row] &nbsp; [vc_row][vc_column width=&#8221;1\/2&#8243;][vc_column_text] [\/vc_column_text][\/vc_column][vc_column width=&#8221;1\/2&#8243;][vc_column_text] [\/vc_column_text][\/vc_column][\/vc_row] [vc_row][vc_column width=&#8221;1\/3&#8243;][vc_column_text] [\/vc_column_text][\/vc_column] [vc_column width=&#8221;1\/3&#8243;][vc_column_text] [\/vc_column_text][\/vc_column] [vc_column width=&#8221;1\/3&#8243;][vc_column_text] [\/vc_column_text][\/vc_column][\/vc_row]<\/p>\n","protected":false},"author":1,"featured_media":0,"parent":0,"menu_order":0,"comment_status":"closed","ping_status":"closed","template":"page-templates\/front-page.php","meta":{"footnotes":""},"class_list":["post-13918","page","type-page","status-publish","hentry"],"_links":{"self":[{"href":"https:\/\/old-ssemp.sowiak.dev\/index.php?rest_route=\/wp\/v2\/pages\/13918","targetHints":{"allow":["GET"]}}],"collection":[{"href":"https:\/\/old-ssemp.sowiak.dev\/index.php?rest_route=\/wp\/v2\/pages"}],"about":[{"href":"https:\/\/old-ssemp.sowiak.dev\/index.php?rest_route=\/wp\/v2\/types\/page"}],"author":[{"embeddable":true,"href":"https:\/\/old-ssemp.sowiak.dev\/index.php?rest_route=\/wp\/v2\/users\/1"}],"replies":[{"embeddable":true,"href":"https:\/\/old-ssemp.sowiak.dev\/index.php?rest_route=%2Fwp%2Fv2%2Fcomments&post=13918"}],"version-history":[{"count":3,"href":"https:\/\/old-ssemp.sowiak.dev\/index.php?rest_route=\/wp\/v2\/pages\/13918\/revisions"}],"predecessor-version":[{"id":13922,"href":"https:\/\/old-ssemp.sowiak.dev\/index.php?rest_route=\/wp\/v2\/pages\/13918\/revisions\/13922"}],"wp:attachment":[{"href":"https:\/\/old-ssemp.sowiak.dev\/index.php?rest_route=%2Fwp%2Fv2%2Fmedia&parent=13918"}],"curies":[{"name":"wp","href":"https:\/\/api.w.org\/{rel}","templated":true}]}}