{"id":13084,"date":"2018-12-19T11:18:10","date_gmt":"2018-12-19T10:18:10","guid":{"rendered":"http:\/\/ssemp.pl\/?page_id=13084"},"modified":"2018-12-19T11:18:11","modified_gmt":"2018-12-19T10:18:11","slug":"wegliniec","status":"publish","type":"page","link":"https:\/\/old-ssemp.sowiak.dev\/?page_id=13084","title":{"rendered":"W\u0119gliniec"},"content":{"rendered":"<p>[vc_row][vc_column width=&#8221;1\/6&#8243;][\/vc_column][vc_column width=&#8221;2\/3&#8243;][vc_empty_space height=&#8221;40px&#8221;][vc_text_separator title=&#8221;Zapraszamy Pa\u0144stwa do W\u0119glinca&#8221; border_width=&#8221;6&#8243;][vc_column_text]<\/p>\n<p align=\"CENTER\"><span style=\"color: #000000;\"><span style=\"font-family: serif;\"><b>OG\u00d3LNE INFORMACJE O GMINIE<\/b><\/span><\/span><\/p>\n<p align=\"JUSTIFY\"><span style=\"color: #000000;\"><span style=\"font-family: serif;\">Gmina W\u0119gliniec po\u0142o\u017cona jest w zachodniej cz\u0119\u015bci wojew\u00f3dztwa dolno\u015bl\u0105skiego, w \u00a0powiecie zgorzeleckim. <\/span><span style=\"font-family: serif;\">W cz\u0119\u015bci wschodniej gmina graniczy z administracyjnym obszarem gminy Osiecznica. Po\u0142udniowa i po\u0142-wsch cz\u0119\u015b\u0107 granic \u0142\u0105czy gmin\u0119 W\u0119gliniec z gmin\u0105 Nowogrodziec \u2013 z obszarem specjalnej strefy ekonomicznej &#8211; natomiast zachodnia i po\u0142.-zach. ich cz\u0119\u015b\u0107 &#8211; z gmin\u0105 Pie\u0144sk. Na p\u00f3\u0142noc od granic W\u0119gli\u0144ca znajduj\u0105 si\u0119 gminy: Przew\u00f3z i I\u0142owa oraz miasto Gozdnica nale\u017c\u0105ce do wojew\u00f3dztwa lubuskiego.\u00a0<\/span><\/span><\/p>\n<p align=\"JUSTIFY\"><span style=\"color: #000000;\"><span style=\"font-family: serif;\">Oko\u0142o 82% powierzchni gminy stanowi\u0105 lasy dostarczaj\u0105ce surowca dla przemys\u0142u drzewnego, przetw\u00f3rstwa runa le\u015bnego i gospodarki \u0142owieckiej. <\/span><\/span><\/p>\n<p align=\"JUSTIFY\"><span style=\"color: #000000;\"><span style=\"font-family: serif;\">Na terenie gminy znajduj\u0105 si\u0119 cenne z\u0142o\u017ca surowc\u00f3w naturalnych eksploatowanych: surowiec ilasty ceramiki budowlanej, kwarcoplast, kruszywa, \u017cwiry, kaolin. Z\u0142o\u017ca do eksploatacji: w\u0119giel brunatny z du\u017c\u0105 zawarto\u015bci\u0105 substancji bitumicznych i aromatycznych oraz piaski szklarskie i formierskie.<\/span><\/span><\/p>\n<p align=\"JUSTIFY\"><span style=\"color: #000000;\"><span style=\"font-family: serif;\">W sk\u0142ad gminy wchodzi miasto W\u0119gliniec, siedem so\u0142ectw: Rusz\u00f3w, Ko\u015bcielna Wie\u015b, Jagodzin, Piaseczna, Stary W\u0119gliniec, Czerwona Woda, Zielonka oraz osady: Polana i Okr\u0105glica.<\/span><\/span><\/p>\n<p align=\"JUSTIFY\"><span style=\"color: #000000;\"><span style=\"font-family: serif;\">Powierzchnia gminy &#8211; <\/span><span style=\"font-family: serif;\">338,44 km<\/span><sup><span style=\"font-family: serif;\">2<\/span><\/sup><span style=\"font-family: serif;\">. <\/span><\/span><\/p>\n<p align=\"JUSTIFY\"><span style=\"color: #000000;\"><span style=\"font-family: serif;\">Liczba mieszka\u0144c\u00f3w \u2013 8402 os., w tym w wieku przedprodukcyjnym \u2013 1359 os.(16,5%); produkcyjnym &#8211; 5242 os.(62,7%); poprodukcyjnym \u2013 1747os. (20,8%). <\/span><\/span><\/p>\n<p align=\"JUSTIFY\"><span style=\"color: #000000;\"><span style=\"font-family: serif;\">Na terenie gminy funkcjonuj\u0105: 3 przedszkola oraz 1 punkt przedszkolny ; 3 szko\u0142y podstawowe; liceum i gimnazjum dla doros\u0142ych. <\/span><\/span><\/p>\n<p align=\"JUSTIFY\"><span style=\"color: #000000;\"><span style=\"font-family: serif;\">Obszar Gminy znajduje si\u0119 przy g\u0142\u00f3wnych szlakach komunikacyjnych Europy tj. drogach mi\u0119dzynarodowych nr E40 w kierunku Drezna i Lwowa oraz E36 w kierunku Berlina. <\/span><span style=\"font-family: serif;\">Przez gmin\u0119 przebiega droga wojew\u00f3dzka nr 296, kt\u00f3ra stanowi \u0142\u0105cznik mi\u0119dzy autostrad\u0105 A4 (zjazd Godziesz\u00f3w) a drog\u0105 A \u2013 18 w I\u0142owej oraz \u0142\u0105czy te dwie drogi z przej\u015bciami granicznymi w J\u0119drzychowicach, Zawidowie, Sieniawce, Olszynie i Jakuszycach.<\/span><\/span><\/p>\n<p align=\"JUSTIFY\"><span style=\"color: #000000;\"><span style=\"font-family: serif;\">W W\u0119gli\u0144cu znajduje si\u0119 <\/span><span style=\"font-family: serif;\">kolejowy terminal towarowy, <\/span><span style=\"font-family: serif;\">obs\u0142uguj\u0105cy poci\u0105gi w kierunku kolejowych przej\u015b\u0107 granicznych: Zawid\u00f3w \u2013 Frydlant (PL-Cz);Zgorzelec \u2013 G\u00f6rlitz (PL-D), W\u0119gliniec \u2013 Horka (PL-D). W\u0119gliniec to r\u00f3wnie\u017c wa\u017cny w\u0119ze\u0142 komunikacyjny ruchu pasa\u017cerskiego na trasie Wroc\u0142aw \u2013 zachodnia granica pa\u0144stwa \u2013 Drezno (Niemcy) oraz Szczecin \u2013 W\u0119gliniec \u2013 Jelenia G\u00f3ra.<\/span><\/span><\/p>\n<p align=\"JUSTIFY\"><span style=\"font-family: serif;\"><b>Wiod\u0105ce bran\u017ce gospodarki:<\/b><\/span><\/p>\n<ul>\n<li>\n<p align=\"JUSTIFY\"><span style=\"color: #000000;\"><span style=\"font-family: serif;\">eksploatacj<\/span><span style=\"font-family: serif;\">a i obs\u0142uga<\/span><span style=\"font-family: serif;\"> zasob\u00f3w le\u015bnych,<\/span><\/span><\/p>\n<\/li>\n<li>\n<p align=\"JUSTIFY\"><span style=\"color: #000000;\"><span style=\"font-family: serif;\">us\u0142ugi transportowe <\/span><span style=\"font-family: serif;\">(w\u0119ze\u0142 kolejowy, transport ci\u0119\u017carowy),<\/span><\/span><\/p>\n<\/li>\n<li>\n<p align=\"JUSTIFY\"><span style=\"color: #000000;\"><span style=\"font-family: serif;\">lokalnym hand<\/span><span style=\"font-family: serif;\">e<\/span><span style=\"font-family: serif;\">l drobnodetaliczny i cz\u0119\u015bciowo hurtowy,<\/span><\/span><\/p>\n<\/li>\n<li>\n<p align=\"JUSTIFY\"><span style=\"color: #000000;\"><span style=\"font-family: serif;\">dzia\u0142alno\u015bci produkcyjnej (g\u0142ownie przetw\u00f3rstwo drzewne, gumowe),<\/span><\/span><\/p>\n<\/li>\n<li>\n<p align=\"JUSTIFY\"><span style=\"color: #000000;\"><span style=\"font-family: serif;\">dzia\u0142alno\u015bci prowadzonej w ramach us\u0142ug nierynkowych.<\/span><\/span><\/p>\n<\/li>\n<\/ul>\n<p align=\"JUSTIFY\"><span style=\"font-family: serif;\"><b>Najwi\u0119ksze firmy dzia\u0142aj\u0105ce na terenie gminy:<\/b><\/span><\/p>\n<ul>\n<li>\n<p align=\"JUSTIFY\"><span style=\"color: #000000;\"><span style=\"font-family: serif;\">Przedsi\u0119biorstwo STOLBUD Sp. z o.o., ul. \u015awierczewskiego 5, Rusz\u00f3w -przetw\u00f3rstwo drewna<\/span><\/span><\/p>\n<\/li>\n<li>\n<p align=\"JUSTIFY\"><span style=\"color: #000000;\"><span style=\"font-family: serif;\">Boles\u0142awieckie Zak\u0142ady Materia\u0142\u00f3w Ogniotrwa\u0142ych Sp. z o.o., Czerwona Woda -przemys\u0142 wydobywczy<\/span><\/span><\/p>\n<\/li>\n<li>\n<p align=\"JUSTIFY\"><span style=\"color: #000000;\"><span style=\"font-family: serif;\">UNIRUBBER Sp. z o.o. Zielonka 17, W\u0119gliniec &#8211; producent mieszanek gumowych i\u00a0granulat\u00f3w stosowanych do elastycznych nawierzchni sportowych i na place zabaw <\/span><\/span><\/p>\n<\/li>\n<li>\n<p align=\"JUSTIFY\"><span style=\"color: #000000;\"><span style=\"font-family: serif;\">AGROBUD Zak\u0142ad pracy Chronionej ul. \u015awierczewskiego 5, Rusz\u00f3w \u2013 \u015brodki ochrony BHB, \u015brodki utrzymania czysto\u015bci<\/span><\/span><\/p>\n<\/li>\n<li>\n<p align=\"JUSTIFY\"><span style=\"color: #000000;\"><span style=\"font-family: serif;\">DDOKP W\u0119ze\u0142 Kolejowy w W\u0119gli\u0144cu -przew\u00f3z towarowy i pasa\u017cerski<\/span><\/span><\/p>\n<\/li>\n<li>\n<p align=\"JUSTIFY\"><span style=\"color: #000000;\"><span style=\"font-family: serif;\">DREWTRANS W\u0142adys\u0142aw Pro\u0107 ul. Skrajna, W\u0119gliniec &#8211; transport ci\u0119\u017carowy<\/span><\/span><\/p>\n<\/li>\n<li>\n<p align=\"JUSTIFY\"><span style=\"color: #000000;\"><span style=\"font-family: serif;\">EKOCERAMIKA Sp. z o.o. \u2013 przemys\u0142 wydobywczy<\/span><\/span><\/p>\n<\/li>\n<\/ul>\n<p align=\"JUSTIFY\"><span style=\"font-family: serif;\"><b>Atrakcje na terenie gminy:<\/b><\/span><\/p>\n<p align=\"JUSTIFY\"><span style=\"color: #000080;\"><span style=\"font-family: Verdana, serif;\"><span style=\"font-size: xx-small;\"><span style=\"color: #00000a;\"><span style=\"font-family: serif;\"><span style=\"font-size: small;\"><span lang=\"cs-CZ\"><u>Rezerwaty przyrody <\/u><\/span><\/span><\/span><\/span><\/span><\/span><\/span><\/p>\n<ul>\n<li>\n<p align=\"JUSTIFY\"><span style=\"font-family: serif;\">Torfowisko pod W\u0119gli\u0144cem, utworzone w 1959 roku \u2013 pow. 1,35 ha \u2013 unikatowe, reliktowe stanowisko sosny b\u0142otnej zw. drzewokos\u0105, wyst\u0119pujace w przesuszonym borze trz\u0119\u015blicowym, kt\u00f3re jest osobliwo\u015bci\u0105 na skal\u0119 europejsk\u0105. <\/span><\/p>\n<\/li>\n<li>\n<p align=\"JUSTIFY\"><span style=\"font-family: serif;\">Wrzosiec k. Piasecznej, utworzony w 2005 roku, pow. 40,16 ha obejmuje torfowisko wysokie z\u00a0interesuj\u0105c\u0105 ro\u015blinno\u015bci\u0105, pi\u0119kne stanowisko wrzo\u015bca bagiennego, rosiczek i wid\u0142ak\u00f3w. <\/span><\/p>\n<\/li>\n<\/ul>\n<p align=\"JUSTIFY\"><span style=\"color: #000080;\"><span style=\"font-family: Verdana, serif;\"><span style=\"font-size: xx-small;\"><span style=\"color: #00000a;\"><span style=\"font-family: serif;\"><span style=\"font-size: small;\"><u>Zabytki<\/u><\/span><\/span><\/span><span style=\"color: #00000a;\"><span style=\"font-family: serif;\"><span style=\"font-size: small;\">:<\/span><\/span><\/span><\/span><\/span><\/span><\/p>\n<p align=\"JUSTIFY\"><span style=\"font-family: serif;\">&#8211; Ko\u015bci\u00f3\u0142 pw. MB Szkaplerznej w Starym W\u0119gli\u0144cu \u2013 <\/span><span style=\"font-family: serif;\">pierwsza, drewniana kaplica katolicka powsta\u0142a w 1562 r. (wg. innych \u017ar\u00f3de\u0142 w 1518 r.). Zosta\u0142a ona rozebrana w 1687 r. przez ewangelik\u00f3w. Na jej miejscu wzniesiono ko\u015bci\u00f3\u0142 ewangelicki p.w. \u015bw. Anny. Kilkakrotnie rozbudowywany: przedsionek w XVIII w., wie\u017ca ko\u015bcio\u0142a w ko\u0144ca XIX w., zakrystia (dawna kostnica) w 1962 r. Wewn\u0105trz zachowa\u0142y si\u0119 XVII wieczne malowid\u0142a \u015bcienne oraz zabytkowy o\u0142tarz i ambona.<\/span><\/p>\n<p align=\"JUSTIFY\"><span style=\"color: #000080;\"><span style=\"font-family: Verdana, serif;\"><span style=\"font-size: xx-small;\"><span style=\"color: #00000a;\"><span style=\"font-family: serif;\"><span style=\"font-size: small;\">&#8211; Ko\u015bci\u00f3\u0142 parafialny w Czerwonej Wodzie jest ko\u015bci\u00f3\u0142. Po raz pierwszy pisemna wzmianka o ko\u015bciele pojawi\u0142a si\u0119 w 1481 roku, w pi\u015bmie Kacpra Marieny, wikarego z Budziszyna. Wybudowany w stylu barokowym w 1784r. Jest to obiekt kamienno-ceglany, jednonawowy, z prezbiterium zwie\u0144czonym wie\u017c\u0105. Ko\u015bci\u00f3\u0142 zosta\u0142 przebudowany na pocz\u0105tku XXw. W mur okalaj\u0105cy przyko\u015bcielny cmentarz wmurowane s\u0105 nagrobki ewangelickie XVIII \u2013 XIXw.<\/span><\/span><\/span><\/span><\/span><\/span><\/p>\n<p align=\"JUSTIFY\"><span style=\"font-family: serif;\">&#8211; Ruiny <\/span><span style=\"font-family: serif;\">p\u00f3\u017anogotyckiego ko\u015bcio\u0142a z pocz\u0105tku XVI w. w Ruszowie z zachowanymi murami i sklepieniami, XVII \u2013 wieczn\u0105 wie\u017c\u0105 oraz czterema zabytkowymi epitafiami w \u015bcianach zewn\u0119trznych. <\/span><span style=\"font-family: serif;\">W latach 2004 \u2013 2014 przeprowadzono prace konserwacyjne, adaptuj\u0105c naw\u0119 poprzeczn\u0105 na kaplic\u0119 przedpogrzebow\u0105 wraz z zapleczem sanitarno-socjalnym, natomiast w nawie g\u0142\u00f3wnej powsta\u0142a aula \u2013 sala konferencyjno-koncertowa, w kt\u00f3rej odbywaj\u0105 si\u0119 wa\u017cne uroczysto\u015bci.<\/span><\/p>\n<p align=\"JUSTIFY\"><span style=\"color: #000080;\"><span style=\"font-family: Verdana, serif;\"><span style=\"font-size: xx-small;\"><span style=\"color: #00000a;\"><span style=\"font-family: serif;\"><span style=\"font-size: small;\">&#8211; Ko\u015bci\u00f3\u0142 pw. Zmartwychwstania Pa\u0144skiego w Ruszowie \u2013 budowla w stylu neogotyckim z 1906r., obok D\u0105b papieski posadzony 27.05.2006r.<\/span><\/span><\/span><\/span><\/span><\/span><\/p>\n<p align=\"JUSTIFY\"><span style=\"color: #000080;\"><span style=\"font-family: Verdana, serif;\"><span style=\"font-size: xx-small;\"><span style=\"color: #00000a;\"><span style=\"font-family: serif;\"><span style=\"font-size: small;\">&#8211; Ko\u015bci\u00f3\u0142 z prze\u0142omu XIX\/XX wieku pw. Matki Bo\u017cej Kr\u00f3lowej Polski (tzw. Kolejowy) w W\u0119gli\u0144cu. Do 1945 roku s\u0142u\u017cy\u0142 jako \u015bwi\u0105tynia ewangelicka. Obecnie pe\u0142ni funkcj\u0119 ko\u015bcio\u0142a pomocniczego tutejszej parafii. <\/span><\/span><\/span><\/span><\/span><\/span><\/p>\n<p align=\"JUSTIFY\"><span style=\"color: #000080;\"><span style=\"font-family: Verdana, serif;\"><span style=\"font-size: xx-small;\"><span style=\"color: #00000a;\"><span style=\"font-family: serif;\"><span style=\"font-size: small;\">&#8211; ko\u015bci\u00f3\u0142 neoroma\u0144ski z 1930r. pw. Naj\u015bwi\u0119tszego Serca Pana Jezusa (parafialny) w W\u0119gli\u0144cu;<\/span><\/span><\/span><\/span><\/span><\/span><\/p>\n<p align=\"JUSTIFY\"><span style=\"color: #000080;\"><span style=\"font-family: Verdana, serif;\"><span style=\"font-size: xx-small;\"><span style=\"color: #00000a;\"><span style=\"font-family: serif;\"><span style=\"font-size: small;\">&#8211; zabytkowa wie\u017ca ci\u015bnie\u0144 z 1926r. z punktem widokowym w W\u0119gli\u0144cu;<\/span><\/span><\/span><\/span><\/span><\/span><\/p>\n<p align=\"JUSTIFY\"><span style=\"color: #000080;\"><span style=\"font-family: Verdana, serif;\"><span style=\"font-size: xx-small;\"><span style=\"color: #00000a;\"><span style=\"font-family: serif;\"><span style=\"font-size: small;\">&#8211; dworzec kolejowy w W\u0119gli\u0144cu &#8211; wybudowany w 1846r. w obecnym kszta\u0142cie z ok. 1900r., zwi\u0105zany z otwarciem jednej z pierwszych w Europie linii kolejowych w 1846r. \u0142\u0105cz\u0105cej stolice Prus, Berlin ze stolica \u015al\u0105ska Wroc\u0142awiem ( na odcinku \u017bary \u2013 W\u0119gliniec trasa biegnie dok\u0142adnie \u015brodkiem Bor\u00f3w Dolno\u015bl\u0105skich. Dworzec posiada 6 peron\u00f3w i 8 kraw\u0119dzi peronowych. Do dworca prowadzi\u00a0przej\u015bcie naziemne. <\/span><\/span><\/span><\/span><\/span><\/span><\/p>\n<p align=\"JUSTIFY\"><span style=\"color: #000080;\"><span style=\"font-family: Verdana, serif;\"><span style=\"font-size: xx-small;\"><span style=\"color: #00000a;\"><span style=\"font-family: serif;\"><span style=\"font-size: small;\">&#8211; Muzeum Kres\u00f3w Wschodnich z Izb\u0105 Podolsk\u0105 w W\u0119gli\u0144cu &#8211; zbiory muzeum to przedmioty codziennego u\u017cytku, przywiezione przez repatriant\u00f3w z dawnych Kres\u00f3w Wschodnich II RP. Siedzib\u0105 muzeum s\u0105 dwa wagony kolejowe podobne do tych, kt\u00f3rymi przyje\u017cd\u017cali przesiedle\u0144cy z Kres\u00f3w Wschodnich, umiejscowione na torze u\u0142o\u017conym w centrum W\u0119gli\u0144ca obok parku. Tu zgromadzili pami\u0105tki przesiedleni po 1945r. na te tereny mieszka\u0144cy Lwowa i Tarnopola. Najcenniejszym eksponatem jest 1,5m figura MB Niepokalanej z Ko\u015bcio\u0142a w Buchaczu. W muzeum mieszcz\u0105 si\u0119 r\u00f3wnie\u017c wystawy fotografii zwi\u0105zane z tematyk\u0105 kres\u00f3w m.in. ,,Lw\u00f3w w Starej Fotografii\u2019\u2019; ,,Kamieniec Podolski\u2019\u2019; ,,S\u0142ob\u00f3dka Janowska\u2019\u2019; ,,Historia Wielkiego Ba\u0142akania\u2019\u2019 . Izba Podolska to pomieszczenie urz\u0105dzone na wz\u00f3r tradycyjnych zabudowa\u0144 na terenie Kres\u00f3w Wschodnich II RP.<\/span><\/span><\/span><\/span><\/span><\/span><\/p>\n<p align=\"JUSTIFY\"><span style=\"color: #000080;\"><span style=\"font-family: Verdana, serif;\"><span style=\"font-size: xx-small;\"><span style=\"color: #00000a;\"><span style=\"font-family: serif;\"><span style=\"font-size: small;\">&#8211; stary trakt kolejki w\u0105skotorowej (relikt g\u00f3rnictwa) w Zielonce &#8211; odbywa\u0142 si\u0119 nim transport w\u0119gla brunatnego z kopalni Rygle I i II do elektrowni, kt\u00f3rej pocz\u0105tki datuj\u0105 si\u0119 na lata 20 \u2013 ubieg\u0142ego wieku.<\/span><\/span><\/span><\/span><\/span><\/span><\/p>\n<p align=\"JUSTIFY\"><span style=\"font-family: serif;\"><u>Szlaki turystyczne:<\/u><\/span><\/p>\n<p align=\"JUSTIFY\"><span style=\"font-family: serif;\">TRASA 1 \\&#8221;KRAJOZNAWCZA\\&#8221; \u2013 d\u0142. 47 km &#8211; Tras\u0119 zaczynamy w Starym W\u0119gli\u0144cu nast\u0119pnie kierujemy si\u0119 do miejscowo\u015bci Parowa, kolejna miejscowo\u015bci to O\u0142obok, potem W\u0119gliniec, Czerwona Woda, a nast\u0119pnie wracamy do miejscowo\u015bci Stary W\u0119gliniec <\/span><\/p>\n<p align=\"JUSTIFY\"><span style=\"font-family: serif;\">TRASA 2 \u201ePRZYRODNICZA\u201d \u2013 d\u0142. 27,3 km &#8211; Trasa rozpoczyna si\u0119 w Starym W\u0119gli\u0144cu jedziemy do\u00a0 miejscowo\u015bci Jagodzin potem do miejscowo\u015bci Parowa. Nast\u0119pnie wracamy do miejscowo\u015bci Stary W\u0119gliniec.<\/span><\/p>\n<p align=\"JUSTIFY\"><span style=\"font-family: serif;\">TRASA 3 \u201eRODZINNA\u201d \u2013 d\u0142. 21,5 km &#8211; Trasa rozpoczyna si\u0119 w miejscowo\u015bci Starym W\u0119gli\u0144cu, kolejn\u0105 miejscem na naszej trasie jest miejscowo\u015b\u0107 Zielonka\u00a0 i z powrotem wracamy do miejscowo\u015bci Stary W\u0119gliniec<\/span><\/p>\n<p align=\"JUSTIFY\"><span style=\"font-family: serif;\">TRASA 4 \u201eSzlakiem starej kolei W\u0119gliniec \u2013 Czerwona Woda \u2013 wybudowana w 2018 roku trasa rozpoczyna si\u0119 przy wyj\u015bciu z dworca kolejowego w W\u0119gli\u0144cu, nast\u0119pnie biegnie wzd\u0142u\u017c ul. Kolejowej i Pi\u0142sudskiego do miejsca wypoczynkowego \u201eZgorzelec Gaj\u201d, potem wzd\u0142u\u017c starego torowiska do budynku przy by\u0142ej stacji kolejowej w Czerwonej Wodzie, sk\u0105d przez ul. Kolejow\u0105 i Czerwionki kierujemy si\u0119 na p\u00f3\u0142noc i drog\u0105 le\u015bn\u0105 wracamy do W\u0119gli\u0144ca a tam przez ul. Wojska Polskiego doje\u017cd\u017camy do stacji kolejowej w W\u0119gli\u0144cu. <\/span><\/p>\n<p>[\/vc_column_text][\/vc_column][vc_column width=&#8221;1\/6&#8243;][\/vc_column][\/vc_row][vc_row][vc_column width=&#8221;1\/4&#8243;][\/vc_column][vc_column width=&#8221;1\/2&#8243;][\/vc_column][vc_column width=&#8221;1\/4&#8243;][\/vc_column][\/vc_row]<\/p>\n","protected":false},"excerpt":{"rendered":"<p>[vc_row][vc_column width=&#8221;1\/6&#8243;][\/vc_column][vc_column width=&#8221;2\/3&#8243;][vc_empty_space height=&#8221;40px&#8221;][vc_text_separator title=&#8221;Zapraszamy Pa\u0144stwa do W\u0119glinca&#8221; border_width=&#8221;6&#8243;][vc_column_text] OG\u00d3LNE INFORMACJE O GMINIE Gmina W\u0119gliniec po\u0142o\u017cona jest w zachodniej cz\u0119\u015bci wojew\u00f3dztwa dolno\u015bl\u0105skiego, w \u00a0powiecie zgorzeleckim. W cz\u0119\u015bci wschodniej gmina graniczy z administracyjnym obszarem gminy Osiecznica. Po\u0142udniowa i po\u0142-wsch cz\u0119\u015b\u0107 granic \u0142\u0105czy gmin\u0119 W\u0119gliniec z gmin\u0105 Nowogrodziec \u2013 z obszarem specjalnej strefy ekonomicznej &#8211; natomiast zachodnia [&hellip;]<\/p>\n","protected":false},"author":1,"featured_media":0,"parent":0,"menu_order":0,"comment_status":"closed","ping_status":"closed","template":"page-templates\/front-page.php","meta":{"footnotes":""},"class_list":["post-13084","page","type-page","status-publish","hentry"],"_links":{"self":[{"href":"https:\/\/old-ssemp.sowiak.dev\/index.php?rest_route=\/wp\/v2\/pages\/13084","targetHints":{"allow":["GET"]}}],"collection":[{"href":"https:\/\/old-ssemp.sowiak.dev\/index.php?rest_route=\/wp\/v2\/pages"}],"about":[{"href":"https:\/\/old-ssemp.sowiak.dev\/index.php?rest_route=\/wp\/v2\/types\/page"}],"author":[{"embeddable":true,"href":"https:\/\/old-ssemp.sowiak.dev\/index.php?rest_route=\/wp\/v2\/users\/1"}],"replies":[{"embeddable":true,"href":"https:\/\/old-ssemp.sowiak.dev\/index.php?rest_route=%2Fwp%2Fv2%2Fcomments&post=13084"}],"version-history":[{"count":2,"href":"https:\/\/old-ssemp.sowiak.dev\/index.php?rest_route=\/wp\/v2\/pages\/13084\/revisions"}],"predecessor-version":[{"id":13086,"href":"https:\/\/old-ssemp.sowiak.dev\/index.php?rest_route=\/wp\/v2\/pages\/13084\/revisions\/13086"}],"wp:attachment":[{"href":"https:\/\/old-ssemp.sowiak.dev\/index.php?rest_route=%2Fwp%2Fv2%2Fmedia&parent=13084"}],"curies":[{"name":"wp","href":"https:\/\/api.w.org\/{rel}","templated":true}]}}