{"id":13072,"date":"2018-12-19T11:08:28","date_gmt":"2018-12-19T10:08:28","guid":{"rendered":"http:\/\/ssemp.pl\/?page_id=13072"},"modified":"2018-12-19T11:08:29","modified_gmt":"2018-12-19T10:08:29","slug":"kepno","status":"publish","type":"page","link":"https:\/\/old-ssemp.sowiak.dev\/?page_id=13072","title":{"rendered":"K\u0119pno"},"content":{"rendered":"<p>[vc_row][vc_column width=&#8221;1\/6&#8243;][\/vc_column][vc_column width=&#8221;2\/3&#8243;][vc_empty_space height=&#8221;40px&#8221;][vc_text_separator title=&#8221;Zapraszamy Pa\u0144stwa do K\u0119pna&#8221; border_width=&#8221;6&#8243;][vc_column_text]<\/p>\n<p align=\"LEFT\"><u><b>Demografia: <\/b><\/u><\/p>\n<p align=\"LEFT\">Wed\u0142ug danych z ewidencji ludno\u015bci na terenie Miasta i Gminy K\u0119pno zamieszkuje \u0142\u0105cznie 25098,<b> <\/b>z czego na pobyt sta\u0142y 23912 mieszka\u0144c\u00f3w, w tym 12282 kobiet i 11630 m\u0119\u017cczyzn.<br \/>\nW gminie K\u0119pno w 2018 roku zawarto <b>135<\/b>\u00a0ma\u0142\u017ce\u0144stw. Liczba wydanych dowod\u00f3w osobistych to 2381.<br \/>\nW 2018 roku do ko\u0144ca pa\u017adziernika zarejestrowano\u00a0503 urodzenia.<br \/>\nLiczba zarejestrowanych zgon\u00f3w w USC to 318. <span style=\"color: #000000;\"><span style=\"font-family: Verdana, serif;\"><span style=\"font-size: small;\"><br \/>\n<\/span><\/span><\/span><\/p>\n<p align=\"LEFT\"><u><b>Atrakcje i zabytki gminy K\u0119pno<\/b><\/u><\/p>\n<ul>\n<li>\n<p align=\"LEFT\">Ko\u015bci\u00f3\u0142 Rzymskokatolicki pw. \u015aw. Marcina<\/p>\n<\/li>\n<li>\n<p align=\"LEFT\">Ko\u015bci\u00f3\u0142 p.w. \u015bw. Katarzyny Aleksandryjskiej w \u015awibie<\/p>\n<\/li>\n<li>\n<p align=\"LEFT\">Ko\u015bci\u00f3\u0142 p.w. Wniebowzi\u0119cia Naj\u015bwi\u0119tszej Marii Panny w Kierznie<\/p>\n<\/li>\n<li>\n<p align=\"LEFT\">Ko\u015bci\u00f3\u0142 p.w. \u015bw. Jadwigi \u015al\u0105skiej w Olszowie<\/p>\n<\/li>\n<li>\n<p align=\"LEFT\">Ko\u015bci\u00f3\u0142 parafialny p.w. Wszystkich \u015awi\u0119tych w Myjomicach<\/p>\n<\/li>\n<li>\n<p align=\"LEFT\">Ko\u015bci\u00f3\u0142 i parafia ewangelicka w K\u0119pnie<\/p>\n<\/li>\n<li>\n<p align=\"LEFT\">Synagoga<\/p>\n<\/li>\n<li>\n<p align=\"LEFT\">Dworzec PKP<\/p>\n<\/li>\n<li>\n<p align=\"LEFT\">Ratusz<\/p>\n<\/li>\n<li>\n<p align=\"LEFT\">Poczta<\/p>\n<\/li>\n<li>\n<p align=\"LEFT\">Mikorzyn oraz Sanktuarium \u015bw. Idziego<\/p>\n<\/li>\n<li>\n<p align=\"LEFT\">Rynek 26, z ko\u0144ca XVIII wieku<\/p>\n<\/li>\n<li>\n<p align=\"LEFT\">Wie\u017ca ci\u015bnie\u0144<\/p>\n<\/li>\n<\/ul>\n<p><u><b>Gospodarka Gminy K\u0119pno.<\/b><\/u><\/p>\n<p><span style=\"color: #000000;\">Sektorem, mog\u0105cym przyci\u0105gn\u0105\u0107 osoby poszukuj\u0105ce pracy w gminie K\u0119pno, jest sektor prywatny. <\/span>Dzia\u0142a tu ponad 2128 podmiot\u00f3w gospodarczych. Dominuje przemys\u0142 drzewny i meblarski,<i>\u00a0<\/i>K\u0119pno to znacz\u0105cy w Polsce o\u015brodek produkcji mebli. Zarejestrowanych jest ponad 390 podmiot\u00f3w zajmuj\u0105cych si\u0119 produkcj\u0105 mebli.<\/p>\n<p align=\"LEFT\"><span style=\"color: #000000;\"><span style=\"font-family: Verdana, serif;\"><span style=\"font-size: small;\"><br \/>\n<\/span><\/span><\/span><\/p>\n<p>[\/vc_column_text][\/vc_column][vc_column width=&#8221;1\/6&#8243;][\/vc_column][\/vc_row]<\/p>\n","protected":false},"excerpt":{"rendered":"<p>[vc_row][vc_column width=&#8221;1\/6&#8243;][\/vc_column][vc_column width=&#8221;2\/3&#8243;][vc_empty_space height=&#8221;40px&#8221;][vc_text_separator title=&#8221;Zapraszamy Pa\u0144stwa do K\u0119pna&#8221; border_width=&#8221;6&#8243;][vc_column_text] Demografia: Wed\u0142ug danych z ewidencji ludno\u015bci na terenie Miasta i Gminy K\u0119pno zamieszkuje \u0142\u0105cznie 25098, z czego na pobyt sta\u0142y 23912 mieszka\u0144c\u00f3w, w tym 12282 kobiet i 11630 m\u0119\u017cczyzn. W gminie K\u0119pno w 2018 roku zawarto 135\u00a0ma\u0142\u017ce\u0144stw. Liczba wydanych dowod\u00f3w osobistych to 2381. W 2018 roku [&hellip;]<\/p>\n","protected":false},"author":1,"featured_media":0,"parent":0,"menu_order":0,"comment_status":"closed","ping_status":"closed","template":"page-templates\/front-page.php","meta":{"footnotes":""},"class_list":["post-13072","page","type-page","status-publish","hentry"],"_links":{"self":[{"href":"https:\/\/old-ssemp.sowiak.dev\/index.php?rest_route=\/wp\/v2\/pages\/13072","targetHints":{"allow":["GET"]}}],"collection":[{"href":"https:\/\/old-ssemp.sowiak.dev\/index.php?rest_route=\/wp\/v2\/pages"}],"about":[{"href":"https:\/\/old-ssemp.sowiak.dev\/index.php?rest_route=\/wp\/v2\/types\/page"}],"author":[{"embeddable":true,"href":"https:\/\/old-ssemp.sowiak.dev\/index.php?rest_route=\/wp\/v2\/users\/1"}],"replies":[{"embeddable":true,"href":"https:\/\/old-ssemp.sowiak.dev\/index.php?rest_route=%2Fwp%2Fv2%2Fcomments&post=13072"}],"version-history":[{"count":2,"href":"https:\/\/old-ssemp.sowiak.dev\/index.php?rest_route=\/wp\/v2\/pages\/13072\/revisions"}],"predecessor-version":[{"id":13074,"href":"https:\/\/old-ssemp.sowiak.dev\/index.php?rest_route=\/wp\/v2\/pages\/13072\/revisions\/13074"}],"wp:attachment":[{"href":"https:\/\/old-ssemp.sowiak.dev\/index.php?rest_route=%2Fwp%2Fv2%2Fmedia&parent=13072"}],"curies":[{"name":"wp","href":"https:\/\/api.w.org\/{rel}","templated":true}]}}