{"id":13027,"date":"2018-12-13T13:12:17","date_gmt":"2018-12-13T12:12:17","guid":{"rendered":"http:\/\/ssemp.pl\/?page_id=13027"},"modified":"2018-12-13T13:12:17","modified_gmt":"2018-12-13T12:12:17","slug":"warta-boleslawiecka","status":"publish","type":"page","link":"https:\/\/old-ssemp.sowiak.dev\/?page_id=13027","title":{"rendered":"Warta Boles\u0142awiecka"},"content":{"rendered":"<p>[vc_row][vc_column width=&#8221;1\/4&#8243;][\/vc_column][vc_column width=&#8221;1\/2&#8243;][vc_empty_space height=&#8221;40px&#8221;][vc_text_separator title=&#8221;Zapraszamy Pa\u0144stwa do Gminy Warta Boles\u0142awiecka&#8221; border_width=&#8221;6&#8243;][vc_column_text]<b>INFORMACJA O GMINIE<\/b><\/p>\n<p align=\"JUSTIFY\">Gmina Warta Boles\u0142awiecka le\u017cy w powiecie boles\u0142awieckim, w po\u0142udniowo-zachodniej cz\u0119\u015bci wojew\u00f3dztwa dolno\u015bl\u0105skiego. Przez teren gminy biegnie mi\u0119dzynarodowa magistrala kolejowa E50 oraz autostrada A4. Gmina posiada doskona\u0142e po\u0142o\u017cenie z uwagi na blisko\u015b\u0107 Niemiec i Czech. Ka\u017cdy kto odwiedzi gmin\u0119 mo\u017ce uda\u0107 si\u0119 na wycieczk\u0119 w kierunku tych kraj\u00f3w.<\/p>\n<p align=\"JUSTIFY\">Gmina liczy 8503 ( stan na 20 listopada 2018r.) mieszka\u0144c\u00f3w i zajmuje powierzchni\u0119 11,090 ha.<\/p>\n<p align=\"JUSTIFY\">G\u0142\u00f3wna miejscowo\u015b\u0107, w kt\u00f3rej mieszcz\u0105 si\u0119 w\u0142adze Gminy to Warta Boles\u0142awiecka usytuowana w \u015brodkowej cz\u0119\u015bci gminy.<\/p>\n<p align=\"JUSTIFY\">Gmina jesy w pe\u0142ni zwodoci\u0105gowana, skanalizowana; 100% dr\u00f3g posiada nawierzchni\u0119 asfaltow\u0105, nowoczesne energooszcz\u0119dne o\u015bwietlenie uliczne, mieszka\u0144cy maj\u0105 dostep do sieci gazowej, posiada nowoczesn\u0105 oczyszczalni\u0119 \u015bciek\u00f3w, nowoczesn\u0105 stacj\u0119 redukcyjn\u0105. Gmina Warta Boles\u0142awiecka posiada aktualnie obowi\u0105zuj\u0105ce miejscowe plany zagospodarowania przestrzennego miejscowo\u015bci wchodz\u0105cych w jej sk\u0142ad; tereny inwestycyjne dla potencjalnych inwestor\u00f3w wraz z planowanymi uzbrojeniami w media tych teren\u00f3w oraz dobrze przygotowan\u0105 kadr\u0119 administracyjn\u0105 dla kt\u00f3rej najwa\u017cniejszy jest cz\u0142owiek.<\/p>\n<p align=\"JUSTIFY\">Gmin\u0119, tworzy 10 wsi i 11 so\u0142ectw, w tym jedna Rada Osiedla.<\/p>\n<p align=\"JUSTIFY\">Samorz\u0105d Gminy Warta Boles\u0142awiecka popiera wszelkie formy rozwoju dzia\u0142alno\u015bci gospodarczej ni s\u0142u\u017cy wszelk\u0105 pomoc\u0105 dla dzia\u0142aj\u0105cych na terenie gminy przedsi\u0119biorc\u00f3w i potencjalnych inwestor\u00f3w.<\/p>\n<p><b>Gmina posiada wspania\u0142e zaplecze kulturalne i sportowo-rekreacyjne.<\/b><\/p>\n<p align=\"JUSTIFY\">Wszystkie wsie wchodz\u0105ce w sk\u0142ad gminy posiadaj\u0105 \u015bwietlice wiejskie wybudowane z w\u0142asnych \u015brodk\u00f3w gminy, kt\u00f3re stanowi\u0105 centrum kulturalne poszczeg\u00f3lnych wsi: organizowane SA w nich imprezy kulturalne wiejskie, gminne, zak\u0142adowe, szkolne; dzieci i m\u0142odzie\u017c korzystaj\u0105 z nich do wsp\u00f3lnych spotka\u0144, zabaw, gier, stanowi\u0105 miejsce zebra\u0144 wiejskich, szkole\u0144 dla mieszka\u0144c\u00f3w, wynajmowane s\u0105 na przyj\u0119cia weselne, uroczysto\u015bci rodzinne i inne.<\/p>\n<p align=\"JUSTIFY\">Czynne kino \u201e Kujawy\u201d, kt\u00f3re jest dla nas chlub\u0105, gdy\u017c dzia\u0142aj\u0105ce na wsi kino jest dzi\u015b ewenementem w skali kraju;<\/p>\n<p align=\"JUSTIFY\">-dzia\u0142aj\u0105ce na terenie szko\u0142y podstawowe i gimnazjum posiadaj\u0105 w\u0142asne sale gimnastyczne wybudowane w zdecydowanej wi\u0119kszo\u015bci z w\u0142asnych \u015brodk\u00f3w gminy, w kt\u00f3rych prowadzone s\u0105 zaj\u0119cia z wychowania fizycznego oraz konkursy i imprezy sportowe;<\/p>\n<p align=\"JUSTIFY\">&#8211; wszystkie plac\u00f3wki o\u015bwiatowe wyposa\u017cone s\u0105 w nowoczesny sprz\u0119t komputerowy, z kt\u00f3rych na co dzie\u0144 korzystaj\u0105 wszyscy uczniowie;<\/p>\n<p align=\"JUSTIFY\">&#8211; na terenie gminy dzia\u0142aj\u0105 cztery Gminne Kluby Sportowe, dzieci , m\u0142odzie\u017c i doro\u015bli zainteresowani gr\u0105 w pi\u0142k\u0119 no\u017cn\u0105 mog\u0105 wst\u0105pi\u0107 do klubu i spr\u00f3bowa\u0107 swoich si\u0142.<\/p>\n<p align=\"JUSTIFY\">Spaceruj\u0105c w\u015br\u00f3d zieleni, w swoistym mikroklimacie mo\u017cemy liczy\u0107 na spok\u00f3j i wyciszenie. W\u015br\u00f3d walor\u00f3w wypoczynkowych nale\u017cy obiekty, na kt\u00f3rych mo\u017cna uprawia\u0107 sporty i aktywny wypoczynek. Nalez\u0105 do nich: kompleks boisk sportowych o nawierzchni trawiastej i sztucznej do gry w pi\u0142k\u0119 no\u017cn\u0105, pi\u0142k\u0119 siatkow\u0105, koszyk\u00f3wk\u0119, kolorowy plac zabaw wyposa\u017cony w nowe urz\u0105dzenia zabawowe, dla wszystkich ch\u0119tnych poprawy swojej sylwetki i kondycji fizycznej przygotowane s\u0105 w miejscowo\u015bciach gminy si\u0142ownie zewn\u0119trzne z profesjonalnym sprz\u0119tem do \u0107wicze\u0144.<\/p>\n<p align=\"JUSTIFY\">Przez teren gminy przebiega kilkukilometrowy nie istniej\u0105cy szlak kolejowy, kt\u00f3ry wykorzystany zosta\u0142 na \u015bcie\u017ck\u0119 rowerow\u0105 wraz z infrastruktur\u0105 towarzysz\u0105c\u0105. Szlak ten wije si\u0119 w\u015br\u00f3d p\u00f3l i las\u00f3w z dala od ruchliwych dr\u00f3g publicznych, obecnie. Spaceruj\u0105c po szlaku, czy korzystaj\u0105c z przeja\u017cd\u017cki rowerowej mo\u017cemy po drodze w miejscowo\u015bci Warta Boles\u0142awiecka przygotowa\u0107 potrawy w przygotowanej dla mieszka\u0144c\u00f3w i turyst\u00f3w wiacie grilowej wyposa\u017conej w grila i piec chlebowy.<\/p>\n<p align=\"JUSTIFY\">Najbardziej znacz\u0105cym elementem historii gminy jest tradycja g\u00f3rnicza. Nie przypadkowo tradycja g\u00f3rnicza oraz nawi\u0105zanie do przesz\u0142o\u015bci by\u0142o jednym z najistotniejszych czynnik\u00f3w decyduj\u0105cych o wyborze god\u0142a w herbie Gminy Warta Boles\u0142awiecka.<\/p>\n<p align=\"JUSTIFY\"><b>List W\u00f3jta Gminy<\/b><\/p>\n<p align=\"JUSTIFY\">Zapraszamy, gdy\u017c oferujemy pomoc i u\u0142atwienia ze strony samorz\u0105du gminnego to;<\/p>\n<p align=\"JUSTIFY\">&#8211; bardzo wysoki poziom infrastruktury technicznej;<\/p>\n<p align=\"JUSTIFY\">&#8211; szybka pomoc poprzez wskazanie wszystkim potencjalnym inwestorom wolnego obiektu, terenu<\/p>\n<p align=\"JUSTIFY\">oraz pomoc w realizacji spraw formalno-prawnych;<\/p>\n<p align=\"JUSTIFY\">&#8211; przekazywanie dok\u0142adnych informacji przysz\u0142ym inwestorom o wyst\u0119powaniu na terenie gminy<\/p>\n<p align=\"JUSTIFY\">naturalnych bogactw takich jak: z\u0142o\u017ca margli, wapieni, piaskowca, anhydrytu i podziemnych w\u00f3d;<\/p>\n<p align=\"JUSTIFY\">&#8211; nagradzanie i wyr\u00f3\u017cnianie ( zaproszenia na wa\u017cne uroczysto\u015bci gminne, wr\u0119czanie medali<\/p>\n<p align=\"JUSTIFY\">pami\u0105tkowych, itp.) przez w\u0142adze samorz\u0105dowe, dzia\u0142aj\u0105cych na terenie gminy przedsi\u0119biorc\u00f3w<\/p>\n<p align=\"JUSTIFY\">aktywnie promuj\u0105cych gmin\u0119 oraz tworz\u0105cych nowe miejsca pracy;<\/p>\n<p align=\"JUSTIFY\">&#8211; promowanie przedsi\u0119biorc\u00f3w dzia\u0142aj\u0105cych na terenie gminy oraz ich wyrob\u00f3w na zewn\u0105trz poprzez<\/p>\n<p align=\"JUSTIFY\">informacj\u0119 umieszczone na stronie internetowej gminy, w folderze, w biuletynie gminnym, na<\/p>\n<p align=\"JUSTIFY\">wystawach z udzia\u0142em gminy.<\/p>\n<p><u><b>Zapraszamy do inwestowania zainwestowali u nas:<\/b><\/u><\/p>\n<ul>\n<li>Kopalnia Gipsu i Anhydrytu \u201e Nowy L\u0105d\u201d Niwnice,<\/li>\n<li>Hofman Natursteinwerke Polen Krak\u00f3w<\/li>\n<li>Studio Borowski Sp. z o.o Tomasz\u00f3w Boles\u0142awiecki<\/li>\n<li>\u201e Bober\u201d Sp. z o. o Kopalnia Piaskowca Bolk\u00f3w,<\/li>\n<li>Firma RADE Szczytnica<\/li>\n<li>Firma Delix i Delix 1 Szczytnica i Tomasz\u00f3w Boles\u0142awiecki.<\/li>\n<li>\u201eWR\u201d Ceramika Tomasz\u00f3w Boles\u0142awiecki,<\/li>\n<li>\u201e ANDY\u201d Ceramika Tomasz\u00f3w Boles\u0142awiecki,<\/li>\n<li>\u201e ANDAR\u201d Ceramika Tomasz\u00f3w Boles\u0142awiecki,<\/li>\n<li>\u201e ALBUD\u201d Producent drzwi i okien Raciborowice G\u00f3rne.<\/li>\n<\/ul>\n<p>[\/vc_column_text][\/vc_column][vc_column width=&#8221;1\/4&#8243;][\/vc_column][\/vc_row]<\/p>\n","protected":false},"excerpt":{"rendered":"<p>[vc_row][vc_column width=&#8221;1\/4&#8243;][\/vc_column][vc_column width=&#8221;1\/2&#8243;][vc_empty_space height=&#8221;40px&#8221;][vc_text_separator title=&#8221;Zapraszamy Pa\u0144stwa do Gminy Warta Boles\u0142awiecka&#8221; border_width=&#8221;6&#8243;][vc_column_text]INFORMACJA O GMINIE Gmina Warta Boles\u0142awiecka le\u017cy w powiecie boles\u0142awieckim, w po\u0142udniowo-zachodniej cz\u0119\u015bci wojew\u00f3dztwa dolno\u015bl\u0105skiego. Przez teren gminy biegnie mi\u0119dzynarodowa magistrala kolejowa E50 oraz autostrada A4. Gmina posiada doskona\u0142e po\u0142o\u017cenie z uwagi na blisko\u015b\u0107 Niemiec i Czech. Ka\u017cdy kto odwiedzi gmin\u0119 mo\u017ce uda\u0107 si\u0119 na [&hellip;]<\/p>\n","protected":false},"author":1,"featured_media":0,"parent":0,"menu_order":0,"comment_status":"closed","ping_status":"closed","template":"page-templates\/front-page.php","meta":{"footnotes":""},"class_list":["post-13027","page","type-page","status-publish","hentry"],"_links":{"self":[{"href":"https:\/\/old-ssemp.sowiak.dev\/index.php?rest_route=\/wp\/v2\/pages\/13027","targetHints":{"allow":["GET"]}}],"collection":[{"href":"https:\/\/old-ssemp.sowiak.dev\/index.php?rest_route=\/wp\/v2\/pages"}],"about":[{"href":"https:\/\/old-ssemp.sowiak.dev\/index.php?rest_route=\/wp\/v2\/types\/page"}],"author":[{"embeddable":true,"href":"https:\/\/old-ssemp.sowiak.dev\/index.php?rest_route=\/wp\/v2\/users\/1"}],"replies":[{"embeddable":true,"href":"https:\/\/old-ssemp.sowiak.dev\/index.php?rest_route=%2Fwp%2Fv2%2Fcomments&post=13027"}],"version-history":[{"count":2,"href":"https:\/\/old-ssemp.sowiak.dev\/index.php?rest_route=\/wp\/v2\/pages\/13027\/revisions"}],"predecessor-version":[{"id":13029,"href":"https:\/\/old-ssemp.sowiak.dev\/index.php?rest_route=\/wp\/v2\/pages\/13027\/revisions\/13029"}],"wp:attachment":[{"href":"https:\/\/old-ssemp.sowiak.dev\/index.php?rest_route=%2Fwp%2Fv2%2Fmedia&parent=13027"}],"curies":[{"name":"wp","href":"https:\/\/api.w.org\/{rel}","templated":true}]}}