{"id":13016,"date":"2018-12-13T12:59:09","date_gmt":"2018-12-13T11:59:09","guid":{"rendered":"http:\/\/ssemp.pl\/?page_id=13016"},"modified":"2018-12-13T13:08:44","modified_gmt":"2018-12-13T12:08:44","slug":"piensk","status":"publish","type":"page","link":"https:\/\/old-ssemp.sowiak.dev\/?page_id=13016","title":{"rendered":"Trzebnica"},"content":{"rendered":"<p>[vc_row][vc_column width=&#8221;1\/4&#8243;][\/vc_column][vc_column width=&#8221;1\/2&#8243;][vc_empty_space height=&#8221;40px&#8221;][vc_text_separator title=&#8221;Zapraszamy Pa\u0144stwa do Gminy Trzebnica&#8221; border_width=&#8221;6&#8243;][vc_column_text]<img loading=\"lazy\" decoding=\"async\" class=\"wp-image-13025 aligncenter\" src=\"https:\/\/old-ssemp.sowiak.dev\/wordpress\/wp-content\/uploads\/2018\/12\/logo_niebieskozielone.jpg\" alt=\"logo_niebieskozielone\" width=\"467\" height=\"193\" \/><\/p>\n<p>&nbsp;<\/p>\n<p><b>INFORMACJE<\/b> <b>OG\u00d3LNE<\/b><\/p>\n<p>Gmina Trzebnica \u2013 gmina wiejsko-miejska o powierzchni 200,2 km2, po\u0142o\u017cona jest w p\u00f3\u0142nocno-wschodniej cz\u0119\u015bci wojew\u00f3dztwa dolno\u015bl\u0105skiego, w powiecie trzebnickim.<\/p>\n<p>Miasto Trzebnica po\u0142o\u017cone jest 24 km od stolicy wojew\u00f3dztwa &#8211; Wroc\u0142awia, po\u015br\u00f3d polodowcowych, malowniczych Wzg\u00f3rz Trzebnickich. Strategiczne po\u0142o\u017cenie miasta w bezpo\u015brednim s\u0105siedztwie drogi ekspresowej S-5 Wroc\u0142aw \u2013 Pozna\u0144 z przylegaj\u0105cym do niej 100ha obszarem inwestycyjnym oraz w\u0119z\u0142em komunikacyjnym \u201eTrzebnica\u201d stwarza bardzo dobre warunki do rozwoju biznesu. Trzebnica zlokalizowana jest na historycznym skrzy\u017cowaniu szlak\u00f3w komunikacyjnych wsch\u00f3d \u2013 zach\u00f3d i p\u00f3\u0142noc\u2013 po\u0142udnie. Oddana z ko\u0144cem 2017 roku wspomniana droga ekspresowa S-5 umo\u017cliwia dotarcie z Trzebnicy do w\u0119z\u0142a \u201eWroc\u0142aw\u201d w 10 minut, sk\u0105d rozwidlaj\u0105 si\u0119 drogi na autostradow\u0105 i \u015br\u00f3dmiejsk\u0105 obwodnic\u0119 Wroc\u0142awia.<\/p>\n<p>Gmina Trzebnica graniczy: od wschodu z Gmin\u0105 Zawonia; od zachodu z Gminami: Oborniki \u015al\u0105skie, Prusice; od p\u00f3\u0142nocy z Gminami Milicz, \u017bmigr\u00f3d; od po\u0142udnia z Gminami D\u0142ugo\u0142\u0119ka, Wisznia Ma\u0142a. Gmina le\u017cy na terenie niejednolitym morfologicznie. P\u00f3\u0142noc Gminy tworzy Kotlina \u017bmigrodzka, a po\u0142udnie \u2013 Wzg\u00f3rza Trzebnickie.<\/p>\n<p>Wzg\u00f3rza Trzebnickie stanowi\u0105 \u015brodkow\u0105 cz\u0119\u015b\u0107 Wa\u0142u Trzebnickiego. Tworz\u0105 wyra\u017any \u0142uk otaczaj\u0105cy od po\u0142udnia Kotlin\u0119 \u017bmigrodzk\u0105 dochodz\u0105c w Farnej G\u00f3rze do 257 m n.p.m. Trzebnica znajduje si\u0119 po\u015brodku Wzg\u00f3rz Trzebnickich, kt\u00f3re tworz\u0105 pas wzniesie\u0144 morenowych ci\u0105gn\u0105cy si\u0119 przez oko\u0142o 60 km. G\u0142\u00f3wny Wa\u0142 Wzg\u00f3rz Trzebnickich zaznacza si\u0119 wyra\u017anie i jest otoczony obszarami nizinnymi \u2013 od po\u0142udnia pradolin\u0105 Odry i od p\u00f3\u0142nocy pradolin\u0105 Baryczy. Najwy\u017cszym ich wzniesieniem jest Ciemna G\u00f3ra (258,3 m n.p.m). Wzg\u00f3rza Trzebnickie wraz ze Wzg\u00f3rzami Twardog\u00f3rskimi potocznie nazywane s\u0105 Kocimi G\u00f3rami. Najwy\u017cszym wzniesieniem g\u00f3ruj\u0105cym nad miastem, z kt\u00f3rego rozci\u0105ga si\u0119 malownicza panorama na miasto jest Winna G\u00f3ra (219 m n.p.m), zwana potocznie Koci\u0105 G\u00f3r\u0105 lub Kociakiem.<\/p>\n<ul>\n<li><b>DEMOGRAFIA<\/b><\/li>\n<\/ul>\n<p><b>W sk\u0142ad Gminy Trzebnica wchodzi <\/b>41 so\u0142ectw.<\/p>\n<p>Og\u00f3\u0142em gmin\u0119 zamieszkuje 23 377 os\u00f3b (stan na 21.09.2018 r.) &#8211; miasto <b>Trzebnica &#8211; <\/b>12 640 os\u00f3b, a w <b>so\u0142ectwach <\/b>10 737 os\u00f3b<\/p>\n<p><b>Wska\u017anik g\u0119sto\u015bci zaludnienia (liczba ludno\u015bci na 1 km\u00b2) w Gminie Trzebnica wynosi 116<\/b><\/p>\n<ul>\n<li><b>GOSPODARKA<\/b><\/li>\n<\/ul>\n<p>Gmina w ca\u0142o\u015bci wchodzi w sk\u0142ad strefy obszar\u00f3w rolno\u2010le\u015bnych z dominuj\u0105cymi funkcjami ochronny walor\u00f3w \u015brodowiska oraz turystyczno-rekreacyjnymi. Rolniczo-sadowniczy charakter gminy jest uzupe\u0142niany w ostatnich latach przez liczne inwestycje, wykorzystuj\u0105ce potencja\u0142 gminy i jej mieszka\u0144c\u00f3w. Atrakcyjne ukszta\u0142towanie terenu gminy oraz liczne walory turystyczne wp\u0142ywaj\u0105 na rozw\u00f3j sportu i rekreacji, jak i r\u00f3\u017cnych form turystyki w regionie.<\/p>\n<p>W\u015br\u00f3d zarejestrowanych na terenie ca\u0142ego powiatu podmiot\u00f3w gospodarczych,<\/p>\n<p>najliczniejsza grup\u0119 stanowi\u0105 podmioty prowadzone przez osoby fizyczne, kt\u00f3re<\/p>\n<p>stanowi\u0105 ponad 80% og\u00f3\u0142u zarejestrowanych. Najpopularniejsze bran\u017ce, w kt\u00f3rych<\/p>\n<p>funkcjonuj\u0105 to:<\/p>\n<p>a) handel hurtowy i detaliczny wraz z us\u0142ugami typu naprawy<\/p>\n<p>b) dzia\u0142alno\u015b\u0107 produkcyjna<\/p>\n<p>c) budownictwo<\/p>\n<p>d) transport, gospodarka magazynowa i \u0142\u0105czno\u015b\u0107<\/p>\n<p>e) obs\u0142uga nieruchomo\u015bci, wynajem.<\/p>\n<p>Sytuacja taka charakterystyczna jest dla wszystkich gmin powiatu. Jednak zdecydowanie najwi\u0119ksza ilo\u015b\u0107 \u0142\u0105cznie zarejestrowanych podmiot\u00f3w wyst\u0119puje w Gminie Trzebnica. W powiecie trzebnickim dominuj\u0105 g\u0142\u00f3wnie podmioty o profilu us\u0142ugowym i to szczeg\u00f3lnie w tej grupie odnotowano przyrost nowych podmiot\u00f3w. Dominujacymi sekcjami sa: handel i naprawy, budownictwo, obs\u0142uga nieruchomo\u015bci i firm oraz przetw\u00f3rstwo przemys\u0142owe. Najmniej natomiast podmiot\u00f3w zarejestrowanych jest w sekcji rybactwo i g\u00f3rnictwo \u2013 co wynika oczywi\u015bcie ze specyfiki regionu.<\/p>\n<ul>\n<li><b>ATRAKCJE<\/b><\/li>\n<\/ul>\n<p><b>Trzebnicki Rynek<\/b><\/p>\n<p>Rynek to miejsce w samym centrum miasta. Dzi\u0119ki licznym inwestycjom Gminy Trzebnica rynek i ratusz zosta\u0142 odnowiony i zaj\u0105\u0142 I miejsce w konkursie Modernizacja Roku 2009. Sprawi\u0142o to, \u017ce niedoceniane dot\u0105d miejsce sta\u0142o si\u0119 nowym, t\u0119tni\u0105cym sercem miasta. Jest ono cz\u0119sto wybierane na spacery, aczkolwiek s\u0142u\u017cy r\u00f3wnie\u017c jako miejsce odpoczynku.<\/p>\n<p>S\u0105 tu tak\u017ce organizowane imprezy gminne np. Trzebnickie \u015awi\u0119to Sad\u00f3w, Parada Orkiestr D\u0119tych i Humoru, Dzie\u0144 Dziecka, Spotkanie z Miko\u0142ajem, Wigilia dla mieszka\u0144c\u00f3w gminy, \u015bwi\u0119ta pa\u0144stwowe oraz inne uroczysto\u015bci. Organizowane s\u0105 tu wystawy plenerowe zdj\u0119\u0107 i prac pokonkursowych. W samym ratuszu znajduje si\u0119 tak\u017ce pa\u0142ac \u015blub\u00f3w. Cz\u0119stym widokiem s\u0105 m\u0142ode pary fotografowane przy drzewku szcz\u0119\u015bcia. Dodatkow\u0105 atrakcj\u0119 stanowi fontanna, pr\u0119gierz oraz rze\u017aba kot\u00f3w \u2013 Kociog\u00f3rek i Lubuszka.<\/p>\n<p><b>Mi\u0119dzynarodowe Sanktuarium \u015bw. Jadwigi \u015al\u0105skiej w Trzebnicy<\/b><\/p>\n<p>\u015awi\u0119ta Jadwiga i Henryk Brodaty zostawili na ca\u0142ym Dolnym \u015al\u0105sku wiele \u015blad\u00f3w swojej dzia\u0142alno\u015bci. Najwi\u0119kszym, s\u0142u\u017c\u0105cym do dzisiejszego dnia jest Bazylika \u015bw. Jadwigi w Trzebnicy. Moc\u0105 dekretu Kongregacji do Spraw Duchowie\u0144stwa otrzyma\u0142a w 2007 roku status Mi\u0119dzynarodowego Sanktuarium. Nic wi\u0119c dziwnego, \u017ce stanowi najznamienitsz\u0105 wizyt\u00f3wk\u0119 miasta i jest powodem dumy jego mieszka\u0144c\u00f3w. Jej zwiedzanie z pewno\u015bci\u0105 dostarczy wielu pozytywnych i niezapomnianych prze\u017cy\u0107.<\/p>\n<p>Bazylika \u015bw. Jadwigi \u2013 ko\u015bci\u00f3\u0142 zbudowany pod wezwaniem \u015bw. Bart\u0142omieja i Naj\u015bwi\u0119tszej Marii Panny jest najstarszym sanktuarium na \u015al\u0105sku i jedn\u0105 z wa\u017cniejszych nekropolii Piast\u00f3w \u015al\u0105skich oraz miejscem u\u015bwi\u0119conym kultem \u015bw. Jadwigi. Tr\u00f3jnawowa bazylika ma 80 m d\u0142ugo\u015bci i 23 m szeroko\u015bci. Nawa g\u0142\u00f3wna sk\u0142ada si\u0119 z czterech prz\u0119se\u0142 kwadratowych nakrytych sklepieniami krzy\u017cowymi. Z pierwotnej p\u00f3\u017anoroma\u0144skiej budowli (pocz\u0105tek XIII w.) zachowa\u0142y si\u0119 zr\u0119by mur\u00f3w, dwa portale (dawidowy i adoracji NMP) oraz krypta \u015bw. Bart\u0142omieja po\u0142o\u017cona pod prezbiterium. Po\u015brodku prezbiterium znajduje si\u0119 grobowiec ksi\u0119cia Henryka Brodatego i mistrza krzy\u017cackiego Konrada von Feuchtwangena.<\/p>\n<p>Po obu stronach prezbiterium po\u0142o\u017cone s\u0105 kaplice: \u015bw. Jana i \u015bw. Jadwigi. Kaplica \u015bw. Jana zachowa\u0142a sw\u00f3j pierwotny charakter i nastr\u00f3j. Po\u015brodku znajduje si\u0119 symboliczny gr\u00f3b \u015bw. Jadwigi (w miejscu gdzie z\u0142o\u017cono jej relikwie podczas budowy kaplicy \u015bw. Jadwigi). Druga kaplica jest pierwszym w Polsce obiektem zbudowanym w stylu czysto gotyckim (kaplica wzniesiona w latach 1268\u20131269). W kaplicy mie\u015bci si\u0119 imponuj\u0105cy, barokowy sarkofag \u015awi\u0119tej, wykonany z marmuru i alabastru. Pod baldachimem, wspartym kolumnami, spoczywa Jej alabastrowy pos\u0105g.<\/p>\n<p><b>Pocysterski klasztor<\/b><\/p>\n<p>Pocysterski Klasztor Si\u00f3str Boromeuszek nale\u017cy do najwi\u0119kszych budynk\u00f3w klasztornych w Europie \u015arodkowej. Wzniesiony zosta\u0142 w latach: 1696\u20131726 na miejscu pierwotnego, znacznie mniejszego budynku (z pocz\u0105tku XIII w.) Budynek jest dwupoziomowy z dwoma naro\u017cnymi pawilonami w \u015bcianie frontowej. Wn\u0119trze klasztoru zawiera kilka interesuj\u0105cych rze\u017ab i obraz\u00f3w. Godne uwagi s\u0105 r\u00f3wnie\u017c pi\u0119kne refektarze. Od 1870 roku pracuj\u0105 tu siostry Kongregacji Mi\u0142osierdzia \u015awi\u0119tego Karola Boromeusza.<\/p>\n<p>Dzi\u015b klasztor s\u0142u\u017cy nadal pielgrzymom, udost\u0119pniaj\u0105c odkrycia archeologiczne z czas\u00f3w \u015bw. Jadwigi. Siostry za\u015b obejmuj\u0105 opiek\u0105 osoby, niewymagaj\u0105ce hospitalizacji w Zak\u0142adzie Opieku\u0144czo Leczniczym mieszcz\u0105cym si\u0119 w wyremontowanych i adaptowanych dla tego celu pomieszczeniach dawnego szpitala. Dodatkowo prowadz\u0105 \u015awietlic\u0119 Profilaktyczno-Wychowawcz\u0105 dla dzieci i m\u0142odzie\u017cy pod nazw\u0105 \u201eMACIEJKI\u201d oraz sto\u0142\u00f3wk\u0119 dla ubogich, pod oficjaln\u0105 nazw\u0105: \u201eO\u015brodek Wsparcia Spo\u0142ecznego \u2013Sz\u00f3sty St\u00f3\u0142 \u015bw. Jadwigi\u201d.<\/p>\n<p>Najnowsz\u0105 inicjatyw\u0105 si\u00f3str boromeuszek jest powo\u0142ana w Trzebnicy Fundacja dla Ratowania Klasztoru \u015aw. Jadwigi \u015al\u0105skiej \u201eBy s\u0142u\u017cy\u0107\u201d, kt\u00f3rej podstawowym celem ma by\u0107 troska o zachowanie materialnego i duchowego dziedzictwa \u015aw. Jadwigi \u015al\u0105skiej w Trzebnicy.<\/p>\n<p><b>Trzebnicki Park Kulturowy Winna G\u00f3ra (stanowisko cz\u0142owieka pierwotnego \u2013 Homo Erectus)<\/b><br \/>\nZbieracko-my\u015bliwska grupa ludzi pierwotnych Homo Erectusa zawita\u0142a w okolice Trzebnicy ok. 500 000 lat temu. Owego fascynuj\u0105cego odkrycia dokonano w 1987 roku, a p\u00f3\u017aniejsze prace prowadzone przez prof. Jana Burdkiewicza pozwoli\u0142y na odnalezienie na g\u0142\u0119boko\u015bci 8-14 metr\u00f3w blisko 2000 szcz\u0105tk\u00f3w zwierz\u0105t, fragment\u00f3w ko\u015bci i prostych narz\u0119dzi u\u017cywanych przez \u00f3wczesnych my\u015bliwych. Pozwoli\u0142o to wnioskowa\u0107, i\u017c nasi przodkowie polowali tutaj m.in. Na \u0142osie, konie, nosoro\u017cce, bizony, ale \u0142owili tak\u017ce ryby.<\/p>\n<p>Trzebnickie znalezisko jest na tyle wyj\u0105tkowe, \u017ce znalezione w dawnej kopalni gliny na zachodnim zboczu Winnej G\u00f3ry \u015blady obozowiska nale\u017c\u0105 do najstarszych na ziemiach polskich<b>.<\/b><\/p>\n<p>Aktualnie gmina przyst\u0105pi\u0142a do pierwszego etapu rewitalizacji Winnej \u201eKociej\u201d G\u00f3ry, kt\u00f3rej celem jest utworzenie Trzebnickiego Parku Kulturowego Winna G\u00f3ra. Ju\u017c niebawem przespacerujemy si\u0119 ma\u0142\u0105 \u015bcie\u017ck\u0105 dydaktyczn\u0105, kt\u00f3ra w kolejnych latach uzupe\u0142niona zostanie o nast\u0119pne atrakcje.<\/p>\n<p>Na ponad p\u00f3\u0142kilometrowej \u015bcie\u017cce znajd\u0105 si\u0119 tablice dydaktyczne, kt\u00f3re pomog\u0105 przyswoi\u0107 wiedz\u0119 o tym wa\u017cnym dla historii cz\u0142owieka miejscu. Ca\u0142o\u015b\u0107 zostanie o\u015bwietlona, zamontowane b\u0119d\u0105 tak\u017ce kamery monitoringu.<\/p>\n<p><b>Ko\u015bci\u00f3\u0142 pw. \u015bw. Ap. Piotra i Paw\u0142a<\/b><\/p>\n<p>Na miejscu obecnego Ko\u015bcio\u0142a \u015bw. Ap. Piotra i Paw\u0142a sta\u0142 pierwszy w dziejach Trzebnicy ko\u015bci\u00f3\u0142 parafialny. Jego fundatorem by\u0142 najstarszy udokumentowany w\u0142a\u015bciciel Trzebnicy, mo\u017cnow\u0142adca Piotr W\u0142ostowic. Dowody na istnienie w tym miejscu ko\u015bcio\u0142a parafialnego zawiera bulla papie\u017ca Hadriana IV z 1155 roku. W 1525 roku \u015bwi\u0105tynia ta jako pierwsza w \u00f3wczesnym Ksi\u0119stwie Ole\u015bnickim przej\u0119ta zosta\u0142a przez ewangelik\u00f3w, kt\u00f3rym s\u0142u\u017cy\u0142a z przerwami do 1947 roku. W ko\u0144cowej fazie II wojny \u015bwiatowej protestancka parafia pod wezwaniem \u015bw. Piotra w Trzebnicy liczy\u0142a 6500 wiernych.<\/p>\n<p>Po opuszczeniu Trzebnicy przez ludno\u015b\u0107 niemieck\u0105 w obiekcie tym nie by\u0142a kontynuowana dzia\u0142alno\u015b\u0107 religijna. Wn\u0119trza \u015bwi\u0105tyni ulega\u0142y dewastacji, gdy\u017c u\u017cywane by\u0142y jako magazyn (m. in. ogumienia i cz\u0119\u015bci zamiennych do samochod\u00f3w ci\u0119\u017carowych). Dopiero w 1987 roku, dzi\u0119ki wieloletnim staraniom ks. dziekana Wawrzy\u0144ca Bochenka oraz ks. kardyna\u0142a Henryka Gulbinowicza, ten neogotycki obiekt zosta\u0142 przekazany trzebnickiej parafii rzymskokatolickiej i tym samym \u015bwi\u0105tyni tej przywr\u00f3cony zosta\u0142 dawny blask. W \u015bwi\u0119ta Bo\u017cego Narodzenia 1994 roku odprawiono w nim pierwsz\u0105 od wielu lat Msz\u0119 \u015bw. &#8211; pasterk\u0119. Konsekracja ko\u015bcio\u0142a mia\u0142a miejsce 6 grudnia 1998 roku, a sze\u015b\u0107 miesi\u0119cy p\u00f3\u017aniej erygowana zosta\u0142a przy ko\u015bciele Parafia \u015awi\u0119tych Aposto\u0142\u00f3w Piotra i Paw\u0142a w Trzebnicy.<\/p>\n<p><b>Kapliczka \u015bw. Jadwigi \u015al\u0105skiej<\/b><\/p>\n<p>Na Kaplicznym Wzg\u00f3rzu na wysoko\u015bci 255 m. n.p.m. po\u0142o\u017cona jest ma\u0142a Kaplica p.w. \u015awi\u0119tej Jadwigi. Zbudowana zosta\u0142a w XVIII wieku. Okolice wzg\u00f3rza porastaj\u0105 rozleg\u0142e sady stanowi\u0105ce nieod\u0142\u0105czny element miasta, natomiast do samej kapliczki prowadzi pi\u0119kna aleja wiekowych lip umo\u017cliwiaj\u0105ca odpoczynek i chwilk\u0119 zadumy w tym uroczym miejscu. Jak g\u0142osi legenda tutaj odpoczywa\u0142a \u015bw. Jadwiga podczas swoich podr\u00f3\u017cy do Wroc\u0142awia.<\/p>\n<p>W \u015brodku znajduje si\u0119 drewniany o\u0142tarzyk z obrazem przedstawiaj\u0105cym Jadwig\u0119 podczas modlitwy. Miejsce to zosta\u0142o uwiecznione w kadrze kamery filmowej. Malownicze otoczenie i sama kapliczka stanowi\u0142y scenografi\u0119 w znanych polskich filmach np. \u201ePopi\u00f3\u0142 i diament\u201d &#8211; Andrzeja Wajdy czy znanym serialu \u201eCzterej Pancerni i Pies\u201d.<\/p>\n<p><b>Ko\u015bci\u00f3\u0142ek Le\u015bny<\/b><\/p>\n<p>Ko\u015bci\u00f3\u0142 pw. Czternastu \u015awi\u0119tych Wspomo\u017cycieli, zwany potocznie Ko\u015bci\u00f3\u0142kiem Le\u015bnym zosta\u0142 zbudowany w stylu neogotyckim w 1886 roku. Opiekowa\u0142 si\u0119 nim mieszkaj\u0105cy w pobliskiej samotni pustelnik; ostatnim pustelnikiem by\u0142 zmar\u0142y w 1946 roku brat Feliks Plitzko.<\/p>\n<p>Dawna pustelnia sp\u0142on\u0119\u0142a w 1967 roku. Obecnie jej miejsce zajmuje nowa plebania, nazywana potocznie &#8222;Pustelni\u0105&#8221;. Z budynkami Ko\u015bci\u00f3\u0142ka Le\u015bnego i &#8222;Pustelni&#8221; s\u0105siaduje Grota Matki Boskiej z Lourdes, kt\u00f3ra zosta\u0142a wzniesiona z bry\u0142 rudy darniowej w 1926 roku.<\/p>\n<p>Przestrze\u0144 pomi\u0119dzy Ko\u015bci\u00f3\u0142kiem Le\u015bnym, pustelni\u0105 i grot\u0105 wype\u0142nia\u0142 do lat siedemdziesi\u0105tych ubieg\u0142ego wieku niewielki cmentarz niemiecki.<\/p>\n<p><b>Park Solidarno\u015bci<\/b><\/p>\n<p>Pomi\u0119dzy ulicami: Stawow\u0105, Klasztorn\u0105, Ole\u015bnick\u0105 i Ks. Dz W. Bochenka znajduje si\u0119 najpi\u0119kniejszy rodzinny park, licz\u0105cy ponad 1 ha, Park Solidarno\u015bci.<\/p>\n<p>Park zosta\u0142 poddany gruntownej rewitalizacji w 2010 roku. Zmodernizowano schody na starym nasypie kolejki w\u0105skotorowej i zamontowano na nich balustrady. Stary drzewostan zosta\u0142 odnowiony oraz zagospodarowano nowe rozwi\u0105zania drzew i krzew\u00f3w. Wytyczono nowe \u015bcie\u017cki, zamontowano \u0142awki, kosze na \u015bmieci i tablice informacyjne. W parku ka\u017cdy znajdzie swoje ulubione miejsce: boiska do gier zespo\u0142owych, skatepark, sto\u0142y do gry w szachy. W centralnym miejscu zosta\u0142a zamontowana fontanna, a tu\u017c obok mieszka jeden z kot\u00f3w Nastroszek.<\/p>\n<p>W s\u0105siedztwie parku znajduje si\u0119 kompleks sportowy \u201eOrlik\u201d, Klasztor Si\u00f3str Boromeuszek, Aquapark oraz stawy trzebnickie.<\/p>\n<p><b>Gminny Park Wodny TRZEBNICA -ZDR\u00d3J<\/b><\/p>\n<p>Obiekt przepi\u0119knie po\u0142o\u017cony przy wypoczynkowo \u2013 rekreacyjnych terenach miasta jest najnowocze\u015bniejszym obiektem w regionie. Gminny Park Wodny TRZEBNICA-ZDR\u00d3J sk\u0142ada si\u0119 z dw\u00f3ch cz\u0119\u015bci. W wewn\u0119trznej mo\u017cna skorzysta\u0107 z basen\u00f3w sportowego i rekreacyjnego oraz licznych saun, jacuzzi, zje\u017cd\u017calni, wiru wodnego oraz brodzika dla dzieci. Basen zewn\u0119trzny (czynny sezonowo) zaopatrzony jest dodatkowo w zje\u017cd\u017calnie zewn\u0119trzne, plac zabaw dla najm\u0142odszych z brodzikiem oraz boisko do siatk\u00f3wki pla\u017cowej.<\/p>\n<p>W ofercie parku wodnego znajduje si\u0119 min. sekcja p\u0142ywacka, sekcja hokeja podwodnego &#8211; Hydra Trzebnica, nauka p\u0142ywania dla dzieci oraz doros\u0142ych, aqua areobik, rehabilitacja w wodzie, p\u00f3\u0142kolonie i wiele innych.<\/p>\n<p>Na terenie basenu wewn\u0119trznego organizowane s\u0105 zawody p\u0142ywackie dla szk\u00f3\u0142 oraz zawody amatorskie. W Trzebnicy odbywaj\u0105 si\u0119 r\u00f3wnie\u017c turnieje hokeja podwodnego o randze og\u00f3lnopolskiej.<\/p>\n<p>Basen przystosowany jest dla os\u00f3b niepe\u0142nosprawnych. Przy obiekcie znajduje si\u0119 du\u017cy parking mieszcz\u0105cy ok. 100 miejsc.<\/p>\n<p><b>Figury trzebnickich kot\u00f3w<\/b><\/p>\n<p>W naszym mie\u015bcie, w Trzebnicy znajduje si\u0119 Winna G\u00f3ra, potocznie zwana przez mieszka\u0144c\u00f3w Koci\u0105 G\u00f3r\u0105 lub Kociakiem. Badania turystyczne naszego miasta potwierdzi\u0142y r\u00f3wnie\u017c, \u017ce jednym z symboli kojarz\u0105cym si\u0119 z Trzebnic\u0105 jest w\u0142a\u015bnie kot. W mie\u015bcie, w kilku miejscach pojawi\u0142y si\u0119 rze\u017aby kot\u00f3w i wsp\u00f3lnie po\u0142\u0105czone da\u0142y pocz\u0105tek nowej atrakcji \u2013 kociej \u015bcie\u017cce po mie\u015bcie.<\/p>\n<p><b>Aleja zakochanych &#8211; dawny nasyp kolejki w\u0105skotorowej<\/b><\/p>\n<p>Jest to ci\u0105g pieszo-jezdny prowadz\u0105cy od ul. 1-go Maja do ul. Ole\u015bnickiej, po dawnym nasypie kolei w\u0105skotorowej. Po renowacji nasypu mieszka\u0144cy zyskali kolejne miejsce do spacer\u00f3w, rekreacji oraz w komfortowych warunkach dostan\u0105 si\u0119 do Parku Solidarno\u015bci , Orlika czy kompleksu Szko\u0142y Muzycznej i Szko\u0142y Podstawowej nr 2 a w niedalekiej przysz\u0142o\u015bci, tak\u017ce do powstaj\u0105cego \u017c\u0142obka wraz z przedszkolem oraz wielofunkcyjnego obiektu sportowego . Projekt przebudowy zosta\u0142 pomy\u015blany w taki spos\u00f3b, by u\u0142atwi\u0107 poruszanie si\u0119 osobom starszym i matkom z w\u00f3zkami, a tak\u017ce rowerzystom. Cz\u0119\u015b\u0107 jezdna zosta\u0142a wy\u0142o\u017cona kostk\u0105 brukow\u0105, natomiast \u015bcie\u017ck\u0119 pieszo-rowerow\u0105 pokryto specjaln\u0105 nawierzchni\u0105 poliuretanow\u0105. Dodatkowo zamontowano nowe o\u015bwietlenie, \u0142awki oraz przebudowano schody. Z my\u015bl\u0105 o osobach niepe\u0142nosprawnych i rodzinach z w\u00f3zkami wykonano tak\u017ce \u0142agodny podjazd. Ci\u0105g pieszo-jezdny nie tylko zosta\u0142 zrewitalizowany, ale tak\u017ce zyska\u0142 now\u0105 nazw\u0119 &#8211; Aleja Zakochanych. Dodatkow\u0105 atrakcj\u0105 sta\u0142 si\u0119 mostek, do kt\u00f3rego zakochane pary mog\u0105 przypina\u0107 tzw. k\u0142\u00f3dki mi\u0142o\u015bci b\u0119d\u0105ce symbolem wiecznego uczucia.<\/p>\n<p><b>Las Bukowy<\/b><\/p>\n<p>Las Bukowy to rozleg\u0142y obszar po\u0142o\u017cony w po\u0142udniowo-zachodniej cz\u0119\u015bci miasta, na terenach przedwojennego kompleksu uzdrowiskowego, kt\u00f3ry wraz z alejkami, \u017ar\u00f3d\u0142ami, malowniczym punktem widokowym oraz drewnian\u0105 wie\u017c\u0105 widokow\u0105 stanowi\u0142 ju\u017c w XIX w. zaciszne i urokliwe miejsce spacerowo-wypoczynkowe Trzebnicy.<\/p>\n<p>Do dzi\u015b dnia mo\u017cna pospacerowa\u0107 w lesie dawnymi, obecnie odnowionymi \u015bcie\u017ckami, kt\u00f3re prowadz\u0105 nas malowniczymi wzniesieniami, rozkoszowa\u0107 si\u0119 cisz\u0105 i spokojem w cieniu wiekowych buk\u00f3w. W lesie znajduje si\u0119 Ko\u015bci\u00f3\u0142ek Le\u015bny z drog\u0105 krzy\u017cow\u0105 oraz Grot\u0105 Matki Boskiej z Lourdes, wybudowan\u0105 z rudy darniowej.<\/p>\n<p><b>Stawy Trzebnickie<\/b><\/p>\n<p>Trzebnica to miejscowo\u015b\u0107 z przedwojennymi uzdrowiskowymi tradycjami, charakteryzuj\u0105ca si\u0119 potwierdzonymi leczniczymi w\u0142a\u015bciwo\u015bciami klimatu, wysokimi walorami przyrodniczymi, ale przede wszystkim naturalnymi zasobami w\u00f3d mineralnych. Obecnie gmina stara si\u0119 o przywr\u00f3cenie statusu uzdrowiska. Zatem ma ogromn\u0105 szans\u0119, aby Trzebnica Zdr\u00f3j sta\u0142a si\u0119 ciekaw\u0105 alternatyw\u0105 dla uzdrowisk zlokalizowanych obecnie jedynie w po\u0142udniowej cz\u0119\u015bci wojew\u00f3dztwa.<\/p>\n<p>Zrewitalizowane stawy trzebnickie odzyskuj\u0105c sw\u00f3j dawny, wypoczynkowy charakter sta\u0142y si\u0119 jednym z najcz\u0119\u015bciej wybieranych miejsc spacerowo-wypoczynkowych przez mieszka\u0144c\u00f3w miasta jak i turyst\u00f3w. Prace modernizacyjne teren\u00f3w spacerowych przy trzebnickich stawach uczyni\u0142y je g\u0142\u00f3wnym celem spacer\u00f3w trzebniczan oraz przyjezdnych go\u015bci. Po\u0142o\u017cono now\u0105 nawierzchni\u0119, wyznaczono parkingi, stawy otoczono chodnikami wraz z o\u015bwietleniem, umieszczono tak\u017ce przy nich \u0142awki, a mi\u0119dzy stawami powsta\u0142 amfiteatr oraz t\u0119\u017cnie solankowe wytwarzaj\u0105ce mikroklimat por\u00f3wnywalny do tego nadmorskiego .<\/p>\n<p>Otwarty w 2011 roku Trzebnicki Park Wodny ZDR\u00d3J po\u0142o\u017cony na tym terenie dope\u0142nia bogat\u0105 ofert\u0119 wypoczynkow\u0105 miasta. Obiekt przepi\u0119knie po\u0142o\u017cony przy rekreacyjnych terenach jest jednym z najnowocze\u015bniejszych obiekt\u00f3w w regionie. Opr\u00f3cz kompleksu basenowego posiada w swojej ofercie si\u0142owni\u0119, crossbox, fitness oraz kr\u0119gielni\u0119. W bliskim s\u0105siedztwie znajduje si\u0119 r\u00f3wnie\u017c kolejna ponadczasowa inwestycja jak\u0105 jest Gminna Szko\u0142a Muzyczna I st. im. Prof. Edmunda Kajdasza, kt\u00f3ra swoj\u0105 siedzib\u0119 ma w dawnym hotelu zdrojowym, kt\u00f3ry zosta\u0142 ca\u0142kowicie zmodernizowany i kompleksowo wyremontowany oraz dostosowany na potrzeby szko\u0142y muzycznej.<\/p>\n<p>Uruchomienie nowoczesnego szynobusa i po\u0142\u0105czenie Trzebnicy ze stolic\u0105 Dolnego \u015al\u0105ska \u2013 Wroc\u0142awiem stworzy\u0142o now\u0105 mo\u017cliwo\u015b\u0107 odwiedzenia miasta przez ka\u017cdego, kto chcia\u0142by odpocz\u0105\u0107 od wielkomiejskiego zgie\u0142ku w Trzebnicy. Zapraszamy wszystkich &#8211; tu warto inwestowa\u0107 i odpoczywa\u0107![\/vc_column_text][\/vc_column][vc_column width=&#8221;1\/4&#8243;][\/vc_column][\/vc_row]<\/p>\n","protected":false},"excerpt":{"rendered":"<p>[vc_row][vc_column width=&#8221;1\/4&#8243;][\/vc_column][vc_column width=&#8221;1\/2&#8243;][vc_empty_space height=&#8221;40px&#8221;][vc_text_separator title=&#8221;Zapraszamy Pa\u0144stwa do Gminy Trzebnica&#8221; border_width=&#8221;6&#8243;][vc_column_text] &nbsp; INFORMACJE OG\u00d3LNE Gmina Trzebnica \u2013 gmina wiejsko-miejska o powierzchni 200,2 km2, po\u0142o\u017cona jest w p\u00f3\u0142nocno-wschodniej cz\u0119\u015bci wojew\u00f3dztwa dolno\u015bl\u0105skiego, w powiecie trzebnickim. Miasto Trzebnica po\u0142o\u017cone jest 24 km od stolicy wojew\u00f3dztwa &#8211; Wroc\u0142awia, po\u015br\u00f3d polodowcowych, malowniczych Wzg\u00f3rz Trzebnickich. Strategiczne po\u0142o\u017cenie miasta w bezpo\u015brednim s\u0105siedztwie drogi [&hellip;]<\/p>\n","protected":false},"author":1,"featured_media":0,"parent":0,"menu_order":0,"comment_status":"closed","ping_status":"closed","template":"page-templates\/front-page.php","meta":{"footnotes":""},"class_list":["post-13016","page","type-page","status-publish","hentry"],"_links":{"self":[{"href":"https:\/\/old-ssemp.sowiak.dev\/index.php?rest_route=\/wp\/v2\/pages\/13016","targetHints":{"allow":["GET"]}}],"collection":[{"href":"https:\/\/old-ssemp.sowiak.dev\/index.php?rest_route=\/wp\/v2\/pages"}],"about":[{"href":"https:\/\/old-ssemp.sowiak.dev\/index.php?rest_route=\/wp\/v2\/types\/page"}],"author":[{"embeddable":true,"href":"https:\/\/old-ssemp.sowiak.dev\/index.php?rest_route=\/wp\/v2\/users\/1"}],"replies":[{"embeddable":true,"href":"https:\/\/old-ssemp.sowiak.dev\/index.php?rest_route=%2Fwp%2Fv2%2Fcomments&post=13016"}],"version-history":[{"count":4,"href":"https:\/\/old-ssemp.sowiak.dev\/index.php?rest_route=\/wp\/v2\/pages\/13016\/revisions"}],"predecessor-version":[{"id":13026,"href":"https:\/\/old-ssemp.sowiak.dev\/index.php?rest_route=\/wp\/v2\/pages\/13016\/revisions\/13026"}],"wp:attachment":[{"href":"https:\/\/old-ssemp.sowiak.dev\/index.php?rest_route=%2Fwp%2Fv2%2Fmedia&parent=13016"}],"curies":[{"name":"wp","href":"https:\/\/api.w.org\/{rel}","templated":true}]}}