{"id":13011,"date":"2018-12-13T12:56:05","date_gmt":"2018-12-13T11:56:05","guid":{"rendered":"http:\/\/ssemp.pl\/?page_id=13011"},"modified":"2018-12-13T12:56:21","modified_gmt":"2018-12-13T11:56:21","slug":"osiecznica","status":"publish","type":"page","link":"https:\/\/old-ssemp.sowiak.dev\/?page_id=13011","title":{"rendered":"Osiecznica"},"content":{"rendered":"<p>[vc_row][vc_column width=&#8221;1\/4&#8243;][\/vc_column][vc_column width=&#8221;1\/2&#8243;][vc_empty_space height=&#8221;40px&#8221;][vc_text_separator title=&#8221;Zapraszamy Pa\u0144stwa do Gminy Osiecznica&#8221; border_width=&#8221;6&#8243;][vc_column_text]<\/p>\n<ol>\n<li>\n<p align=\"JUSTIFY\"><span style=\"font-family: Times New Roman, serif;\"><span style=\"font-size: large;\"><i><b>Nazwa gminy: <\/b><\/i><\/span><\/span><\/p>\n<\/li>\n<\/ol>\n<p align=\"JUSTIFY\"><a name=\"_MON_1136794809\"><\/a> <span style=\"font-family: Times New Roman, serif;\"><span style=\"font-size: medium;\">Gmina Osiecznica <\/span><\/span><\/p>\n<p align=\"JUSTIFY\"><span style=\"font-family: Times New Roman, serif;\"><span style=\"font-size: medium;\">Luba\u0144ska 43<\/span><\/span><\/p>\n<p align=\"JUSTIFY\"><span style=\"font-family: Times New Roman, serif;\"><span style=\"font-size: medium;\">59-724 Osiecznica<\/span><\/span><\/p>\n<p align=\"JUSTIFY\"><span style=\"font-family: Times New Roman, serif;\"><span style=\"font-size: medium;\">tel. +48757312107<\/span><\/span><\/p>\n<p align=\"JUSTIFY\"><span style=\"font-family: Times New Roman, serif;\"><span style=\"font-size: medium;\">fax +48757312148<\/span><\/span><\/p>\n<p align=\"JUSTIFY\"><span style=\"font-family: Times New Roman, serif;\"><span style=\"font-size: medium;\">e-mail: <\/span><\/span><span style=\"color: #0000ff;\"><u><a href=\"mailto:info@osiecznica.pl\" target=\"_top\"><span style=\"font-size: medium;\">info@osiecznica.pl<\/span><\/a><\/u><\/span><\/p>\n<p align=\"JUSTIFY\"><a href=\"http:\/\/www.osiecznica.pl\" target=\"_blank\"><span style=\"font-family: Times New Roman, serif;\"><span style=\"font-size: medium;\">www.osiecznica.pl<\/span><\/span><\/a><\/p>\n<ol start=\"2\">\n<li>\n<p align=\"JUSTIFY\"><span style=\"font-family: Times New Roman, serif;\"><span style=\"font-size: large;\"><i><b>Po\u0142o\u017cenie: <\/b><\/i><\/span><\/span><\/p>\n<\/li>\n<\/ol>\n<p align=\"JUSTIFY\"><span style=\"font-family: Times New Roman, serif;\"><span style=\"font-size: medium;\">Gmina Osiecznica- Przyjazna Gmina to gmina wiejska po\u0142o\u017cona w powiecie boles\u0142awieckim, w wojew\u00f3dztwie dolno\u015bl\u0105skim. Gmina Osiecznica po\u0142o\u017cona jest na obszarze kompleksu le\u015bnego Bory Dolno\u015bl\u0105skie, a \u015bci\u015blej m\u00f3wi\u0105c, w zachodniej cz\u0119\u015bci tego\u017c kompleksu, tzn. w Puszczy Boles\u0142awiecko-Zgorzeleckiej.<\/span><\/span><\/p>\n<ol start=\"3\">\n<li>\n<p align=\"JUSTIFY\"><span style=\"font-family: Times New Roman, serif;\"><span style=\"font-size: large;\"><i><b>Dane statystyczne: <\/b><\/i><\/span><\/span><\/p>\n<\/li>\n<\/ol>\n<p align=\"JUSTIFY\"><span style=\"font-family: Times New Roman, serif;\"><span style=\"font-size: medium;\">Wed\u0142ug danych z 31 grudnia 2017 gmin\u0119 zamieszkiwa\u0142o 7146 os\u00f3b. Gmina zajmuje obszar 437,1 km2. W sk\u0142ad gminy wchodz\u0105 miejscowo\u015bci: Osiecznica, Kliczk\u00f3w, Parowa, Bronowiec, Po\u015bwi\u0119tne, O\u0142obok, Przej\u0119s\u0142aw, \u0141awszowa, Lubosz\u00f3w, Osiecz\u00f3w, Tomis\u0142aw, \u015awi\u0119tosz\u00f3w, Le\u015bny Dw\u00f3r. Gmina Osiecznica dysponuje bardzo dobr\u0105 sieci\u0105 drogow\u0105. Wyremontowano zar\u00f3wno drogi gminne jak i powiatowe oraz wojew\u00f3dzkie. Z Osiecznicy mo\u017cna szybko i sprawnie dojecha\u0107 do Wroc\u0142awia oraz Berlina ( przez gmin\u0119 przebiegaj\u0105 dwie autostrady: A4 i A18), a tak\u017ce do takich miejscowo\u015bci regionu jak \u015awierad\u00f3w Zdr\u00f3j, Jelenia G\u00f3ra, Boles\u0142awiec czy \u017baga\u0144. G\u0142\u00f3wne trakty, z my\u015bl\u0105 o bezpiecze\u0144stwie u\u017cytkownik\u00f3w wyposa\u017cone zosta\u0142y zar\u00f3wno w chodniki jak i\u00a0 nowoczesne o\u015bwietlenie uliczne.<\/span><\/span><\/p>\n<ol start=\"4\">\n<li>\n<p align=\"JUSTIFY\"><span style=\"font-family: Times New Roman, serif;\"><span style=\"font-size: large;\"><i><b>Atrakcje turystyczne:<\/b><\/i><\/span><\/span><\/p>\n<\/li>\n<\/ol>\n<ul>\n<li>\n<p align=\"JUSTIFY\"><span style=\"font-family: Times New Roman, serif;\"><span style=\"font-size: large;\"><i><b>Zabytki:<\/b><\/i><\/span><\/span><\/p>\n<\/li>\n<\/ul>\n<ul>\n<li>\n<h3 class=\"western\" align=\"JUSTIFY\"><span style=\"font-size: medium;\">K<\/span><span style=\"font-size: medium;\">liczk\u00f3w &#8211; zesp\u00f3\u0142 parkowo-pa\u0142acowy-<\/span><span style=\"font-size: medium;\"> ca\u0142y kompleks powsta\u0142 pod koniec XIV wieku, gruntowej rozbudowy i przebudowy dokonano w wieku XIX. Renesansowy dw\u00f3r stanowi najstarsz\u0105 cz\u0119\u015b\u0107 zamku. Szczeg\u00f3lnie romantyczny charakter nadano p\u00f3\u0142nocnej cz\u0119\u015bci parku, gdzie na wielkiej polanie wykonano staw zasilany sp\u0142ywaj\u0105c\u0105 ze zmeliorowanych \u0142\u0105k wod\u0105. P\u00f3\u017aniejszym neoromantycznym elementem parku by\u0142 nie zachowany do dzi\u015b grobowiec-mauzoleum wykonany z marmuru oraz szcz\u0105tkowo zachowany cmentarz ko\u0144ski z kamiennymi nagrobkami koni. Dzi\u015b w Zamku mie\u015bci si\u0119 tu Centrum Konferencyjno \u2013 Wypoczynkowe.<\/span><\/h3>\n<\/li>\n<li>\n<p align=\"JUSTIFY\"><span style=\"font-family: Times New Roman, serif;\"><span style=\"font-size: medium;\"><b>Kliczk\u00f3w &#8211; ko\u015bci\u00f3\u0142 pw. Pok\u0142onu Trzech Kr\u00f3li- <\/b><\/span><\/span><span style=\"font-family: Times New Roman, serif;\"><span style=\"font-size: medium;\">pochodzi z XV wieku, we wn\u0119trzu ko\u015bcio\u0142a s\u0105 dwa rze\u017abione o\u0142tarze w drewnie. Trzycz\u0119\u015bciowy o\u0142tarz g\u0142\u00f3wny przedstawia Pok\u0142on Trzech Kr\u00f3li, drugi boczny o\u0142tarz zaliczany jest do najcenniejszych zabytk\u00f3w w tym ko\u015bciele, jest to drewniane (sosnowo-lipowe) epitafium ufundowane i po\u015bwi\u0119cone rodzinie Rechenberg\u00f3w.<\/span><\/span><\/p>\n<\/li>\n<li>\n<p align=\"JUSTIFY\"><span style=\"font-family: Times New Roman, serif;\"><span style=\"font-size: medium;\"><b>Ko\u015bci\u00f3\u0142 poewangelicki w Parowej- <\/b><\/span><\/span><span style=\"font-family: Times New Roman, serif;\"><span style=\"font-size: medium;\">obecnie ko\u015bci\u00f3\u0142 parafialny pw. \u015aw. Antoniego Padewskiego wraz z kaplic\u0105 cmentarn\u0105 i cmentarzem przyko\u015bcielnym. Ko\u015bci\u00f3\u0142 wyposa\u017cony jest w 13 zabytk\u00f3w ruchomych m.in. o\u0142tarz, ambona, drewniane empory. O\u0142tarz z XVII wieku, dwukondygnacyjny, przedstawiaj\u0105cy posta\u0107 \u015aw. Antoniego<\/span><\/span><\/p>\n<\/li>\n<li>\n<p align=\"JUSTIFY\"><span style=\"font-family: Times New Roman, serif;\"><span style=\"font-size: medium;\"><b>Zak\u0142ady ceramiczne w Parowej- <\/b><\/span><\/span><span style=\"font-family: Times New Roman, serif;\"><span style=\"font-size: medium;\">zafascynowani tutejsz\u0105 tradycj\u0105 starej ceramiki, producenci wyspecjalizowali si\u0119 w r\u0119cznej technologii wytwarzania kamionki u\u017cytkowej, zdobionej metod\u0105 stempelkow\u0105. W miejscowych punktach sprzeda\u017cy<br \/>\nw Parowej mo\u017cna bezpo\u015brednio od producent\u00f3w naby\u0107 oryginalne wyroby ceramiczne.<\/span><\/span><\/p>\n<\/li>\n<li>\n<p align=\"JUSTIFY\"><span style=\"font-family: Times New Roman, serif;\"><span style=\"font-size: medium;\"><b>Lubosz\u00f3w<\/b>&#8211;<b> <\/b>gospodarstwo pasieczne Jerzego i Krystyny S\u0142oneckich prowadzone jest od 1957 roku i znajduje si\u0119 w najmniejszej polskiej wsi licz\u0105cej dwoje mieszka\u0144c\u00f3w. Zajmuje si\u0119 produkcj\u0105 miod\u00f3w gatunkowych oraz produkt\u00f3w pszczelich. Tradycja pszczelarska przekazywana jest w rodzinie od dw\u00f3ch pokole\u0144. W pasiece pozyskuje si\u0119 miody: rzepakowy, akacjowy, lipowy, gryczany i wrzosowy. Produkowany jest r\u00f3wnie\u017c py\u0142ek kwiatowy, mikstura propolisowi, \u015bwiece z naturalnego wosku pszczelego oraz sok brzozowy. Produkty te sprzedawane s\u0105 na terenie gospodarstwa. Mo\u017cna tu zaopatrzy\u0107 si\u0119 te\u017c w miody z innymi dodatkami takimi jak: ziarna s\u0142onecznika, dyni, orzecha, rodzynki itp. Od maja do pa\u017adziernika w gospodarstwie mo\u017cna prze\u015bledzi\u0107 produkcj\u0119 miodu, zobaczy\u0107 prac\u0119 pszcz\u00f3\u0142 w ulu pszczelim<br \/>\ni zwiedza\u0107 pracowni\u0119 pszczelarsk\u0105 wraz z muzeum. Wszystkie produkty wytwarzane s\u0105 metod\u0105 naturaln\u0105 i pochodz\u0105 z teren\u00f3w czystych ekologicznie. Odznaczaj\u0105 si\u0119 wysokimi walorami smakowymi i maj\u0105 w\u0142a\u015bciwo\u015bci zdrowotne. W przysz\u0142o\u015bci gospodarstwo pasieczne zaoferuje swoim klientom masa\u017ce miodowe oraz inhalacje. Produkty wytwarzane s\u0105 w spos\u00f3b tradycyjny zgodnie ze sztuk\u0105 pszczelarsk\u0105. Koneserom mocniejszych trunk\u00f3w gospodarz poleca pyszne i zdrowe nalewki miodowe. Jerzy S\u0142onecki, w\u0142a\u015bciciel pasieki zosta\u0142 uhonorowany medalem Sprawiedliwy w\u015br\u00f3d Narod\u00f3w \u015awiata.<\/span><\/span><\/p>\n<\/li>\n<li>\n<h3 class=\"western\" align=\"JUSTIFY\"><span style=\"font-size: medium;\">Przej\u0119s\u0142aw &#8211; prywatna Izba R\u0119kodzie\u0142a- <\/span><span style=\"font-size: medium;\">jest to galeria utworzona w 1989 roku przez pa\u0144stwa Bancewicz\u00f3w.<\/span><\/h3>\n<\/li>\n<\/ul>\n<ol>\n<li>\n<p align=\"JUSTIFY\"><span style=\"font-family: Times New Roman, serif;\"><span style=\"font-size: large;\"><i><b>Cykliczne imprezy kulturalne<\/b><\/i><\/span><\/span><span style=\"font-family: Times New Roman, serif;\"><span style=\"font-size: medium;\"><b>:<\/b><\/span><\/span><\/p>\n<\/li>\n<\/ol>\n<ol>\n<li>\n<p align=\"JUSTIFY\"><span style=\"font-family: Times New Roman, serif;\"><span style=\"font-size: medium;\">Dni Gminy Osiecznica i Skate Maraton Bor\u00f3w Dolno\u015bl\u0105skich<\/span><\/span><\/p>\n<\/li>\n<li>\n<p align=\"JUSTIFY\"><span style=\"font-family: Times New Roman, serif;\"><span style=\"font-size: medium;\">Gminne Do\u017cynki<\/span><\/span><\/p>\n<\/li>\n<li>\n<p align=\"JUSTIFY\"><span style=\"font-family: Times New Roman, serif;\"><span style=\"font-size: medium;\">Maj\u00f3wka na Zamku Kliczk\u00f3w<\/span><\/span><\/p>\n<\/li>\n<li>\n<p align=\"JUSTIFY\"><span style=\"font-family: Times New Roman, serif;\"><span style=\"font-size: medium;\">\u015awi\u0119to 10 Brygady Kawalerii Pancernej<\/span><\/span><\/p>\n<\/li>\n<\/ol>\n<p>[\/vc_column_text][\/vc_column][vc_column width=&#8221;1\/4&#8243;][\/vc_column][\/vc_row]<\/p>\n","protected":false},"excerpt":{"rendered":"<p>[vc_row][vc_column width=&#8221;1\/4&#8243;][\/vc_column][vc_column width=&#8221;1\/2&#8243;][vc_empty_space height=&#8221;40px&#8221;][vc_text_separator title=&#8221;Zapraszamy Pa\u0144stwa do Gminy Osiecznica&#8221; border_width=&#8221;6&#8243;][vc_column_text] Nazwa gminy: Gmina Osiecznica Luba\u0144ska 43 59-724 Osiecznica tel. +48757312107 fax +48757312148 e-mail: info@osiecznica.pl www.osiecznica.pl Po\u0142o\u017cenie: Gmina Osiecznica- Przyjazna Gmina to gmina wiejska po\u0142o\u017cona w powiecie boles\u0142awieckim, w wojew\u00f3dztwie dolno\u015bl\u0105skim. Gmina Osiecznica po\u0142o\u017cona jest na obszarze kompleksu le\u015bnego Bory Dolno\u015bl\u0105skie, a \u015bci\u015blej m\u00f3wi\u0105c, w zachodniej [&hellip;]<\/p>\n","protected":false},"author":1,"featured_media":0,"parent":0,"menu_order":0,"comment_status":"closed","ping_status":"closed","template":"page-templates\/front-page.php","meta":{"footnotes":""},"class_list":["post-13011","page","type-page","status-publish","hentry"],"_links":{"self":[{"href":"https:\/\/old-ssemp.sowiak.dev\/index.php?rest_route=\/wp\/v2\/pages\/13011","targetHints":{"allow":["GET"]}}],"collection":[{"href":"https:\/\/old-ssemp.sowiak.dev\/index.php?rest_route=\/wp\/v2\/pages"}],"about":[{"href":"https:\/\/old-ssemp.sowiak.dev\/index.php?rest_route=\/wp\/v2\/types\/page"}],"author":[{"embeddable":true,"href":"https:\/\/old-ssemp.sowiak.dev\/index.php?rest_route=\/wp\/v2\/users\/1"}],"replies":[{"embeddable":true,"href":"https:\/\/old-ssemp.sowiak.dev\/index.php?rest_route=%2Fwp%2Fv2%2Fcomments&post=13011"}],"version-history":[{"count":3,"href":"https:\/\/old-ssemp.sowiak.dev\/index.php?rest_route=\/wp\/v2\/pages\/13011\/revisions"}],"predecessor-version":[{"id":13014,"href":"https:\/\/old-ssemp.sowiak.dev\/index.php?rest_route=\/wp\/v2\/pages\/13011\/revisions\/13014"}],"wp:attachment":[{"href":"https:\/\/old-ssemp.sowiak.dev\/index.php?rest_route=%2Fwp%2Fv2%2Fmedia&parent=13011"}],"curies":[{"name":"wp","href":"https:\/\/api.w.org\/{rel}","templated":true}]}}