{"id":12997,"date":"2018-12-13T12:16:07","date_gmt":"2018-12-13T11:16:07","guid":{"rendered":"http:\/\/ssemp.pl\/?page_id=12997"},"modified":"2018-12-13T12:16:07","modified_gmt":"2018-12-13T11:16:07","slug":"oborniki-slaskie","status":"publish","type":"page","link":"https:\/\/old-ssemp.sowiak.dev\/?page_id=12997","title":{"rendered":"Oborniki \u015al\u0105skie"},"content":{"rendered":"<p>[vc_row][vc_column width=&#8221;1\/4&#8243;][\/vc_column][vc_column width=&#8221;1\/2&#8243;][vc_empty_space height=&#8221;40px&#8221;][vc_text_separator title=&#8221;Zapraszamy Pa\u0144stwa do Gminy Oborniki \u015al\u0105skie&#8221; border_width=&#8221;6&#8243;][vc_column_text]<\/p>\n<p><b>OPIS GMINY:<\/b><\/p>\n<p align=\"JUSTIFY\">Gmina Oborniki \u015al\u0105skie zwane \u201ezielonymi p\u0142ucami Wroc\u0142awia to niewielka (oko\u0142o 20 tys. gmina) urokliwie po\u0142o\u017cona u podn\u00f3\u017ca Kocich G\u00f3r, jest oaz\u0105 spokoju i zieleni. Tutejsze lasy i\u00a0parki charakteryzuj\u0105 si\u0119 bogactwem fauny i flory. Dla mi\u0142o\u015bnik\u00f3w wypraw istnieje szeroka gama tras turystyki pieszej i rowerowej, narciarstwa biegowego i je\u017adziectwa. W mie\u015bcie znajduj\u0105 si\u0119 hale sportowe, odkryty basen oraz o\u015bwietlone boiska do siatk\u00f3wki pla\u017cowej. W pobliskich miejscowo\u015bciach znajduj\u0105 si\u0119 akweny wodne przeznaczone na k\u0105pieliska z wyznaczonymi strefami w\u0119dkarskimi. Miasto Oborniki \u015al\u0105skie do dzi\u015b przyci\u0105ga ludzi swoim spokojem powi\u0105zanym z wysoko rozwini\u0119tym zapleczem handlowo-us\u0142ugowym i komunikacyjnym. Nasza miejscowo\u015b\u0107 wyposa\u017cona jest w bogat\u0105 infrastruktur\u0119 spo\u0142eczn\u0105: \u017b\u0142obek Publiczny, Przedszkola, Szko\u0142y podstawowe, Powiatowy Zesp\u00f3\u0142 Szk\u00f3\u0142 (w tym Zasadnicze Szko\u0142y Zawodowe), Liceum oraz Technikum. Najwa\u017cniejszymi ga\u0142\u0119zie przemys\u0142u oparte s\u0105 na \u017cywno\u015bci, bran\u017cy meblarskiej oraz przemy\u015ble drzewnym. Tereny pod inwestycje s\u0105 bardzo dobrze przygotowane i gotowe na przyj\u0119cie inwestor\u00f3w.<\/p>\n<p><b>PODSTAWOWE INFORMACJE:<\/b><\/p>\n<p>&#8211; tylko 20 km od Wroc\u0142awia \u2013 stolicy Dolnego \u015al\u0105ska;<\/p>\n<p>&#8211; najbli\u017csze lotnisko pasa\u017cerskie zlokalizowane jest w odleg\u0142o\u015bci 25km;<\/p>\n<p>&#8211; 370km \u2013 odleg\u0142o\u015b\u0107 do stolicy Polski &#8211; Warszawy;<\/p>\n<p>&#8211; po\u0142\u0105czenie z drog\u0105 szybkiego ruchu S5 \u2013 5 km do w\u0119z\u0142a Prusice, 7 km do w\u0119z\u0142a Trzebnica;<\/p>\n<p>&#8211; najbli\u017csza autostrada A8 znajduje si\u0119 w odleg\u0142o\u015bci 12 km od miejscowo\u015bci;<\/p>\n<p>&#8211; dojazd poci\u0105giem do centrum Wroc\u0142awia zajmuje jedynie 19 minut;<\/p>\n<p>&#8211; Oborniki \u015al\u0105skie le\u017c\u0105 na trasie linii kolejowej E59 (mi\u0119dzynarodowego ci\u0105gu transportowego);<\/p>\n<p>&#8211; po\u0142udniowa granica gminy usytuowana jest w odleg\u0142o\u015bci 7km od autostradowej obwodnicy Wroc\u0142awia;<\/p>\n<p>&#8211; pe\u0142na infrastruktura: elektryczno\u015b\u0107, gaz, woda, \u015bcieki, telekomunikacja;<\/p>\n<p><b>GOSPODARKA<\/b><\/p>\n<p align=\"JUSTIFY\"><span style=\"font-family: Times New Roman, serif;\"><span style=\"font-size: medium;\">G\u0142\u00f3wny sektor gospodarki na terenie miasta i gminy Oborniki \u015al\u0105skie to sektor us\u0142ug. Od wielu lat w naszej gminie obserwuje si\u0119 pr\u0119\u017cny rozw\u00f3j dzia\u0142alno\u015bci gospodarczych w obr\u0119bie rob\u00f3t budowanych oraz handlu detalicznego. W 2017 roku \u0142\u0105czna liczba firm dzia\u0142aj\u0105cych na terenie naszej gminy wynosi\u0142a 1752. Przewag\u0105 s\u0105 przedsi\u0119biorcy prowadz\u0105cy indywidualn\u0105 dzia\u0142alno\u015b\u0107 gospodarcz\u0105, kt\u00f3rzy dzia\u0142aj\u0105 w obszarach: <\/span><\/span><\/p>\n<table border=\"0\" width=\"564\" cellspacing=\"0\" cellpadding=\"5\">\n<colgroup>\n<col width=\"554\" \/> <\/colgroup>\n<tbody>\n<tr>\n<td valign=\"TOP\" bgcolor=\"#ffffff\" width=\"554\" height=\"8\">\n<ol>\n<li><span style=\"color: #000000;\"><span style=\"font-family: Times New Roman, serif;\"><span style=\"font-size: medium;\">Wykonywanie pozosta\u0142ych rob\u00f3t budowlanych wyko\u0144czeniowych.<\/span><\/span><\/span><\/li>\n<\/ol>\n<\/td>\n<\/tr>\n<tr>\n<td valign=\"TOP\" bgcolor=\"#ffffff\" width=\"554\" height=\"8\">\n<ol start=\"2\">\n<li><span style=\"color: #000000;\"><span style=\"font-family: Times New Roman, serif;\"><span style=\"font-size: medium;\">Pozosta\u0142e specjalistyczne roboty budowlane, gdzie indziej niesklasyfikowane.<\/span><\/span><\/span><\/li>\n<\/ol>\n<\/td>\n<\/tr>\n<tr>\n<td valign=\"TOP\" bgcolor=\"#ffffff\" width=\"554\" height=\"8\">\n<ol start=\"3\">\n<li><span style=\"color: #000000;\"><span style=\"font-family: Times New Roman, serif;\"><span style=\"font-size: medium;\">Pozosta\u0142a sprzeda\u017c detaliczna prowadzona poza sieci\u0105 sklepow\u0105, straganami<br \/>\ni targowiskami.<\/span><\/span><\/span><\/li>\n<\/ol>\n<\/td>\n<\/tr>\n<tr>\n<td valign=\"TOP\" bgcolor=\"#ffffff\" width=\"554\" height=\"8\">\n<ol start=\"4\">\n<li><span style=\"color: #000000;\"><span style=\"font-family: Times New Roman, serif;\"><span style=\"font-size: medium;\">Posadzkarstwo; tapetowanie i oblicowywanie \u015bcian.<\/span><\/span><\/span><\/li>\n<\/ol>\n<\/td>\n<\/tr>\n<tr>\n<td valign=\"TOP\" bgcolor=\"#ffffff\" width=\"554\" height=\"8\">\n<ol start=\"5\">\n<li><span style=\"color: #000000;\"><span style=\"font-family: Times New Roman, serif;\"><span style=\"font-size: medium;\">Zak\u0142adanie stolarki budowlanej.<\/span><\/span><\/span><\/li>\n<\/ol>\n<\/td>\n<\/tr>\n<tr>\n<td valign=\"TOP\" bgcolor=\"#ffffff\" width=\"554\" height=\"8\">\n<ol start=\"6\">\n<li><span style=\"color: #000000;\"><span style=\"font-family: Times New Roman, serif;\"><span style=\"font-size: medium;\">Malowanie i szklenie.<\/span><\/span><\/span><\/li>\n<\/ol>\n<\/td>\n<\/tr>\n<tr>\n<td valign=\"TOP\" bgcolor=\"#ffffff\" width=\"554\" height=\"8\">\n<ol start=\"7\">\n<li><span style=\"color: #000000;\"><span style=\"font-family: Times New Roman, serif;\"><span style=\"font-size: medium;\">Sprzeda\u017c detaliczna prowadzona przez domy sprzeda\u017cy wysy\u0142kowej lub Internet.<\/span><\/span><\/span><\/li>\n<\/ol>\n<\/td>\n<\/tr>\n<tr>\n<td valign=\"TOP\" bgcolor=\"#ffffff\" width=\"554\" height=\"8\">\n<ol start=\"8\">\n<li><span style=\"color: #000000;\"><span style=\"font-family: Times New Roman, serif;\"><span style=\"font-size: medium;\">Tynkowanie.<\/span><\/span><\/span><\/li>\n<\/ol>\n<\/td>\n<\/tr>\n<tr>\n<td valign=\"TOP\" bgcolor=\"#ffffff\" width=\"554\" height=\"8\">\n<ol start=\"9\">\n<li><span style=\"color: #000000;\"><span style=\"font-family: Times New Roman, serif;\"><span style=\"font-size: medium;\">Transport drogowy towar\u00f3w.<\/span><\/span><\/span><\/li>\n<\/ol>\n<\/td>\n<\/tr>\n<tr>\n<td valign=\"TOP\" bgcolor=\"#ffffff\" width=\"554\" height=\"8\">\n<ol start=\"10\">\n<li><span style=\"color: #000000;\"><span style=\"font-family: Times New Roman, serif;\"><span style=\"font-size: medium;\">Roboty budowlane zwi\u0105zane ze wznoszeniem budynk\u00f3w mieszkalnych<br \/>\ni niemieszkalnych.<\/span><\/span><\/span><\/li>\n<\/ol>\n<\/td>\n<\/tr>\n<tr>\n<td valign=\"TOP\" bgcolor=\"#ffffff\" width=\"554\" height=\"8\"><\/td>\n<\/tr>\n<\/tbody>\n<\/table>\n<p>[\/vc_column_text][\/vc_column][vc_column width=&#8221;1\/4&#8243;][\/vc_column][\/vc_row]<\/p>\n","protected":false},"excerpt":{"rendered":"<p>[vc_row][vc_column width=&#8221;1\/4&#8243;][\/vc_column][vc_column width=&#8221;1\/2&#8243;][vc_empty_space height=&#8221;40px&#8221;][vc_text_separator title=&#8221;Zapraszamy Pa\u0144stwa do Gminy Oborniki \u015al\u0105skie&#8221; border_width=&#8221;6&#8243;][vc_column_text] OPIS GMINY: Gmina Oborniki \u015al\u0105skie zwane \u201ezielonymi p\u0142ucami Wroc\u0142awia to niewielka (oko\u0142o 20 tys. gmina) urokliwie po\u0142o\u017cona u podn\u00f3\u017ca Kocich G\u00f3r, jest oaz\u0105 spokoju i zieleni. Tutejsze lasy i\u00a0parki charakteryzuj\u0105 si\u0119 bogactwem fauny i flory. Dla mi\u0142o\u015bnik\u00f3w wypraw istnieje szeroka gama tras turystyki pieszej [&hellip;]<\/p>\n","protected":false},"author":1,"featured_media":0,"parent":0,"menu_order":0,"comment_status":"closed","ping_status":"closed","template":"page-templates\/front-page.php","meta":{"footnotes":""},"class_list":["post-12997","page","type-page","status-publish","hentry"],"_links":{"self":[{"href":"https:\/\/old-ssemp.sowiak.dev\/index.php?rest_route=\/wp\/v2\/pages\/12997","targetHints":{"allow":["GET"]}}],"collection":[{"href":"https:\/\/old-ssemp.sowiak.dev\/index.php?rest_route=\/wp\/v2\/pages"}],"about":[{"href":"https:\/\/old-ssemp.sowiak.dev\/index.php?rest_route=\/wp\/v2\/types\/page"}],"author":[{"embeddable":true,"href":"https:\/\/old-ssemp.sowiak.dev\/index.php?rest_route=\/wp\/v2\/users\/1"}],"replies":[{"embeddable":true,"href":"https:\/\/old-ssemp.sowiak.dev\/index.php?rest_route=%2Fwp%2Fv2%2Fcomments&post=12997"}],"version-history":[{"count":2,"href":"https:\/\/old-ssemp.sowiak.dev\/index.php?rest_route=\/wp\/v2\/pages\/12997\/revisions"}],"predecessor-version":[{"id":12999,"href":"https:\/\/old-ssemp.sowiak.dev\/index.php?rest_route=\/wp\/v2\/pages\/12997\/revisions\/12999"}],"wp:attachment":[{"href":"https:\/\/old-ssemp.sowiak.dev\/index.php?rest_route=%2Fwp%2Fv2%2Fmedia&parent=12997"}],"curies":[{"name":"wp","href":"https:\/\/api.w.org\/{rel}","templated":true}]}}