{"id":12989,"date":"2018-12-13T12:11:47","date_gmt":"2018-12-13T11:11:47","guid":{"rendered":"http:\/\/ssemp.pl\/?page_id=12989"},"modified":"2018-12-13T12:11:47","modified_gmt":"2018-12-13T11:11:47","slug":"krosnice","status":"publish","type":"page","link":"https:\/\/old-ssemp.sowiak.dev\/?page_id=12989","title":{"rendered":"Kro\u015bnice"},"content":{"rendered":"<p>[vc_row][vc_column width=&#8221;1\/4&#8243;][\/vc_column][vc_column width=&#8221;1\/2&#8243;][vc_empty_space height=&#8221;40px&#8221;][vc_text_separator title=&#8221;Zapraszamy Pa\u0144stwa do Gminy Kro\u015bnice&#8221; border_width=&#8221;6&#8243;][vc_column_text]<span style=\"font-family: Arial, serif;\"><b>OG\u00d3LNE INFORMACJE O GMINIE<\/b><\/span><\/p>\n<ol type=\"I\">\n<li><span style=\"font-family: Arial, serif;\"><b>PO\u0141O\u017bENIE I DEMOGRAFIA<\/b><\/span><\/li>\n<\/ol>\n<p align=\"JUSTIFY\"><span style=\"font-family: Arial, serif;\">Gmina Kro\u015bnice jest po\u0142o\u017cona na terenie powiatu milickiego, w p\u00f3\u0142nocnowschodniej cz\u0119\u015bci wojew\u00f3dztwa dolno\u015bl\u0105skiego. Jest to gmina wiejska o powierzchni 17.854 ha, zamieszkana przez 8.165 os\u00f3b, w tym 5.090 os\u00f3b w wieku produkcyjnym. Na terenie gminy znajduj\u0105 si\u0119 trzy szko\u0142y podstawowe, do kt\u00f3rych ucz\u0119szcza 975 dzieci. Szko\u0142y ponadpodstawowe \u015brednie i bran\u017cowe znajduj\u0105 si\u0119 w Miliczu (9 km), Twardog\u00f3rze (13 km), Ole\u015bnicy (30 km) oraz Trzebnicy (30 km). <\/span><\/p>\n<ol start=\"2\" type=\"I\">\n<li>\n<p align=\"JUSTIFY\"><span style=\"font-family: Arial, serif;\"><b>GOSPODARKA<\/b><\/span><\/p>\n<\/li>\n<\/ol>\n<p align=\"JUSTIFY\"><span style=\"font-family: Arial, serif;\">Na terenie Gminy Kro\u015bnice znajduje si\u0119 najwi\u0119kszy w Polsce Podziemny Magazyn Gazu w Wierzchowicach o poj. 1,2 mld m3 gazu wysokometanowego. Jest to strategiczny i nowoczesny obiekt g\u00f3rniczy, kt\u00f3rego budowa na etapie I zosta\u0142a zako\u0144czona w 2013 roku. Zrealizowano po\u0142\u0105czenie go ruroci\u0105gami z LNG \u015awinouj\u015bcie.<\/span><\/p>\n<p align=\"JUSTIFY\"><span style=\"font-family: Arial, serif;\">Jednak dominuj\u0105cym kierunkiem prowadzonej dzia\u0142alno\u015bci gospodarczej s\u0105 us\u0142ugi budowlane i sprzeda\u017c detaliczna. Istotn\u0105 dzia\u0142alno\u015bci\u0105 jest rolnictwo ukierunkowane na upraw\u0119, przetw\u00f3rstwo i sprzeda\u017c owoc\u00f3w i warzyw, produkcj\u0119 sok\u00f3w oraz win. Dodatkowymi rodzajami dzia\u0142alno\u015bci s\u0105 tartaki i zak\u0142ady przetw\u00f3rstwa drzewnego oraz meblarskiego, dwie piekarnie dystrybuuj\u0105ce swoje wyroby na teren powiatu milickiego i powiat\u00f3w o\u015bciennych. <\/span><\/p>\n<p align=\"JUSTIFY\"><span style=\"font-family: Arial, serif;\">Gmina skomunikowana jest z Wroc\u0142awiem oraz Krotoszynem i Jarocinem lini\u0105 kolejow\u0105 nr 281 zmodernizowan\u0105 w 2018 roku. Ponadto po\u0142o\u017cona jest wzd\u0142u\u017c drogi wojew\u00f3dzkiej nr 448 relacji Milicz \u2013 Syc\u00f3w, kt\u00f3ra \u0142\u0105czy jest z drog\u0105 krajow\u0105 nr 15 (Milicz) i dalej drog\u0105 ekspresow\u0105 S5 (Wroc\u0142aw-Pozna\u0144) oraz z drog\u0105 ekspresow\u0105 S8 (Wroc\u0142aw &#8211; Warszawa). <\/span><\/p>\n<ol start=\"3\" type=\"I\">\n<li>\n<p align=\"JUSTIFY\"><span style=\"font-family: Arial, serif;\"><b>ATRAKCJE TURYSTYCZNE I REKREACYJNE<\/b><\/span><\/p>\n<\/li>\n<\/ol>\n<p align=\"JUSTIFY\"><span style=\"font-family: Arial, serif;\"><b>Kro\u015bnicka Kolej W\u0105skotorowa <\/b><\/span><span style=\"font-family: Arial, serif;\">to najwi\u0119ksza atrakcja gminy. Kolejka parkowa, jedna z\u00a0niewielu czynnych kolei w\u0105skotorowych zachowanych w\u00a0Polsce, kursuje sezonowo od maja do wrze\u015bnia. Duma kro\u015bnickiego taboru, parow\u00f3z Px48 1907 z 1955 roku, kursuje w weekendy. W tygodniu kursy obs\u0142uguje lokomotywa spalinowa. Nieopodal stacji g\u0142\u00f3wnej znajduje si\u0119 wiata grillowa, staw rekreacyjny z miejscem przeznaczonym do k\u0105pieli, wypo\u017cyczalnia \u0142\u00f3dek i rower\u00f3w wodnych oraz plac zabaw. Na terenie przyleg\u0142ym do KKW odbywa si\u0119 tu wiele cyklicznych wydarze\u0144 (2 razy w roku rajd rowerowy \u015bladami Ryszarda Szurkowskiego, Otwarcie Sezonu Kro\u015bnickiej Kolei W\u0105skotorowej, \u015awi\u0119to sad\u00f3w, \u015awi\u0119to Karpia).<\/span><\/p>\n<ol start=\"2\">\n<li>\n<p align=\"JUSTIFY\"><span style=\"font-family: Arial, serif;\"><b>Park Wodny \u201eKro\u015bnicka Przysta\u0144\u201d<\/b><\/span> <span style=\"font-family: Arial, serif;\">po\u0142o\u017cony jest w centrum miejscowo\u015bci Kro\u015bnice, <\/span><span style=\"font-family: Arial, serif;\">gdzie w dwukondygnacyjnym obiekcie mieszcz\u0105 si\u0119 m.in. p\u0142ywalnia 25-metrowa wyposa\u017cona w ruchome dno, zbiornik rekreacyjny wyposa\u017cony w zje\u017cd\u017calni\u0119 rurow\u0105, hydromasa\u017ce i bicze wodne oraz brodzik dla dzieci. W budynku znajduje si\u0119 r\u00f3wnie\u017c sala fitness, nowoczesna si\u0142ownia, saunarium ze stref\u0105 SPA, taras rekreacyjny oraz wypo\u017cyczalnia rower\u00f3w. <\/span><\/p>\n<\/li>\n<\/ol>\n<p align=\"CENTER\"><span style=\"font-family: Arial, serif;\"><span style=\"font-size: small;\">\u00a0<\/span><\/span><\/p>\n<ol start=\"2\">\n<li>\n<p align=\"JUSTIFY\"><span style=\"font-family: Arial, serif;\">Przy Parku Wodnym usytuowany jest <\/span><span style=\"font-family: Arial, serif;\"><b>kompleks boisk sportowych<\/b><\/span><span style=\"font-family: Arial, serif;\">, na kt\u00f3ry sk\u0142adaj\u0105 si\u0119 otwarte obiekty sportowe: 4 korty tenisowe, boisko do koszyk\u00f3wki, siatk\u00f3wki i pi\u0142ki no\u017cnej, obiekty do lekkoatletyki, boisko trawiaste oraz nowoczesna hala sportowa. <\/span><\/p>\n<\/li>\n<\/ol>\n<p align=\"CENTER\"><span style=\"font-family: Arial, serif;\"><span style=\"font-size: small;\">\u00a0<\/span><\/span><\/p>\n<ol start=\"2\">\n<li>\n<p align=\"JUSTIFY\"><span style=\"font-family: Arial, serif;\">W Kro\u015bnicach znajduje si\u0119 <\/span><span style=\"font-family: Arial, serif;\"><b>Szkolne Schronisko M\u0142odzie\u017cowe<\/b><\/span><span style=\"font-family: Arial, serif;\">, kt\u00f3re posiada komfortow\u0105 i nowoczesn\u0105 baz\u0119 noclegow\u0105, dwie sale konferencyjne z multimediami, Tv room, bezp\u0142atny dost\u0119p do internetu wi-fi, nowocze\u015bnie wyposa\u017cone samoobs\u0142ugowe kuchnie oraz sto\u0142\u00f3wk\u0119 serwuj\u0105c\u0105 pyszne, domowe obiady. Schronisko oferuje zakwaterowanie w dw\u00f3ch obiektach i dysponuje 126 miejscami noclegowymi. Posiada 46 miejsc w pokojach modu\u0142owych, 2,3,4-osobowych, po\u0142\u0105czonych \u0142azienk\u0105, 12 miejsc noclegowych o podwy\u017cszonym standardzie turystycznym, przystosowanych dla os\u00f3b niepe\u0142nosprawnych oraz 68 miejsc o standardzie turystycznym przystosowanych dla grup m\u0142odzie\u017cowych. <\/span><\/p>\n<\/li>\n<\/ol>\n<p align=\"CENTER\"><span style=\"font-family: Arial, serif;\"><span style=\"font-size: small;\">\u00a0<\/span><\/span><\/p>\n<p align=\"JUSTIFY\"><span style=\"font-family: Arial, serif;\">Ponadto, <\/span><span style=\"font-family: Arial, serif;\">baz\u0119 noclegow\u0105 na terenie gminy Kro\u015bnice tworz\u0105 liczne <\/span><em><span style=\"font-family: Arial, serif;\">gospodarstwa agroturystyczne oraz prywatne obiekty szkoleniowo-konferencyjne.<\/span><\/em><\/p>\n<ol start=\"2\">\n<li>\n<p align=\"JUSTIFY\"><span style=\"font-family: Times New Roman, serif;\"><span style=\"font-size: medium;\"><span style=\"font-family: Arial, serif;\"><span style=\"font-size: small;\"><b>Sp\u00f3\u0142dzielnia Socjalna &#8222;Szklany \u015awiat&#8221; <\/b><\/span><\/span><span style=\"font-family: Arial, serif;\"><span style=\"font-size: small;\">z\u00a0Kro\u015bnic zajmuje si\u0119 produkcj\u0105 bombek, organizacj\u0105 wycieczek i\u00a0edukacj\u0105. Pracownicy wytwarzaj\u0105 szklane ozdoby choinkowe tradycyjn\u0105 metod\u0105 dmuchania. Podczas wizyty mo\u017cna pozna\u0107 proces wytwarzania szklanych cud\u00f3w i spersonalizowa\u0107 zam\u00f3wienia.<\/span><\/span><\/span><\/span><\/p>\n<\/li>\n<\/ol>\n<p align=\"CENTER\"><span style=\"font-family: Times New Roman, serif;\"><span style=\"font-size: medium;\"><span style=\"font-family: Arial, serif;\"><span style=\"font-size: small;\">\u00a0<\/span><\/span><\/span><\/span><\/p>\n<ol start=\"2\">\n<li>\n<p align=\"JUSTIFY\"><span style=\"font-family: Arial, serif;\"><b>Aktywny wypoczynek na \u0142onie natury<\/b><\/span><\/p>\n<\/li>\n<\/ol>\n<p align=\"JUSTIFY\"><span style=\"font-family: Times New Roman, serif;\"><span style=\"font-size: medium;\"><span style=\"font-family: Arial, serif;\"><span style=\"font-size: small;\">Dolina Baryczy to teren niezwykle urokliwy przyrodniczo, a to za spraw\u0105 licznych las\u00f3w i staw\u00f3w hodowlanych, kt\u00f3re le\u017c\u0105 w granicach Parku Krajobrazowego i obj\u0119te s\u0105 Obszarami Natura 2000. Lokalni W\u0142odarze wsp\u00f3lnymi si\u0142ami oraz zaanga\u017cowaniem w now\u0105 infrastruktur\u0119 stworzyli dolno\u015bl\u0105sk\u0105 krain\u0119 rowerow\u0105 z bogat\u0105 sieci\u0105 bezpiecznych \u015bcie\u017cek rowerowych oraz przyrodniczych. Mo\u017cna tu r\u00f3wnie\u017c skorzysta\u0107 ze sp\u0142yw\u00f3w kajakowych rzek\u0105 Barycz\u0105, kt\u00f3ra jest najbardziej leniwie p\u0142yn\u0105c\u0105 wod\u0105 w Polsce.<\/span><\/span><\/span><\/span><\/p>\n<p align=\"CENTER\"><span style=\"font-family: Arial, serif;\"><span style=\"font-size: small;\">\u00a0<\/span><\/span><\/p>\n<p align=\"CENTER\"><span style=\"font-family: Times New Roman, serif;\"><span style=\"font-size: medium;\"><span style=\"font-family: Arial, serif;\"><span style=\"font-size: small;\"><b>Wi\u0119cej informacji na stronie: <a href=\"http:\/\/www.turystyka.krosnice.pl\">www.turystyka.krosnice.pl<\/a><\/b><\/span><\/span><\/span><\/span><\/p>\n<p align=\"CENTER\"><span style=\"font-family: Arial, serif;\"><b>LINKI DO FILM\u00d3W<\/b><\/span><\/p>\n<p align=\"CENTER\"><a href=\"https:\/\/www.youtube.com\/watch?v=F4Rdfx78134\"><span style=\"font-family: Arial, serif;\"><b>https:\/\/www.youtube.com\/watch?v=F4Rdfx78134<\/b><\/span><\/a><\/p>\n<p align=\"CENTER\"><a href=\"https:\/\/www.youtube.com\/watch?v=el1RZs4kHUU\"><span style=\"font-family: Arial, serif;\"><b>https:\/\/www.youtube.com\/watch?v=el1RZs4kHUU<\/b><\/span><\/a><\/p>\n<p align=\"CENTER\"><a href=\"https:\/\/www.youtube.com\/watch?v=t5HuJKzyD7U\"><span style=\"font-family: Arial, serif;\"><b>https:\/\/www.youtube.com\/watch?v=t5HuJKzyD7U<\/b><\/span><\/a><\/p>\n<p>[\/vc_column_text][\/vc_column][vc_column width=&#8221;1\/4&#8243;][\/vc_column][\/vc_row]<\/p>\n","protected":false},"excerpt":{"rendered":"<p>[vc_row][vc_column width=&#8221;1\/4&#8243;][\/vc_column][vc_column width=&#8221;1\/2&#8243;][vc_empty_space height=&#8221;40px&#8221;][vc_text_separator title=&#8221;Zapraszamy Pa\u0144stwa do Gminy Kro\u015bnice&#8221; border_width=&#8221;6&#8243;][vc_column_text]OG\u00d3LNE INFORMACJE O GMINIE PO\u0141O\u017bENIE I DEMOGRAFIA Gmina Kro\u015bnice jest po\u0142o\u017cona na terenie powiatu milickiego, w p\u00f3\u0142nocnowschodniej cz\u0119\u015bci wojew\u00f3dztwa dolno\u015bl\u0105skiego. Jest to gmina wiejska o powierzchni 17.854 ha, zamieszkana przez 8.165 os\u00f3b, w tym 5.090 os\u00f3b w wieku produkcyjnym. Na terenie gminy znajduj\u0105 si\u0119 trzy szko\u0142y [&hellip;]<\/p>\n","protected":false},"author":1,"featured_media":0,"parent":0,"menu_order":0,"comment_status":"closed","ping_status":"closed","template":"page-templates\/front-page.php","meta":{"footnotes":""},"class_list":["post-12989","page","type-page","status-publish","hentry"],"_links":{"self":[{"href":"https:\/\/old-ssemp.sowiak.dev\/index.php?rest_route=\/wp\/v2\/pages\/12989","targetHints":{"allow":["GET"]}}],"collection":[{"href":"https:\/\/old-ssemp.sowiak.dev\/index.php?rest_route=\/wp\/v2\/pages"}],"about":[{"href":"https:\/\/old-ssemp.sowiak.dev\/index.php?rest_route=\/wp\/v2\/types\/page"}],"author":[{"embeddable":true,"href":"https:\/\/old-ssemp.sowiak.dev\/index.php?rest_route=\/wp\/v2\/users\/1"}],"replies":[{"embeddable":true,"href":"https:\/\/old-ssemp.sowiak.dev\/index.php?rest_route=%2Fwp%2Fv2%2Fcomments&post=12989"}],"version-history":[{"count":2,"href":"https:\/\/old-ssemp.sowiak.dev\/index.php?rest_route=\/wp\/v2\/pages\/12989\/revisions"}],"predecessor-version":[{"id":12991,"href":"https:\/\/old-ssemp.sowiak.dev\/index.php?rest_route=\/wp\/v2\/pages\/12989\/revisions\/12991"}],"wp:attachment":[{"href":"https:\/\/old-ssemp.sowiak.dev\/index.php?rest_route=%2Fwp%2Fv2%2Fmedia&parent=12989"}],"curies":[{"name":"wp","href":"https:\/\/api.w.org\/{rel}","templated":true}]}}