{"id":12984,"date":"2018-12-13T12:06:55","date_gmt":"2018-12-13T11:06:55","guid":{"rendered":"http:\/\/ssemp.pl\/?page_id=12984"},"modified":"2018-12-13T12:06:55","modified_gmt":"2018-12-13T11:06:55","slug":"luban-2","status":"publish","type":"page","link":"https:\/\/old-ssemp.sowiak.dev\/?page_id=12984","title":{"rendered":"Luba\u0144"},"content":{"rendered":"<p>[vc_row][vc_column width=&#8221;1\/4&#8243;][\/vc_column][vc_column width=&#8221;1\/2&#8243;][vc_empty_space height=&#8221;40px&#8221;][vc_text_separator title=&#8221;Zapraszamy Pa\u0144stwa do Gminy Luba\u0144&#8221; border_width=&#8221;6&#8243;][vc_column_text]<\/p>\n<ol>\n<li>\n<p align=\"JUSTIFY\"><span style=\"font-size: medium;\"><b>Og\u00f3lne informacje o gminie<\/b><\/span><\/p>\n<\/li>\n<\/ol>\n<p align=\"JUSTIFY\"><span style=\"font-family: Times New Roman, serif;\"><span style=\"font-size: medium;\"><span style=\"font-family: Calibri, serif;\"><span style=\"font-size: small;\">Gmina Luba\u0144, zajmuje powierzchni\u0119 14\u00a0234\u00a0ha. Po\u0142o\u017cona jest w zachodniej cz\u0119\u015bci wojew\u00f3dztwa dolno\u015bl\u0105skiego, w powiecie luba\u0144skim. Gmin\u0119 tworzy 12 so\u0142ectw: Ja\u0142owiec, Henryk\u00f3w Luba\u0144ski, Ko\u015bcielnik, Ko\u015bcielniki Dolne, M\u015bcisz\u00f3w, Nawoj\u00f3w \u0141u\u017cycki, Nawoj\u00f3w \u015al\u0105ski, Pisarzowice, Radogoszcz, Radost\u00f3w Dolny i Radost\u00f3w \u015aredni, Radost\u00f3w G\u00f3rny, Uniegoszcz. Na podstawie danych z urz\u0119du Gmin\u0119 Luba\u0144 zamieszkuje 6 432\u00a0mieszka\u0144c\u00f3w.<\/span><\/span><\/span><\/span><\/p>\n<p align=\"JUSTIFY\"><span style=\"font-family: Calibri, serif;\">W<\/span> strukturze gospodarczej G<span style=\"font-family: Calibri, serif;\">miny <\/span>Luba\u0144 <span style=\"font-family: Calibri, serif;\">dominuj\u0105 przedsi\u0119biorstwa prywatne. Najwi\u0119kszy udzia\u0142 w liczbie podmiot\u00f3w gospodarki w sektorze prywatnym stanowi:<\/span> <span style=\"font-family: Calibri, serif;\">przemys\u0142 i budownictwo,<\/span> <span style=\"font-family: Calibri, serif;\">handel, naprawa pojazd\u00f3w samochodowych, transport i gospodarka magazynowa, zakwaterowanie i gastronomia, informacja i komunikacja <\/span>oraz <span style=\"font-family: Calibri, serif;\">rolnictwo, le\u015bnictwo, \u0142owiectwo i rybactwo<\/span>.<\/p>\n<p align=\"JUSTIFY\">Dominuj\u0105c\u0105 funkcj\u0105 gospodarcz\u0105 Gminy Luba\u0144 jest rolnictwo. Wyr\u00f3\u017cnikiem jest wysoka warto\u015b\u0107 rolniczej przestrzeni produkcyjnej. Na terenie gminy przewa\u017caj\u0105 grunty orne, zajmuj\u0105ce ok.\u00a050% powierzchni, \u0142\u0105cznie z \u0142\u0105kami i pastwiskami zajmuj\u0105 oko\u0142o 72% og\u00f3lnej powierzchni gminy. Wyst\u0119puj\u0105ce obszary o bardzo korzystnych warunkach przyrodniczo-glebowych s\u0105 podstaw\u0105 dla\u00a0intensywnej produkcji rolnej.<\/p>\n<p align=\"JUSTIFY\">W celu rozwoju regionalnego oraz zach\u0119ty inwestycyjnej i wsparcia dla przedsi\u0119biorc\u00f3w, uchwa\u0142\u0105 nr\u00a0XXVII\/147\/2012 Rady Gminy Luba\u0144 z dnia 30 pa\u017adziernika 2012 roku w\u0142\u0105czono niezabudowan\u0105 nieruchomo\u015b\u0107 gruntow\u0105 nr\u00a0367 w obr\u0119bie Uniegoszczy do Kamiennog\u00f3rskiej Specjalnej Strefy Ekonomicznej Ma\u0142ej Przedsi\u0119biorczo\u015bci.<\/p>\n<p align=\"JUSTIFY\">W Studium Uwarunkowa\u0144 i Kierunk\u00f3w zagospodarowania przestrzennego Gminy Luba\u0144 zaplanowano \u00a0tereny rozwoju funkcji przemys\u0142owo \u2013 us\u0142ugowej. Przewiduje si\u0119 przeznaczenie dzia\u0142ek budowlanych pod rozw\u00f3j strefy ekonomicznej (w\u00a0Henrykowie Luba\u0144skim, Pisarzowicach i\u00a0w\u00a0Ja\u0142owcu). S\u0105 to miejsca charakteryzuj\u0105ce si\u0119 wysok\u0105 atrakcyjno\u015bci\u0105 inwestycyjn\u0105, ze wzgl\u0119du na: po\u0142o\u017cenie w ci\u0105gu drogi wojew\u00f3dzkiej, prowadz\u0105cej do autostrady A4 (Henryk\u00f3w Luba\u0144ski), po\u0142o\u017cenie w ci\u0105gu drogi krajowej (Ja\u0142owiec), po\u0142o\u017cenie w pobli\u017cu strefy ekonomicznej Lubania oraz w\u00a0ci\u0105gu drogi krajowej (Pisarzowice). Przez teren gminy przebiega gazoci\u0105g wysokiego ci\u015bnienia relacji Granica Pa\u0144stwa \u2013 Jeleni\u00f3w \u2013 Dziwisz\u00f3w, a tak\u017ce gazoci\u0105g podwy\u017cszonego \u015bredniego ci\u015bnienia relacji Jeleni\u00f3w \u2013 Dziwisz\u00f3w, co warunkuje doskona\u0142e mo\u017cliwo\u015bci do lokalizacji elektrowni gazowej. Predysponowanym terenem pod realizacj\u0119 takiej inwestycji jest obszar wyznaczony w Henrykowie Luba\u0144skim. Dodatkowo wyznaczono \u00a0tereny, gdzie planuje si\u0119 lokalizacj\u0119 urz\u0105dze\u0144 wytwarzaj\u0105cych energi\u0119 z odnawialnych \u017ar\u00f3de\u0142 energii: elektrowni fotowoltaicznych, biogazowni oraz elektrowni wodnych.<\/p>\n<p align=\"JUSTIFY\">Gmina Luba\u0144 po\u0142o\u017cona jest w malowniczej dolinie Kwisy i wyr\u00f3\u017cnia si\u0119 du\u017cymi walorami przyrodniczo-krajobrazowymi &#8211; to obszar atrakcyjny pod wzgl\u0119dem turystycznym. Niew\u0105tpliwie do\u00a0atrakcji gminy nale\u017cy rosn\u0105cy w\u00a0Henrykowie Luba\u0144skim <a href=\"http:\/\/www.luban.ug.gov.pl\/cis.php\"><span style=\"color: #00000a;\">cis pospolity<\/span><\/a> (\u0142ac. Taxus baccata L.) &#8211; najstarszy pomnik przyrody i\u00a0jednocze\u015bnie symbol gminy, uznawany za najstarsze drzewo w Polsce (szacowany wiek ocenia si\u0119 na 1200, 1300, a nawet 1500 lat). Obecnie jest miejscem wielu wycieczek i obiektem zainteresowa\u0144 turyst\u00f3w.<\/p>\n<p align=\"JUSTIFY\">Gmina Luba\u0144 to miejsce szczeg\u00f3lne tak\u017ce dlatego, \u017ce w\u0142a\u015bnie tutaj znajdziemy zabytki historii, kt\u00f3re pozostawi\u0142y kolejne stulecia i style. Pa\u0142ace, ko\u015bcio\u0142y, dwory, zabytki parkowe i\u00a0wiele pomnik\u00f3w przyrody \u2013 to niebywa\u0142e bogactwo tej cz\u0119\u015bci Polski. W\u015br\u00f3d licznych zabytk\u00f3w na pierwszy plan wysuwa si\u0119 renesansowy dw\u00f3r pochodz\u0105cy z lat 1570-1571 z\u00a0pi\u0119knie zdobionymi dwukondygnacyjnymi kru\u017cgankami w Nawojowie \u0141u\u017cyckim. Malowniczymi miejscami po\u0142o\u017conymi na\u00a0terenie gminy s\u0105 wsie: Pisarzowice<sub>, <\/sub>Nawoj\u00f3w \u015al\u0105ski, Henryk\u00f3w Luba\u0144ski i Ko\u015bcielniki, kt\u00f3re\u00a0posiadaj\u0105 liczne za\u0142o\u017cenia parkowo-dworskie.<\/p>\n<p align=\"JUSTIFY\">Niepowtarzalny klimat gminy tworz\u0105 imprezy kulturalne. Do najwa\u017cniejszych nale\u017c\u0105 <span style=\"color: #000000;\">Og\u00f3lnopolskie Imieniny Henryka, Henryki i Henrykowa &#8211; HENRYKI<\/span>, <span style=\"color: #000000;\"> b\u0119d\u0105ce jedn\u0105 z najwi\u0119kszych cyklicznych imprez plenerowych. To dwudniowe \u015bwi\u0119to, podczas kt\u00f3rego kr\u00f3luje muzyka rozrywkowa, ma ju\u017c swoje rzesze fan\u00f3w. HENRYKI to\u00a0przede wszystkim dobra zabawa i \u015bwietna atmosfera. <\/span>Ka\u017cdego roku na scenie plenerowej w\u00a0centralnej cz\u0119\u015bci miejscowo\u015bci Henryk\u00f3w Luba\u0144ski prezentujemy bogat\u0105 ofert\u0119 dzia\u0142a\u0144 kulturalnych i\u00a0rozrywkowych.<\/p>\n<p>[\/vc_column_text][\/vc_column][vc_column width=&#8221;1\/4&#8243;][\/vc_column][\/vc_row]<\/p>\n","protected":false},"excerpt":{"rendered":"<p>[vc_row][vc_column width=&#8221;1\/4&#8243;][\/vc_column][vc_column width=&#8221;1\/2&#8243;][vc_empty_space height=&#8221;40px&#8221;][vc_text_separator title=&#8221;Zapraszamy Pa\u0144stwa do Gminy Luba\u0144&#8221; border_width=&#8221;6&#8243;][vc_column_text] Og\u00f3lne informacje o gminie Gmina Luba\u0144, zajmuje powierzchni\u0119 14\u00a0234\u00a0ha. Po\u0142o\u017cona jest w zachodniej cz\u0119\u015bci wojew\u00f3dztwa dolno\u015bl\u0105skiego, w powiecie luba\u0144skim. Gmin\u0119 tworzy 12 so\u0142ectw: Ja\u0142owiec, Henryk\u00f3w Luba\u0144ski, Ko\u015bcielnik, Ko\u015bcielniki Dolne, M\u015bcisz\u00f3w, Nawoj\u00f3w \u0141u\u017cycki, Nawoj\u00f3w \u015al\u0105ski, Pisarzowice, Radogoszcz, Radost\u00f3w Dolny i Radost\u00f3w \u015aredni, Radost\u00f3w G\u00f3rny, Uniegoszcz. Na [&hellip;]<\/p>\n","protected":false},"author":1,"featured_media":0,"parent":0,"menu_order":0,"comment_status":"closed","ping_status":"closed","template":"page-templates\/front-page.php","meta":{"footnotes":""},"class_list":["post-12984","page","type-page","status-publish","hentry"],"_links":{"self":[{"href":"https:\/\/old-ssemp.sowiak.dev\/index.php?rest_route=\/wp\/v2\/pages\/12984","targetHints":{"allow":["GET"]}}],"collection":[{"href":"https:\/\/old-ssemp.sowiak.dev\/index.php?rest_route=\/wp\/v2\/pages"}],"about":[{"href":"https:\/\/old-ssemp.sowiak.dev\/index.php?rest_route=\/wp\/v2\/types\/page"}],"author":[{"embeddable":true,"href":"https:\/\/old-ssemp.sowiak.dev\/index.php?rest_route=\/wp\/v2\/users\/1"}],"replies":[{"embeddable":true,"href":"https:\/\/old-ssemp.sowiak.dev\/index.php?rest_route=%2Fwp%2Fv2%2Fcomments&post=12984"}],"version-history":[{"count":3,"href":"https:\/\/old-ssemp.sowiak.dev\/index.php?rest_route=\/wp\/v2\/pages\/12984\/revisions"}],"predecessor-version":[{"id":12988,"href":"https:\/\/old-ssemp.sowiak.dev\/index.php?rest_route=\/wp\/v2\/pages\/12984\/revisions\/12988"}],"wp:attachment":[{"href":"https:\/\/old-ssemp.sowiak.dev\/index.php?rest_route=%2Fwp%2Fv2%2Fmedia&parent=12984"}],"curies":[{"name":"wp","href":"https:\/\/api.w.org\/{rel}","templated":true}]}}