{"id":12973,"date":"2018-12-13T11:55:23","date_gmt":"2018-12-13T10:55:23","guid":{"rendered":"http:\/\/ssemp.pl\/?page_id=12973"},"modified":"2018-12-13T11:55:23","modified_gmt":"2018-12-13T10:55:23","slug":"zawidow","status":"publish","type":"page","link":"https:\/\/old-ssemp.sowiak.dev\/?page_id=12973","title":{"rendered":"Zawid\u00f3w"},"content":{"rendered":"<p>[vc_row][vc_column width=&#8221;1\/4&#8243;][\/vc_column][vc_column width=&#8221;1\/2&#8243;][vc_empty_space height=&#8221;40px&#8221;][vc_text_separator title=&#8221;Zapraszamy Pa\u0144stwa do Gminy Zawid\u00f3w&#8221; border_width=&#8221;6&#8243;][vc_column_text]<span style=\"font-size: medium;\"><b>Gmina Miejska Zawid\u00f3w <\/b><\/span><\/p>\n<p align=\"JUSTIFY\"><span style=\"font-family: Calibri, serif;\"><span style=\"font-size: medium;\">Zawid\u00f3w le\u017cy w po\u0142udniowo-zachodniej cz\u0119\u015bci wojew\u00f3dztwa dolno\u015bl\u0105skiego, w powiecie zgorzeleckim, na pograniczu Czech i Niemiec. Jest wa\u017cnym w\u0119z\u0142em komunikacyjnym \u0142\u0105cz\u0105cym Polsk\u0119 z krajami Europy.<\/span><\/span><\/p>\n<p align=\"JUSTIFY\"><span style=\"font-family: Calibri, serif;\"><span style=\"font-size: medium;\">Bezpo\u015brednia lokalizacja przy mi\u0119dzynarodowych szlakach to tylko jeden z wielu atut\u00f3w, kt\u00f3re zach\u0119caj\u0105 do ulokowania w granicach miasta w\u0142asnego biznesu.<\/span><\/span><\/p>\n<p align=\"JUSTIFY\"><span style=\"font-family: Calibri, serif;\"><span style=\"font-size: medium;\">Miasto Zawid\u00f3w oferuje znacz\u0105ce korzy\u015bci ekonomiczne inwestorom zagranicznym, kt\u00f3rzy zdecyduj\u0105 si\u0119 ulokowa\u0107 swoja dzia\u0142alno\u015b\u0107 gospodarcz\u0105 na terenie gminy oraz posiadaj\u0105 mo\u017cliwo\u015b\u0107 zbywania produkt\u00f3w lub us\u0142ug na rynku mi\u0119dzynarodowym. Dotyczy to r\u00f3\u017cnych dziedzin gospodarki ale tak\u017ce niemal wszystkich szczeg\u00f3\u0142owych bran\u017c przemys\u0142u. Korzy\u015bci te si\u0119gaj\u0105 od trzydziestu kilku do ponad czterdziestu euro na ka\u017cde 100 euro przenoszonej warto\u015bci dodanej.<\/span><\/span><\/p>\n<p><span style=\"font-family: Calibri, serif;\"><span style=\"font-size: medium;\">Miasto Zawid\u00f3w jest korzystnym miejscem lokalizacji przemys\u0142u r\u00f3wnie\u017c w stosunku do firm czysto polskich.\u00a0<\/span><\/span><\/p>\n<p align=\"JUSTIFY\"><span style=\"font-family: Calibri, serif;\"><span style=\"font-size: medium;\">Inwestowaniu w mie\u015bcie sprzyja tak\u017ce przyjazna polityka samorz\u0105du, spo\u0142eczna akceptacja, szeroki wachlarz teren\u00f3w inwestycyjnych i zindywidualizowane podej\u015bcie do potrzeb inwestora.<\/span><\/span><\/p>\n<p align=\"JUSTIFY\"><span style=\"font-family: Calibri, serif;\"><span style=\"font-size: medium;\">Dok\u0142adana inwentaryzacja zasob\u00f3w pozwala w spos\u00f3b prosty i przejrzysty odnale\u017a\u0107 dla inwestora uzbrojon\u0105 dzia\u0142k\u0119 inwestycyjn\u0105. Tereny inwestycyjne znajduj\u0105 si\u0119 przy g\u0142\u00f3wnych w\u0119z\u0142ach komunikacyjnych, w centrum i na obrze\u017cach miasta. W znakomitej wi\u0119kszo\u015bci maj\u0105 zapewniony dost\u0119p do infrastruktury technicznej.<\/span><\/span><\/p>\n<p align=\"JUSTIFY\"><span style=\"font-family: Calibri, serif;\"><span style=\"font-size: medium;\"><b>P\u0142ynno\u015b\u0107 transportowa <\/b><\/span><\/span><\/p>\n<p align=\"JUSTIFY\"><span style=\"font-family: Calibri, serif;\"><span style=\"font-size: medium;\">Inwestowaniu w Zawidowie sprzyjaj\u0105 dogodne warunki lokalizacyjne. <\/span><\/span><\/p>\n<p align=\"JUSTIFY\"><span style=\"font-family: Calibri, serif;\"><span style=\"font-size: medium;\">Podstawowym elementem sieci drogowej miasta jest odcinek drogi wojew\u00f3dzkiej nr 355, prowadz\u0105cej do granicy z Republika Czesk\u0105. G\u0142\u00f3wna droga po stronie czeskiego s\u0105siada ma status drogi krajowej nr 13 i jest jedn\u0105 z g\u0142\u00f3wnych dr\u00f3g prowadz\u0105cych do kluczowych w\u0119z\u0142\u00f3w komunikacyjnych na terytorium Republiki Czeskiej. O atrakcyjno\u015bci poruszania si\u0119 tym szlakiem decyduje blisko\u015b\u0107 autostrady czeskiej, oddalonej od granic administracyjnych Zawidowa zaledwie o 34 km i polskiej, nowo powsta\u0142ej, autostrady A4, b\u0119d\u0105cej cz\u0119\u015bci\u0105 Europejskiego Korytarza Transportowego nr III, przebiegaj\u0105cego w kierunku wsch\u00f3d-zach\u00f3d, od granicy niemieckiej. A4 Jest r\u00f3wnie\u017c cz\u0119\u015bci\u0105 europejskiej trasy E40: Ostenda (Bruksela)-Aachen-Kolonia-Erfurt-Wroc\u0142aw-Katowice-Krak\u00f3w-Kij\u00f3w.<\/span><\/span><\/p>\n<p align=\"JUSTIFY\"><span style=\"font-family: Calibri, serif;\"><span style=\"font-size: medium;\">Zawid\u00f3w jest tak\u017ce wa\u017cnym w\u0119z\u0142em komunikacyjnym na mi\u0119dzynarodowej trasie kolejowej. Oddalona 2 km od centrum miasta stacja kolejowa obs\u0142uguje transport z Czech.<\/span><\/span><\/p>\n<p align=\"JUSTIFY\"><span style=\"font-family: Calibri, serif;\"><span style=\"font-size: medium;\">Odleg\u0142o\u015bci z Zawidowa do wybranych miast: <\/span><\/span><\/p>\n<p><span style=\"font-family: Calibri, serif;\"><span style=\"font-size: medium;\">&#8211; G\u00f6rlitz: 15 km<br \/>\n&#8211; Zittau: 24 km<br \/>\n&#8211; Liberec: 30 km<br \/>\n&#8211; Drezno: 100 km<br \/>\n&#8211; Lipsk: 231<br \/>\n&#8211; Berlin: 237 km<br \/>\n&#8211; Praga: 171 km<br \/>\n&#8211; Jelenia G\u00f3ra: 67 km<br \/>\n&#8211; Boles\u0142awiec: 58 km<br \/>\n&#8211; Wroc\u0142aw: 160 km<\/span><\/span><\/p>\n<p align=\"JUSTIFY\"><span style=\"font-family: Calibri, serif;\"><span style=\"font-size: medium;\"><b>Kapita\u0142 intelektualny \u201eTR\u00d3JSTYKU\u201d<\/b><\/span><\/span><\/p>\n<p align=\"JUSTIFY\"><span style=\"font-family: Calibri, serif;\"><span style=\"font-size: medium;\">Czynnikiem korzystnie wp\u0142ywaj\u0105cym na otoczenie biznesu w gminie s\u0105 zasoby ludzkie. M\u0142odzi, rzutcy i dobrze wykszta\u0142ceni mieszka\u0144cy stanowi\u0105 doskona\u0142\u0105 baz\u0119 kadrow\u0105 dla przedsi\u0119biorstw. Najpr\u0119\u017cniejsze firmy po czeskiej i niemieckiej stronie ch\u0119tnie powierzaj\u0105 eksponowane stanowiska w\u0142a\u015bnie mieszka\u0144com Zawidowa, ze wzgl\u0119du na kwalifikacje i du\u017c\u0105 zdolno\u015b\u0107 asymilacji.<\/span><\/span><\/p>\n<p align=\"JUSTIFY\"><span style=\"font-family: Calibri, serif;\"><span style=\"font-size: medium;\"><b>Urz\u0105d z nowoczesnymi us\u0142ugami <\/b><\/span><\/span><\/p>\n<p align=\"JUSTIFY\"><span style=\"font-family: Calibri, serif;\"><span style=\"font-size: medium;\">Do obs\u0142ugi inwestora w Gminie powo\u0142any zosta\u0142 ambitny i merytorycznie dobrze przygotowany zesp\u00f3\u0142, kt\u00f3ry umo\u017cliwia inwestorowi szybki dost\u0119p do kompleksowej informacji i udziela wsparcia w ka\u017cdej fazie procesu inwestycyjnego. Prac\u0119 urz\u0119dnik\u00f3w wspieraj\u0105 dodatkowo narz\u0119dzia i aplikacje cyfrowe, takie jak np. Interaktywny plan zagospodarowania przestrzennego gminy. Inwestorzy samodzielnie mog\u0105 sprawdzi\u0107 interesuj\u0105c\u0105 ich lokalizacj\u0119, jej po\u0142o\u017cenie i s\u0105siedztwo za pomoc\u0105 dost\u0119pnego na stronie Urz\u0119du Gminy \u201emiejscowego geoportalu\u201d. W razie jakichkolwiek w\u0105tpliwo\u015bci pomoc\u0105 s\u0142u\u017cy pracownik, kt\u00f3ry zajmuje si\u0119 SIP w Gminie. Urz\u0105d dysponuje tak\u017ce wysokiej klasy sprz\u0119tem geodezyjnym i ma przeszkolonego pracownika do jego obs\u0142ugi. Pracownik w ka\u017cdej chwili mo\u017ce ustali\u0107 dok\u0142adn\u0105 lokalizacj\u0119 wybranych punkt\u00f3w w terenie. <\/span><\/span><\/p>\n<p align=\"JUSTIFY\"><span style=\"font-family: Calibri, serif;\"><span style=\"font-size: medium;\"><b>Gmina z nowoczesn\u0105 infrastruktur\u0105<\/b><\/span><\/span><\/p>\n<p align=\"JUSTIFY\"><span style=\"font-family: Calibri, serif;\"><span style=\"font-size: medium;\">Szczeg\u00f3ln\u0105 dba\u0142o\u015bci\u0105 gmina otacza infrastruktur\u0119 techniczn\u0105 poprzez rozbudow\u0119 i modernizacj\u0119 sieci wodoci\u0105gowej i kanalizacyjnej. Wybudowana w 2005r. nowoczesna oczyszczalnia obs\u0142uguje w 50 procentach potencja\u0142 gospodarczy miasta, pozosta\u0142\u0105 cz\u0119\u015b\u0107 mocy przerobowych pozostawiono na potrzeby nowych przedsi\u0119biorstw.<\/span><\/span><\/p>\n<p align=\"JUSTIFY\"><span style=\"font-family: Calibri, serif;\"><span style=\"font-size: medium;\"><u>Dost\u0119pne media<\/u><\/span><\/span><\/p>\n<p align=\"JUSTIFY\"><span style=\"font-family: Calibri, serif;\"><span style=\"font-size: medium;\">Sie\u0107 dr\u00f3g na ternie miasta charakteryzuje si\u0119 zr\u00f3\u017cnicowanymi parametrami technicznymi. Podstawowym elementem sieci drogowej miasta jest odcinek drogi wojew\u00f3dzkiej 355, prowadz\u0105cej do granicy z Republik\u0105 Czesk\u0105. Sie\u0107 drogow\u0105 uzupe\u0142niaj\u0105 drogi gminne, kt\u00f3rych d\u0142ugo\u015b\u0107 wynosi 18,5 km. G\u0142\u00f3wne drogi\u00a0 miasta \u0142\u0105cz\u0105 si\u0119 z pobliskimi o\u015brodkami subregionalnymi, takimi jak Luba\u0144, Zgorzelec, Bogatynia, z kt\u00f3rymi skomunikowany jest transport prywatny i publiczny.<\/span><\/span><\/p>\n<p align=\"JUSTIFY\"><span style=\"font-family: Calibri, serif;\"><span style=\"font-size: medium;\">Woda, uj\u0119cia g\u0142\u0119binowe <\/span><\/span><\/p>\n<p align=\"JUSTIFY\"><span style=\"font-family: Calibri, serif;\"><span style=\"font-size: medium;\">Zawid\u00f3w zasilany jest w wod\u0119 z uj\u0119cia g\u0142\u0119binowego. Sieciowy system zasilania ludno\u015bci w wod\u0119 obejmuje ca\u0142e miasto. W 2007 roku zmodernizowano miejscowy Zak\u0142ad Uzdatniania Wody oraz rozbudowano uj\u0119cie wody. Obiekt zosta\u0142 ca\u0142kowicie unowocze\u015bniony, a wdro\u017cone rozwi\u0105zania technologiczne przyczyni\u0142y si\u0119 do usuni\u0119cia z wody surowej wszystkich zanieczyszcze\u0144 do warto\u015bci normatywnych wymaganych przepisami UE.<\/span><\/span><\/p>\n<p align=\"JUSTIFY\"><span style=\"font-family: Calibri, serif;\"><span style=\"font-size: medium;\">Kanalizacja, zmodernizowana oczyszczalnia <\/span><\/span><\/p>\n<p align=\"JUSTIFY\"><span style=\"font-family: Calibri, serif;\"><span style=\"font-size: medium;\">Us\u0142ugi kanalizacyjne \u015bwiadczone s\u0105 przy wykorzystaniu istniej\u0105cych urz\u0105dze\u0144 sieciowych oraz transportu specjalnego. \u015acieki p\u0142ynne usuwane s\u0105 poprzez system sieci kanalizacyjnych, kt\u00f3rych d\u0142ugo\u015b\u0107 w mie\u015bcie wynosi obecnie 36,68 km. Dzi\u0119ki budowie zintegrowanego systemu gospodarki wodno-\u015bciekowej z modernizacj\u0105 oczyszczalni \u015bciek\u00f3w zwi\u0119kszono przepustowo\u015b\u0107 oczyszczalni z 300 m<\/span><\/span><sup><span style=\"font-family: Calibri, serif;\"><span style=\"font-size: medium;\">3<\/span><\/span><\/sup><span style=\"font-family: Calibri, serif;\"><span style=\"font-size: medium;\"> do 1100 m<\/span><\/span><sup><span style=\"font-family: Calibri, serif;\"><span style=\"font-size: medium;\">3<\/span><\/span><\/sup><span style=\"font-family: Calibri, serif;\"><span style=\"font-size: medium;\"> na dob\u0119 i spowodowa\u0142o zwi\u0119kszenie d\u0142ugo\u015bci kanalizacji sanitarnej o 16 km i 5 km sieci deszczowej.\u00a0\u00a0<\/span><\/span><\/p>\n<p align=\"JUSTIFY\"><span style=\"font-family: Calibri, serif;\"><span style=\"font-size: medium;\">Sie\u0107 energetyczna, du\u017ca moc poboru <\/span><\/span><\/p>\n<p align=\"JUSTIFY\"><span style=\"font-family: Calibri, serif;\"><span style=\"font-size: medium;\">Sie\u0107 rozdzielcza \u015bredniego i niskiego napi\u0119cia na obszarze miasta jest w przewa\u017caj\u0105cej mierze sieci\u0105 kablow\u0105 podziemn\u0105. Stan techniczny sieci wysokich napi\u0119\u0107 jest bardzo dobry, sieci \u015brednich napi\u0119\u0107 \u2013 dobry, niskich \u2013 bardzo dobry. W celu zwi\u0119kszenia ilo\u015bci dzia\u0142ek pod zabudow\u0119 jedno i wielorodzinn\u0105 zlikwidowano kolizyjne sieci energetyczne na terenach przeznaczonych pod inwestycje. Przepustowo\u015b\u0107 linii elektroenergetycznych wysokich i \u015brednich napi\u0119\u0107 nie stanowi \u017cadnej przeszkody w rozbudowie miejskiego uk\u0142adu sieciowego, gotowego przyj\u0105\u0107 wi\u0119ksze obci\u0105\u017cenia.<\/span><\/span><\/p>\n<p align=\"JUSTIFY\"><span style=\"font-family: Calibri, serif;\"><span style=\"font-size: medium;\">Gospodarka cieplna <\/span><\/span><\/p>\n<p align=\"JUSTIFY\"><span style=\"font-family: Calibri, serif;\"><span style=\"font-size: medium;\">Gospodarka cieplna na terenie miasta oparta jest o nowoczesne, ekologiczne kot\u0142ownie lokalne oraz ogrzewanie indywidualne. W ostatnich latach obserwuje si\u0119 podejmowanie licznych przedsi\u0119wzi\u0119\u0107 o wymiarze ekologicznym. Systematycznie zast\u0119puje si\u0119 ogrzewanie w\u0119glowe ogrzewaniem wykorzystuj\u0105cym alternatywne \u017ar\u00f3d\u0142a energii \u2013 olej opa\u0142owy, gaz p\u0142ynny, pellet i inne.\u00a0<\/span><\/span><\/p>\n<p align=\"JUSTIFY\"><span style=\"font-family: Calibri, serif;\"><span style=\"font-size: medium;\">Sie\u0107 telekomunikacyjna <\/span><\/span><\/p>\n<p align=\"JUSTIFY\"><span style=\"font-family: Calibri, serif;\"><span style=\"font-size: medium;\">Dost\u0119pno\u015b\u0107 telefonii przewodowej wykazuje jeden z wy\u017cszych poziom\u00f3w w\u015br\u00f3d gmin powiatu zgorzeleckiego. Sie\u0107 telefoniczna z dost\u0119pem do najwy\u017cszych pr\u0119dko\u015bci (LTE) pokrywa ca\u0142e terytorium miasta, w pe\u0142ni zaspokajaj\u0105c potrzeby mieszka\u0144c\u00f3w i obs\u0142ugiwana jest przez nowoczesn\u0105 centrale cyfrow\u0105. W mie\u015bcie funkcjonuje r\u00f3wnie\u017c zawidowska sie\u0107 internetowa, oparta na technologii \u015bwiat\u0142owodowej, jej zasi\u0119giem obj\u0119te jest ca\u0142e Miasto. <\/span><\/span><\/p>\n<p align=\"JUSTIFY\"><span style=\"font-family: Calibri, serif;\"><span style=\"font-size: medium;\">&#8211; sie\u0107 telefonii kom\u00f3rkowy Plus GSM, T-Mobile, Orange \u2013 stacja przeka\u017anikowe na terenie miasta i w jego okolicach.<\/span><\/span><\/p>\n<p align=\"JUSTIFY\"><span style=\"font-family: Calibri, serif;\"><span style=\"font-size: medium;\"><br \/>\n<\/span><\/span><span style=\"font-family: Calibri, serif;\"><span style=\"font-size: medium;\"><b>Gmina w liczbach <\/b><\/span><\/span><\/p>\n<p align=\"JUSTIFY\"><span style=\"font-family: Calibri, serif;\"><span style=\"font-size: medium;\">Obszar gminy: 607 ha<\/span><\/span><\/p>\n<p align=\"JUSTIFY\"><span style=\"font-family: Calibri, serif;\"><span style=\"font-size: medium;\">Tereny rolne: 419 ha<\/span><\/span><\/p>\n<p align=\"JUSTIFY\"><span style=\"font-family: Calibri, serif;\"><span style=\"font-size: medium;\">Tereny le\u015bne: 33 ha<\/span><\/span><\/p>\n<p align=\"JUSTIFY\"><span style=\"font-family: Calibri, serif;\"><span style=\"font-size: medium;\">Tereny zurbanizowane: 128 ha<\/span><\/span><\/p>\n<p align=\"JUSTIFY\"><span style=\"font-family: Calibri, serif;\"><span style=\"font-size: medium;\">Liczba mieszka\u0144c\u00f3w: 4232 <\/span><\/span><\/p>\n<p align=\"JUSTIFY\"><span style=\"font-size: medium;\"><u>Atrakcje turystyczne Zawidowa<\/u><\/span><\/p>\n<p align=\"JUSTIFY\"><span style=\"font-size: medium;\"><b>Wie\u017ca ko\u015bcio\u0142a ewangelickiego <\/b><\/span><\/p>\n<p align=\"JUSTIFY\"><span style=\"font-size: medium;\">Wizyt\u00f3wk\u0105 i jednym z najbardziej wyeksponowanych punkt\u00f3w w panoramie Zawidowa jest szesnastowieczna wie\u017ca dawnego ko\u015bcio\u0142a ewangelickiego. Jeszcze po II wojnie \u015bwiatowej obok wie\u017cy wznosi\u0142 si\u0119 najwi\u0119kszy na G\u00f3rnych \u0141u\u017cycach ko\u015bci\u00f3\u0142 p.w. Naj\u015bwi\u0119tszej Marii Panny. Ko\u015bci\u00f3\u0142 wybudowano w 1380 roku i przez cztery stulecia rozbudowywano. W XVI wieku do \u015bwi\u0105tyni dobudowano wie\u017c\u0119 i wyposa\u017cono w trzy okaza\u0142e dzwony. Po I wojnie \u015bwiatowej opuszczona budowla popad\u0142a w ruin\u0119. Olbrzymi\u0105 \u015bwi\u0105tyni\u0119 z 1200 miejscami siedz\u0105cymi wyburzono w 1972 roku. W 2001 roku wie\u017ca zosta\u0142a odrestaurowana, a 4 lata p\u00f3\u017aniej zainstalowano zegary oraz kuranty. Na wie\u017cy umieszczono tablic\u0119 upami\u0119tniaj\u0105c\u0105 cmentarz zlikwidowany wraz z budynkiem ko\u015bcio\u0142a. <\/span><\/p>\n<p align=\"JUSTIFY\"><span style=\"font-size: medium;\"><b>Zabudowa Rynku (Pl. Zwyci\u0119stwa)<\/b><\/span><\/p>\n<p align=\"JUSTIFY\"><span style=\"font-size: medium;\">Zawid\u00f3w posiada zabytkowy uk\u0142ad urbanistyczny starego miasta o \u015bredniowiecznej metryce. Jego pocz\u0105tki si\u0119gaj\u0105 prawdopodobnie lat 50. XIII w. Dokument lokacyjny mia\u0142 wystawi\u0107 kr\u00f3l Czech Przemys\u0142 Ottokar II. W rejestrze zabytk\u00f3w figuruj\u0105 nale\u017c\u0105ce do zabudowy rynkowej domy z drugiej po\u0142. XVIII w. oraz powsta\u0142y w pierwszej po\u0142. XIX budynek, mieszcz\u0105cy do niedawna hotel wraz z restauracj\u0105 (Go\u015bciniec Pod Or\u0142em). Na placu Zwyci\u0119stwa zlokalizowany jest tak\u017ce budynek Urz\u0119du Miejskiego, wybudowany w 1837 r. w p\u00f3\u0142nocno-zachodnim naro\u017cu rynku. <\/span><\/p>\n<p align=\"JUSTIFY\"><span style=\"font-size: medium;\"><b>Zabytkowy ko\u015bci\u00f3\u0142 katolicki <\/b><\/span><\/p>\n<p align=\"JUSTIFY\"><span style=\"font-size: medium;\">Jednym z pomnik\u00f3w historii Zawidowa jest Ko\u015bci\u00f3\u0142 p. w. \u015bw. J\u00f3zefa Rzemie\u015blnika. Parafi\u0119 rzymsko-katolick\u0105 w Zawidowie ustanowiono 7 stycznia 1893 r. Wtedy te\u017c postanowiono rozpocz\u0105\u0107 budow\u0119 \u015bwi\u0105tyni na Wzg\u00f3rzu \u015bw. Micha\u0142a, w miejscu gdzie niegdy\u015b znajdowa\u0142 si\u0119 jeden z najstarszych ko\u015bcio\u0142\u00f3w misyjnych G\u00f3rnych \u0141u\u017cyc, g\u0142\u00f3wna siedziba biskupstwa mi\u015bnie\u0144skiego, zniszczony podczas wojen husyckich. Budow\u0119 dzisiejszego ko\u015bcio\u0142a zako\u0144czono w 1896 r. Jego wystr\u00f3j, obejmuj\u0105cy o\u0142tarze, ambon\u0119, witra\u017ce, konfesjona\u0142y, chrzcielnic\u0119 i organy, nawi\u0105zuje do stylu neogotyckiego.<\/span><\/p>\n<p align=\"JUSTIFY\"><span style=\"font-size: medium;\"><b>Koci Potok i per\u0142y&#8230;<\/b><\/span><\/p>\n<p align=\"JUSTIFY\"><span style=\"font-size: medium;\">Wed\u0142ug Instytutu PAN w Krakowie, w Kocim Potoku &#8211; rzece op\u0142ywaj\u0105cej miasto od po\u0142udnia &#8211; nadal mo\u017ce \u017cy\u0107 per\u0142or\u00f3dka rzeczna &#8211; gatunek ma\u0142\u017ca s\u0142odkowodnego, kt\u00f3ry wytwarza per\u0142y szlachetne. U schy\u0142ku \u015bredniowiecza per\u0142or\u00f3dka by\u0142a dosy\u0107 liczna i cz\u0119sto od\u0142awiana w dolno\u015bl\u0105skich rzekach. Du\u017ce ma\u0142\u017ce od\u0142awiano nie tylko dla pere\u0142, ale i w celu pozyskania masy per\u0142owej m.in. do wyrobu rozmaitych kosztowno\u015bci. Prowadzone badania wskaza\u0142y, \u017ce Koci Potok jest jedynym miejscem w Polsce, gdzie mo\u017ce wyst\u0119powa\u0107 jeszcze ten unikalny gatunek. <\/span><\/p>\n<p align=\"JUSTIFY\"><span style=\"font-size: medium;\"><b>Zawid\u00f3w \u2013 ojczyzna my\u015bli<\/b><\/span><\/p>\n<p align=\"JUSTIFY\"><span style=\"font-size: medium;\">Zawid\u00f3w jest ma\u0142\u0105 Ojczyzn\u0105 Jakuba B\u0151hme, (1575-1624) &#8211; mistyka, wizjonera i filozofa religii, kt\u00f3rego \u017cywa my\u015bl do dzi\u015b fascynuje ludzi na ca\u0142ym \u015awiecie. Pochodzi\u0142 on z ch\u0142opskiej rodziny lutera\u0144skiej osiad\u0142ej w Starym Zawidowie. Z zawodu by\u0142 szewcem, lecz do historii my\u015bli ludzkiej przeszed\u0142 przede wszystkim jako mistyk i teozof. W 2005 roku Rada Miejska nada\u0142a Parkowi Miejskiemu imi\u0119 Jakuba Boehme.<\/span><\/p>\n<p align=\"JUSTIFY\"><span style=\"font-size: medium;\"><b>Parkowo-le\u015bny zesp\u00f3\u0142 historyczny G\u00f3ra Zamkowa i Kocia G\u00f3ra<\/b><\/span><\/p>\n<p align=\"JUSTIFY\"><span style=\"font-size: medium;\">Teren po\u0142o\u017cony w po\u0142udniowo-wschodniej cz\u0119\u015bci miasta, przy granicy pa\u0144stwa i wzd\u0142u\u017c strumienia zwanego Kocim Potokiem. Parkowo-le\u015bny charakter tego miejsca podkre\u015bla nurt strumienia, zapach le\u015bnej \u017cywicy, b\u0142\u0119kitna woda w stawach i malownicze \u015bcie\u017cki, kt\u00f3re zach\u0119caj\u0105 do pieszych wypraw. Na G\u00f3rze Zamkowej po\u0142o\u017cony by\u0142 \u015bredniowieczny s\u0142owia\u0144skiego grodu, kt\u00f3ry da\u0142 pocz\u0105tek miastu. Niekt\u00f3re jego kt\u00f3ry elementu zachowa\u0142y si\u0119 do czas\u00f3w wsp\u00f3\u0142czesnych. <\/span><\/p>\n<p>[\/vc_column_text][\/vc_column][vc_column width=&#8221;1\/4&#8243;][\/vc_column][\/vc_row]<\/p>\n","protected":false},"excerpt":{"rendered":"<p>[vc_row][vc_column width=&#8221;1\/4&#8243;][\/vc_column][vc_column width=&#8221;1\/2&#8243;][vc_empty_space height=&#8221;40px&#8221;][vc_text_separator title=&#8221;Zapraszamy Pa\u0144stwa do Gminy Zawid\u00f3w&#8221; border_width=&#8221;6&#8243;][vc_column_text]Gmina Miejska Zawid\u00f3w Zawid\u00f3w le\u017cy w po\u0142udniowo-zachodniej cz\u0119\u015bci wojew\u00f3dztwa dolno\u015bl\u0105skiego, w powiecie zgorzeleckim, na pograniczu Czech i Niemiec. Jest wa\u017cnym w\u0119z\u0142em komunikacyjnym \u0142\u0105cz\u0105cym Polsk\u0119 z krajami Europy. Bezpo\u015brednia lokalizacja przy mi\u0119dzynarodowych szlakach to tylko jeden z wielu atut\u00f3w, kt\u00f3re zach\u0119caj\u0105 do ulokowania w granicach miasta w\u0142asnego [&hellip;]<\/p>\n","protected":false},"author":1,"featured_media":0,"parent":0,"menu_order":0,"comment_status":"closed","ping_status":"closed","template":"page-templates\/front-page.php","meta":{"footnotes":""},"class_list":["post-12973","page","type-page","status-publish","hentry"],"_links":{"self":[{"href":"https:\/\/old-ssemp.sowiak.dev\/index.php?rest_route=\/wp\/v2\/pages\/12973","targetHints":{"allow":["GET"]}}],"collection":[{"href":"https:\/\/old-ssemp.sowiak.dev\/index.php?rest_route=\/wp\/v2\/pages"}],"about":[{"href":"https:\/\/old-ssemp.sowiak.dev\/index.php?rest_route=\/wp\/v2\/types\/page"}],"author":[{"embeddable":true,"href":"https:\/\/old-ssemp.sowiak.dev\/index.php?rest_route=\/wp\/v2\/users\/1"}],"replies":[{"embeddable":true,"href":"https:\/\/old-ssemp.sowiak.dev\/index.php?rest_route=%2Fwp%2Fv2%2Fcomments&post=12973"}],"version-history":[{"count":2,"href":"https:\/\/old-ssemp.sowiak.dev\/index.php?rest_route=\/wp\/v2\/pages\/12973\/revisions"}],"predecessor-version":[{"id":12975,"href":"https:\/\/old-ssemp.sowiak.dev\/index.php?rest_route=\/wp\/v2\/pages\/12973\/revisions\/12975"}],"wp:attachment":[{"href":"https:\/\/old-ssemp.sowiak.dev\/index.php?rest_route=%2Fwp%2Fv2%2Fmedia&parent=12973"}],"curies":[{"name":"wp","href":"https:\/\/api.w.org\/{rel}","templated":true}]}}