{"id":12969,"date":"2018-12-13T11:50:16","date_gmt":"2018-12-13T10:50:16","guid":{"rendered":"http:\/\/ssemp.pl\/?page_id=12969"},"modified":"2018-12-13T11:51:40","modified_gmt":"2018-12-13T10:51:40","slug":"lubomierz-2","status":"publish","type":"page","link":"https:\/\/old-ssemp.sowiak.dev\/?page_id=12969","title":{"rendered":"Lubomierz"},"content":{"rendered":"<p>[vc_row][vc_column width=&#8221;1\/4&#8243;][\/vc_column][vc_column width=&#8221;1\/2&#8243;][vc_empty_space height=&#8221;40px&#8221;][vc_text_separator title=&#8221;Zapraszamy Pa\u0144stwa do Gminy Lubomierz&#8221; border_width=&#8221;6&#8243;][vc_column_text]<\/p>\n<p align=\"JUSTIFY\"><span style=\"color: #000000;\"><span style=\"font-size: large;\"><b>Dane teleadresowe Urz\u0119du:<\/b><\/span><\/span><\/p>\n<p align=\"JUSTIFY\"><span style=\"color: #000000;\">Urz\u0105d Gminy i Miasta Lubomierz<\/span><\/p>\n<p align=\"JUSTIFY\"><span style=\"color: #000000;\">Plac Wolno\u015bci 1<\/span><\/p>\n<p align=\"JUSTIFY\"><span style=\"color: #000000;\">59-623 Lubomierz<\/span><\/p>\n<p align=\"JUSTIFY\"><span style=\"color: #000000;\">Tel.: (75) 78 33 166 <\/span><\/p>\n<p align=\"JUSTIFY\"><span style=\"color: #000000;\">Fax: (75) 78 33 167 <\/span><\/p>\n<p align=\"JUSTIFY\"><span style=\"color: #000000;\"><span lang=\"en-US\">E-mail: <\/span><\/span><span style=\"color: #0000ff;\"><span lang=\"zxx\"><a href=\"mailto:ugim@lubomierz.pl\"><span style=\"color: #000000;\"><span lang=\"en-US\">ugim@lubomierz.pl<\/span><\/span><\/a><\/span><\/span><\/p>\n<p align=\"JUSTIFY\"><span style=\"color: #0000ff;\"><span lang=\"zxx\"><a href=\"http:\/\/www.lubomierz.pl\/\"><span style=\"color: #000000;\"><span lang=\"en-US\">www.lubomierz.pl<\/span><\/span><\/a><\/span><\/span><\/p>\n<p align=\"JUSTIFY\"><span style=\"color: #0000ff;\"><span lang=\"zxx\"><a href=\"http:\/\/www.facebook.com\/Gmina.Lubomierz\"><span style=\"color: #000000;\">www.facebook.com\/Gmina.Lubomierz<\/span><\/a><\/span><\/span><\/p>\n<p align=\"JUSTIFY\"><span style=\"color: #000000;\"><span style=\"font-size: large;\"><b>Charakterystyka Gminy Lubomierz<\/b><\/span><\/span><\/p>\n<p align=\"JUSTIFY\"><span style=\"color: #000000;\">Miejsko-wiejska Gmina Lubomierz po\u0142o\u017cona jest w powiecie lw\u00f3weckim, w wy\u017cynnym krajobrazie Wzniesie\u0144 Radoniowskich na po\u0142udniu, Obni\u017cenia Lubomierskiego w \u015brodkowej cz\u0119\u015bci i Wzg\u00f3rz Radomickich na p\u00f3\u0142nocy. Zajmuje powierzchni\u0119 130,39 km2, z czego 810 km2 przypada na Lubomierz oraz 12,220 km2 na so\u0142ectwa. Sercem Gminy jest miasto Lubomierz, usytuowane w centralnej jej cz\u0119\u015bci. Pr\u00f3cz niego w sk\u0142ad Gminy wchodzi 13 so\u0142ectw: Chmiele\u0144, Golej\u00f3w, Janice, Maciejowiec, Mil\u0119cice, Oleszna Podg\u00f3rska, Pasiecznik, P\u0142awna G\u00f3rna, P\u0142awna Dolna, Pokrzywnik, Popiel\u00f3wek, Radoni\u00f3w oraz Wojciech\u00f3w. Warte odwiedzenia s\u0105 miejscowo\u015bci Gminy, malowniczo wkomponowane w g\u00f3rzysto \u2013 le\u015bny krajobraz Parku Krajobrazowego Doliny Bobru. Najwy\u017csze wzniesienia nie przekraczaj\u0105 500 m n.p.m., jednak uroki Pog\u00f3rza Sudeckiego, lasy, woda, czyste otoczenia oraz pensjonaty agroturystyczne zach\u0119caj\u0105 do odwiedzenia naszej Gminy.<\/span><\/p>\n<p align=\"JUSTIFY\"><span style=\"color: #000000;\"><span style=\"font-size: large;\"><b>Turystyka <\/b><\/span><\/span><\/p>\n<p align=\"JUSTIFY\"><span style=\"color: #000000;\"><span style=\"font-size: large;\"><b>Lubomierz \u2013 Miasto Samych Swoich<\/b><\/span><\/span><\/p>\n<p align=\"JUSTIFY\"><span style=\"color: #000000;\"><span style=\"font-family: TimesNewRomanPSMT, serif;\">Gmina Lubomierz jest po\u0142o\u017cona na terenie nale\u017c\u0105cym do najbardziej atrakcyjnych rejon\u00f3w wojew\u00f3dztwa dolno\u015bl\u0105skiego. Istniej\u0105 tu doskona\u0142e warunki do uprawiania turystyki pieszej, rowerowej, konnej tak\u017ce wodnej. Bogactwo zabytk\u00f3w kultury, fascynuj\u0105cych miejsc i atrakcji a tak\u017ce liczne imprezy sportowe i kulturalne daj\u0105 gwarancj\u0119 na ciekawe wype\u0142nienie czasu przyje\u017cd\u017caj\u0105cym turystom. Atrakcyjno\u015b\u0107 Gminy podnosz\u0105 czyste \u015brodowisko, dobre warunki klimatyczne oraz wspania\u0142e walory krajobrazowe. Gmina Lubomierz jest pokryta sieci\u0105 dr\u00f3g \u0142\u0105cz\u0105cych j\u0105 z wi\u0119kszymi miastami regionu. Na obszarze gminy funkcjonuj\u0105 gospodarstwa agroturystyczne oferuj\u0105ce noclegi i smaczne jedzenie. Gmina Lubomierz posiada zatem wiele atut\u00f3w, kt\u00f3re stanowi\u0105 doskona\u0142e zaplecze dla turystyki aktywnej i rekreacji<\/span><\/span><span style=\"color: #000000;\"><span style=\"font-family: TimesNewRomanPS-BoldMT, serif;\"><b>. <\/b><\/span><\/span><span style=\"color: #000000;\">To w\u0142a\u015bnie walory przyrodnicze, krajobrazowe, filmowa przesz\u0142o\u015b\u0107 Lubomierza, zabytkowe obiekty oraz nowe atrakcje przyci\u0105gaj\u0105 turyst\u00f3w do gminy, a tak\u017ce tworz\u0105 mo\u017cliwo\u015bci dla dalszego rozwoju turystyki. Gmin\u0119 Lubomierz odwiedza coraz wi\u0119cej turyst\u00f3w, szczeg\u00f3lnie w okresie letnim. S\u0105 to zar\u00f3wno grupy zorganizowane, jak i tury\u015bci indywidualni. Gmina Lubomierz oferuje bogat\u0105 ofert\u0119 bazy noclegowej, du\u017cym powodzeniem ciesz\u0105 si\u0119 gospodarstwa agroturystyczne, w kt\u00f3rych mo\u017cna odpoczywa\u0107 z dala od miejskiego zgie\u0142ku i szeroko rozwini\u0119tej cywilizacji. To w\u0142a\u015bnie st\u0105d mo\u017cna podziwia\u0107 jedyne w swoim rodzaju panoramy Karkonoszy, G\u00f3r Izerskich oraz bli\u017cszych i dalszych, znanych i bezimiennych szczyt\u00f3w Pog\u00f3rza Izerskiego. <\/span><\/p>\n<p align=\"JUSTIFY\"><span style=\"color: #000000;\">Lubomierz nazywany cz\u0119sto \u201ePolskim Hollywood\u201d, s\u0142ynie z tego, i\u017c nakr\u0119cono tu wiele film\u00f3w m.in.: <\/span><span style=\"color: #000000;\">\u201eKrzy\u017c Walecznych\u201d, \u201eDaleko na zachodzie\u201d, \u201eMarato\u0144czyk\u201d, \u201eKocham kino\u201d, \u201eZak\u0142ad\u201d, \u201eTajemnica twierdzy szyfr\u00f3w\u201d oraz trylogi\u0119 \u201eSamych Swoich\u201d. <\/span><\/p>\n<p align=\"JUSTIFY\"><span style=\"color: #000000;\">W oparciu o nakr\u0119cone tu filmy, od 1997 roku corocznie w po\u0142owie sierpnia organizowany jest Og\u00f3lnopolski Festiwal Film\u00f3w Komediowych.<\/span><span style=\"color: #000000;\"><span style=\"font-family: times new roman, times, serif;\"> Dzi\u0119ki temu, Lubomierz na przestrzeni lat wypracowa\u0142 unikaln\u0105 to\u017csamo\u015b\u0107, opart\u0105 na trylogii \u201eSamych Swoich\u201d. Historia ta wros\u0142a si\u0119 silnymi korzeniami w tutejsz\u0105 architektur\u0119, kultur\u0119 i spo\u0142ecze\u0144stwo, a miasto do dzi\u015b \u017cyje histori\u0105 sagi rodu Pawlak\u00f3w i Kargul\u00f3w, czerpi\u0105c z niej pomys\u0142y i inspiracj\u0119 do r\u00f3\u017cnego rodzaju przedsi\u0119wzi\u0119\u0107. Przyk\u0142adem tej filmowej symbiozy sta\u0142 si\u0119 niew\u0105tpliwie OFFK, b\u0119d\u0105cy pere\u0142k\u0105 w\u015br\u00f3d wszystkich festiwali, odbywaj\u0105cych si\u0119 w regionie. <\/span><\/span><span style=\"color: #000000;\">Impreza ta przyci\u0105ga do Lubomierza t\u0142umy turyst\u00f3w oraz przede wszystkim fan\u00f3w i koneser\u00f3w film\u00f3w komediowych. Lubomierski festiwal to impreza wyj\u0105tkowa, maj\u0105ca sw\u00f3j urok, na kt\u00f3rej zawsze panuje jedyna w swym rodzaju, niepowtarzalna atmosfera. Opr\u00f3cz OFFK, wa\u017cnym elementem uwidaczniaj\u0105cym silny zwi\u0105zek z trylogi\u0105 \u201eSamych Swoich\u201d jest niew\u0105tpliwie Muzeum Kargula i Pawlaka, kt\u00f3re przyje\u017cd\u017caj\u0105c do Lubomierza, trzeba odwiedzi\u0107 koniecznie. W muzeum, usytuowanym w XVI-wiecznym Domu P\u0142\u00f3ciennik\u00f3w, podziwia\u0107 mo\u017cna eksponaty, kt\u00f3re wykorzystywane by\u0142y podczas kr\u0119cenia trylogii Sylwestra Ch\u0119ci\u0144skiego m.in. s\u0142ynny p\u0142ot, do kt\u00f3rego podchodzi\u0142 Kargul z Pawlakiem, karabin, z kt\u00f3rego zamek wylata, granaty do \u015bwi\u0105tecznego ubrania i wiele, wiele innych. <\/span><span style=\"color: #000000;\">B\u0119d\u0105c w Lubomierzu i okolicach zobaczy\u0107 nale\u017cy r\u00f3wnie\u017c: rynek miasta z zachowanymi kamienicami i figurami morowymi, <\/span><span style=\"color: #000000;\">Ko\u015bci\u00f3\u0142 pw. Naj\u015bwi\u0119tszej Marii Panny i \u015bw. Maternusa, Klasztor <\/span>Benedyktynek a w nim Wystaw\u0119 Zabytkowych Habit\u00f3w, Muzeum\u201d Powiat Lw\u00f3wecki przed 1945 rokiem\u201d, <span style=\"color: #000000;\">Zau\u0142ek Filmowy<\/span> \u201eLubomierska alejka gwiazd\u201d, gdzie umieszczone s\u0105 tabliczki z nazwiskami aktor\u00f3w bawi\u0105cych w Lubomierzu. \u015acie\u017cka astronomiczna.<\/p>\n<p align=\"JUSTIFY\">Opr\u00f3cz atrakcji znajduj\u0105cych si\u0119 w samym miasteczku, wiele ciekawych miejsc znajduje si\u0119 na terenie ca\u0142ej gminy. Do takich miejsc nale\u017cy jeden z najpi\u0119kniejszych kompleks\u00f3w zabytkowych tj. zesp\u00f3\u0142 pa\u0142acowo- parkowy w Maciejowcu, kt\u00f3ry tworz\u0105: renesansowy dw\u00f3r z lat 1627-1632 i towarzysz\u0105ce mu zabudowania gospodarcze, pa\u0142ac klasycystyczny z I po\u0142. XIX w. , kaplica z XVII wieku oraz mauzoleum z ko\u0144ca XIX wieku oraz rozleg\u0142y romantyczny park z I po\u0142. XIX wieku. Poza tym na terenie gminy znajduje si\u0119 200 stanowisk archeologicznych. Jednym z nich jest grodzisko \u015bredniowieczne z XIII wieku po\u0142o\u017cone w Mil\u0119cicach. A nieopodal Lubomierza w miejscowo\u015bci P\u0142awna ciekawym miejscem jest Galeria oraz Zamek \u015al\u0105skich Legend stworzone przez regionalnego artyst\u0119 plastyka Dariusza Mili\u0144skiego, pomys\u0142odawc\u0119 i za\u0142o\u017cyciela tak\u017ce miejscowego Muzeum Przesiedle\u0144c\u00f3w i Wyp\u0119dzonych oraz budowniczego drewnianej Arki. Najciekawsz\u0105 atrakcj\u0105 wsi Pokrzywnik jest Dziki W\u0105w\u00f3z, mierzy ok.1 km d\u0142ugo\u015bci, jego korycie i na \u015bcianach w\u0105wozu ods\u0142aniaj\u0105 si\u0119 ciekawe formy skalne, w potoku znajduje si\u0119 te\u017c niewielka, lecz malownicza kaskada zwana Dzikim Wodospadem.<\/p>\n<p align=\"JUSTIFY\"><span style=\"color: #000000;\"><span style=\"font-size: large;\"><b>Gospodarka<\/b><\/span><\/span><\/p>\n<p align=\"JUSTIFY\"><span style=\"color: #000000;\"><span style=\"font-family: TimesNewRomanPSMT, serif;\">Wed\u0142ug stanu na dzie\u0144 29 listopada 2018r. na terenie gminy dzia\u0142a ok. 300 podmiot\u00f3w gospodarczych. Na terenie Gminy Lubomierz nie ma przemys\u0142u i du\u017cych zak\u0142ad\u00f3w pracy, przewa\u017caj\u0105 jedno lub kilkuosobowe firmy rodzinne o charakterze us\u0142ugowym lub prowadz\u0105ce niewielk\u0105 produkcj\u0119. Najwi\u0119kszym pracodawc\u0105 w sektorze gospodarki jest narodowa sfera bud\u017cetowa czyli: administracja samorz\u0105dowa, o\u015bwiata, kultura i sport, opieka zdrowotna i spo\u0142eczna.<\/span><\/span><\/p>\n<p align=\"JUSTIFY\"><span style=\"color: #000000;\"><span style=\"font-family: TimesNewRomanPSMT, serif;\">Gmina Lubomierz ma charakter rolniczy. Znajduje si\u0119 tutaj 874 gospodarstw rolnych z <\/span><\/span><span style=\"color: #000000;\"><span style=\"font-family: TimesNewRomanPSMT, serif;\">czego 171 to gospodarstwa o powierzchni powy\u017cej 10 ha. W strukturze gospodarstw przewa\u017caj\u0105 indywidualne gospodarstwa rolne o powierzchni do 10 ha. Na terenie gminy przewa\u017caj\u0105 gleby s\u0142abe IV i V klasa z czego prawie po\u0142owa to u\u017cytki zielone. Produkcja rolnicza to g\u0142\u00f3wnie zbo\u017ca, ziemniaki i produkcja zwierz\u0119ca.<\/span><\/span><\/p>\n<p align=\"JUSTIFY\"><span style=\"color: #000000;\"><span style=\"font-size: large;\"><b>Atuty Gminy Lubomierz pod wzgl\u0119dem gospodarczym:<\/b><\/span><\/span><\/p>\n<ul>\n<li>\n<p align=\"JUSTIFY\">atrakcyjne po\u0142o\u017cenie geograficzne, bliskie s\u0105siedztwo Czech i Niemiec, blisko\u015b\u0107 Karkonoszy i Izer,<\/p>\n<\/li>\n<li>\n<p align=\"JUSTIFY\">bliskie s\u0105siedztwo miejscowo\u015bci uzdrowiskowych i rozwini\u0119tych turystycznie takich, jak \u015awierad\u00f3w Zdr\u00f3j, Karpacz, Szklarska Por\u0119ba, Jelenia G\u00f3ra,<\/p>\n<\/li>\n<li>\n<p align=\"JUSTIFY\">ma\u0142e zagro\u017cenie ze strony zak\u0142ad\u00f3w przemys\u0142owych &#8211; czyste \u015brodowisko naturalne<\/p>\n<\/li>\n<li>\n<p align=\"JUSTIFY\">dobre warunki dla rolnictwa ekologicznego i agroturystyki<\/p>\n<\/li>\n<li>\n<p align=\"JUSTIFY\">bogate zasoby ludzkie \u2013 arty\u015bci, rzemie\u015blnicy, dzia\u0142acze spo\u0142eczni, ludzie z pasj\u0105,<\/p>\n<\/li>\n<li>\n<p align=\"JUSTIFY\">du\u017ca ilo\u015b\u0107 indywidualnych gospodarstw rolnych i hodowlanych,<\/p>\n<\/li>\n<li>\n<p align=\"JUSTIFY\">suszarnie zb\u00f3\u017c, ogrodnictwo, pasieki,<\/p>\n<\/li>\n<li>\n<p align=\"JUSTIFY\"><span style=\"color: #000000;\">bran\u017ca kamieniarska (Kopalnia Bazaltu w Wojciechowie)<\/span><\/p>\n<\/li>\n<\/ul>\n<p align=\"JUSTIFY\"><span style=\"color: #000000;\"><span style=\"font-size: large;\"><b>Wsp\u00f3\u0142praca zagraniczna &#8211; Przyja\u017a\u0144 jest kwiatem chwili i owocem czasu <\/b><\/span><\/span><\/p>\n<p align=\"JUSTIFY\"><a name=\"_GoBack\"><\/a><span style=\"color: #000000;\">Gmina Lubomierz prowadzi aktywn\u0105 dzia\u0142alno\u015b\u0107 w zakresie wsp\u00f3\u0142pracy zagranicznej. Pierwsze porozumienie partnerskie podpisane zosta\u0142o z niemieckim miastem Wittichenau w 2008 roku. Kolejnymi miastami, z kt\u00f3rym Gmina Lubomierz nawi\u0105za\u0142a wsp\u00f3\u0142prac\u0119 jest czeski Tanvald oraz ukrai\u0144ski Zbara\u017c, Trembowla. Dzi\u0119ki takim porozumieniom, Gmina Lubomierz zacie\u015bnia kontakty mi\u0119dzy s\u0105siadami zza granicy, ale tak\u017ce ma mo\u017cliwo\u015b\u0107 czerpania i wymiany do\u015bwiadcze\u0144 w wielu dziedzinach \u017cycia spo\u0142ecznego, gospodarczego i kulturalnego.<\/span><\/p>\n<p>[\/vc_column_text][\/vc_column][vc_column width=&#8221;1\/4&#8243;][\/vc_column][\/vc_row]<\/p>\n","protected":false},"excerpt":{"rendered":"<p>[vc_row][vc_column width=&#8221;1\/4&#8243;][\/vc_column][vc_column width=&#8221;1\/2&#8243;][vc_empty_space height=&#8221;40px&#8221;][vc_text_separator title=&#8221;Zapraszamy Pa\u0144stwa do Gminy Lubomierz&#8221; border_width=&#8221;6&#8243;][vc_column_text] Dane teleadresowe Urz\u0119du: Urz\u0105d Gminy i Miasta Lubomierz Plac Wolno\u015bci 1 59-623 Lubomierz Tel.: (75) 78 33 166 Fax: (75) 78 33 167 E-mail: ugim@lubomierz.pl www.lubomierz.pl www.facebook.com\/Gmina.Lubomierz Charakterystyka Gminy Lubomierz Miejsko-wiejska Gmina Lubomierz po\u0142o\u017cona jest w powiecie lw\u00f3weckim, w wy\u017cynnym krajobrazie Wzniesie\u0144 Radoniowskich na po\u0142udniu, [&hellip;]<\/p>\n","protected":false},"author":1,"featured_media":0,"parent":0,"menu_order":0,"comment_status":"closed","ping_status":"closed","template":"page-templates\/front-page.php","meta":{"footnotes":""},"class_list":["post-12969","page","type-page","status-publish","hentry"],"_links":{"self":[{"href":"https:\/\/old-ssemp.sowiak.dev\/index.php?rest_route=\/wp\/v2\/pages\/12969","targetHints":{"allow":["GET"]}}],"collection":[{"href":"https:\/\/old-ssemp.sowiak.dev\/index.php?rest_route=\/wp\/v2\/pages"}],"about":[{"href":"https:\/\/old-ssemp.sowiak.dev\/index.php?rest_route=\/wp\/v2\/types\/page"}],"author":[{"embeddable":true,"href":"https:\/\/old-ssemp.sowiak.dev\/index.php?rest_route=\/wp\/v2\/users\/1"}],"replies":[{"embeddable":true,"href":"https:\/\/old-ssemp.sowiak.dev\/index.php?rest_route=%2Fwp%2Fv2%2Fcomments&post=12969"}],"version-history":[{"count":1,"href":"https:\/\/old-ssemp.sowiak.dev\/index.php?rest_route=\/wp\/v2\/pages\/12969\/revisions"}],"predecessor-version":[{"id":12970,"href":"https:\/\/old-ssemp.sowiak.dev\/index.php?rest_route=\/wp\/v2\/pages\/12969\/revisions\/12970"}],"wp:attachment":[{"href":"https:\/\/old-ssemp.sowiak.dev\/index.php?rest_route=%2Fwp%2Fv2%2Fmedia&parent=12969"}],"curies":[{"name":"wp","href":"https:\/\/api.w.org\/{rel}","templated":true}]}}