{"id":12957,"date":"2018-12-13T11:16:53","date_gmt":"2018-12-13T10:16:53","guid":{"rendered":"http:\/\/ssemp.pl\/?page_id=12957"},"modified":"2018-12-13T11:16:53","modified_gmt":"2018-12-13T10:16:53","slug":"list-burmistrza-gminy-trzebnica-pana-marka-dlugozimy","status":"publish","type":"page","link":"https:\/\/old-ssemp.sowiak.dev\/?page_id=12957","title":{"rendered":"List Burmistrza Gminy Trzebnica Pana Marka D\u0142ugozimy"},"content":{"rendered":"<p>[vc_row][vc_column width=&#8221;1\/4&#8243;][vc_column_text]<img loading=\"lazy\" decoding=\"async\" class=\"alignnone size-full wp-image-12959\" src=\"https:\/\/old-ssemp.sowiak.dev\/wordpress\/wp-content\/uploads\/2018\/12\/Marek-D\u0142ugozima-Burmistrz-Gminy-Trzebnica-2.jpg\" alt=\"Marek D\u0142ugozima- Burmistrz Gminy Trzebnica (2)\" width=\"3648\" height=\"5472\" srcset=\"https:\/\/old-ssemp.sowiak.dev\/wp-content\/uploads\/2018\/12\/Marek-D\u0142ugozima-Burmistrz-Gminy-Trzebnica-2.jpg 3648w, https:\/\/old-ssemp.sowiak.dev\/wp-content\/uploads\/2018\/12\/Marek-D\u0142ugozima-Burmistrz-Gminy-Trzebnica-2-200x300.jpg 200w, https:\/\/old-ssemp.sowiak.dev\/wp-content\/uploads\/2018\/12\/Marek-D\u0142ugozima-Burmistrz-Gminy-Trzebnica-2-768x1152.jpg 768w, https:\/\/old-ssemp.sowiak.dev\/wp-content\/uploads\/2018\/12\/Marek-D\u0142ugozima-Burmistrz-Gminy-Trzebnica-2-683x1024.jpg 683w\" sizes=\"auto, (max-width: 3648px) 100vw, 3648px\" \/>[\/vc_column_text][\/vc_column][vc_column width=&#8221;3\/4&#8243;][vc_column_text]Drodzy Inwestorzy!<\/p>\n<p align=\"JUSTIFY\">Zach\u0119cam Pa\u0144stwa do zwi\u0105zania przysz\u0142o\u015bci swojej firmy z Gmin\u0105 Trzebnica. Wierz\u0119, \u017ce tak jak pr\u0119\u017cnie rozwija si\u0119 nasza \u201eMa\u0142a Ojczyzna\u201d, tak samo pr\u0119\u017cnie rozwija\u0107 si\u0119 b\u0119dzie tu Pa\u0144stwa biznes. Gmina Trzebnica to miejsce przyjazne inwestorom z wyznaczon\u0105 przeze mnie blisko 100-ha stref\u0105 inwestycyjn\u0105. Posiadamy okno na \u015bwiat w postaci nowo oddanej drogi ekspresowej S-5, co umo\u017cliwia szybki, bo 10-minutowy dojazd do stolicy regionu \u2013 Wroc\u0142awia. W ostatnich latach poczynili\u015bmy wiele inwestycji w szeroko poj\u0119t\u0105 infrastruktur\u0119 \u2013 realizujemy ich blisko 80 rocznie. Powsta\u0142y nowe szko\u0142y wraz z jedyn\u0105 z nielicznych w regionie szk\u00f3\u0142 muzycznych, \u017c\u0142obek, przedszkole, centrum medyczne, centrum kultury wraz z kinem 3D, aquaprak wraz z si\u0142owni\u0105 oraz kr\u0119gielni\u0105, sale do gry w squasha oraz do zaj\u0119\u0107 spinningu. Zrewitalizowane zosta\u0142y tereny staw\u00f3w trzebnickich i lasu bukowego. Obecnie powstaje nowoczesna hala sportowo-widowiskowa z widowni\u0105 do 1000 miejsc, a tak\u017ce 25 kilometrowa rowerostrada, kt\u00f3ra w kolejnych latach b\u0119dzie rozwijana tak, by po\u0142\u0105czy\u0107 wszystkie 41 miejscowo\u015bci naszej gminy.<\/p>\n<p align=\"JUSTIFY\">W Trzebnicy mamy wszystko to, co oferuj\u0105 wi\u0119ksze od nas miasta, ale pozostajemy w dalszym ci\u0105gu miejscowo\u015bci\u0105, gdzie wsz\u0119dzie jest blisko, bezpiecznie i rodzinnie. St\u0105d tak dynamiczny rozw\u00f3j mieszkalnictwa. To w\u0142a\u015bnie z Trzebnic\u0105 m\u0142odzi ludzie planuj\u0105 zwi\u0105za\u0107 swoj\u0105 przysz\u0142o\u015b\u0107, b\u0119d\u0105c kapita\u0142em jej rozwoju i niepodwa\u017calnym atutem dla inwestor\u00f3w. Dostrzeg\u0142 to m.in. Andrzej Trawi\u0144ski, znany w Polsce przedsi\u0119biorca, b\u0119d\u0105cy tw\u00f3rc\u0105 odnosz\u0105cych sukces marek FM oraz PERFAND, kt\u00f3re specjalizuj\u0105 si\u0119 w produkcji produkt\u00f3w perfumeryjnych oraz kosmetycznych. W\u0142a\u015bnie w ramach trzebnickiej strefy inwestycyjnej postanowi\u0142 uruchomi\u0107 swoj\u0105 innowacyjn\u0105 fabryk\u0119 PERFAND LED produkuj\u0105c\u0105 nowoczesne o\u015bwietlenie ledowe. Na mocy zawartego porozumienia, energooszcz\u0119dne lampy produkowane w Trzebnicy roz\u015bwietli\u0142y nasze ulice. Dobra wsp\u00f3\u0142praca z przedsi\u0119biorcami oraz inwestorami to podstawa w budowaniu wzajemnego zaufania, kt\u00f3re owocuje obop\u00f3lnym rozwojem. Dlatego staram si\u0119 wychodzi\u0107 naprzeciw potrzebom powstaj\u0105cych czy istniej\u0105cych przedsi\u0119biorstw. Tak powsta\u0142a m.in. droga dojazdowa do wspomnianej fabryki PERFAND czy Trzebnicki Klaster Energetyczny utworzony wsp\u00f3lnie z firm\u0105 Tarczy\u0144ski S.A., kt\u00f3ra jest potentatem polskiego rynku mi\u0119snego o uznanej marce na zagranicznych rynkach i swoj\u0105 siedzib\u0119 ma w\u0142a\u015bnie w Gminie Trzebnica. Co wa\u017cne, klaster energetyczny realnie zwi\u0119ksza atrakcyjno\u015b\u0107 teren\u00f3w inwestycyjnych poprzez zmniejszenie koszt\u00f3w zaopatrzenia w energi\u0119. Pokazuje tak\u017ce innowacyjno\u015b\u0107 Gminy Trzebnica na zewn\u0105trz. Jestem przekonany, \u017ce Pa\u0144stwo r\u00f3wnie\u017c j\u0105 dostrzeg\u0105 i zechc\u0105 zainwestowa\u0107 w potencja\u0142 wsp\u00f3lnego rozwoju.<\/p>\n<p style=\"text-align: right;\" align=\"JUSTIFY\"><a name=\"_GoBack\"><\/a> <i><b>Marek D\u0142ugozima<\/b><\/i><\/p>\n<p style=\"text-align: right;\" align=\"JUSTIFY\"><i>Burmistrz Gminy Trzebnica<\/i><\/p>\n<p>[\/vc_column_text][\/vc_column][\/vc_row][vc_row][vc_column][vc_empty_space][\/vc_column][\/vc_row]<\/p>\n","protected":false},"excerpt":{"rendered":"<p>[vc_row][vc_column width=&#8221;1\/4&#8243;][vc_column_text][\/vc_column_text][\/vc_column][vc_column width=&#8221;3\/4&#8243;][vc_column_text]Drodzy Inwestorzy! Zach\u0119cam Pa\u0144stwa do zwi\u0105zania przysz\u0142o\u015bci swojej firmy z Gmin\u0105 Trzebnica. Wierz\u0119, \u017ce tak jak pr\u0119\u017cnie rozwija si\u0119 nasza \u201eMa\u0142a Ojczyzna\u201d, tak samo pr\u0119\u017cnie rozwija\u0107 si\u0119 b\u0119dzie tu Pa\u0144stwa biznes. Gmina Trzebnica to miejsce przyjazne inwestorom z wyznaczon\u0105 przeze mnie blisko 100-ha stref\u0105 inwestycyjn\u0105. Posiadamy okno na \u015bwiat w postaci nowo oddanej [&hellip;]<\/p>\n","protected":false},"author":1,"featured_media":0,"parent":0,"menu_order":0,"comment_status":"closed","ping_status":"closed","template":"page-templates\/front-page.php","meta":{"footnotes":""},"class_list":["post-12957","page","type-page","status-publish","hentry"],"_links":{"self":[{"href":"https:\/\/old-ssemp.sowiak.dev\/index.php?rest_route=\/wp\/v2\/pages\/12957","targetHints":{"allow":["GET"]}}],"collection":[{"href":"https:\/\/old-ssemp.sowiak.dev\/index.php?rest_route=\/wp\/v2\/pages"}],"about":[{"href":"https:\/\/old-ssemp.sowiak.dev\/index.php?rest_route=\/wp\/v2\/types\/page"}],"author":[{"embeddable":true,"href":"https:\/\/old-ssemp.sowiak.dev\/index.php?rest_route=\/wp\/v2\/users\/1"}],"replies":[{"embeddable":true,"href":"https:\/\/old-ssemp.sowiak.dev\/index.php?rest_route=%2Fwp%2Fv2%2Fcomments&post=12957"}],"version-history":[{"count":2,"href":"https:\/\/old-ssemp.sowiak.dev\/index.php?rest_route=\/wp\/v2\/pages\/12957\/revisions"}],"predecessor-version":[{"id":12960,"href":"https:\/\/old-ssemp.sowiak.dev\/index.php?rest_route=\/wp\/v2\/pages\/12957\/revisions\/12960"}],"wp:attachment":[{"href":"https:\/\/old-ssemp.sowiak.dev\/index.php?rest_route=%2Fwp%2Fv2%2Fmedia&parent=12957"}],"curies":[{"name":"wp","href":"https:\/\/api.w.org\/{rel}","templated":true}]}}