{"id":12833,"date":"2018-12-10T22:23:55","date_gmt":"2018-12-10T21:23:55","guid":{"rendered":"http:\/\/ssemp.pl\/?page_id=12833"},"modified":"2020-06-16T09:11:53","modified_gmt":"2020-06-16T07:11:53","slug":"rodo","status":"publish","type":"page","link":"https:\/\/old-ssemp.sowiak.dev\/?page_id=12833","title":{"rendered":"RODO"},"content":{"rendered":"<p>Poni\u017csze zasady stosuje si\u0119 pocz\u0105wszy od 25 maja 2018 roku.<br \/>\n1.\u00a0\u00a0 \u00a0Administratorem Pani\/Pana danych osobowych jest SSEMP S.A. &#8211; Specjalna Strefa Ekonomiczna Ma\u0142ej Przedsi\u0119iorczo\u015b\u0107i S.A.\u00a0z siedzib\u0105 w KAmiennej G\u00f3rze.<\/p>\n<ol start=\"2\">\n<li>\u00a0Je\u015bli ma Pani\/Pan pytania dotycz\u0105ce sposobu i zakresu przetwarzania Pani\/Pana danych osobowych w zakresie dzia\u0142ania SSEMP S.A., a tak\u017ce przys\u0142uguj\u0105cych Pani\/Panu uprawnie\u0144, mo\u017ce si\u0119 Pani\/Pan skontaktowa\u0107 z nami pod adresem mailowym: strefa@semp.pl.<\/li>\n<li>\u00a0Administrator danych osobowych \u2013SSEMP S.A.- przetwarza Pani\/Pana dane osobowe na podstawie obowi\u0105zuj\u0105cych przepis\u00f3w prawa, zawartych um\u00f3w oraz na podstawie udzielonej zgody.<br \/>\n4.\u00a0\u00a0 \u00a0Pani\/Pana dane osobowe przetwarzane s\u0105 w celu\/celach:<br \/>\na)\u00a0\u00a0 \u00a0wype\u0142nienia obowi\u0105zk\u00f3w prawnych ci\u0105\u017c\u0105cych na SSEMP S.A.;<br \/>\nb)\u00a0\u00a0 \u00a0w pozosta\u0142ych przypadkach Pani\/Pana dane osobowe przetwarzane s\u0105 wy\u0142\u0105cznie na podstawie wcze\u015bniej udzielonej zgody w zakresie i celu okre\u015blonym w tre\u015bci zgody.<br \/>\n5.\u00a0\u00a0 \u00a0W zwi\u0105zku z przetwarzaniem danych w celach o kt\u00f3rych mowa w pkt 4 odbiorcami Pani\/Pana danych osobowych mog\u0105 by\u0107:<br \/>\na)\u00a0\u00a0 \u00a0organy w\u0142adzy publicznej oraz podmioty wykonuj\u0105ce zadania publiczne lub dzia\u0142aj\u0105ce na zlecenie organ\u00f3w w\u0142adzy publicznej, w zakresie i w celach, kt\u00f3re wynikaj\u0105 z przepis\u00f3w powszechnie obowi\u0105zuj\u0105cego prawa;<br \/>\n6.\u00a0\u00a0 \u00a0Pani\/Pana dane osobowe b\u0119d\u0105 przechowywane przez okres niezb\u0119dny do realizacji cel\u00f3w okre\u015blonych w pkt 4, a po tym czasie przez okres oraz w zakresie wymaganym przez przepisy powszechnie obowi\u0105zuj\u0105cego prawa.<br \/>\n7.\u00a0\u00a0 \u00a0W zwi\u0105zku z przetwarzaniem Pani\/Pana danych osobowych przys\u0142uguj\u0105 Pani\/Panu nast\u0119puj\u0105ce uprawnienia:<br \/>\na) \u00a0\u00a0 \u00a0prawo dost\u0119pu do danych osobowych, w tym prawo do uzyskania kopii tych danych;<br \/>\nb) \u00a0\u00a0 \u00a0prawo do \u017c\u0105dania sprostowania (poprawiania) danych osobowych \u2013 w przypadku gdy dane s\u0105 nieprawid\u0142owe lub niekompletne;<br \/>\nc) \u00a0\u00a0 \u00a0prawo do \u017c\u0105dania usuni\u0119cia danych osobowych (tzw. prawo do bycia zapomnianym), w przypadku gdy:<br \/>\n&#8211; dane nie s\u0105 ju\u017c niezb\u0119dne do cel\u00f3w, dla kt\u00f3rych by\u0142y zebrane lub w inny spos\u00f3b przetwarzane,<br \/>\n&#8211; osoba, kt\u00f3rej dane dotycz\u0105, wnios\u0142a sprzeciw wobec przetwarzania danych osobowych,<br \/>\n&#8211; osoba, kt\u00f3rej dane dotycz\u0105 wycofa\u0142a zgod\u0119 na przetwarzanie danych osobowych, kt\u00f3ra jest podstaw\u0105 przetwarzania danych i nie ma innej podstawy prawnej przetwarzania danych,<br \/>\n&#8211; dane osobowe przetwarzane s\u0105 niezgodnie z prawem,<br \/>\n&#8211; dane osobowe musz\u0105 by\u0107 usuni\u0119te w celu wywi\u0105zania si\u0119 z obowi\u0105zku wynikaj\u0105cego z przepis\u00f3w prawa;<br \/>\nd) \u00a0\u00a0 \u00a0prawo do \u017c\u0105dania ograniczenia przetwarzania danych osobowych \u2013 w przypadku, gdy:<br \/>\n&#8211; osoba, kt\u00f3rej dane dotycz\u0105 kwestionuje prawid\u0142owo\u015b\u0107 danych osobowych,<br \/>\n&#8211; przetwarzanie danych jest niezgodne z prawem, a osoba, kt\u00f3rej dane dotycz\u0105, sprzeciwia si\u0119 usuni\u0119ciu danych, \u017c\u0105daj\u0105c w zamian ich ograniczenia,<br \/>\n&#8211; Administrator nie potrzebuje ju\u017c danych dla swoich cel\u00f3w, ale osoba, kt\u00f3rej dane dotycz\u0105, potrzebuje ich do ustalenia, obrony lub dochodzenia roszcze\u0144,<br \/>\n&#8211; osoba, kt\u00f3rej dane dotycz\u0105, wnios\u0142a sprzeciw wobec przetwarzania danych, do czasu ustalenia czy prawnie uzasadnione podstawy po stronie administratora s\u0105 nadrz\u0119dne wobec podstawy sprzeciwu;<br \/>\ne) \u00a0\u00a0 \u00a0prawo do przenoszenia danych \u2013 w przypadku gdy \u0142\u0105cznie spe\u0142nione s\u0105 nast\u0119puj\u0105ce przes\u0142anki:<br \/>\n&#8211; przetwarzanie danych odbywa si\u0119 na podstawie umowy zawartej z osob\u0105, kt\u00f3rej dane dotycz\u0105 lub na podstawie zgody wyra\u017conej przez t\u0105 osob\u0119,<br \/>\n&#8211; przetwarzanie odbywa si\u0119 w spos\u00f3b zautomatyzowany;<br \/>\nf) \u00a0\u00a0 \u00a0prawo sprzeciwu wobec przetwarzania danych \u2013 w przypadku gdy \u0142\u0105cznie spe\u0142nione s\u0105 nast\u0119puj\u0105ce przes\u0142anki:<br \/>\n&#8211; zaistniej\u0105 przyczyny zwi\u0105zane z Pani\/Pana szczeg\u00f3ln\u0105 sytuacj\u0105, w przypadku przetwarzania danych na podstawie zadania realizowanego w interesie publicznym lub w ramach sprawowania w\u0142adzy publicznej przez Administratora,<br \/>\n&#8211; przetwarzanie jest niezb\u0119dne do cel\u00f3w wynikaj\u0105cych z prawnie uzasadnionych interes\u00f3w realizowanych przez Administratora lub przez stron\u0119 trzeci\u0105, z wyj\u0105tkiem sytuacji, w kt\u00f3rych nadrz\u0119dny charakter wobec tych interes\u00f3w maj\u0105 interesy lub podstawowe prawa i wolno\u015bci osoby, kt\u00f3rej dane dotycz\u0105, wymagaj\u0105ce ochrony danych osobowych, w szczeg\u00f3lno\u015bci gdy osoba, kt\u00f3rej dane dotycz\u0105 jest dzieckiem.<br \/>\n8.\u00a0\u00a0 \u00a0W przypadku gdy przetwarzanie danych osobowych odbywa si\u0119 na podstawie zgody osoby na przetwarzanie danych osobowych (art. 6 ust. 1 lit a RODO), przys\u0142uguje Pani\/Panu prawo do cofni\u0119cia tej zgody w dowolnym momencie. Cofni\u0119cie to nie ma wp\u0142ywu na zgodno\u015b\u0107 przetwarzania, kt\u00f3rego dokonano na podstawie zgody przed jej cofni\u0119ciem, z obowi\u0105zuj\u0105cym prawem.<br \/>\n9.\u00a0\u00a0 \u00a0W przypadku powzi\u0119cia informacji o niezgodnym z prawem przetwarzaniu w SSEMP S.A.\u00a0Pani\/Pana danych osobowych, przys\u0142uguje Pani\/Panu prawo wniesienia skargi do organu nadzorczego w\u0142a\u015bciwego w sprawach ochrony danych osobowych.<br \/>\n10.\u00a0\u00a0 \u00a0W sytuacji, gdy przetwarzanie danych osobowych odbywa si\u0119 na podstawie zgody osoby, kt\u00f3rej dane dotycz\u0105, podanie przez Pani\u0105\/Pana danych osobowych Administratorowi ma charakter dobrowolny.<br \/>\n11.\u00a0\u00a0 \u00a0Podanie przez Pani\u0105\/Pana danych osobowych jest obowi\u0105zkowe, w sytuacji gdy przes\u0142ank\u0119 przetwarzania danych osobowych stanowi przepis prawa lub zawarta mi\u0119dzy stronami umowa.<br \/>\n12.\u00a0\u00a0 \u00a0Pani\/Pana dane mog\u0105 by\u0107 przetwarzane w spos\u00f3b zautomatyzowany i nie b\u0119d\u0105 profilowane.<\/li>\n<\/ol>\n","protected":false},"excerpt":{"rendered":"<p>Poni\u017csze zasady stosuje si\u0119 pocz\u0105wszy od 25 maja 2018 roku. 1.\u00a0\u00a0 \u00a0Administratorem Pani\/Pana danych osobowych jest SSEMP S.A. &#8211; Specjalna Strefa Ekonomiczna Ma\u0142ej Przedsi\u0119iorczo\u015b\u0107i S.A.\u00a0z siedzib\u0105 w KAmiennej G\u00f3rze. \u00a0Je\u015bli ma Pani\/Pan pytania dotycz\u0105ce sposobu i zakresu przetwarzania Pani\/Pana danych osobowych w zakresie dzia\u0142ania SSEMP S.A., a tak\u017ce przys\u0142uguj\u0105cych Pani\/Panu uprawnie\u0144, mo\u017ce si\u0119 Pani\/Pan skontaktowa\u0107 [&hellip;]<\/p>\n","protected":false},"author":1,"featured_media":0,"parent":0,"menu_order":0,"comment_status":"closed","ping_status":"closed","template":"","meta":{"footnotes":""},"class_list":["post-12833","page","type-page","status-publish","hentry"],"_links":{"self":[{"href":"https:\/\/old-ssemp.sowiak.dev\/index.php?rest_route=\/wp\/v2\/pages\/12833","targetHints":{"allow":["GET"]}}],"collection":[{"href":"https:\/\/old-ssemp.sowiak.dev\/index.php?rest_route=\/wp\/v2\/pages"}],"about":[{"href":"https:\/\/old-ssemp.sowiak.dev\/index.php?rest_route=\/wp\/v2\/types\/page"}],"author":[{"embeddable":true,"href":"https:\/\/old-ssemp.sowiak.dev\/index.php?rest_route=\/wp\/v2\/users\/1"}],"replies":[{"embeddable":true,"href":"https:\/\/old-ssemp.sowiak.dev\/index.php?rest_route=%2Fwp%2Fv2%2Fcomments&post=12833"}],"version-history":[{"count":2,"href":"https:\/\/old-ssemp.sowiak.dev\/index.php?rest_route=\/wp\/v2\/pages\/12833\/revisions"}],"predecessor-version":[{"id":15353,"href":"https:\/\/old-ssemp.sowiak.dev\/index.php?rest_route=\/wp\/v2\/pages\/12833\/revisions\/15353"}],"wp:attachment":[{"href":"https:\/\/old-ssemp.sowiak.dev\/index.php?rest_route=%2Fwp%2Fv2%2Fmedia&parent=12833"}],"curies":[{"name":"wp","href":"https:\/\/api.w.org\/{rel}","templated":true}]}}