{"id":12687,"date":"2018-10-29T14:06:19","date_gmt":"2018-10-29T13:06:19","guid":{"rendered":"http:\/\/ssemp.pl\/?page_id=12687"},"modified":"2018-10-29T14:59:54","modified_gmt":"2018-10-29T13:59:54","slug":"zapytanie-ofertowe-o-cene-zimowego-utrzymania-drog-na-terenie-kamiennogorskiej-ssemp-w-wykrotach-w-sezonie-zimowym-20182019","status":"publish","type":"page","link":"https:\/\/old-ssemp.sowiak.dev\/?page_id=12687","title":{"rendered":"Zapytanie ofertowe o cen\u0119 zimowego utrzymania dr\u00f3g na terenie Kamiennog\u00f3rskiej SSEMP w Wykrotach w sezonie zimowym 2018\/2019"},"content":{"rendered":"<p style=\"text-align: right;\">Kamienna G\u00f3ra, dnia 29 pa\u017adziernika 2018 roku<\/p>\n<p><strong>\u00a0<\/strong><\/p>\n<p style=\"text-align: center;\"><strong>ZAPYTANIE<\/strong> <strong>OFERTOWE<\/strong> <strong>O<\/strong> <strong>CEN\u0118<\/strong><\/p>\n<p style=\"text-align: center;\">zimowego utrzymania dr\u00f3g na terenie KSSEMP w Wykrotach<\/p>\n<p style=\"text-align: center;\">w sezonie zimowym 2018\/2019<\/p>\n<p>Specjalna Strefa Ekonomiczna Ma\u0142ej Przedsi\u0119biorczo\u015bci S.A.<\/p>\n<p>z siedzib\u0105 ul. Papie\u017c Jana Paw\u0142a II 11A, 58-400 Kamienna G\u00f3ra<\/p>\n<p>NIP: 614-14-72-974, REGON 230820274<\/p>\n<p>Strona: <a href=\"https:\/\/old-ssemp.sowiak.dev\/\">www.ssemp.pl<\/a><\/p>\n<p>email: a.jaszczur@ssemp.pl<\/p>\n<p>email: j.osmolak@ssemp.pl<\/p>\n<p>tel. 75 645 20 30, fax 75 645 20 33<\/p>\n<p style=\"text-align: center;\"><strong>zwraca si\u0119 z zapytaniem ofertowym o cen\u0119<\/strong><\/p>\n<p style=\"text-align: center;\"><strong>zimowego utrzymania dr\u00f3g na terenie Kamiennog\u00f3rskiej SSEMP<\/strong><\/p>\n<p style=\"text-align: center;\"><strong>w Wykrotach w sezonie zimowym 2018\/2019<\/strong><\/p>\n<ol>\n<li>Przedmiot zam\u00f3wienia obejmuje:<\/li>\n<li>od\u015bnie\u017canie drogi dojazdowej <strong><u>na odcinku o d\u0142ugo\u015bci oko\u0142o 650 m<\/u><\/strong> (za\u0142\u0105cznik nr 3) obejmuj\u0105ce usuwanie \u015bniegu z ca\u0142ej szeroko\u015bci roboczej jezdni, zapewniaj\u0105ce sta\u0142e utrzymywanie przejezdno\u015bci,<\/li>\n<li>sta\u0142e zwalczanie i usuwanie go\u0142oledzi, \u015blisko\u015bci oraz zapewnienie materia\u0142\u00f3w do tego potrzebnych (\u015brodki niechemiczne <strong>piasek<\/strong> <strong>o<\/strong> <strong>\u015brednicy<\/strong> <strong>cz\u0105stek<\/strong> <strong>od<\/strong> <strong>0,1<\/strong> <strong>do<\/strong> <strong>1<\/strong> <strong>mm<\/strong>, <strong>kruszywo<\/strong> <strong>naturalne<\/strong> <strong>lub<\/strong> <strong>sztuczne<\/strong> <strong>o<\/strong> <strong>uziarnieniu<\/strong> <strong>do<\/strong> <strong>4<\/strong> <strong>mm<\/strong> i \u015brodki chemiczne wymienione w Rozporz\u0105dzeniu Ministra \u015arodowiska z dnia 27 pa\u017adziernika 2005 r. w sprawie rodzaj\u00f3w iwarunk\u00f3w stosowania \u015brodk\u00f3w, jakie mog\u0105 by\u0107 u\u017cywane na drogach publicznych oraz ulicach i\u00a0placach, Dz. U. z\u00a02005 r., Nr 230, poz. 1960), (piasek, s\u00f3l),<\/li>\n<li>zapewnienie maszyn i sprz\u0119tu do od\u015bnie\u017cania a tak\u017ce utrzymanie ich w gotowo\u015bci,<\/li>\n<li>bie\u017c\u0105ce spychanie zwa\u0142\u00f3w \u015bniegu i lodu na pobocza przy u\u017cyciu w\u0142asnych \u015brodk\u00f3w technicznych Wykonawcy,<\/li>\n<li>usuwanie zwa\u0142\u00f3w \u015bniegowych z terenu w przypadku znacznego ich nagromadzenia,<\/li>\n<li>usuni\u0119cie z dr\u00f3g, po zako\u0144czeniu sezonu zimowego, materia\u0142\u00f3w niezb\u0119dnych do usuwania go\u0142oledzi i \u015blisko\u015bci drogowej.<\/li>\n<li>O udzielenie zam\u00f3wienia mog\u0105 ubiega\u0107 si\u0119 Wykonawcy, kt\u00f3rzy:<\/li>\n<li>posiadaj\u0105 niezb\u0119dn\u0105 wiedz\u0119 i do\u015bwiadczenie oraz dysponuj\u0105 potencja\u0142em technicznym i\u00a0osobami zdolnymi do wykonania przedmiotu zam\u00f3wienia,<\/li>\n<li>znajduj\u0105 si\u0119 w sytuacji ekonomicznej i finansowej zapewniaj\u0105cej wykonanie zam\u00f3wienia.<\/li>\n<li>Termin wykonania zam\u00f3wienia: od dnia <strong>01.12.2018 r. <\/strong>do <strong>28.02.2019 r<\/strong>. (<u>termin<\/u> <u>mo\u017ce<\/u> <u>ulec<\/u> <u>wyd\u0142u\u017ceniu<\/u> <u>do<\/u> <u>czasu<\/u> <u>utrzymywania<\/u> <u>si\u0119<\/u> <u>warunk\u00f3w<\/u> <u>zimowych.<\/u>)<\/li>\n<li>Zapytania o przedmiot zam\u00f3wienia<strong>:<\/strong><\/li>\n<\/ol>\n<p>Wszelkich informacji udzielaj\u0105:<\/p>\n<p>Adrian Jaszczur, tel. 75\/ 645 20 30, kom. 602\u00a0853 881<\/p>\n<p>Jaros\u0142aw Osmolak, tel. 75\/ 645 20 30, kom. 660\u00a0691 561<\/p>\n<ol start=\"5\">\n<li>Termin zwi\u0105zania ofert\u0105:<\/li>\n<\/ol>\n<p>Sk\u0142adaj\u0105cy ofert\u0119 pozostaje ni\u0105 zwi\u0105zany przez okres 30 dni. Bieg terminu zwi\u0105zania ofert\u0105 rozpoczyna si\u0119 wraz z up\u0142ywem terminu sk\u0142adania ofert.<\/p>\n<ol start=\"6\">\n<li>Spos\u00f3b przygotowania oferty:<\/li>\n<\/ol>\n<p>Nale\u017cy wype\u0142ni\u0107 formularz ofertowy (za\u0142\u0105cznik nr 1) oraz o\u015bwiadczenie (za\u0142\u0105cznik nr 2), kt\u00f3re sk\u0142adaj\u0105 si\u0119 na ofert\u0119. Ka\u017cdy z wy\u017cej wymienionych za\u0142\u0105cznik\u00f3w powinien by\u0107 podpisany przez\u00a0osob\u0119 uprawnion\u0105 do reprezentowania Wykonawcy.<\/p>\n<ol start=\"7\">\n<li>Kryteria i spos\u00f3b oceny ofert:<\/li>\n<\/ol>\n<p>Kryterium ceny: najni\u017csza stawka brutto\/1 r-g od\u015bnie\u017cania\u00a0 &#8211; 100%<\/p>\n<p>Za ofert\u0119 najkorzystniejsz\u0105 zostanie uznana oferta z najni\u017csz\u0105 stawk\u0105 brutto\u00a0za\u00a0jedn\u0105 roboczogodzin\u0119 od\u015bnie\u017cania, uwzgl\u0119dniaj\u0105c\u0105 wszystkie koszty, w tym koszt pracy ludzi, sprz\u0119tu oraz koszt materia\u0142\u00f3w do usuwania go\u0142oledzi, \u015blisko\u015bci.<\/p>\n<p>&nbsp;<\/p>\n<ol start=\"8\">\n<li>Warunki p\u0142atno\u015bci:<\/li>\n<\/ol>\n<p>Rozliczenie kompleksowo wykonanej us\u0142ugi b\u0119dzie nast\u0119powa\u0142o w cyklach miesi\u0119cznych, w\u00a0oparciu o zaoferowan\u0105 stawk\u0119 godzinow\u0105 i rzeczywist\u0105 liczb\u0119 godzin od\u015bnie\u017cania w\u00a0miesi\u0105cu rozliczeniowym. Wynagrodzenie b\u0119dzie p\u0142atne przelewem na wskazany w\u00a0formularzu ofertowym rachunek bankowy, w terminie 14 dni, licz\u0105c od dnia dostarczenia prawid\u0142owo wystawionego przez Wykonawc\u0119 rachunku b\u0105d\u017a faktury VAT. Rachunek b\u0105d\u017a faktura VAT winny by\u0107 wystawione po\u00a0zako\u0144czeniu miesi\u0105ca kalendarzowego, jednak nie p\u00f3\u017aniej ni\u017c do 10-go dnia nast\u0119pnego miesi\u0105ca. Za dzie\u0144 zap\u0142aty rozumie si\u0119 dzie\u0144 obci\u0105\u017cenia rachunku Specjalnej Strefy Ekonomicznej Ma\u0142ej Przedsi\u0119biorczo\u015bci S.A.<\/p>\n<p>Ustala si\u0119, \u017ce szacowana liczba godzin od\u015bnie\u017cania w miesi\u0105cu rozliczeniowym nie powinna przekroczy\u0107 50, a ka\u017cde przekroczenie ponad, z uwagi na szczeg\u00f3lne warunki pogodowe, b\u0119dzie wymaga\u0142o ka\u017cdorazowego uzgodnienia z SSEMP S.A.<\/p>\n<p>&nbsp;<\/p>\n<ol start=\"9\">\n<li>Termin i miejsce sk\u0142adania ofert:<\/li>\n<\/ol>\n<p>Ofert\u0119 nale\u017cy z\u0142o\u017cy\u0107 do dnia 21 listopada 2018 roku (\u015broda) do godziny 14<u><sup>00<\/sup><\/u> w sekretariacie SSEMP\u00a0S.A. (I\u00a0pi\u0119tro) ul. Papie\u017ca Jana Paw\u0142a II 11A, 58-400 Kamienna G\u00f3ra lub przes\u0142a\u0107 faxem na\u00a0nr\u00a075\u00a0645\u00a020\u00a033 lub e-mailem: a.jaszczur@ssemp.pl, <u>j.osmolak@ssemp.pl<\/u><\/p>\n<p><u>Zaleca<\/u> <u>si\u0119<\/u> <u>przed<\/u> <u>przyst\u0105pieniem<\/u> <u>do<\/u> <u>sporz\u0105dzenia<\/u> <u>oferty<\/u> <u>dokonanie<\/u> <u>wizji<\/u> <u>lokalnej<\/u> <u>miejsca<\/u> <u>realizacji<\/u> <u>przedmiotu<\/u> <u>zam\u00f3wienia<\/u>.<\/p>\n<p>Zaniechanie przeprowadzenia przez Wykonawc\u0119 wizji nast\u0119puje na jego ryzyko i odpowiedzialno\u015b\u0107.<\/p>\n<p><strong>Zamawiaj\u0105cy<\/strong> <strong>zastrzega<\/strong> <strong>sobie<\/strong> <strong>prawo<\/strong> <strong>do<\/strong> <strong>zamkni\u0119cia<\/strong> <strong>procedury<\/strong> <strong>wy\u0142onienia<\/strong> <strong>Wykonawcy<\/strong> <strong>bez<\/strong> <strong>wybrania<\/strong> <strong>kt\u00f3rejkolwiek<\/strong> <strong>z<\/strong> <strong>ofert,<\/strong> <strong>bez<\/strong> <strong>podania<\/strong> <strong>przyczyny,<\/strong> <strong>na\u00a0ka\u017cdym<\/strong> <strong>etapie<\/strong> <strong>post\u0119powania.<\/strong><\/p>\n<h3><a href=\"https:\/\/old-ssemp.sowiak.dev\/wordpress\/wp-content\/uploads\/2018\/10\/Za\u0142\u0105cznik-nr-1-1.docx\" target=\"_blank\"><strong><span style=\"color: #ff0000;\">Za\u0142\u0105cznik nr 1<\/span><\/strong><\/a><\/h3>\n<h3><a href=\"https:\/\/old-ssemp.sowiak.dev\/wordpress\/wp-content\/uploads\/2018\/10\/Za\u0142\u0105cznik-nr-2-1.docx\" target=\"_blank\"><strong><span style=\"color: #ff0000;\">Za\u0142\u0105cznik nr 2<\/span><\/strong><\/a><\/h3>\n<h3><a href=\"https:\/\/old-ssemp.sowiak.dev\/wordpress\/wp-content\/uploads\/2018\/10\/Za\u0142\u0105cznik-nr-3-Wykroty-o\u015bnie\u017canie-2018.jpg\" target=\"_blank\"><strong><span style=\"color: #ff0000;\">Mapa pogl\u0105dowa<\/span><\/strong><\/a><\/h3>\n","protected":false},"excerpt":{"rendered":"<p>Kamienna G\u00f3ra, dnia 29 pa\u017adziernika 2018 roku \u00a0 ZAPYTANIE OFERTOWE O CEN\u0118 zimowego utrzymania dr\u00f3g na terenie KSSEMP w Wykrotach w sezonie zimowym 2018\/2019 Specjalna Strefa Ekonomiczna Ma\u0142ej Przedsi\u0119biorczo\u015bci S.A. z siedzib\u0105 ul. Papie\u017c Jana Paw\u0142a II 11A, 58-400 Kamienna G\u00f3ra NIP: 614-14-72-974, REGON 230820274 Strona: www.ssemp.pl email: a.jaszczur@ssemp.pl email: j.osmolak@ssemp.pl tel. 75 645 20 [&hellip;]<\/p>\n","protected":false},"author":1,"featured_media":0,"parent":0,"menu_order":0,"comment_status":"closed","ping_status":"closed","template":"","meta":{"footnotes":""},"class_list":["post-12687","page","type-page","status-publish","hentry"],"_links":{"self":[{"href":"https:\/\/old-ssemp.sowiak.dev\/index.php?rest_route=\/wp\/v2\/pages\/12687","targetHints":{"allow":["GET"]}}],"collection":[{"href":"https:\/\/old-ssemp.sowiak.dev\/index.php?rest_route=\/wp\/v2\/pages"}],"about":[{"href":"https:\/\/old-ssemp.sowiak.dev\/index.php?rest_route=\/wp\/v2\/types\/page"}],"author":[{"embeddable":true,"href":"https:\/\/old-ssemp.sowiak.dev\/index.php?rest_route=\/wp\/v2\/users\/1"}],"replies":[{"embeddable":true,"href":"https:\/\/old-ssemp.sowiak.dev\/index.php?rest_route=%2Fwp%2Fv2%2Fcomments&post=12687"}],"version-history":[{"count":4,"href":"https:\/\/old-ssemp.sowiak.dev\/index.php?rest_route=\/wp\/v2\/pages\/12687\/revisions"}],"predecessor-version":[{"id":12697,"href":"https:\/\/old-ssemp.sowiak.dev\/index.php?rest_route=\/wp\/v2\/pages\/12687\/revisions\/12697"}],"wp:attachment":[{"href":"https:\/\/old-ssemp.sowiak.dev\/index.php?rest_route=%2Fwp%2Fv2%2Fmedia&parent=12687"}],"curies":[{"name":"wp","href":"https:\/\/api.w.org\/{rel}","templated":true}]}}