{"id":12655,"date":"2018-10-25T09:04:26","date_gmt":"2018-10-25T07:04:26","guid":{"rendered":"http:\/\/ssemp.pl\/?page_id=12655"},"modified":"2018-10-25T09:04:26","modified_gmt":"2018-10-25T07:04:26","slug":"gryfow-slaski-2018-10-25-pl","status":"publish","type":"page","link":"https:\/\/old-ssemp.sowiak.dev\/?page_id=12655","title":{"rendered":"Gryf\u00f3w \u015al\u0105ski &#8211; 2018.10.25 [PL]"},"content":{"rendered":"<p><img loading=\"lazy\" decoding=\"async\" class=\"alignnone size-full wp-image-12650\" src=\"https:\/\/old-ssemp.sowiak.dev\/wordpress\/wp-content\/uploads\/2016\/05\/gryf-2018-10-a.jpg\" alt=\"gryf 2018 10 a\" width=\"2481\" height=\"3508\" srcset=\"https:\/\/old-ssemp.sowiak.dev\/wp-content\/uploads\/2016\/05\/gryf-2018-10-a.jpg 2481w, https:\/\/old-ssemp.sowiak.dev\/wp-content\/uploads\/2016\/05\/gryf-2018-10-a-212x300.jpg 212w, https:\/\/old-ssemp.sowiak.dev\/wp-content\/uploads\/2016\/05\/gryf-2018-10-a-768x1086.jpg 768w, https:\/\/old-ssemp.sowiak.dev\/wp-content\/uploads\/2016\/05\/gryf-2018-10-a-724x1024.jpg 724w\" sizes=\"auto, (max-width: 2481px) 100vw, 2481px\" \/><img loading=\"lazy\" decoding=\"async\" class=\"alignnone size-full wp-image-12651\" src=\"https:\/\/old-ssemp.sowiak.dev\/wordpress\/wp-content\/uploads\/2016\/05\/gryf-2018-10-b.jpg\" alt=\"gryf 2018 10 b\" width=\"2481\" height=\"3508\" srcset=\"https:\/\/old-ssemp.sowiak.dev\/wp-content\/uploads\/2016\/05\/gryf-2018-10-b.jpg 2481w, https:\/\/old-ssemp.sowiak.dev\/wp-content\/uploads\/2016\/05\/gryf-2018-10-b-212x300.jpg 212w, https:\/\/old-ssemp.sowiak.dev\/wp-content\/uploads\/2016\/05\/gryf-2018-10-b-768x1086.jpg 768w, https:\/\/old-ssemp.sowiak.dev\/wp-content\/uploads\/2016\/05\/gryf-2018-10-b-724x1024.jpg 724w\" sizes=\"auto, (max-width: 2481px) 100vw, 2481px\" \/><\/p>\n","protected":false},"excerpt":{"rendered":"","protected":false},"author":1,"featured_media":0,"parent":0,"menu_order":0,"comment_status":"closed","ping_status":"closed","template":"","meta":{"footnotes":""},"class_list":["post-12655","page","type-page","status-publish","hentry"],"_links":{"self":[{"href":"https:\/\/old-ssemp.sowiak.dev\/index.php?rest_route=\/wp\/v2\/pages\/12655","targetHints":{"allow":["GET"]}}],"collection":[{"href":"https:\/\/old-ssemp.sowiak.dev\/index.php?rest_route=\/wp\/v2\/pages"}],"about":[{"href":"https:\/\/old-ssemp.sowiak.dev\/index.php?rest_route=\/wp\/v2\/types\/page"}],"author":[{"embeddable":true,"href":"https:\/\/old-ssemp.sowiak.dev\/index.php?rest_route=\/wp\/v2\/users\/1"}],"replies":[{"embeddable":true,"href":"https:\/\/old-ssemp.sowiak.dev\/index.php?rest_route=%2Fwp%2Fv2%2Fcomments&post=12655"}],"version-history":[{"count":1,"href":"https:\/\/old-ssemp.sowiak.dev\/index.php?rest_route=\/wp\/v2\/pages\/12655\/revisions"}],"predecessor-version":[{"id":12656,"href":"https:\/\/old-ssemp.sowiak.dev\/index.php?rest_route=\/wp\/v2\/pages\/12655\/revisions\/12656"}],"wp:attachment":[{"href":"https:\/\/old-ssemp.sowiak.dev\/index.php?rest_route=%2Fwp%2Fv2%2Fmedia&parent=12655"}],"curies":[{"name":"wp","href":"https:\/\/api.w.org\/{rel}","templated":true}]}}