{"id":12217,"date":"2018-05-10T20:48:13","date_gmt":"2018-05-10T18:48:13","guid":{"rendered":"http:\/\/ssemp.pl\/?page_id=12217"},"modified":"2018-05-10T20:49:56","modified_gmt":"2018-05-10T18:49:56","slug":"opracowanie-dokumentacji-projektowo-kosztorysowej-zabezpieczeniowa-podstawowych-elementow-zabytku-parowozownia-wachlarzowa-w-lubaniu","status":"publish","type":"page","link":"https:\/\/old-ssemp.sowiak.dev\/?page_id=12217","title":{"rendered":"Opracowanie dokumentacji projektowo-kosztorysowej zabezpieczeniowa podstawowych element\u00f3w zabytku &#8211; Parowozownia wachlarzowa w Lubaniu"},"content":{"rendered":"<p><img loading=\"lazy\" decoding=\"async\" class=\"alignnone size-full wp-image-12219\" src=\"https:\/\/old-ssemp.sowiak.dev\/wordpress\/wp-content\/uploads\/2018\/05\/Document-page-001.jpg\" alt=\"Document-page-001\" width=\"1240\" height=\"1754\" srcset=\"https:\/\/old-ssemp.sowiak.dev\/wp-content\/uploads\/2018\/05\/Document-page-001.jpg 1240w, https:\/\/old-ssemp.sowiak.dev\/wp-content\/uploads\/2018\/05\/Document-page-001-212x300.jpg 212w, https:\/\/old-ssemp.sowiak.dev\/wp-content\/uploads\/2018\/05\/Document-page-001-768x1086.jpg 768w, https:\/\/old-ssemp.sowiak.dev\/wp-content\/uploads\/2018\/05\/Document-page-001-724x1024.jpg 724w\" sizes=\"auto, (max-width: 1240px) 100vw, 1240px\" \/><img loading=\"lazy\" decoding=\"async\" class=\"alignnone size-full wp-image-12220\" src=\"https:\/\/old-ssemp.sowiak.dev\/wordpress\/wp-content\/uploads\/2018\/05\/Document-page-002.jpg\" alt=\"Document-page-002\" width=\"1240\" height=\"1754\" srcset=\"https:\/\/old-ssemp.sowiak.dev\/wp-content\/uploads\/2018\/05\/Document-page-002.jpg 1240w, https:\/\/old-ssemp.sowiak.dev\/wp-content\/uploads\/2018\/05\/Document-page-002-212x300.jpg 212w, https:\/\/old-ssemp.sowiak.dev\/wp-content\/uploads\/2018\/05\/Document-page-002-768x1086.jpg 768w, https:\/\/old-ssemp.sowiak.dev\/wp-content\/uploads\/2018\/05\/Document-page-002-724x1024.jpg 724w\" sizes=\"auto, (max-width: 1240px) 100vw, 1240px\" \/><img loading=\"lazy\" decoding=\"async\" class=\"alignnone size-full wp-image-12221\" src=\"https:\/\/old-ssemp.sowiak.dev\/wordpress\/wp-content\/uploads\/2018\/05\/Document-page-003.jpg\" alt=\"Document-page-003\" width=\"1240\" height=\"1754\" srcset=\"https:\/\/old-ssemp.sowiak.dev\/wp-content\/uploads\/2018\/05\/Document-page-003.jpg 1240w, https:\/\/old-ssemp.sowiak.dev\/wp-content\/uploads\/2018\/05\/Document-page-003-212x300.jpg 212w, https:\/\/old-ssemp.sowiak.dev\/wp-content\/uploads\/2018\/05\/Document-page-003-768x1086.jpg 768w, https:\/\/old-ssemp.sowiak.dev\/wp-content\/uploads\/2018\/05\/Document-page-003-724x1024.jpg 724w\" sizes=\"auto, (max-width: 1240px) 100vw, 1240px\" \/><img loading=\"lazy\" decoding=\"async\" class=\"alignnone size-full wp-image-12222\" src=\"https:\/\/old-ssemp.sowiak.dev\/wordpress\/wp-content\/uploads\/2018\/05\/Document-page-004.jpg\" alt=\"Document-page-004\" width=\"1240\" height=\"1754\" srcset=\"https:\/\/old-ssemp.sowiak.dev\/wp-content\/uploads\/2018\/05\/Document-page-004.jpg 1240w, https:\/\/old-ssemp.sowiak.dev\/wp-content\/uploads\/2018\/05\/Document-page-004-212x300.jpg 212w, https:\/\/old-ssemp.sowiak.dev\/wp-content\/uploads\/2018\/05\/Document-page-004-768x1086.jpg 768w, https:\/\/old-ssemp.sowiak.dev\/wp-content\/uploads\/2018\/05\/Document-page-004-724x1024.jpg 724w\" sizes=\"auto, (max-width: 1240px) 100vw, 1240px\" \/><img loading=\"lazy\" decoding=\"async\" class=\"alignnone size-full wp-image-12223\" src=\"https:\/\/old-ssemp.sowiak.dev\/wordpress\/wp-content\/uploads\/2018\/05\/Document-page-005.jpg\" alt=\"Document-page-005\" width=\"1240\" height=\"1754\" srcset=\"https:\/\/old-ssemp.sowiak.dev\/wp-content\/uploads\/2018\/05\/Document-page-005.jpg 1240w, https:\/\/old-ssemp.sowiak.dev\/wp-content\/uploads\/2018\/05\/Document-page-005-212x300.jpg 212w, https:\/\/old-ssemp.sowiak.dev\/wp-content\/uploads\/2018\/05\/Document-page-005-768x1086.jpg 768w, https:\/\/old-ssemp.sowiak.dev\/wp-content\/uploads\/2018\/05\/Document-page-005-724x1024.jpg 724w\" sizes=\"auto, (max-width: 1240px) 100vw, 1240px\" \/><img loading=\"lazy\" decoding=\"async\" class=\"alignnone size-full wp-image-12224\" src=\"https:\/\/old-ssemp.sowiak.dev\/wordpress\/wp-content\/uploads\/2018\/05\/Document-page-006.jpg\" alt=\"Document-page-006\" width=\"1240\" height=\"1754\" srcset=\"https:\/\/old-ssemp.sowiak.dev\/wp-content\/uploads\/2018\/05\/Document-page-006.jpg 1240w, https:\/\/old-ssemp.sowiak.dev\/wp-content\/uploads\/2018\/05\/Document-page-006-212x300.jpg 212w, https:\/\/old-ssemp.sowiak.dev\/wp-content\/uploads\/2018\/05\/Document-page-006-768x1086.jpg 768w, https:\/\/old-ssemp.sowiak.dev\/wp-content\/uploads\/2018\/05\/Document-page-006-724x1024.jpg 724w\" sizes=\"auto, (max-width: 1240px) 100vw, 1240px\" \/><\/p>\n<h2><span style=\"text-decoration: underline;\"><span style=\"color: #ff0000; text-decoration: underline;\">ZA\u0141\u0104CZNIKI:<\/span><\/span><\/h2>\n<h2><a href=\"https:\/\/old-ssemp.sowiak.dev\/wordpress\/wp-content\/uploads\/2016\/05\/PAROWOZOWNIA-SIWZ.docx\">PAROWOZOWNIA &#8211; SIWZ<\/a><\/h2>\n<div class=\"WordSection1\">\n<h2><a href=\"https:\/\/old-ssemp.sowiak.dev\/wordpress\/wp-content\/uploads\/2016\/05\/PAROWOZOWNIA-za%C5%82%C4%85cznik-1.docx\">PAROWOZOWNIA &#8211; za\u0142\u0105cznik 1<\/a><\/h2>\n<h2><a href=\"https:\/\/old-ssemp.sowiak.dev\/wordpress\/wp-content\/uploads\/2016\/05\/PAROWOZOWNIA-za%C5%82%C4%85cznik-2.docx\">PAROWOZOWNIA &#8211; za\u0142\u0105cznik 2<\/a><\/h2>\n<h2><a href=\"https:\/\/old-ssemp.sowiak.dev\/wordpress\/wp-content\/uploads\/2016\/05\/PAROWOZOWNIA-za%C5%82%C4%85cznik-3.docx\">PAROWOZOWNIA &#8211; za\u0142\u0105cznik 3<\/a><\/h2>\n<h2><a href=\"https:\/\/old-ssemp.sowiak.dev\/wordpress\/wp-content\/uploads\/2016\/05\/PAROWOZOWNIA-za%C5%82%C4%85cznik-4.docx\">PAROWOZOWNIA &#8211; za\u0142\u0105cznik 4<\/a><\/h2>\n<h2><a href=\"https:\/\/old-ssemp.sowiak.dev\/wordpress\/wp-content\/uploads\/2016\/05\/PAROWOZOWNIA-za%C5%82%C4%85cznik-5.docx\">PAROWOZOWNIA &#8211; za\u0142\u0105cznik 5<\/a><\/h2>\n<h2><a href=\"https:\/\/old-ssemp.sowiak.dev\/wordpress\/wp-content\/uploads\/2016\/05\/PAROWOZOWNIA-za%C5%82%C4%85cznik-nr-6-Decyzja-z-dnia-19.01.2012-o-wpisaniu-parowozowni-do-rejestru-zabytk%C3%B3w.pdf\">PAROWOZOWNIA &#8211; za\u0142\u0105cznik nr 6 &#8211; Decyzja z dnia 19.01.2012 o wpisaniu parowozowni do rejestru zabytk\u00f3w<\/a><\/h2>\n<h2><a href=\"https:\/\/old-ssemp.sowiak.dev\/wordpress\/wp-content\/uploads\/2016\/05\/PAROWOZOWNIA-za%C5%82%C4%85cznik-nr-7-Decyzja-nakaz-konserwatorski-nr-214.2016.pdf\">PAROWOZOWNIA &#8211; za\u0142\u0105cznik nr 7 &#8211; Decyzja nakaz konserwatorski nr 214.2016<\/a><\/h2>\n<\/div>\n","protected":false},"excerpt":{"rendered":"<p>ZA\u0141\u0104CZNIKI: PAROWOZOWNIA &#8211; SIWZ PAROWOZOWNIA &#8211; za\u0142\u0105cznik 1 PAROWOZOWNIA &#8211; za\u0142\u0105cznik 2 PAROWOZOWNIA &#8211; za\u0142\u0105cznik 3 PAROWOZOWNIA &#8211; za\u0142\u0105cznik 4 PAROWOZOWNIA &#8211; za\u0142\u0105cznik 5 PAROWOZOWNIA &#8211; za\u0142\u0105cznik nr 6 &#8211; Decyzja z dnia 19.01.2012 o wpisaniu parowozowni do rejestru zabytk\u00f3w PAROWOZOWNIA &#8211; za\u0142\u0105cznik nr 7 &#8211; Decyzja nakaz konserwatorski nr 214.2016<\/p>\n","protected":false},"author":1,"featured_media":0,"parent":0,"menu_order":0,"comment_status":"closed","ping_status":"closed","template":"","meta":{"footnotes":""},"class_list":["post-12217","page","type-page","status-publish","hentry"],"_links":{"self":[{"href":"https:\/\/old-ssemp.sowiak.dev\/index.php?rest_route=\/wp\/v2\/pages\/12217","targetHints":{"allow":["GET"]}}],"collection":[{"href":"https:\/\/old-ssemp.sowiak.dev\/index.php?rest_route=\/wp\/v2\/pages"}],"about":[{"href":"https:\/\/old-ssemp.sowiak.dev\/index.php?rest_route=\/wp\/v2\/types\/page"}],"author":[{"embeddable":true,"href":"https:\/\/old-ssemp.sowiak.dev\/index.php?rest_route=\/wp\/v2\/users\/1"}],"replies":[{"embeddable":true,"href":"https:\/\/old-ssemp.sowiak.dev\/index.php?rest_route=%2Fwp%2Fv2%2Fcomments&post=12217"}],"version-history":[{"count":3,"href":"https:\/\/old-ssemp.sowiak.dev\/index.php?rest_route=\/wp\/v2\/pages\/12217\/revisions"}],"predecessor-version":[{"id":12226,"href":"https:\/\/old-ssemp.sowiak.dev\/index.php?rest_route=\/wp\/v2\/pages\/12217\/revisions\/12226"}],"wp:attachment":[{"href":"https:\/\/old-ssemp.sowiak.dev\/index.php?rest_route=%2Fwp%2Fv2%2Fmedia&parent=12217"}],"curies":[{"name":"wp","href":"https:\/\/api.w.org\/{rel}","templated":true}]}}