{"id":12199,"date":"2018-05-04T09:31:21","date_gmt":"2018-05-04T07:31:21","guid":{"rendered":"http:\/\/ssemp.pl\/?page_id=12199"},"modified":"2018-05-10T20:41:40","modified_gmt":"2018-05-10T18:41:40","slug":"gryfow-slaski-2018-05-04-en","status":"publish","type":"page","link":"https:\/\/old-ssemp.sowiak.dev\/?page_id=12199","title":{"rendered":"Gryf\u00f3w \u015al\u0105ski &#8211; 2018.05.04 [EN]"},"content":{"rendered":"<p><img loading=\"lazy\" decoding=\"async\" class=\"alignnone size-full wp-image-12214\" src=\"https:\/\/old-ssemp.sowiak.dev\/wordpress\/wp-content\/uploads\/2018\/05\/greeef01.jpg\" alt=\"greeef01\" width=\"2480\" height=\"3509\" srcset=\"https:\/\/old-ssemp.sowiak.dev\/wp-content\/uploads\/2018\/05\/greeef01.jpg 2480w, https:\/\/old-ssemp.sowiak.dev\/wp-content\/uploads\/2018\/05\/greeef01-212x300.jpg 212w, https:\/\/old-ssemp.sowiak.dev\/wp-content\/uploads\/2018\/05\/greeef01-768x1087.jpg 768w, https:\/\/old-ssemp.sowiak.dev\/wp-content\/uploads\/2018\/05\/greeef01-724x1024.jpg 724w\" sizes=\"auto, (max-width: 2480px) 100vw, 2480px\" \/><img loading=\"lazy\" decoding=\"async\" class=\"alignnone size-full wp-image-12213\" src=\"https:\/\/old-ssemp.sowiak.dev\/wordpress\/wp-content\/uploads\/2018\/05\/greeef02.jpg\" alt=\"greeef02\" width=\"2480\" height=\"3509\" srcset=\"https:\/\/old-ssemp.sowiak.dev\/wp-content\/uploads\/2018\/05\/greeef02.jpg 2480w, https:\/\/old-ssemp.sowiak.dev\/wp-content\/uploads\/2018\/05\/greeef02-212x300.jpg 212w, https:\/\/old-ssemp.sowiak.dev\/wp-content\/uploads\/2018\/05\/greeef02-768x1087.jpg 768w, https:\/\/old-ssemp.sowiak.dev\/wp-content\/uploads\/2018\/05\/greeef02-724x1024.jpg 724w\" sizes=\"auto, (max-width: 2480px) 100vw, 2480px\" \/><\/p>\n","protected":false},"excerpt":{"rendered":"","protected":false},"author":1,"featured_media":0,"parent":0,"menu_order":0,"comment_status":"closed","ping_status":"closed","template":"","meta":{"footnotes":""},"class_list":["post-12199","page","type-page","status-publish","hentry"],"_links":{"self":[{"href":"https:\/\/old-ssemp.sowiak.dev\/index.php?rest_route=\/wp\/v2\/pages\/12199","targetHints":{"allow":["GET"]}}],"collection":[{"href":"https:\/\/old-ssemp.sowiak.dev\/index.php?rest_route=\/wp\/v2\/pages"}],"about":[{"href":"https:\/\/old-ssemp.sowiak.dev\/index.php?rest_route=\/wp\/v2\/types\/page"}],"author":[{"embeddable":true,"href":"https:\/\/old-ssemp.sowiak.dev\/index.php?rest_route=\/wp\/v2\/users\/1"}],"replies":[{"embeddable":true,"href":"https:\/\/old-ssemp.sowiak.dev\/index.php?rest_route=%2Fwp%2Fv2%2Fcomments&post=12199"}],"version-history":[{"count":2,"href":"https:\/\/old-ssemp.sowiak.dev\/index.php?rest_route=\/wp\/v2\/pages\/12199\/revisions"}],"predecessor-version":[{"id":12215,"href":"https:\/\/old-ssemp.sowiak.dev\/index.php?rest_route=\/wp\/v2\/pages\/12199\/revisions\/12215"}],"wp:attachment":[{"href":"https:\/\/old-ssemp.sowiak.dev\/index.php?rest_route=%2Fwp%2Fv2%2Fmedia&parent=12199"}],"curies":[{"name":"wp","href":"https:\/\/api.w.org\/{rel}","templated":true}]}}