{"id":11804,"date":"2018-01-18T08:37:06","date_gmt":"2018-01-18T07:37:06","guid":{"rendered":"http:\/\/ssemp.pl\/?page_id=11804"},"modified":"2018-01-18T08:39:05","modified_gmt":"2018-01-18T07:39:05","slug":"gryfow-slaski-2018-01-18-pl","status":"publish","type":"page","link":"https:\/\/old-ssemp.sowiak.dev\/?page_id=11804","title":{"rendered":"Gryf\u00f3w \u015al\u0105ski \u2013 2018.01.18 [PL]"},"content":{"rendered":"<p><img loading=\"lazy\" decoding=\"async\" class=\"alignnone size-full wp-image-11805\" src=\"https:\/\/old-ssemp.sowiak.dev\/wordpress\/wp-content\/uploads\/2018\/01\/gr18a-PL.jpg\" alt=\"gr18a PL\" width=\"2480\" height=\"3509\" srcset=\"https:\/\/old-ssemp.sowiak.dev\/wp-content\/uploads\/2018\/01\/gr18a-PL.jpg 2480w, https:\/\/old-ssemp.sowiak.dev\/wp-content\/uploads\/2018\/01\/gr18a-PL-212x300.jpg 212w, https:\/\/old-ssemp.sowiak.dev\/wp-content\/uploads\/2018\/01\/gr18a-PL-768x1087.jpg 768w, https:\/\/old-ssemp.sowiak.dev\/wp-content\/uploads\/2018\/01\/gr18a-PL-724x1024.jpg 724w\" sizes=\"auto, (max-width: 2480px) 100vw, 2480px\" \/><img loading=\"lazy\" decoding=\"async\" class=\"alignnone size-full wp-image-11806\" src=\"https:\/\/old-ssemp.sowiak.dev\/wordpress\/wp-content\/uploads\/2018\/01\/gr18b-PL.jpg\" alt=\"gr18b PL\" width=\"2480\" height=\"3509\" srcset=\"https:\/\/old-ssemp.sowiak.dev\/wp-content\/uploads\/2018\/01\/gr18b-PL.jpg 2480w, https:\/\/old-ssemp.sowiak.dev\/wp-content\/uploads\/2018\/01\/gr18b-PL-212x300.jpg 212w, https:\/\/old-ssemp.sowiak.dev\/wp-content\/uploads\/2018\/01\/gr18b-PL-768x1087.jpg 768w, https:\/\/old-ssemp.sowiak.dev\/wp-content\/uploads\/2018\/01\/gr18b-PL-724x1024.jpg 724w\" sizes=\"auto, (max-width: 2480px) 100vw, 2480px\" \/><\/p>\n","protected":false},"excerpt":{"rendered":"","protected":false},"author":1,"featured_media":0,"parent":0,"menu_order":0,"comment_status":"closed","ping_status":"closed","template":"","meta":{"footnotes":""},"class_list":["post-11804","page","type-page","status-publish","hentry"],"_links":{"self":[{"href":"https:\/\/old-ssemp.sowiak.dev\/index.php?rest_route=\/wp\/v2\/pages\/11804","targetHints":{"allow":["GET"]}}],"collection":[{"href":"https:\/\/old-ssemp.sowiak.dev\/index.php?rest_route=\/wp\/v2\/pages"}],"about":[{"href":"https:\/\/old-ssemp.sowiak.dev\/index.php?rest_route=\/wp\/v2\/types\/page"}],"author":[{"embeddable":true,"href":"https:\/\/old-ssemp.sowiak.dev\/index.php?rest_route=\/wp\/v2\/users\/1"}],"replies":[{"embeddable":true,"href":"https:\/\/old-ssemp.sowiak.dev\/index.php?rest_route=%2Fwp%2Fv2%2Fcomments&post=11804"}],"version-history":[{"count":1,"href":"https:\/\/old-ssemp.sowiak.dev\/index.php?rest_route=\/wp\/v2\/pages\/11804\/revisions"}],"predecessor-version":[{"id":11807,"href":"https:\/\/old-ssemp.sowiak.dev\/index.php?rest_route=\/wp\/v2\/pages\/11804\/revisions\/11807"}],"wp:attachment":[{"href":"https:\/\/old-ssemp.sowiak.dev\/index.php?rest_route=%2Fwp%2Fv2%2Fmedia&parent=11804"}],"curies":[{"name":"wp","href":"https:\/\/api.w.org\/{rel}","templated":true}]}}